{"id":970,"date":"2022-04-18T09:33:57","date_gmt":"2022-04-18T09:33:57","guid":{"rendered":"https:\/\/gigargios-history.com\/?page_id=970"},"modified":"2022-04-18T09:34:00","modified_gmt":"2022-04-18T09:34:00","slug":"de-die-marcin-biographie","status":"publish","type":"page","link":"https:\/\/gigargios-history.com\/fr\/de-die-marcin-biographie\/","title":{"rendered":"Marcin Biographie"},"content":{"rendered":"<p style=\"font-size:17px\">Marcin, Sohn der polnischen Eltern, hatte eine schwierige Kindheit. Seine Familie zerbrach in seinem fr\u00fchen Alter, verursacht durch einen schlechten Vater. Ist bei Mama aufgewachsen, die ihm grundlegende Lebensprinzipien beigebracht hat. Obwohl er gr\u00f6\u00dftenteils selbst aufgewachsen ist, war er oft allein. Wie alle Kinder beobachtete er kinder animation. Dann ersetzte er sie durch den Einfluss seines Onkels durch Geschichtskan\u00e4le. Das erste, was ihn dazu inspirierte, war das Strategiespiel, das er von Onkel Paul bekommen hatte. \u201eAge of Empire II\u201c. Er hat dieses Spiel sehr genossen. Gab ihm Unterhaltung und Befriedigung durch den Bau der Geb\u00e4ude, die Schaffung und die Bewegungen der Soldaten. Das ermutigt ihn, die Geschichte zu erforschen. Und obwohl er davon nur durch Kriegsf\u00e4lle erfuhr, erfuhr er davon etwas. Und sp\u00e4ter nimmt er alle historischen Themen auf, einschlie\u00dflich der Staatlichkeit bestimmter L\u00e4nder. Denn um den Krieg zu initiieren, braucht es die Beteiligten daf\u00fcr. Und je m\u00e4chtiger Imperien sind, desto gr\u00f6\u00dfer werden Kriege. Anfangs konzentrierte er sich aufgrund von &#8221;Age of Empires&#8221; auf das Mittelalter, aber mit der Zeit weitete er seine Neugier auf andere Epochen aus. Sein geliebter Kanal war &#8221;Viasat History&#8221;. Seien Sie ehrlich, er liebt nicht alle Programme, die darauf waren. Durch die Beeinflussung seines Kanals akzeptiert er es jedoch und fing sogar an zu gefallen. Abgesehen davon genoss er es, National Geographic und sogar Discovery Science zu sehen, was das Ziel erreichte, ihn zu Wissenschaft und innovativem Ansatz zur L\u00f6sung moderner Probleme zu ermutigen.<\/p>\n\n\n\n<p class=\"has-text-color\" style=\"color:#217256;font-size:22px\">Grundschule<\/p>\n\n\n\n<p style=\"font-size:17px\">Marcin pflegte eine kollegiale Beziehung zu Kamil, die mit ihm die Leidenschaft f\u00fcr das das Wissen \u00fcber National Geographic und \u201eHerr der Ringe\u201c-Filme teilte. Es war einer der Top-Filme, die ihn so sehr beeinflusst haben. Er liebte diese Serie. Seine Familie nimmt sogar alle Filme f\u00fcr ihn auf Audio auf. Er beobachtete es Tag f\u00fcr Tag, mehrere Wochen lang, die ganze Zeit. Damit seine Mutter von diesen speziellen Ger\u00e4uschen krank wurde. Er spielte h\u00e4ufig Simulationen \u00fcber Schlachten aus diesen Szenen, wobei er handgemachte Bilder auf kleinen Zetteln verwendete. Aber er langweilte sich, mit der Zeit sp\u00e4ter zu spielen. Gerade eines Abends schaute er auf die Karte und lie\u00df sich inspirieren. Da er die Grundlagen der Geographie kannte, zeichnete er auf der Karte die Linien, die in Zukunft die Grenze seines imagin\u00e4ren Landes bilden werden. Der Ort war kein Zufall, da er wusste, dass das Land auf einer leeren W\u00fcste liegt. Auf dem kein bedeutendes Land geschaffen wurde. Was ihm half und es ihm erm\u00f6glichte, diese Vorstellungskraft zu entwickeln und Streitigkeiten zu vermeiden. In \u00e4hnlicher Zeit oder sogar gleichzeitig zeichnete er, inspiriert von der Geschichte der Mutter \u00fcber Deutschordensritter und die Schlacht von Grunwald, das X mit der vertikalen Linie in der Mitte, die zu seinem Symbol wurde. Die drei gekreuzten Schwerter. Anfangs war es ein Spiel. Er spielte Simulation von Schlachten. Vor 2006 war er so begeistert von der Urbanistik, die von National Geographic und Google Earth gef\u00f6rdert wurde, dass er die erste Stadt der Moderne zeichnete. Die Gr\u00f6\u00dfe der Geb\u00e4ude war unverh\u00e4ltnism\u00e4\u00dfig gro\u00df, und die Stadt hatte einige M\u00e4ngel. Es war jedoch der erste seines Lebens.<\/p>\n\n\n\n<p class=\"has-text-color\" style=\"color:#99734b;font-size:26px\">Teenageralter und fr\u00fches Erwachsenenalter<\/p>\n\n\n\n<p style=\"font-size:17px\">Im Jahr 2008 begann Marcin, politische Eilmeldungen zu sehen. Die prominenteste war die beliebte Infosendung \u201eThe facts\u201c auf TVN. Relativ schnell entdeckte er die politische Szene seiner heimischen Seite. In Kenntnis aller Angelegenheiten und der F\u00e4lle, die sich im t\u00e4glichen Leben des Volkes im Parlament abspielen, wollte er eine alternative Partei gr\u00fcnden, die den Bed\u00fcrfnissen und Stimmungen dieser Zeit entspricht. Tats\u00e4chlich leistete er bereitwillig soziale Unterst\u00fctzung f\u00fcr arme Familien, die mit seiner Mutter bescheidene Verh\u00e4ltnisse erlebten. Vielleicht war es die erste soziale Motivation von seiner Seite. Im Gegensatz zum Sozialprogramm von &#8221;Recht und Gerechtigkeit&#8221;, das so genannte 500+, spendete er jedoch nur armen Familien, die es brauchen. In der Zwischenzeit spielte er weiterhin Inszenierungsschlachten. Inspiriert durch die gaben ihm zahlreiche Kriegsfilme, insbesondere \u00fcber den Ersten und Zweiten Weltkrieg, sowie \u00e4ltere historische Themen. Darunter \u201eAlexander der Gro\u00dfe\u201c. Nachdem er alle Themen erledigt hatte, bekam er wenig Bremse davon. Au\u00dferdem spielte er in \u00e4hnlicher Zeit das Computerspiel &#8221;Rome total war&#8221;, was ihm viel Freude bereitet hatte. Und inspirierte ihn zu dieser Zeit. Die Verwaltung und Politik, die f\u00fcr eine gute Punktzahl im Spiel notwendig waren, bereichern sein Denken. Daraus verstand er einigerma\u00dfen die F\u00fchrung des Landes. Einschlie\u00dflich der Ber\u00fccksichtigung der Stimmungen der Menschen, der Finanzverteilung und sogar des Verm\u00f6gensniveaus. Dies zusammen mit historischem Wissen aus den Fernsehsendern hat ihm die Basis und das Fundament f\u00fcr seine zuk\u00fcnftige Arbeit gegeben. Bald darauf, im <span style=\"text-decoration: underline;\">Mai 2013<\/span>, war er voller Fantasie \u00fcber fiktive Geschichte und begann, \u201e<strong>Die Geschichte von Gigargios<\/strong>\u201c zu schreiben. Das Schreiben dauerte zwei Jahre und nahm einen bedeutenden Teil seiner Zeit ein. Gerade darin nutzte er all das historische Wissen, das ihn inspirierte. Er schrieb seine Werke mit Freude, obwohl ein langer Prozess sie in graue Verantwortung verwandelte. Langweilen Sie sich jedoch nie \u00fcber die Dinge, die er geschrieben hat. Oft stellt er sich etwas Neues vor, das ihm und seinem Leser gefallen hat. Wie vermutlich die meisten Schriftsteller f\u00fchlte er sich erleichtert und entz\u00fcckt, dass er sein Werk beendet hatte. Aber er hat seine Arbeit weder ver\u00f6ffentlicht noch dem Verlag vorgelegt. Er hatte bereits eine gesch\u00e4ftigere Zeit mit der Wahl des n\u00e4chsten Schritts seines jungen Erwachsenenlebens. Wie viele Polen dieser Zeit entschied er sich, ins Ausland zu gehen. Und das tat er auch, nachdem er die Schule beendet hatte. Umzug in die Niederlande durch die \u201eOtto Workforce Agency\u201c, was sich als Fehler und einer der ersten gro\u00dfen Misserfolge herausstellte. Die Firma hat ihm nicht wie gedacht Arbeit verschafft. Tats\u00e4chlich rekrutierten sie eine \u00fcbergro\u00dfe Zahl neuer Einwanderer, um von ihnen Zusch\u00fcsse von den lokalen Regierungen f\u00fcr die Registrierung zu erhalten. Bald darauf erlebte er einen weiteren Misserfolg von seinem Cousin, der ihn verriet, was ihn zwang, nach Polen zur\u00fcckzukehren. In den folgenden Jahren arbeitete er in Sicherheitsdiensten oder im Ladengesch\u00e4ft. Leider hat er die Arbeiten zur Gigargios ausgesetzt. Die Jahre 2016-2017 wurden f\u00fcr Gigargios verschwendet. Er erforschte jedoch weiterhin Wissen in Bezug auf Wissenschaft und gegenw\u00e4rtige Politik. Er war ein entschiedener Gegner der Partei \u201eLaw of Justice\u201c, die wie viele andere Menschen f\u00fcr eine populistische und autorit\u00e4re Partei bekannt war. Im Dezember 2016 wurde im Parlament sogar versucht, eine Art Revolution gegen die Regierungspartei zu starten. Doch entgegen seiner Erwartung verzichten die Polen auf eine Fortsetzung des Protestes, womit er sich von Aktivit\u00e4ten f\u00fcr die Demokratisierung und Rechtschaffenheit des Landes distanziert.<\/p>\n\n\n\n<p class=\"has-text-color\" style=\"color:#3e8d67;font-size:26px\">2018<\/p>\n\n\n\n<p style=\"font-size:17px\">2018 war ein entscheidendes Ereignis f\u00fcr Gigargios Arbeit. Als Marcin unter dem Einfluss des Priesters, der ihn zum Firmungssakrament f\u00fchrte, beschloss, sein Manuskript und seine Originaldatei auf dem Computer zu vernichten. Wenig sp\u00e4ter verstand er jedoch, dass sein Leben f\u00fcr seine Arbeit bestimmt war, und versuchte, seinen verlorenen Versuch wiederherzustellen. GL\u00dcCKLICH half ihm sein Stiefbruder, die Akte von Gigargios wiederherzustellen! Stellen Sie das System mit der Datensicherungsoption auf das Datum wieder her. EINE GROSSE ROLLE HAT AUCH SEIN VATER, DER VON IHM DAS NOTIZBUCH BEKOMMT, WO ER DATEIEN MIT GIGARGIOS AUFBEWAHRT. ER BRINGTE DIESES GER\u00c4T ZUR REPARATUR, ABER ER BEKOMMTE ES NICHT ZUR\u00dcCK. Also besteht er darauf, es zu nehmen. DANKE, DASS ER DAS NOTIZBUCH ERHALTEN HAT UND ICH VON IHM. ER BRINGTE ES ZUM PC-SERVICE. DAS NOTIZBUCH WAR KEINE REPARATUR WERT, ABER ZUM GL\u00dcCK WAR DER STAURAUM VERF\u00dcGBAR. DANKE F\u00dcR DAS ERHALTEN DER DATEIEN VON GIGARGIOS. Es war ein gl\u00fccklicher Tag und er begann wieder, an Gigargios teilzunehmen. Und versprechen Sie sich, Gigargios niemals zu verlassen, da Sie den Verlust von Daten riskieren. Fortan speichert er seine Werke auf mindestens zwei Ger\u00e4ten oder Pendrives. Und nat\u00fcrlich das ganze Manuskript gedruckt. Marcin hat sich intensiv mit dem Gigargios-Thema besch\u00e4ftigt. Fokussiert auf Grafik, insbesondere Konstruieren der digitalen Karte. Leider gingen die Zeichnungen der digitalen Karte mit dem einfachen Grafikprogramm \u201eMicrosoft Paint\u201c schief. Zu dieser Zeit begann er auch, das Buch ins Englische zu \u00fcbersetzen. Er verstand jedoch, dass er sich auf die Korrektur des Textes in der Ausgangssprache konzentrieren musste. Abgesehen davon hat ihm die Arbeit Freude bereitet und der Glaube daran ist in ihm gewachsen. Und so verging das folgende Jahr 2019. Neben Englisch \u00fcbersetzt er sein Einf\u00fchrungsfragment in mehrere Sprachen. Einschlie\u00dflich Italienisch, Griechisch, Deutsch und sogar Japanisch. In jedem erkundet und lernt er die grammatikalische Form des anderen. Der Italiener scheint am einfachsten zu sein, und so wird die H\u00e4rte nach und nach oben ausgew\u00e4hlt. Und schlie\u00dflich konzentrierte er sich vor allem auf die Franzosen. Die Franzosen scheinen die einfachste Grammatik zu haben. Aber vielleicht macht es die Einfachheit so schwer. N\u00e4mlich das Fehlen von Konjunktionen in Phrasen oder das Platzieren an untypischen Positionen. Auch die Aussprache macht uns\u00e4gliche Schwierigkeiten. Die franz\u00f6sische \u00dcbersetzung begann eben ein Jahr sp\u00e4ter mit der englischen \u00dcbersetzung. Alle von ihnen verarbeitet in Google Friend. Es ist \u201eGoogle Translate\u201c, das ihm einen Meilenstein im Fortschritt seiner Arbeit verschafft hat. Aber und Google ist nicht zuverl\u00e4ssig, weshalb er jeden Satz lesen und zur\u00fcck\u00fcbersetzen musste, um sicherzustellen, dass jeder korrekt und logisch zusammengesetzt ist. Bald darauf musste er die Arbeiten daran f\u00fcr wichtigere Dinge einstellen. Im M\u00e4rz 2020 zog er in einer Zeit des aufkommenden Coronavirus, das sein Leben ver\u00e4ndert, beruflich nach Deutschland. Der Start in der Lebensmittelfabrik, in der er arbeitete, war f\u00fcr ihn nicht einfach. Aber nach einiger Zeit bekam er dort einen leichteren Job. Und Aktivit\u00e4ten \u00fcber Gigargios beschr\u00e4nkten sich auf St\u00e4dtegrafiken. Ende 2020 kehrt er nach Polen zur\u00fcck und spart viel Geld. Schon vor dieser Reise hatte er eine gute Meinung von Deutschland als einer effektiven und n\u00fctzlichen Nation gehabt. Lange Zeit w\u00fcnschte er sich Reisen dorthin durch geografische N\u00e4he und Vorteile in finanziellen Angelegenheiten. Und als die Reise endete, empfand er Dankbarkeit und Respekt f\u00fcr all die guten Dinge, die er dort erlebte.<\/p>\n\n\n\n<p class=\"has-text-color\" style=\"color:#877442;font-size:27px\">Gehe auf die Website<\/p>\n\n\n\n<p class=\"has-text-color\" style=\"color:#32774a;font-size:17px\">Er zog nach Polen, um Geld zu sparen und sich auf sein Lebensziel zu konzentrieren. Und das erste war, die Erstellung einer Website zu planen. Lange tr\u00e4umte er von einer seinem Buch gewidmeten Website. Dann k\u00f6nnte er den Traum verwirklichen. Au\u00dferdem wollte er es f\u00fcr beides: Sicherheit und kommerzielle Zwecke. Und um es zu erm\u00f6glichen, benutzte er das deutsche Geld :). Gleich danach studierte er das Buch noch einmal, um den Text auf Entdeckung zu \u00fcberpr\u00fcfen und eventuelle Fehler zu l\u00f6schen. Au\u00dferdem begann er, die Grafik auf die Website zu zeichnen. Er hat sich lange Zeit auf einfache \u201eMicrosoft-Farbe\u201c verlassen, die ihn in Bezug auf die Grafikqualit\u00e4t weit hinter sich gelassen hat. Er sucht lange nach einem guten Grafikeditor. Und schlie\u00dflich fand er im M\u00e4rz 2021. Seitdem widmet er sich intensiv der Aktualisierung seiner Website und Werbekampagne.<\/p>\n\n\n\n<p class=\"has-text-color\" style=\"color:#942424;font-size:27px\">Marcins Liebe<\/p>\n\n\n\n<p class=\"has-text-color\" style=\"color:#395937;font-size:17px\">Marcin habe viele M\u00e4dchen kennengelernt. Mit fast jedem von ihnen plante er im Voraus eine langfristige Zukunft. Er war ein romantischer Typ. Sch\u00fcchtern und sogar sensibel, genau wie ein K\u00fcnstler. Leider hat jede seiner Ex-Freundinnen fr\u00fcher oder sp\u00e4ter mit ihm Schluss gemacht. Und fast alle von ihnen zeigten anfangs gro\u00dfe Freude daran, ihn zu treffen und \u00fcber die Ehe zu sprechen. Fatiha, Houda, SARAH, das sind nur einige von ihnen. Und jeder von ihnen hat eine abnehmende Beziehung durch religi\u00f6se Angelegenheiten. Weil sie Muslime waren. Und obwohl sie wussten, dass er ein Christ ist, bauen sie eine Beziehung zu ihm auf, aber sie gerieten unter religi\u00f6sen und elterlichen Druck. Nicht zuf\u00e4llig kamen die meisten Ex-Freundinnen, einschlie\u00dflich der drei oben genannten, aus Tunesien. Anerkannt als frauenbefreites Land, -Nur in der Theorie. Tats\u00e4chlich hatten die M\u00e4dchen, die er traf, ihren Eltern Erwartungen in Bezug auf Br\u00e4uche und Religion auferlegt. Einer von ihnen sagte ihm sogar, dass die M\u00e4dchen unter 30 nicht ohne Erlaubnis der Eltern ins Ausland reisen d\u00fcrften. Er gab die Suche nach dem M\u00e4dchen von dort nicht so schnell auf.<\/p>\n\n\n\n<p class=\"has-text-color\" style=\"color:#296623;font-size:17px\">Seine letzte tunesische Liebe namens Mayssa. Marcin hat sie getroffen, als er in Depressionen war, fast entlassen. Sie brachte ihm durch ihr Geschenk neuen Geist. Er war tief beeindruckt von ihrem Blick. Sie war eine kleine Br\u00fcnette mit langen Haaren von h\u00fcbscher, leicht dunkler Nelke. Mit einem gro\u00dfartigen Auge. Umso eloquenter war sie und zeigte ihm anfangs gro\u00dfen Respekt und Komplimente. Marcin dachte, sein Leben habe sich ge\u00e4ndert und gehe jetzt zur Vorbereitung der Ehe. Aber bald darauf wurde die sch\u00f6ne Geschichte ge\u00e4ndert, als sie anfing, sich \u00fcber seine Religion Sorgen zu machen. Dann begann sie zu \u00fcberzeugen und bestand darauf, zum Islam zu konvertieren. Marcin sagte definitiv Nein!. Sie f\u00fchrten heftige K\u00e4mpfe darum. Einmal fiel sogar er nur aus ihrer Vernunft von ihren Bitten. Aber sobald er anf\u00e4ngt, Koran zu lernen, entmutigt er ihn ebenso schnell. Die darin enthaltenen Informationen haben ein Problem mit logischer Erkl\u00e4rung und manchmal widerspr\u00fcchlicher Realit\u00e4t. Je mehr die geschichtliche Verbreitung des Islam, einschlie\u00dflich seines Gr\u00fcnders selbst, ihn effektiv davon abh\u00e4lt. Die Tatsache, dass er den Islam ablehnt, verursachte eine Krise in der Beziehung und in ihrer Familie. Aber irgendwie akzeptierte sie ihn f\u00fcr eine Weile. Und ihre Eltern zogen ihr den Gru\u00df zur\u00fcck. Aber der Religionsstreit und ihr Expansionismus in dieser Angelegenheit f\u00fchrten zu einer Spaltung zwischen ihnen. Dadurch haben sie sich viele Male getrennt. Die alten Gef\u00fchle und einige Zuf\u00e4lle sorgten zeitweise f\u00fcr das Comeback. Aber schlie\u00dflich ist es gescheitert. Und sie verwirft ihn durch seinen Glauben. Wie Marcin sagte; das zermalmte ihn nicht sehr. Die Beziehung zerfiel langsam und ihre Bitte sagt ihr Ende voraus. Er war so sehr von fr\u00fcheren Beziehungen abgerissen, dass dies ihn nicht so sehr beeinflusste, wie man annehmen k\u00f6nnte. Vielleicht hat er seine urspr\u00fcngliche Pers\u00f6nlichkeit verloren?. Vielleicht hat er aufgeh\u00f6rt, romantisch zu sein?. Oder vielleicht hat er einige verstanden, dass es sich nicht lohnt?. Trotzdem wird er, wie er sagte, nicht aufh\u00f6ren, dieses eine M\u00e4dchen zu suchen.<\/p>","protected":false},"excerpt":{"rendered":"<p>Marcin, Sohn der polnischen Eltern, hatte eine schwierige Kindheit. Seine Familie zerbrach in seinem fr\u00fchen Alter, verursacht durch einen schlechten Vater. Ist bei Mama aufgewachsen, die ihm grundlegende Lebensprinzipien beigebracht hat. Obwohl er gr\u00f6\u00dftenteils selbst aufgewachsen ist, war er oft allein. Wie alle Kinder beobachtete er kinder animation. Dann ersetzte [&hellip;]<\/p>\n","protected":false},"author":1,"featured_media":463,"parent":0,"menu_order":0,"comment_status":"closed","ping_status":"closed","template":"","meta":{"om_disable_all_campaigns":false,"footnotes":""},"class_list":["post-970","page","type-page","status-publish","has-post-thumbnail","hentry"],"jetpack_sharing_enabled":true,"_links":{"self":[{"href":"https:\/\/gigargios-history.com\/fr\/wp-json\/wp\/v2\/pages\/970","targetHints":{"allow":["GET"]}}],"collection":[{"href":"https:\/\/gigargios-history.com\/fr\/wp-json\/wp\/v2\/pages"}],"about":[{"href":"https:\/\/gigargios-history.com\/fr\/wp-json\/wp\/v2\/types\/page"}],"author":[{"embeddable":true,"href":"https:\/\/gigargios-history.com\/fr\/wp-json\/wp\/v2\/users\/1"}],"replies":[{"embeddable":true,"href":"https:\/\/gigargios-history.com\/fr\/wp-json\/wp\/v2\/comments?post=970"}],"version-history":[{"count":1,"href":"https:\/\/gigargios-history.com\/fr\/wp-json\/wp\/v2\/pages\/970\/revisions"}],"predecessor-version":[{"id":971,"href":"https:\/\/gigargios-history.com\/fr\/wp-json\/wp\/v2\/pages\/970\/revisions\/971"}],"wp:featuredmedia":[{"embeddable":true,"href":"https:\/\/gigargios-history.com\/fr\/wp-json\/wp\/v2\/media\/463"}],"wp:attachment":[{"href":"https:\/\/gigargios-history.com\/fr\/wp-json\/wp\/v2\/media?parent=970"}],"curies":[{"name":"wp","href":"https:\/\/api.w.org\/{rel}","templated":true}]}}