{"id":959,"date":"2022-04-18T08:44:14","date_gmt":"2022-04-18T08:44:14","guid":{"rendered":"https:\/\/gigargios-history.com\/?page_id=959"},"modified":"2022-04-18T08:44:16","modified_gmt":"2022-04-18T08:44:16","slug":"die-flagge","status":"publish","type":"page","link":"https:\/\/gigargios-history.com\/fr\/de-kompendium-uber\/die-flagge\/","title":{"rendered":"Die Flagge"},"content":{"rendered":"<div class=\"wp-block-jetpack-slideshow aligncenter\" data-effect=\"slide\"><div class=\"wp-block-jetpack-slideshow_container swiper-container\"><ul class=\"wp-block-jetpack-slideshow_swiper-wrapper swiper-wrapper\"><li class=\"wp-block-jetpack-slideshow_slide swiper-slide\"><figure><img data-recalc-dims=\"1\" loading=\"lazy\" decoding=\"async\" width=\"750\" height=\"399\" alt=\"\" class=\"wp-block-jetpack-slideshow_image wp-image-408\" data-id=\"408\" src=\"https:\/\/i0.wp.com\/gigargios-history.com\/wp-content\/uploads\/2021\/02\/Gigargios-flag.png?resize=750%2C399&#038;ssl=1\" srcset=\"https:\/\/i0.wp.com\/gigargios-history.com\/wp-content\/uploads\/2021\/02\/Gigargios-flag.png?w=2702&amp;ssl=1 2702w, https:\/\/i0.wp.com\/gigargios-history.com\/wp-content\/uploads\/2021\/02\/Gigargios-flag.png?resize=300%2C159&amp;ssl=1 300w, https:\/\/i0.wp.com\/gigargios-history.com\/wp-content\/uploads\/2021\/02\/Gigargios-flag.png?resize=1024%2C544&amp;ssl=1 1024w, https:\/\/i0.wp.com\/gigargios-history.com\/wp-content\/uploads\/2021\/02\/Gigargios-flag.png?resize=768%2C408&amp;ssl=1 768w, https:\/\/i0.wp.com\/gigargios-history.com\/wp-content\/uploads\/2021\/02\/Gigargios-flag.png?resize=1536%2C816&amp;ssl=1 1536w, https:\/\/i0.wp.com\/gigargios-history.com\/wp-content\/uploads\/2021\/02\/Gigargios-flag.png?resize=2048%2C1088&amp;ssl=1 2048w, https:\/\/i0.wp.com\/gigargios-history.com\/wp-content\/uploads\/2021\/02\/Gigargios-flag.png?resize=600%2C319&amp;ssl=1 600w, https:\/\/i0.wp.com\/gigargios-history.com\/wp-content\/uploads\/2021\/02\/Gigargios-flag.png?w=2250&amp;ssl=1 2250w\" sizes=\"(max-width: 750px) 100vw, 750px\" \/><\/figure><\/li><li class=\"wp-block-jetpack-slideshow_slide swiper-slide\"><figure><img data-recalc-dims=\"1\" loading=\"lazy\" decoding=\"async\" width=\"750\" height=\"397\" alt=\"\" class=\"wp-block-jetpack-slideshow_image wp-image-416\" data-id=\"416\" src=\"https:\/\/i0.wp.com\/gigargios-history.com\/wp-content\/uploads\/2021\/02\/Gigargios-flag-x-3.png?resize=750%2C397&#038;ssl=1\" srcset=\"https:\/\/i0.wp.com\/gigargios-history.com\/wp-content\/uploads\/2021\/02\/Gigargios-flag-x-3.png?w=2702&amp;ssl=1 2702w, https:\/\/i0.wp.com\/gigargios-history.com\/wp-content\/uploads\/2021\/02\/Gigargios-flag-x-3.png?resize=300%2C159&amp;ssl=1 300w, https:\/\/i0.wp.com\/gigargios-history.com\/wp-content\/uploads\/2021\/02\/Gigargios-flag-x-3.png?resize=1024%2C543&amp;ssl=1 1024w, https:\/\/i0.wp.com\/gigargios-history.com\/wp-content\/uploads\/2021\/02\/Gigargios-flag-x-3.png?resize=768%2C407&amp;ssl=1 768w, https:\/\/i0.wp.com\/gigargios-history.com\/wp-content\/uploads\/2021\/02\/Gigargios-flag-x-3.png?resize=1536%2C814&amp;ssl=1 1536w, https:\/\/i0.wp.com\/gigargios-history.com\/wp-content\/uploads\/2021\/02\/Gigargios-flag-x-3.png?resize=2048%2C1085&amp;ssl=1 2048w, https:\/\/i0.wp.com\/gigargios-history.com\/wp-content\/uploads\/2021\/02\/Gigargios-flag-x-3.png?resize=600%2C318&amp;ssl=1 600w, https:\/\/i0.wp.com\/gigargios-history.com\/wp-content\/uploads\/2021\/02\/Gigargios-flag-x-3.png?w=2250&amp;ssl=1 2250w\" sizes=\"(max-width: 750px) 100vw, 750px\" \/><\/figure><\/li><li class=\"wp-block-jetpack-slideshow_slide swiper-slide\"><figure><img data-recalc-dims=\"1\" loading=\"lazy\" decoding=\"async\" width=\"750\" height=\"399\" alt=\"\" class=\"wp-block-jetpack-slideshow_image wp-image-415\" data-id=\"415\" src=\"https:\/\/i0.wp.com\/gigargios-history.com\/wp-content\/uploads\/2021\/02\/Gigargios-flag-%E2%80%94-kopia-3.png?resize=750%2C399&#038;ssl=1\" srcset=\"https:\/\/i0.wp.com\/gigargios-history.com\/wp-content\/uploads\/2021\/02\/Gigargios-flag-%E2%80%94-kopia-3.png?w=2702&amp;ssl=1 2702w, https:\/\/i0.wp.com\/gigargios-history.com\/wp-content\/uploads\/2021\/02\/Gigargios-flag-%E2%80%94-kopia-3.png?resize=300%2C159&amp;ssl=1 300w, https:\/\/i0.wp.com\/gigargios-history.com\/wp-content\/uploads\/2021\/02\/Gigargios-flag-%E2%80%94-kopia-3.png?resize=1024%2C544&amp;ssl=1 1024w, https:\/\/i0.wp.com\/gigargios-history.com\/wp-content\/uploads\/2021\/02\/Gigargios-flag-%E2%80%94-kopia-3.png?resize=768%2C408&amp;ssl=1 768w, https:\/\/i0.wp.com\/gigargios-history.com\/wp-content\/uploads\/2021\/02\/Gigargios-flag-%E2%80%94-kopia-3.png?resize=1536%2C816&amp;ssl=1 1536w, https:\/\/i0.wp.com\/gigargios-history.com\/wp-content\/uploads\/2021\/02\/Gigargios-flag-%E2%80%94-kopia-3.png?resize=2048%2C1088&amp;ssl=1 2048w, https:\/\/i0.wp.com\/gigargios-history.com\/wp-content\/uploads\/2021\/02\/Gigargios-flag-%E2%80%94-kopia-3.png?resize=600%2C319&amp;ssl=1 600w, https:\/\/i0.wp.com\/gigargios-history.com\/wp-content\/uploads\/2021\/02\/Gigargios-flag-%E2%80%94-kopia-3.png?w=2250&amp;ssl=1 2250w\" sizes=\"(max-width: 750px) 100vw, 750px\" \/><\/figure><\/li><\/ul><a class=\"wp-block-jetpack-slideshow_button-prev swiper-button-prev swiper-button-white\" role=\"button\"><\/a><a class=\"wp-block-jetpack-slideshow_button-next swiper-button-next swiper-button-white\" role=\"button\"><\/a><a aria-label=\"Pause Slideshow\" class=\"wp-block-jetpack-slideshow_button-pause\" role=\"button\"><\/a><div class=\"wp-block-jetpack-slideshow_pagination swiper-pagination swiper-pagination-white\"><\/div><\/div><\/div>\n\n\n\n<p class=\"has-text-color\" style=\"color:#0d982b;font-size:18px\">Flagge, das bekannteste Symbol des Staates. Sie wurden seit Beginn der Existenz der Staatlichkeit verwendet. Als Symbol der Institution, die \u00fcber ihre untergeordnete Bev\u00f6lkerung herrscht. Schmuck der Herrscher, oft unter Verwendung k\u00f6niglicher Schilde, oder die Manifestation b\u00fcrgerlicher \/ nationaler Souver\u00e4nit\u00e4t, wie im Fall der Flagge der R\u00f6mischen Republik.<\/p>\n\n\n\n<p class=\"has-text-color\" style=\"color:#151f9a\">Die Gigargios-Flagge wurde von Gigargios, dem Gr\u00fcnder, gezeichnet, der sich von drei miteinander verbundenen Schwertern inspirieren lie\u00df. (Seine und seine Verb\u00fcndeten). Seitdem k\u00e4mpften die Soldaten von Gigargios f\u00fcr weitere Eroberungen unter dem Banner von X mit dem vertikalen Stapel, meist mit blauem Hintergrund. Die drei miteinander verbundenen Schwerter in der Flagge symbolisieren St\u00e4rke und Einsatzbereitschaft. Und auch die Einigkeit und Br\u00fcderlichkeit der Beteiligten. Sp\u00e4ter angebrachte B\u00f6gen, die sie umgeben. Vermutlich \u00fcber ihre Bedeutung, ob sie B\u00f6gen schie\u00dfen oder ein Schildsymbol, das Verteidigungsf\u00e4higkeit zeigt. Zweifellos stellen sie einen \u00e4sthetischen Wert dar. Anf\u00e4nglich waren in den Flaggen sichtbare Schwerterspuren auf dem Laken eingestrickt. Aber mit der Zeit nahm das Bild der Flagge eine Entwicklung, w\u00e4hrend Gigargios noch lebte. Das Zeichen hatte die Form von Stangen mit Ovale und Spitzen an den Spitzen, was einen eher \u00e4sthetischen Zweck hat. Kurz nach der Vereinigung des Landes wurden die milit\u00e4rischen Insignien zugunsten einer einfacheren, aber stilistischeren Form aufgegeben, wie wir sie sehen. Dennoch zeigen die aufgef\u00fchrten Gipfel weiterhin Kampfpotential und Abwehrbereitschaft.<\/p>\n\n\n\n<p class=\"has-text-color\" style=\"color:#af1919\">In der ersten Staatsflagge sehen wir, dass die Farbe des Staatszeichens eindeutig purpurrot ist. Es ist eine Metapher f\u00fcr Kampf Macht. Und Blutvergie\u00dfen f\u00fcr die Vereinigung des Landes, seine Verteidigung und die Bereitschaft, seine Untertanen zu opfern. X ist von goldenen B\u00f6gen umgeben, die Wohlstand und Prestige ausmachen sollen. Eine \u00c4nderung wurde in der sp\u00e4teren Flagge vorgenommen. Seitdem ist das Zeichen von Gigargios golden und die Klammer rot geworden. Die goldene Farbe in X symbolisierte Reichtum, Macht, Entwicklung und Wohlstand des Landes. Und die ihn umgebenden roten Schleifen; milit\u00e4rische St\u00e4rke im defensiven Sinne und die Bereitschaft, f\u00fcr die Not sein eigenes Blut zu vergie\u00dfen. Um das 5. Jahrhundert v. Chr. wurde die Gigargios-Flagge erneut ersetzt. Das urspr\u00fcngliche Thema der drei umklammerten Schwerter wurde wiederhergestellt. Und das Zeichen nahm einen metallischen Farbton an. Es gibt Annahmen, wann die \u00c4nderungen angewendet wurden. Eine Theorie besagt, dass sie nach der persischen Invasion angewendet wurden. Ein anderer legt nahe, dass die Flagge kurz nach der Ank\u00fcndigung des Krieges mit Persien als Kriegsthema ersetzt wurde. Jahrhunderte sp\u00e4ter wurde die Flagge mit einem goldenen Zeichen und roten Reifen zur\u00fcckgegeben<\/p>\n\n\n\n<p class=\"has-text-color\" style=\"color:#8e6534\">Unabh\u00e4ngig von der Form ist die Hintergrundfarbe jeder dieser Flaggen blau. Es ist ein Symbol f\u00fcr Wasser, Leben und die begehrteste und grundlegendste nat\u00fcrliche Ressource.<\/p>\n\n\n\n<p class=\"has-text-color\" style=\"color:#826942\">Alle Fahnen enthalten sogenanntes Schneckenhaus-Zeichen. Die Inspiration kam aus Griechenland, mit dem schon relativ fr\u00fch Handelskontakte gekn\u00fcpft wurden. Insgesamt ist das Aussehen der Flagge einfach und leicht zu merken. Es soll bewusst dazu beitragen, dass es den B\u00fcrgern leichter in Erinnerung bleibt und ein erkennbares Symbol in der Land und Welt ist.<\/p>","protected":false},"excerpt":{"rendered":"<p>Flagge, das bekannteste Symbol des Staates. Sie wurden seit Beginn der Existenz der Staatlichkeit verwendet. Als Symbol der Institution, die \u00fcber ihre untergeordnete Bev\u00f6lkerung herrscht. Schmuck der Herrscher, oft unter Verwendung k\u00f6niglicher Schilde, oder die Manifestation b\u00fcrgerlicher \/ nationaler Souver\u00e4nit\u00e4t, wie im Fall der Flagge der R\u00f6mischen Republik. Die Gigargios-Flagge [&hellip;]<\/p>\n","protected":false},"author":1,"featured_media":406,"parent":938,"menu_order":0,"comment_status":"closed","ping_status":"closed","template":"","meta":{"om_disable_all_campaigns":false,"footnotes":""},"class_list":["post-959","page","type-page","status-publish","has-post-thumbnail","hentry"],"jetpack_sharing_enabled":true,"_links":{"self":[{"href":"https:\/\/gigargios-history.com\/fr\/wp-json\/wp\/v2\/pages\/959","targetHints":{"allow":["GET"]}}],"collection":[{"href":"https:\/\/gigargios-history.com\/fr\/wp-json\/wp\/v2\/pages"}],"about":[{"href":"https:\/\/gigargios-history.com\/fr\/wp-json\/wp\/v2\/types\/page"}],"author":[{"embeddable":true,"href":"https:\/\/gigargios-history.com\/fr\/wp-json\/wp\/v2\/users\/1"}],"replies":[{"embeddable":true,"href":"https:\/\/gigargios-history.com\/fr\/wp-json\/wp\/v2\/comments?post=959"}],"version-history":[{"count":1,"href":"https:\/\/gigargios-history.com\/fr\/wp-json\/wp\/v2\/pages\/959\/revisions"}],"predecessor-version":[{"id":960,"href":"https:\/\/gigargios-history.com\/fr\/wp-json\/wp\/v2\/pages\/959\/revisions\/960"}],"up":[{"embeddable":true,"href":"https:\/\/gigargios-history.com\/fr\/wp-json\/wp\/v2\/pages\/938"}],"wp:featuredmedia":[{"embeddable":true,"href":"https:\/\/gigargios-history.com\/fr\/wp-json\/wp\/v2\/media\/406"}],"wp:attachment":[{"href":"https:\/\/gigargios-history.com\/fr\/wp-json\/wp\/v2\/media?parent=959"}],"curies":[{"name":"wp","href":"https:\/\/api.w.org\/{rel}","templated":true}]}}