{"id":956,"date":"2022-04-18T08:30:22","date_gmt":"2022-04-18T08:30:22","guid":{"rendered":"https:\/\/gigargios-history.com\/?page_id=956"},"modified":"2022-04-18T08:30:24","modified_gmt":"2022-04-18T08:30:24","slug":"monarch","status":"publish","type":"page","link":"https:\/\/gigargios-history.com\/fr\/de-kompendium-uber\/monarch\/","title":{"rendered":"MONARCH"},"content":{"rendered":"<p class=\"has-text-color has-background\" style=\"background-color:#2b2c74;color:#8d7623;font-size:18px\">MONARCH IST DAS <strong>STAATSOBERHAUPT<\/strong>. Er \u00fcbt Macht \u00fcber das Land aus. Unter anderem definiert das Gesetz oder die H\u00f6he der Steuern. Er ist Initiator verschiedener Verordnungen. Er hat das Recht, mit den Herrschern anderer Nationen Kontakt aufzunehmen und mit ihnen zu verhandeln. Seine Unterschrift initiiert den Bau neuer St\u00e4dte. Und sogar Erweiterung bereits gebaut. Ihm steht die Staatskasse zur Verf\u00fcgung (haupts\u00e4chlich aus Einkommen, Steuern). Durch Indirekte oder pers\u00f6nlich kann er es nutzen. Au\u00dferdem stellt er mit Unterst\u00fctzung von Beir\u00e4ten den Landeshaushalt fest und entscheidet \u00fcber die Vergabe von Mitteln an einzelne Bundesl\u00e4nder und Initiativen. Obwohl der Monarch offiziell das Staatsoberhaupt ist, teilt er sich die Macht mit Gouverneuren \u2013 also Vertretern ihrer eigenen Provinzen, die von ihrer Elite gew\u00e4hlt werden. \u00dcbrigens vom K\u00f6nig ernannt. Gouverneure aller Provinzen treffen sich regelm\u00e4\u00dfig mit dem K\u00f6nig. Er h\u00f6rt allen Vertretern zu. Beide; den Zustand ihrer Provinzen und \u00c4nderungs- oder Reformvorschl\u00e4ge. Der K\u00f6nig k\u00f6nnte darauf reagieren oder auch nicht. Gouverneure k\u00f6nnen im Gegenzug Druck auf den K\u00f6nig aus\u00fcben und versuchen, etwas von ihm zu bekommen. Sie k\u00f6nnen auch einen Block mit bestimmten Behauptungen oder Postulaten erstellen. Sie k\u00f6nnen mit passivem Protest gegen den Monarchen drohen.<\/p>\n\n\n\n<p class=\"has-text-color has-background has-medium-font-size\" style=\"background-color:#282f66;color:#e06a0d\">Vor allem hat der Monarch eine entscheidende Stimme und uneingeschr\u00e4nkte Macht. Sein Wort ist das letzte.<\/p>\n\n\n\n<p class=\"has-text-color has-background\" style=\"background-color:#2e48a7;color:#558eb7\">Es ist \u00fcblich, dass der erstgeborene Sohn des K\u00f6nigs von seinem Vater zum K\u00f6nig wird. Und so auf einer durchgehenden Linie, beginnend mit Gigargios.<\/p>","protected":false},"excerpt":{"rendered":"<p>MONARCH IST DAS STAATSOBERHAUPT. Er \u00fcbt Macht \u00fcber das Land aus. Unter anderem definiert das Gesetz oder die H\u00f6he der Steuern. Er ist Initiator verschiedener Verordnungen. Er hat das Recht, mit den Herrschern anderer Nationen Kontakt aufzunehmen und mit ihnen zu verhandeln. Seine Unterschrift initiiert den Bau neuer St\u00e4dte. Und [&hellip;]<\/p>\n","protected":false},"author":1,"featured_media":218,"parent":938,"menu_order":0,"comment_status":"closed","ping_status":"closed","template":"","meta":{"om_disable_all_campaigns":false,"footnotes":""},"class_list":["post-956","page","type-page","status-publish","has-post-thumbnail","hentry"],"jetpack_sharing_enabled":true,"_links":{"self":[{"href":"https:\/\/gigargios-history.com\/fr\/wp-json\/wp\/v2\/pages\/956","targetHints":{"allow":["GET"]}}],"collection":[{"href":"https:\/\/gigargios-history.com\/fr\/wp-json\/wp\/v2\/pages"}],"about":[{"href":"https:\/\/gigargios-history.com\/fr\/wp-json\/wp\/v2\/types\/page"}],"author":[{"embeddable":true,"href":"https:\/\/gigargios-history.com\/fr\/wp-json\/wp\/v2\/users\/1"}],"replies":[{"embeddable":true,"href":"https:\/\/gigargios-history.com\/fr\/wp-json\/wp\/v2\/comments?post=956"}],"version-history":[{"count":1,"href":"https:\/\/gigargios-history.com\/fr\/wp-json\/wp\/v2\/pages\/956\/revisions"}],"predecessor-version":[{"id":957,"href":"https:\/\/gigargios-history.com\/fr\/wp-json\/wp\/v2\/pages\/956\/revisions\/957"}],"up":[{"embeddable":true,"href":"https:\/\/gigargios-history.com\/fr\/wp-json\/wp\/v2\/pages\/938"}],"wp:featuredmedia":[{"embeddable":true,"href":"https:\/\/gigargios-history.com\/fr\/wp-json\/wp\/v2\/media\/218"}],"wp:attachment":[{"href":"https:\/\/gigargios-history.com\/fr\/wp-json\/wp\/v2\/media?parent=956"}],"curies":[{"name":"wp","href":"https:\/\/api.w.org\/{rel}","templated":true}]}}