{"id":953,"date":"2022-04-17T23:29:06","date_gmt":"2022-04-17T23:29:06","guid":{"rendered":"https:\/\/gigargios-history.com\/?page_id=953"},"modified":"2022-04-17T23:29:08","modified_gmt":"2022-04-17T23:29:08","slug":"adel","status":"publish","type":"page","link":"https:\/\/gigargios-history.com\/fr\/de-kompendium-uber\/adel\/","title":{"rendered":"Adel"},"content":{"rendered":"<p class=\"has-text-color has-background\" style=\"background-color:#a38d55;color:#483620\">Provinzaristokratien sind in Clans unterteilt, von denen jeder die Kontrolle \u00fcber seine eigenen Heimatorte aus\u00fcbt. Die Familie, die die Macht \u00fcber die Provinzhauptstadt hat, \u00fcbt tats\u00e4chlich Macht \u00fcber die gesamte Provinz aus, und die Familie selbst stammt aus der Abstammung der Monarchie, aus der Zeit der Provinzhoheit. Die Wahl eines Nachfolgers nach den Vorg\u00e4ngern erfolgt nur durch den Erstgeborenen. Abh\u00e4ngig von ihrem Geschlecht, die erstgeborene T\u00f6chter werden nur mit erstgeborenen Ehem\u00e4nnern anderer Familien verheiratet Die erstgeborenen T\u00f6chter des Hauptclans sind haupts\u00e4chlich f\u00fcr die Mitglieder der k\u00f6niglichen Familie bestimmt, was umgekehrt bei k\u00f6niglichen T\u00f6chtern an die provinziellen Ehem\u00e4nner erfolgt.<\/p>\n\n\n\n<p class=\"has-text-color has-background\" style=\"background-color:#a38950;color:#363124\">In sekund\u00e4ren Familien ist es erlaubt, Ehen von Nachkommen mit anderen aristokratischen Familien (einschlie\u00dflich interprovinziellen) frei zu arrangieren, haupts\u00e4chlich wenn Provinzen aneinander grenzen, was eine Zusammenarbeit zwischen Provinzen erm\u00f6glicht, aber normalerweise werden sie zwischen St\u00e4dten arrangiert. Die Zeit dieser Zusammenarbeit dauert bis zum Ende der Ehen dieser Generation, die vor allem durch nat\u00fcrliche Todesursachen zerbrochen sind. Clans k\u00f6nnen Nachkommen nur dann an benachbarte Provinzen abgeben, wenn sie nicht Erstgeborene sind. Was auch dem Willen geschuldet ist, eine politische Zusammenarbeit zwischen den Bundesl\u00e4ndern zu erreichen. Mitglieder des Hauptclans k\u00f6nnten ihre Kinder zu den verbleibenden Familien in den Provinzen arrangieren, um die Bindungen aufrechtzuerhalten. Aber die Erstgeborenen sind f\u00fcr die k\u00f6nigliche Familie bestimmt. Wenn eine Tochter des Hauptclans die Erstgeborene ist, ist sie f\u00fcr die k\u00f6nigliche Familie bestimmt, und die Macht\u00fcbertragung wird dem erstgeborenen Jungen in der Familie gew\u00e4hrt, der die Ehre hat, eine Tochter der k\u00f6niglichen Familie zu heiraten.<\/p>\n\n\n\n<p class=\"has-text-color has-background\" style=\"background-color:#a39359;color:#454130\">Diese Regeln wurden bereits ein halbes Jahrtausend nach der Gr\u00fcndung des Staates Gigargios in den Zoll geschrieben.<\/p>\n\n\n\n<p class=\"has-text-color has-background\" style=\"background-color:#a39359;color:#454130\">Aufgrund der wachsenden Bev\u00f6lkerung unter den Aristokraten wurden diese von ihnen genehmigt. Jeder der Provinzvertreter.<\/p>\n\n\n\n<p class=\"has-text-align-center has-text-color has-background\" style=\"background-color:#304c28;color:#908039;font-size:23px\"><strong>AUS\u00dcBUNG DER VERWALTUNG<\/strong><\/p>\n\n\n\n<p class=\"has-text-color has-background\" style=\"background-color:#a65f15;color:#24221e\">Aristokraten \u00fcben zwar Macht aus, aber sie ist symbolisch und den K\u00f6nigen unterstellt. Gem\u00e4\u00df den Vorschriften in jedem Clan \u00fcbernimmt der Erstgeborene die Autorit\u00e4t nach seinem Vater, w\u00e4hrend die anderen S\u00f6hne ihm zur Verf\u00fcgung stehen, um ihn zu unterst\u00fctzen. Die erstgeborenen Nachfolger erhalten haupts\u00e4chlich von ihren V\u00e4tern die M\u00f6glichkeit, die Regierung in St\u00e4dten auszu\u00fcben, die f\u00fcr die Aufrechterhaltung der \u00f6ffentlichen Ordnung und f\u00fcr ihre ordnungsgem\u00e4\u00dfe Entwicklung verantwortlich sind. Daher hat er das Recht, seine Angeh\u00f6rigen zur Besetzung verschiedener Sektionen zu ernennen. Zum Beispiel Hauptleute der Stadtwache oder Architekten &#8211; (mit entsprechender Ausbildung).<\/p>","protected":false},"excerpt":{"rendered":"<p>Provinzaristokratien sind in Clans unterteilt, von denen jeder die Kontrolle \u00fcber seine eigenen Heimatorte aus\u00fcbt. Die Familie, die die Macht \u00fcber die Provinzhauptstadt hat, \u00fcbt tats\u00e4chlich Macht \u00fcber die gesamte Provinz aus, und die Familie selbst stammt aus der Abstammung der Monarchie, aus der Zeit der Provinzhoheit. Die Wahl eines [&hellip;]<\/p>\n","protected":false},"author":1,"featured_media":209,"parent":938,"menu_order":0,"comment_status":"closed","ping_status":"closed","template":"","meta":{"om_disable_all_campaigns":false,"footnotes":""},"class_list":["post-953","page","type-page","status-publish","has-post-thumbnail","hentry"],"jetpack_sharing_enabled":true,"_links":{"self":[{"href":"https:\/\/gigargios-history.com\/fr\/wp-json\/wp\/v2\/pages\/953","targetHints":{"allow":["GET"]}}],"collection":[{"href":"https:\/\/gigargios-history.com\/fr\/wp-json\/wp\/v2\/pages"}],"about":[{"href":"https:\/\/gigargios-history.com\/fr\/wp-json\/wp\/v2\/types\/page"}],"author":[{"embeddable":true,"href":"https:\/\/gigargios-history.com\/fr\/wp-json\/wp\/v2\/users\/1"}],"replies":[{"embeddable":true,"href":"https:\/\/gigargios-history.com\/fr\/wp-json\/wp\/v2\/comments?post=953"}],"version-history":[{"count":1,"href":"https:\/\/gigargios-history.com\/fr\/wp-json\/wp\/v2\/pages\/953\/revisions"}],"predecessor-version":[{"id":954,"href":"https:\/\/gigargios-history.com\/fr\/wp-json\/wp\/v2\/pages\/953\/revisions\/954"}],"up":[{"embeddable":true,"href":"https:\/\/gigargios-history.com\/fr\/wp-json\/wp\/v2\/pages\/938"}],"wp:featuredmedia":[{"embeddable":true,"href":"https:\/\/gigargios-history.com\/fr\/wp-json\/wp\/v2\/media\/209"}],"wp:attachment":[{"href":"https:\/\/gigargios-history.com\/fr\/wp-json\/wp\/v2\/media?parent=953"}],"curies":[{"name":"wp","href":"https:\/\/api.w.org\/{rel}","templated":true}]}}