{"id":950,"date":"2022-04-17T23:16:33","date_gmt":"2022-04-17T23:16:33","guid":{"rendered":"https:\/\/gigargios-history.com\/?page_id=950"},"modified":"2022-04-17T23:16:35","modified_gmt":"2022-04-17T23:16:35","slug":"zusammenfassung-des-gigargios-verwaltungssystems","status":"publish","type":"page","link":"https:\/\/gigargios-history.com\/fr\/de-kompendium-uber\/zusammenfassung-des-gigargios-verwaltungssystems\/","title":{"rendered":"Zusammenfassung des Gigargios-Verwaltungssystems"},"content":{"rendered":"<figure class=\"wp-block-image size-large\"><img data-recalc-dims=\"1\" loading=\"lazy\" decoding=\"async\" width=\"750\" height=\"627\" src=\"https:\/\/i0.wp.com\/gigargios-history.com\/wp-content\/uploads\/2020\/11\/Map-for-ilustration1.png?resize=750%2C627&#038;ssl=1\" alt=\"\" class=\"wp-image-202\" srcset=\"https:\/\/i0.wp.com\/gigargios-history.com\/wp-content\/uploads\/2020\/11\/Map-for-ilustration1.png?resize=1024%2C856&amp;ssl=1 1024w, https:\/\/i0.wp.com\/gigargios-history.com\/wp-content\/uploads\/2020\/11\/Map-for-ilustration1.png?resize=300%2C251&amp;ssl=1 300w, https:\/\/i0.wp.com\/gigargios-history.com\/wp-content\/uploads\/2020\/11\/Map-for-ilustration1.png?resize=768%2C642&amp;ssl=1 768w, https:\/\/i0.wp.com\/gigargios-history.com\/wp-content\/uploads\/2020\/11\/Map-for-ilustration1.png?resize=1536%2C1285&amp;ssl=1 1536w, https:\/\/i0.wp.com\/gigargios-history.com\/wp-content\/uploads\/2020\/11\/Map-for-ilustration1.png?resize=2048%2C1713&amp;ssl=1 2048w, https:\/\/i0.wp.com\/gigargios-history.com\/wp-content\/uploads\/2020\/11\/Map-for-ilustration1.png?resize=600%2C502&amp;ssl=1 600w, https:\/\/i0.wp.com\/gigargios-history.com\/wp-content\/uploads\/2020\/11\/Map-for-ilustration1.png?w=2250&amp;ssl=1 2250w\" sizes=\"auto, (max-width: 750px) 100vw, 750px\" \/><figcaption>Gigargios ist ein Land, das aus vielen Teilk\u00f6nigreichen besteht, die zusammen einen K\u00f6rper bilden. Jeder von ihnen hat Autonomiestatus und lokale Aristokratie an der Spitze mit Grundbesitzern dieser Gebiete. Dieses System funktioniert seit Beginn des bestehenden Landes. Ausgehend von Gigargios, dem Gr\u00fcnder, der B\u00fcndnisse in eroberten St\u00e4mmen gewinnen und seine Position f\u00fcr Stabilit\u00e4t st\u00e4rken wollte. Geschlagene K\u00f6nige behielten ihren Status und waren immer noch lokale Beh\u00f6rden<\/figcaption><\/figure>\n\n\n\n<p>Erst nachdem Gigargios die Treue geschworen und seine \u00dcberlegenheit akzeptiert wurde. Dieser Satz wurde fortgesetzt, was es erm\u00f6glichte, Land zu entwickeln. Provinzen wurden von Gouverneuren verwaltet, die von Grundbesitzern gew\u00e4hlt wurden. Sie w\u00fcrden entweder keine Nachfolger von ihnen sein. Jeder von ihnen wurde von einem k\u00f6niglichen Beamten genehmigt und ernannt, bevor er eine Erkl\u00e4rung und einen Loyalit\u00e4tsschwur gegen\u00fcber dem K\u00f6nig abgab. Provinzen wurden von sich selbst regiert. Lokale Br\u00e4uche und Regeln wurden beibehalten.<\/p>\n\n\n\n<p>Die Menschen genossen relativen Spielraum. Nur in Steuersachen mussten sich die lokalen Beh\u00f6rden dem Staatsschatz unterordnen. Die Beamten des K\u00f6nigs konnten die Aufzeichnungen jederzeit ohne Vorwarnung besuchen und \u00fcberpr\u00fcfen.<\/p>","protected":false},"excerpt":{"rendered":"<p>Erst nachdem Gigargios die Treue geschworen und seine \u00dcberlegenheit akzeptiert wurde. Dieser Satz wurde fortgesetzt, was es erm\u00f6glichte, Land zu entwickeln. Provinzen wurden von Gouverneuren verwaltet, die von Grundbesitzern gew\u00e4hlt wurden. Sie w\u00fcrden entweder keine Nachfolger von ihnen sein. Jeder von ihnen wurde von einem k\u00f6niglichen Beamten genehmigt und ernannt, [&hellip;]<\/p>\n","protected":false},"author":1,"featured_media":202,"parent":938,"menu_order":0,"comment_status":"closed","ping_status":"closed","template":"","meta":{"om_disable_all_campaigns":false,"footnotes":""},"class_list":["post-950","page","type-page","status-publish","has-post-thumbnail","hentry"],"jetpack_sharing_enabled":true,"_links":{"self":[{"href":"https:\/\/gigargios-history.com\/fr\/wp-json\/wp\/v2\/pages\/950","targetHints":{"allow":["GET"]}}],"collection":[{"href":"https:\/\/gigargios-history.com\/fr\/wp-json\/wp\/v2\/pages"}],"about":[{"href":"https:\/\/gigargios-history.com\/fr\/wp-json\/wp\/v2\/types\/page"}],"author":[{"embeddable":true,"href":"https:\/\/gigargios-history.com\/fr\/wp-json\/wp\/v2\/users\/1"}],"replies":[{"embeddable":true,"href":"https:\/\/gigargios-history.com\/fr\/wp-json\/wp\/v2\/comments?post=950"}],"version-history":[{"count":1,"href":"https:\/\/gigargios-history.com\/fr\/wp-json\/wp\/v2\/pages\/950\/revisions"}],"predecessor-version":[{"id":951,"href":"https:\/\/gigargios-history.com\/fr\/wp-json\/wp\/v2\/pages\/950\/revisions\/951"}],"up":[{"embeddable":true,"href":"https:\/\/gigargios-history.com\/fr\/wp-json\/wp\/v2\/pages\/938"}],"wp:featuredmedia":[{"embeddable":true,"href":"https:\/\/gigargios-history.com\/fr\/wp-json\/wp\/v2\/media\/202"}],"wp:attachment":[{"href":"https:\/\/gigargios-history.com\/fr\/wp-json\/wp\/v2\/media?parent=950"}],"curies":[{"name":"wp","href":"https:\/\/api.w.org\/{rel}","templated":true}]}}