{"id":947,"date":"2022-04-17T23:09:44","date_gmt":"2022-04-17T23:09:44","guid":{"rendered":"https:\/\/gigargios-history.com\/?page_id=947"},"modified":"2022-04-17T23:09:45","modified_gmt":"2022-04-17T23:09:45","slug":"landwirtschaft","status":"publish","type":"page","link":"https:\/\/gigargios-history.com\/fr\/de-kompendium-uber\/landwirtschaft\/","title":{"rendered":"Landwirtschaft"},"content":{"rendered":"<p class=\"has-text-color has-background\" style=\"background-color:#2b4525;color:#b99927\"><img data-recalc-dims=\"1\" loading=\"lazy\" decoding=\"async\" width=\"270\" height=\"172\" class=\"wp-image-223\" style=\"width: 270px;\" src=\"https:\/\/i0.wp.com\/gigargios-history.com\/wp-content\/uploads\/2020\/11\/Farmer-emblement-1.png?resize=270%2C172&#038;ssl=1\" alt=\"\" srcset=\"https:\/\/i0.wp.com\/gigargios-history.com\/wp-content\/uploads\/2020\/11\/Farmer-emblement-1.png?w=4878&amp;ssl=1 4878w, https:\/\/i0.wp.com\/gigargios-history.com\/wp-content\/uploads\/2020\/11\/Farmer-emblement-1.png?resize=300%2C191&amp;ssl=1 300w, https:\/\/i0.wp.com\/gigargios-history.com\/wp-content\/uploads\/2020\/11\/Farmer-emblement-1.png?resize=1024%2C652&amp;ssl=1 1024w, https:\/\/i0.wp.com\/gigargios-history.com\/wp-content\/uploads\/2020\/11\/Farmer-emblement-1.png?resize=768%2C489&amp;ssl=1 768w, https:\/\/i0.wp.com\/gigargios-history.com\/wp-content\/uploads\/2020\/11\/Farmer-emblement-1.png?resize=1536%2C979&amp;ssl=1 1536w, https:\/\/i0.wp.com\/gigargios-history.com\/wp-content\/uploads\/2020\/11\/Farmer-emblement-1.png?resize=2048%2C1305&amp;ssl=1 2048w, https:\/\/i0.wp.com\/gigargios-history.com\/wp-content\/uploads\/2020\/11\/Farmer-emblement-1.png?resize=600%2C382&amp;ssl=1 600w, https:\/\/i0.wp.com\/gigargios-history.com\/wp-content\/uploads\/2020\/11\/Farmer-emblement-1.png?w=2250&amp;ssl=1 2250w\" sizes=\"auto, (max-width: 270px) 100vw, 270px\" \/><strong>Die Landwirtschaft ist ein Schl\u00fcsselsektor der Wirtschaft<\/strong>, dessen Produktivit\u00e4t vom Land abh\u00e4ngt. Schon vor dem Aufstieg von Gigargios und mehrere Jahrhunderte danach war die Nordk\u00fcste mit der Auszeichnung von Orgon in der Lage, fast, wenn nicht die gesamte Bev\u00f6lkerung im Gebiet von Gigargios zu ern\u00e4hren. Und seine W\u00fcstengebiete sind die gr\u00f6\u00dften des gesamten Landes, da die Provinzen s\u00fcdlich des Niger-Flusses autark waren. Im Laufe der Zeit wuchs die Bev\u00f6lkerung von Gigargios jedoch auf mehrere Millionen an, so dass die landwirtschaftlichen Fl\u00e4chen im Norden den Bedarf nicht vollst\u00e4ndig decken konnten. Begann mit dem Import von Getreide aus Nachbarl\u00e4ndern wie \u00c4gypten. Obwohl die Lieferung aus diesem Land instabil war, da es Zeiten der Nichtverf\u00fcgbarkeit gab. Lieferanten waren neben \u00c4gypten die Bewohner Sardiniens und Iberiens. Auch aufgrund der Instabilit\u00e4t dieser St\u00e4mme wurden die Lieferungen unterbrochen. Die Zug\u00e4nglichkeit angemessener Essensrationen war (Existenzpunkt) f\u00fcr Gigargios. So definierte es die Gr\u00f6\u00dfe der Bev\u00f6lkerung, die auf wenige Millionen begrenzt war. Im S\u00fcden wurden auch Versuche unternommen, diese Gebiete zu aggregieren. Es stimmt, dass es in bestimmten Gebieten m\u00f6glich war, auf diesen Feldern Exportfr\u00fcchte anzubauen. Der S\u00fcden wurde jedoch noch nicht als potenzieller Zubringer betrachtet. Erstens war die lokale Bev\u00f6lkerung nicht an die Marktwirtschaft angepasst und beschr\u00e4nkte sich auf die Selbstversorgung. Dar\u00fcber hinaus lebten viele der Einheimischen immer noch vom Sammeln und Jagen von Savannentieren. Lediglich erw\u00e4hnt seien die Verriegelungselemente aufgrund ihres Vorhandenseins. Vor allem Raubtiere, die eine Bedrohung f\u00fcr potenzielle Landwirte darstellten. Zun\u00e4chst sollte der gesamte Tierbestand eliminiert werden, was aufgrund seiner Gr\u00f6\u00dfe ein regul\u00e4res Heer erfordern w\u00fcrde. Ein weiteres Hindernis war der Boden selbst, er ist die Produktivit\u00e4t. Die Savanne war nicht an die Bewirtschaftung angepasst, insbesondere nicht in gro\u00dfem Umfang. Alternativ waren gut bew\u00e4sserte Gebiete wie entlang des Niger und im tiefen S\u00fcden vielversprechend.<\/p>\n\n\n\n<p class=\"has-text-color has-background\" style=\"background-color:#2e4924;color:#b19222\">Gehen wir zur\u00fcck nach Norden. Wie bereits erw\u00e4hnt, waren die landwirtschaftlichen Fl\u00e4chen entlang der K\u00fcste die Hauptnahrungsquelle f\u00fcr den gr\u00f6\u00dften Teil des Landes. Zumindest f\u00fcr einige Zeit. Diese erforderten viel Engagement der dort lebenden Bauern. Aufgrund ihrer Funktion waren sie f\u00fcr die Gesellschaft als Ganzes \u00e4u\u00dferst wertvoll, und obwohl sie mit ihrer Ernte kein Verm\u00f6gen verdienten, waren sie leibeigent\u00fcmerlose, selbstst\u00e4ndige Bauern, die an ihrem Erfolg arbeiteten. Und gleichzeitig f\u00fcr das ganze Land. In der sp\u00e4teren Zeit ging der Prozentsatz der Deckung des Bedarfs des Staates durch den Norden der K\u00fcste erheblich zur\u00fcck. Erschwerend kommt hinzu, dass die dort lebende Bev\u00f6lkerung in die H\u00f6he geschnellt ist, was die lokale Nachfrage erh\u00f6ht hat.<\/p>\n\n\n\n<p class=\"has-text-color has-background\" style=\"background-color:#2c4724;color:#b49434\">Um es auf den Punkt zu bringen: Die heimische Landwirtschaft war ein elementarer Wirtschaftszweig, der f\u00fcr einige Zeit die Selbstversorgung des Staates erm\u00f6glichte. Der Nahrungsreichtum bestimmte die Bev\u00f6lkerungsgr\u00f6\u00dfe und damit die Bev\u00f6lkerungszunahme.<\/p>","protected":false},"excerpt":{"rendered":"<p>Die Landwirtschaft ist ein Schl\u00fcsselsektor der Wirtschaft, dessen Produktivit\u00e4t vom Land abh\u00e4ngt. Schon vor dem Aufstieg von Gigargios und mehrere Jahrhunderte danach war die Nordk\u00fcste mit der Auszeichnung von Orgon in der Lage, fast, wenn nicht die gesamte Bev\u00f6lkerung im Gebiet von Gigargios zu ern\u00e4hren. Und seine W\u00fcstengebiete sind die [&hellip;]<\/p>\n","protected":false},"author":1,"featured_media":223,"parent":938,"menu_order":0,"comment_status":"closed","ping_status":"closed","template":"","meta":{"om_disable_all_campaigns":false,"footnotes":""},"class_list":["post-947","page","type-page","status-publish","has-post-thumbnail","hentry"],"jetpack_sharing_enabled":true,"_links":{"self":[{"href":"https:\/\/gigargios-history.com\/fr\/wp-json\/wp\/v2\/pages\/947","targetHints":{"allow":["GET"]}}],"collection":[{"href":"https:\/\/gigargios-history.com\/fr\/wp-json\/wp\/v2\/pages"}],"about":[{"href":"https:\/\/gigargios-history.com\/fr\/wp-json\/wp\/v2\/types\/page"}],"author":[{"embeddable":true,"href":"https:\/\/gigargios-history.com\/fr\/wp-json\/wp\/v2\/users\/1"}],"replies":[{"embeddable":true,"href":"https:\/\/gigargios-history.com\/fr\/wp-json\/wp\/v2\/comments?post=947"}],"version-history":[{"count":1,"href":"https:\/\/gigargios-history.com\/fr\/wp-json\/wp\/v2\/pages\/947\/revisions"}],"predecessor-version":[{"id":949,"href":"https:\/\/gigargios-history.com\/fr\/wp-json\/wp\/v2\/pages\/947\/revisions\/949"}],"up":[{"embeddable":true,"href":"https:\/\/gigargios-history.com\/fr\/wp-json\/wp\/v2\/pages\/938"}],"wp:featuredmedia":[{"embeddable":true,"href":"https:\/\/gigargios-history.com\/fr\/wp-json\/wp\/v2\/media\/223"}],"wp:attachment":[{"href":"https:\/\/gigargios-history.com\/fr\/wp-json\/wp\/v2\/media?parent=947"}],"curies":[{"name":"wp","href":"https:\/\/api.w.org\/{rel}","templated":true}]}}