{"id":938,"date":"2022-04-17T22:30:38","date_gmt":"2022-04-17T22:30:38","guid":{"rendered":"https:\/\/gigargios-history.com\/?page_id=938"},"modified":"2022-06-25T19:56:28","modified_gmt":"2022-06-25T19:56:28","slug":"de-kompendium-uber","status":"publish","type":"page","link":"https:\/\/gigargios-history.com\/fr\/de-kompendium-uber\/","title":{"rendered":"Kompendium \u00fcber"},"content":{"rendered":"<section class=\"wp-block-themeisle-blocks-advanced-columns alignfull has-1-columns has-desktop-equal-layout has-tablet-equal-layout has-mobile-equal-layout has-nogap-gap has-vertical-center\" id=\"wp-block-themeisle-blocks-advanced-columns-2486197b\"><div class=\"wp-block-themeisle-blocks-advanced-columns-overlay\"><\/div><div class=\"innerblocks-wrap\">\n<div class=\"wp-block-themeisle-blocks-advanced-column\" id=\"wp-block-themeisle-blocks-advanced-column-fe550b0c\">\n<div style=\"height:20px\" aria-hidden=\"true\" class=\"wp-block-spacer\"><\/div>\n\n\n\n<section class=\"wp-block-themeisle-blocks-advanced-columns has-4-columns has-desktop-equal-layout has-tablet-equal-layout has-mobile-collapsedRows-layout has-nogap-gap has-vertical-center\" id=\"wp-block-themeisle-blocks-advanced-columns-65a32a72\"><div class=\"wp-block-themeisle-blocks-advanced-columns-overlay\"><\/div><div class=\"innerblocks-wrap\">\n<div class=\"wp-block-themeisle-blocks-advanced-column\" id=\"wp-block-themeisle-blocks-advanced-column-be46ba15\">\n<p class=\"wp-block-themeisle-blocks-font-awesome-icons\" id=\"wp-block-themeisle-blocks-font-awesome-icons-2674993e\"><span class=\"wp-block-themeisle-blocks-font-awesome-icons-container\"><a href=\"https:\/\/gigargios-history.com\/fr\/de-kompendium-uber\/zusammenfassung-des-gigargios-verwaltungssystems\/\" target=\"_self\" rel=\"noopener noreferrer\"><i class=\"fas fa-adjust\"><\/i><\/a><\/span><\/p>\n\n\n\n<h3 class=\"has-text-align-left has-white-color has-text-color wp-block-heading\"><a href=\"https:\/\/gigargios-history.com\/fr\/de-kompendium-uber\/zusammenfassung-des-gigargios-verwaltungssystems\/\" data-type=\"page\" data-id=\"950\">Zusammenfassung des Gigargios-Verwaltungssystems KLICK<\/a><\/h3>\n\n\n\n<p class=\"has-text-align-left has-white-color has-text-color\">Gigargios ist ein Land, das aus vielen Teilk\u00f6nigreichen besteht, die zusammen einen K\u00f6rper bilden. Jeder&nbsp;..<\/p>\n<\/div>\n\n\n\n<div class=\"wp-block-themeisle-blocks-advanced-column\" id=\"wp-block-themeisle-blocks-advanced-column-18309828\">\n<p class=\"wp-block-themeisle-blocks-font-awesome-icons\" id=\"wp-block-themeisle-blocks-font-awesome-icons-869f6743\"><span class=\"wp-block-themeisle-blocks-font-awesome-icons-container\"><a href=\"https:\/\/gigargios-history.com\/fr\/de-kompendium-uber\/adel\/\" target=\"_self\" rel=\"noopener noreferrer\"><i class=\"fas fa-chess\"><\/i><\/a><\/span><\/p>\n\n\n\n<h3 class=\"has-text-align-left has-white-color has-text-color wp-block-heading\"><a href=\"https:\/\/gigargios-history.com\/fr\/de-kompendium-uber\/adel\/\" data-type=\"page\" data-id=\"953\">Adel KLICK<\/a><\/h3>\n\n\n\n<p class=\"has-text-align-left has-white-color has-text-color\">Provinzaristokratien sind in Clans unterteilt, von denen jeder die Kontrolle \u00fcber seine eigenen Heimatorte aus\u00fcbt. Die Familie, die die Macht \u00fcber..<\/p>\n<\/div>\n\n\n\n<div class=\"wp-block-themeisle-blocks-advanced-column\" id=\"wp-block-themeisle-blocks-advanced-column-7e97e24f\">\n<p class=\"wp-block-themeisle-blocks-font-awesome-icons\" id=\"wp-block-themeisle-blocks-font-awesome-icons-3b8dd1a1\"><span class=\"wp-block-themeisle-blocks-font-awesome-icons-container\"><a href=\"https:\/\/gigargios-history.com\/fr\/de-kompendium-uber\/monarch\/\" target=\"_self\" rel=\"noopener noreferrer\"><i class=\"fas fa-crown\"><\/i><\/a><\/span><\/p>\n\n\n\n<h3 class=\"has-text-align-left has-white-color has-text-color wp-block-heading\"><a href=\"https:\/\/gigargios-history.com\/fr\/de-kompendium-uber\/monarch\/\" data-type=\"URL\" data-id=\"https:\/\/gigargios-history.com\/de-kompendium-uber\/monarch\/\">Monarch KLICK<\/a><\/h3>\n\n\n\n<p class=\"has-text-align-left has-white-color has-text-color\">MONARCH IST DAS&nbsp;STAATSOBERHAUPT. Er \u00fcbt Macht \u00fcber das Land aus. Unter anderem definiert das Gesetz oder die H\u00f6he der Steuern. Er ist..<\/p>\n<\/div>\n\n\n\n<div class=\"wp-block-themeisle-blocks-advanced-column\" id=\"wp-block-themeisle-blocks-advanced-column-371034a5\">\n<p class=\"wp-block-themeisle-blocks-font-awesome-icons\" id=\"wp-block-themeisle-blocks-font-awesome-icons-00519227\"><span class=\"wp-block-themeisle-blocks-font-awesome-icons-container\"><a href=\"https:\/\/gigargios-history.com\/fr\/de-kompendium-uber\/landwirtschaft\/\" target=\"_self\" rel=\"noopener noreferrer\"><i class=\"fas fa-horse\"><\/i><\/a><\/span><\/p>\n\n\n\n<h3 class=\"has-text-align-left has-white-color has-text-color wp-block-heading\"><a href=\"https:\/\/gigargios-history.com\/fr\/de-kompendium-uber\/landwirtschaft\/\" data-type=\"page\" data-id=\"947\">Landwirtschaft KLICK<\/a><\/h3>\n\n\n\n<p class=\"has-text-align-left has-white-color has-text-color\"><strong>Die Landwirtschaft ist ein Schl\u00fcsselsektor der Wirtschaft<\/strong>, dessen Produktivit\u00e4t von der Ern\u00e4hrung des Landes abh\u00e4ngt..<\/p>\n<\/div>\n<\/div><\/section>\n<\/div>\n<\/div><\/section>\n\n\n\n<section class=\"wp-block-themeisle-blocks-advanced-columns alignfull has-1-columns has-desktop-equal-layout has-tablet-equal-layout has-mobile-equal-layout has-nogap-gap has-vertical-center\" id=\"wp-block-themeisle-blocks-advanced-columns-590244d8\"><div class=\"wp-block-themeisle-blocks-advanced-columns-overlay\"><\/div><div class=\"innerblocks-wrap\">\n<div class=\"wp-block-themeisle-blocks-advanced-column\" id=\"wp-block-themeisle-blocks-advanced-column-c673a51d\">\n<section class=\"wp-block-themeisle-blocks-advanced-columns has-4-columns has-desktop-equal-layout has-tablet-equal-layout has-mobile-collapsedRows-layout has-nogap-gap has-vertical-center\" id=\"wp-block-themeisle-blocks-advanced-columns-9622a355\"><div class=\"wp-block-themeisle-blocks-advanced-columns-overlay\"><\/div><div class=\"innerblocks-wrap\">\n<div class=\"wp-block-themeisle-blocks-advanced-column\" id=\"wp-block-themeisle-blocks-advanced-column-7bb8c333\">\n<p class=\"wp-block-themeisle-blocks-font-awesome-icons\" id=\"wp-block-themeisle-blocks-font-awesome-icons-298fe957\"><span class=\"wp-block-themeisle-blocks-font-awesome-icons-container\"><a href=\"https:\/\/gigargios-history.com\/fr\/de-kompendium-uber\/die-flagge\/\" target=\"_self\" rel=\"noopener noreferrer\"><i class=\"fas fa-flag\"><\/i><\/a><\/span><\/p>\n\n\n\n<h3 class=\"has-text-align-left has-white-color has-text-color wp-block-heading\"><a href=\"https:\/\/gigargios-history.com\/fr\/de-kompendium-uber\/die-flagge\/\">Flagge KLICK<\/a><\/h3>\n\n\n\n<p class=\"has-text-align-left has-white-color has-text-color\">Flagge, das bekannteste Symbol des Staates. Sie wurden seit Beginn der Existenz der Staatlichkeit verwendet. Als Symbol der Institution, die \u00fcber ihre..<\/p>\n<\/div>\n\n\n\n<div class=\"wp-block-themeisle-blocks-advanced-column\" id=\"wp-block-themeisle-blocks-advanced-column-57d7d8f2\">\n<p class=\"wp-block-themeisle-blocks-font-awesome-icons\" id=\"wp-block-themeisle-blocks-font-awesome-icons-215f0812\"><span class=\"wp-block-themeisle-blocks-font-awesome-icons-container\"><a href=\"https:\/\/gigargios-history.com\/fr\/de-kompendium-uber\/marcin-der-autor\/\" target=\"_self\" rel=\"noopener noreferrer\"><i class=\"fas fa-brain\"><\/i><\/a><\/span><\/p>\n\n\n\n<h3 class=\"has-text-align-left has-white-color has-text-color wp-block-heading\"><a href=\"https:\/\/gigargios-history.com\/fr\/de-kompendium-uber\/marcin-der-autor\/\" data-type=\"URL\" data-id=\"https:\/\/gigargios-history.com\/de-kompendium-uber\/marcin-der-autor\/\">Marcin ein Autor<\/a><\/h3>\n\n\n\n<p class=\"has-text-align-left has-white-color has-text-color\">Marcin Franczak, eine Autorenreihe von \u201eGigargios-Geschichte\u201c-Buch, ist nicht nur ein fantastischer Autor, sondern auch ein Denker, Analytiker..<\/p>\n<\/div>\n\n\n\n<div class=\"wp-block-themeisle-blocks-advanced-column\" id=\"wp-block-themeisle-blocks-advanced-column-a90c82ca\">\n<p class=\"wp-block-themeisle-blocks-font-awesome-icons\" id=\"wp-block-themeisle-blocks-font-awesome-icons-6906bdb5\"><span class=\"wp-block-themeisle-blocks-font-awesome-icons-container\"><a href=\"https:\/\/gigargios-history.com\/fr\/hauptstadt\/\" target=\"_self\" rel=\"noopener noreferrer\"><i class=\"fas fa-asterisk\"><\/i><\/a><\/span><\/p>\n\n\n\n<h3 class=\"has-text-align-left has-white-color has-text-color wp-block-heading\"><a href=\"https:\/\/gigargios-history.com\/fr\/hauptstadt\/\" data-type=\"URL\" data-id=\"https:\/\/gigargios-history.com\/hauptstadt\/\">Hauptstadt<\/a> <a href=\"https:\/\/gigargios-history.com\/fr\/hauptstadt\/\" data-type=\"URL\" data-id=\"https:\/\/gigargios-history.com\/hauptstadt\/\">klick<\/a><\/h3>\n\n\n\n<p class=\"has-text-align-left has-white-color has-text-color\">Das wichtigste Objekt des Landes, Nationalstolz. \u00dcber seinen Standort und den Bauplan entschied sich Gigargios. Genau wie..<\/p>\n<\/div>\n\n\n\n<div class=\"wp-block-themeisle-blocks-advanced-column\" id=\"wp-block-themeisle-blocks-advanced-column-14846333\">\n<p class=\"wp-block-themeisle-blocks-font-awesome-icons\" id=\"wp-block-themeisle-blocks-font-awesome-icons-ba28653d\"><span class=\"wp-block-themeisle-blocks-font-awesome-icons-container\"><i class=\"fas fa-asterisk\"><\/i><\/span><\/p>\n\n\n\n<h3 class=\"has-text-align-left has-white-color has-text-color wp-block-heading\"><\/h3>\n\n\n\n<p class=\"has-text-align-left has-white-color has-text-color\"><\/p>\n<\/div>\n<\/div><\/section>\n<\/div>\n<\/div><\/section>","protected":false},"excerpt":{"rendered":"","protected":false},"author":1,"featured_media":724,"parent":0,"menu_order":0,"comment_status":"closed","ping_status":"closed","template":"","meta":{"om_disable_all_campaigns":false,"footnotes":""},"class_list":["post-938","page","type-page","status-publish","has-post-thumbnail","hentry"],"jetpack_sharing_enabled":true,"_links":{"self":[{"href":"https:\/\/gigargios-history.com\/fr\/wp-json\/wp\/v2\/pages\/938","targetHints":{"allow":["GET"]}}],"collection":[{"href":"https:\/\/gigargios-history.com\/fr\/wp-json\/wp\/v2\/pages"}],"about":[{"href":"https:\/\/gigargios-history.com\/fr\/wp-json\/wp\/v2\/types\/page"}],"author":[{"embeddable":true,"href":"https:\/\/gigargios-history.com\/fr\/wp-json\/wp\/v2\/users\/1"}],"replies":[{"embeddable":true,"href":"https:\/\/gigargios-history.com\/fr\/wp-json\/wp\/v2\/comments?post=938"}],"version-history":[{"count":11,"href":"https:\/\/gigargios-history.com\/fr\/wp-json\/wp\/v2\/pages\/938\/revisions"}],"predecessor-version":[{"id":1281,"href":"https:\/\/gigargios-history.com\/fr\/wp-json\/wp\/v2\/pages\/938\/revisions\/1281"}],"wp:featuredmedia":[{"embeddable":true,"href":"https:\/\/gigargios-history.com\/fr\/wp-json\/wp\/v2\/media\/724"}],"wp:attachment":[{"href":"https:\/\/gigargios-history.com\/fr\/wp-json\/wp\/v2\/media?parent=938"}],"curies":[{"name":"wp","href":"https:\/\/api.w.org\/{rel}","templated":true}]}}