{"id":878,"date":"2022-04-17T15:12:20","date_gmt":"2022-04-17T15:12:20","guid":{"rendered":"https:\/\/gigargios-history.com\/?page_id=878"},"modified":"2022-04-17T22:28:05","modified_gmt":"2022-04-17T22:28:05","slug":"gigargios-history-de-region-nordafrika","status":"publish","type":"page","link":"https:\/\/gigargios-history.com\/fr\/gigargios-history-de-region-nordafrika\/","title":{"rendered":"Region Nordafrika"},"content":{"rendered":"<p class=\"has-text-color has-background has-medium-font-size\" style=\"background-color:#745a37;color:#222f0f\">Die Region Nordafrika wurde zusammen mit ganz Afrika von \u00e4u\u00dferen M\u00e4chten erobert und spielte die Rolle eines Kampfplatzes zwischen ihnen. Seit alters her war die einzige bekannte Macht auf dem Kontinent \u00c4gypten von Persien aus dem Osten \u00fcberwunden worden, was im Alten Testament beschrieben wurde. Sogar Karthago, das in Nordafrika als Imperium anerkannt welche fast wurde selbst besiegt h\u00e4tte Rom, hatte seinen Ursprung in phoneicischen Kolonisten aus dem Libanon (in Asien). In diesem Buch m\u00f6chte ich eine alternative Geschichte dieser Region zeigen. Was w\u00e4re, wenn auf dem Gebiet Nordafrikas ein K\u00f6nigreich entstehen w\u00fcrde, das einen gro\u00dfen Teil dieses Kontinents besetzen w\u00fcrde, das seit sehr alten Zeiten und in der Lage w\u00e4re, seine eigene Existenz zu verteidigen? Zusammen mit der Schaffung einer einzigartigen Kultur und Kunst, die f\u00fcr diese Region charakteristisch sind. Wie w\u00fcrde dieses Land aussehen?.. China, Indien?. Sicher w\u00e4re in dieser Angelegenheit originell und bildete die Macht, die von Anfang an Europa am n\u00e4chsten w\u00e4re. Ein Land, das von europ\u00e4ischen Ideen beeinflusst wurde, aber auch eine Partei, die einen Beitrag zu seiner Geschichte geleistet hat. Unabh\u00e4ngig, (nicht dem\u00fctig), mutig, (kriegerisch). All diese Adjektive beschreiben Gigargios-menchien, die f\u00fcr ihre Freiheit gegen ausl\u00e4ndische Angreifer k\u00e4mpfen m\u00fcssen, die gierig ihr Land einnehmen wollten. Aber es ist nicht nur ein Kriegsroman. Zeigen Sie wundersch\u00f6ne und faszinierende Kultur und Architektur von St\u00e4dten in der W\u00fcste der Sahara. Denn dieses harte Klima, in dem sie lebten, machte in ihnen Talente und Ideen, um au\u00dfergew\u00f6hnliche Erfindungen zu schaffen. Schaffen Sie in ihnen Weisheit und Klugheit, die dazu beigetragen haben, mitten in der W\u00fcste zu \u00fcberleben und zu leben. -Die Heimat gro\u00dfer Menschen. Patrioten, die in die Karren der Geschichte eingestiegen sind, ebenso einfache B\u00fcrger, die durch ihre Arbeitssucht zum Aufbau dieses gro\u00dfartigen Landes beigetragen haben.<\/p>","protected":false},"excerpt":{"rendered":"<p>Die Region Nordafrika wurde zusammen mit ganz Afrika von \u00e4u\u00dferen M\u00e4chten erobert und spielte die Rolle eines Kampfplatzes zwischen ihnen. Seit alters her war die einzige bekannte Macht auf dem Kontinent \u00c4gypten von Persien aus dem Osten \u00fcberwunden worden, was im Alten Testament beschrieben wurde. Sogar Karthago, das in Nordafrika [&hellip;]<\/p>\n","protected":false},"author":1,"featured_media":933,"parent":0,"menu_order":0,"comment_status":"closed","ping_status":"closed","template":"","meta":{"om_disable_all_campaigns":false,"footnotes":""},"class_list":["post-878","page","type-page","status-publish","has-post-thumbnail","hentry"],"jetpack_sharing_enabled":true,"_links":{"self":[{"href":"https:\/\/gigargios-history.com\/fr\/wp-json\/wp\/v2\/pages\/878","targetHints":{"allow":["GET"]}}],"collection":[{"href":"https:\/\/gigargios-history.com\/fr\/wp-json\/wp\/v2\/pages"}],"about":[{"href":"https:\/\/gigargios-history.com\/fr\/wp-json\/wp\/v2\/types\/page"}],"author":[{"embeddable":true,"href":"https:\/\/gigargios-history.com\/fr\/wp-json\/wp\/v2\/users\/1"}],"replies":[{"embeddable":true,"href":"https:\/\/gigargios-history.com\/fr\/wp-json\/wp\/v2\/comments?post=878"}],"version-history":[{"count":4,"href":"https:\/\/gigargios-history.com\/fr\/wp-json\/wp\/v2\/pages\/878\/revisions"}],"predecessor-version":[{"id":937,"href":"https:\/\/gigargios-history.com\/fr\/wp-json\/wp\/v2\/pages\/878\/revisions\/937"}],"wp:featuredmedia":[{"embeddable":true,"href":"https:\/\/gigargios-history.com\/fr\/wp-json\/wp\/v2\/media\/933"}],"wp:attachment":[{"href":"https:\/\/gigargios-history.com\/fr\/wp-json\/wp\/v2\/media?parent=878"}],"curies":[{"name":"wp","href":"https:\/\/api.w.org\/{rel}","templated":true}]}}