{"id":860,"date":"2022-04-17T14:43:31","date_gmt":"2022-04-17T14:43:31","guid":{"rendered":"https:\/\/gigargios-history.com\/?page_id=860"},"modified":"2022-04-18T15:06:56","modified_gmt":"2022-04-18T15:06:56","slug":"gigargios-history-de","status":"publish","type":"page","link":"https:\/\/gigargios-history.com\/fr\/gigargios-history-de\/","title":{"rendered":"Gigargios-geschichte..,  Entdecken die Geheimnisse dieses unbekannten Landes"},"content":{"rendered":"<div class=\"wp-block-themeisle-blocks-advanced-columns has-1-columns has-desktop-equal-layout has-tablet-equal-layout has-mobile-equal-layout has-default-gap has-vertical-unset\" id=\"wp-block-themeisle-blocks-advanced-columns-6a0bece9\"><div class=\"wp-block-themeisle-blocks-advanced-columns-overlay\"><\/div><div class=\"innerblocks-wrap\">\n<div class=\"wp-block-themeisle-blocks-advanced-column\" id=\"wp-block-themeisle-blocks-advanced-column-0d05234f\">\n<div class=\"wp-block-cover alignfull\"><span aria-hidden=\"true\" class=\"wp-block-cover__gradient-background has-background-dim\"><\/span><img data-recalc-dims=\"1\" loading=\"lazy\" decoding=\"async\" width=\"750\" height=\"396\" class=\"wp-block-cover__image-background wp-image-869\" alt=\"\" src=\"https:\/\/i0.wp.com\/gigargios-history.com\/wp-content\/uploads\/2022\/04\/desert-3.-c11.jpg?resize=750%2C396&#038;ssl=1\" data-object-fit=\"cover\" srcset=\"https:\/\/i0.wp.com\/gigargios-history.com\/wp-content\/uploads\/2022\/04\/desert-3.-c11.jpg?resize=1024%2C541&amp;ssl=1 1024w, https:\/\/i0.wp.com\/gigargios-history.com\/wp-content\/uploads\/2022\/04\/desert-3.-c11.jpg?resize=300%2C158&amp;ssl=1 300w, https:\/\/i0.wp.com\/gigargios-history.com\/wp-content\/uploads\/2022\/04\/desert-3.-c11.jpg?resize=768%2C406&amp;ssl=1 768w, https:\/\/i0.wp.com\/gigargios-history.com\/wp-content\/uploads\/2022\/04\/desert-3.-c11.jpg?resize=1536%2C811&amp;ssl=1 1536w, https:\/\/i0.wp.com\/gigargios-history.com\/wp-content\/uploads\/2022\/04\/desert-3.-c11.jpg?resize=2048%2C1081&amp;ssl=1 2048w, https:\/\/i0.wp.com\/gigargios-history.com\/wp-content\/uploads\/2022\/04\/desert-3.-c11.jpg?resize=18%2C10&amp;ssl=1 18w, https:\/\/i0.wp.com\/gigargios-history.com\/wp-content\/uploads\/2022\/04\/desert-3.-c11.jpg?resize=600%2C317&amp;ssl=1 600w, https:\/\/i0.wp.com\/gigargios-history.com\/wp-content\/uploads\/2022\/04\/desert-3.-c11.jpg?w=2250&amp;ssl=1 2250w\" sizes=\"auto, (max-width: 750px) 100vw, 750px\" \/><div class=\"wp-block-cover__inner-container is-layout-flow wp-block-cover-is-layout-flow\">\n<p class=\"has-large-font-size\">\u00dcber<\/p>\n\n\n\n<p>Die Geschichte von Gigargios ist ein Roman \u00fcber ein imagin\u00e4res K\u00f6nigreich in Nordafrika. Gegr\u00fcndet vom ersten K\u00f6nig Gigargios, der kleinere Staaten vereinte und sein ganzes Leben lang politische und milit\u00e4rische Mittel einsetzte. Es ist das einzige K\u00f6nigreich in Nordafrika, das milit\u00e4rische Aggressionen von der Antike \u00fcberstanden hat. Ausgehend von Persien. Ihre rauen klimatischen Bedingungen und ihr gro\u00dfer Raum halfen ihnen, ihre Unabh\u00e4ngigkeit zu bewahren. Obwohl das t\u00e4gliche Leben in der W\u00fcste f\u00fcr die Bewohner schwierig ist (obwohl sie daran angepasst sind). Trotzdem war es der Hauptgrund f\u00fcr die Vereinigung. Diese geografische Lage und Bedingung schuf in ihnen eine einzigartige Kultur und Mentalit\u00e4t. (Gastfreundschaft ist ihre Dom\u00e4ne). Auch die Architektur unterscheidet sich von anderen in der Welt. Obwohl sie von den Griechen inspiriert sind. Die oben erw\u00e4hnten hatten gro\u00dfen Einfluss auf dieses Land. Der Staat war friedlich gesinnt. Obwohl historische Ereignisse sie in den Sturm des Krieges st\u00fcrzten. Der Ehrgeiz der fremden Reiche f\u00fchrte zum Zusammensto\u00df mit ihnen. Vor allem das Rom. Die meisten Gigargios k\u00e4mpften eher f\u00fcr die Aufrechterhaltung ihrer Souver\u00e4nit\u00e4t als f\u00fcr die Expansion. Und deshalb so lange \u00fcberlebt.<\/p>\n<\/div><\/div>\n<\/div>\n<\/div><\/div>\n\n\n\n<section class=\"wp-block-themeisle-blocks-advanced-columns alignfull has-3-columns has-desktop-equal-layout has-tablet-equal-layout has-mobile-collapsedRows-layout has-nogap-gap has-vertical-flex-start\" id=\"wp-block-themeisle-blocks-advanced-columns-c35e1bf3\"><div class=\"wp-block-themeisle-blocks-advanced-columns-overlay\"><\/div><div class=\"innerblocks-wrap\">\n<div class=\"wp-block-themeisle-blocks-advanced-column\" id=\"wp-block-themeisle-blocks-advanced-column-7002fb8f\">\n<div class=\"wp-block-image\"><figure class=\"aligncenter size-large is-resized\"><a href=\"https:\/\/gigargios-history.com\/fr\/de-nachricht\/\"><img data-recalc-dims=\"1\" loading=\"lazy\" decoding=\"async\" src=\"https:\/\/i0.wp.com\/gigargios-history.com\/wp-content\/uploads\/2022\/04\/Pictur-to-About-2-%E2%80%94-kopia-2-1-e1650231065998-754x1024.jpg?resize=232%2C248&#038;ssl=1\" alt=\"\" class=\"wp-image-902\" width=\"232\" height=\"248\"\/><\/a><\/figure><\/div>\n\n\n\n<h3 class=\"has-text-align-left has-text-color wp-block-heading\" style=\"color:#546949\">Nachricht<\/h3>\n\n\n\n<p class=\"has-text-align-left has-text-color\" style=\"color:#588643\">Die Neuigkeiten und Ereignisse rund um unseren Roman finden Sie hier<\/p>\n\n\n\n<div class=\"wp-block-buttons is-layout-flex wp-block-buttons-is-layout-flex\">\n<div class=\"wp-block-button is-style-primary\"><a class=\"wp-block-button__link\" href=\"https:\/\/gigargios-history.com\/fr\/de-nachricht\/\">Learn Mehr<\/a><\/div>\n<\/div>\n<\/div>\n\n\n\n<div class=\"wp-block-themeisle-blocks-advanced-column\" id=\"wp-block-themeisle-blocks-advanced-column-3e5aec1f\">\n<div class=\"wp-block-image\"><figure class=\"aligncenter size-large is-resized\"><a href=\"https:\/\/gigargios-history.com\/fr\/de-das-buch\/\"><img data-recalc-dims=\"1\" loading=\"lazy\" decoding=\"async\" src=\"https:\/\/i0.wp.com\/gigargios-history.com\/wp-content\/uploads\/2022\/04\/Gigargios-to-show-1.png?resize=278%2C246&#038;ssl=1\" alt=\"\" class=\"wp-image-896\" width=\"278\" height=\"246\" srcset=\"https:\/\/i0.wp.com\/gigargios-history.com\/wp-content\/uploads\/2022\/04\/Gigargios-to-show-1.png?resize=1024%2C908&amp;ssl=1 1024w, https:\/\/i0.wp.com\/gigargios-history.com\/wp-content\/uploads\/2022\/04\/Gigargios-to-show-1.png?resize=300%2C266&amp;ssl=1 300w, https:\/\/i0.wp.com\/gigargios-history.com\/wp-content\/uploads\/2022\/04\/Gigargios-to-show-1.png?resize=768%2C681&amp;ssl=1 768w, https:\/\/i0.wp.com\/gigargios-history.com\/wp-content\/uploads\/2022\/04\/Gigargios-to-show-1.png?resize=1536%2C1362&amp;ssl=1 1536w, https:\/\/i0.wp.com\/gigargios-history.com\/wp-content\/uploads\/2022\/04\/Gigargios-to-show-1.png?resize=2048%2C1816&amp;ssl=1 2048w, https:\/\/i0.wp.com\/gigargios-history.com\/wp-content\/uploads\/2022\/04\/Gigargios-to-show-1.png?resize=14%2C12&amp;ssl=1 14w, https:\/\/i0.wp.com\/gigargios-history.com\/wp-content\/uploads\/2022\/04\/Gigargios-to-show-1.png?resize=600%2C532&amp;ssl=1 600w, https:\/\/i0.wp.com\/gigargios-history.com\/wp-content\/uploads\/2022\/04\/Gigargios-to-show-1.png?w=2250&amp;ssl=1 2250w\" sizes=\"auto, (max-width: 278px) 100vw, 278px\" \/><\/a><\/figure><\/div>\n\n\n\n<h3 class=\"has-text-align-left has-text-color wp-block-heading\" style=\"color:#246429\"><a href=\"https:\/\/gigargios-history.com\/fr\/de-das-buch\/\" data-type=\"page\" data-id=\"891\">Das Buch<\/a><\/h3>\n\n\n\n<p class=\"has-text-align-left\">Der Roman \u00fcber Gigargios ist hier erh\u00e4ltlich.. das Fragment<\/p>\n\n\n\n<div class=\"wp-block-buttons is-layout-flex wp-block-buttons-is-layout-flex\">\n<div class=\"wp-block-button is-style-primary\"><a class=\"wp-block-button__link\" href=\"https:\/\/gigargios-history.com\/fr\/de-das-buch\/\">Learn Mehr<\/a><\/div>\n<\/div>\n<\/div>\n\n\n\n<div class=\"wp-block-themeisle-blocks-advanced-column\" id=\"wp-block-themeisle-blocks-advanced-column-be60fbba\">\n<div class=\"wp-block-image\"><figure class=\"aligncenter size-large\"><a href=\"https:\/\/gigargios-history.com\/fr\/gigargios-history-de-region-nordafrika\/\"><img data-recalc-dims=\"1\" loading=\"lazy\" decoding=\"async\" width=\"750\" height=\"442\" src=\"https:\/\/i0.wp.com\/gigargios-history.com\/wp-content\/uploads\/2022\/04\/257-z-Purpure-p37-b334-3.jpg?resize=750%2C442&#038;ssl=1\" alt=\"\" class=\"wp-image-908\"\/><\/a><\/figure><\/div>\n\n\n\n<h3 class=\"has-text-align-left has-text-color wp-block-heading\" style=\"color:#414c24\">NordAfrika<\/h3>\n\n\n\n<p class=\"has-text-align-left has-text-color\" style=\"color:#383e18;font-size:15px\">Nordafrika, von der Welt vernachl\u00e4ssigte und \u00fcbersehene Region. Wie gro\u00df w\u00e4re der Fortschritt dieser Region, wenn es dort ein geeintes Land g\u00e4be. Wie haben sie die Weltgeschichte ver\u00e4ndert?<\/p>\n\n\n\n<div class=\"wp-block-buttons is-layout-flex wp-block-buttons-is-layout-flex\">\n<div class=\"wp-block-button is-style-primary\"><a class=\"wp-block-button__link\" href=\"https:\/\/gigargios-history.com\/fr\/gigargios-history-de-region-nordafrika\/\">Learn Mehr<\/a><\/div>\n<\/div>\n<\/div>\n<\/div><\/section>\n\n\n\n<section class=\"wp-block-themeisle-blocks-advanced-columns alignfull has-1-columns has-desktop-equal-layout has-tablet-equal-layout has-mobile-equal-layout has-nogap-gap has-vertical-flex-start\" id=\"wp-block-themeisle-blocks-advanced-columns-dab9e0bf\"><div class=\"wp-block-themeisle-blocks-advanced-columns-overlay\"><\/div><div class=\"innerblocks-wrap\">\n<div class=\"wp-block-themeisle-blocks-advanced-column\" id=\"wp-block-themeisle-blocks-advanced-column-9df22226\">\n<section class=\"wp-block-themeisle-blocks-advanced-columns has-1-columns has-desktop-equal-layout has-tablet-equal-layout has-mobile-equal-layout has-nogap-gap has-vertical-flex-start\" id=\"wp-block-themeisle-blocks-advanced-columns-25c95699\"><div class=\"wp-block-themeisle-blocks-advanced-columns-overlay\"><\/div><div class=\"innerblocks-wrap\">\n<div class=\"wp-block-themeisle-blocks-advanced-column\" id=\"wp-block-themeisle-blocks-advanced-column-d4d9a4f8\"><\/div>\n<\/div><\/section>\n\n\n\n<section class=\"wp-block-themeisle-blocks-advanced-columns has-2-columns has-desktop-equal-layout has-tablet-equal-layout has-mobile-collapsedRows-layout has-nogap-gap has-vertical-flex-start\" id=\"wp-block-themeisle-blocks-advanced-columns-b56443a0\"><div class=\"wp-block-themeisle-blocks-advanced-columns-overlay\"><\/div><div class=\"innerblocks-wrap\">\n<div class=\"wp-block-themeisle-blocks-advanced-column\" id=\"wp-block-themeisle-blocks-advanced-column-1bb9ffb4\">\n<div class=\"wp-block-image\"><figure class=\"aligncenter size-large is-resized\"><a href=\"https:\/\/gigargios-history.com\/fr\/de-kompendium-uber\/\"><img data-recalc-dims=\"1\" loading=\"lazy\" decoding=\"async\" src=\"https:\/\/i0.wp.com\/gigargios-history.com\/wp-content\/uploads\/2022\/04\/City-view-beatiful-sky-background-to-waving-flag-2-se-2-%E2%80%94-kopia.jpg?resize=297%2C393&#038;ssl=1\" alt=\"\" class=\"wp-image-923\" width=\"297\" height=\"393\" srcset=\"https:\/\/i0.wp.com\/gigargios-history.com\/wp-content\/uploads\/2022\/04\/City-view-beatiful-sky-background-to-waving-flag-2-se-2-%E2%80%94-kopia.jpg?resize=774%2C1024&amp;ssl=1 774w, https:\/\/i0.wp.com\/gigargios-history.com\/wp-content\/uploads\/2022\/04\/City-view-beatiful-sky-background-to-waving-flag-2-se-2-%E2%80%94-kopia.jpg?resize=227%2C300&amp;ssl=1 227w, https:\/\/i0.wp.com\/gigargios-history.com\/wp-content\/uploads\/2022\/04\/City-view-beatiful-sky-background-to-waving-flag-2-se-2-%E2%80%94-kopia.jpg?resize=768%2C1016&amp;ssl=1 768w, https:\/\/i0.wp.com\/gigargios-history.com\/wp-content\/uploads\/2022\/04\/City-view-beatiful-sky-background-to-waving-flag-2-se-2-%E2%80%94-kopia.jpg?resize=9%2C12&amp;ssl=1 9w, https:\/\/i0.wp.com\/gigargios-history.com\/wp-content\/uploads\/2022\/04\/City-view-beatiful-sky-background-to-waving-flag-2-se-2-%E2%80%94-kopia.jpg?resize=600%2C794&amp;ssl=1 600w, https:\/\/i0.wp.com\/gigargios-history.com\/wp-content\/uploads\/2022\/04\/City-view-beatiful-sky-background-to-waving-flag-2-se-2-%E2%80%94-kopia.jpg?w=880&amp;ssl=1 880w\" sizes=\"auto, (max-width: 297px) 100vw, 297px\" \/><\/a><\/figure><\/div>\n\n\n\n<h3 class=\"has-text-align-center wp-block-heading\">Thema erkunden<\/h3>\n\n\n\n<p class=\"has-text-align-center\">Hier haben Sie Zugriff auf inklusive Themen unseres Romans<\/p>\n\n\n\n<div id=\"wp-block-themeisle-blocks-button-group-ef10a191\" class=\"wp-block-themeisle-blocks-button-group wp-block-buttons align-center\">\n<div id=\"wp-block-themeisle-blocks-button-5c1526c7\" class=\"wp-block-themeisle-blocks-button wp-block-button\"><a href=\"https:\/\/gigargios-history.com\/fr\/de-kompendium-uber\/\" target=\"_self\" rel=\"noopener noreferrer\" class=\"wp-block-button__link\"><span>Learn Mehr<\/span><i class=\"fas fa-fw fa-arrow-right margin-left\"><\/i><\/a><\/div>\n<\/div>\n<\/div>\n\n\n\n<div class=\"wp-block-themeisle-blocks-advanced-column\" id=\"wp-block-themeisle-blocks-advanced-column-e0a218d6\">\n<div class=\"wp-block-image\"><figure class=\"aligncenter size-full\"><a href=\"https:\/\/gigargios-history.com\/fr\/graphics\/\"><img data-recalc-dims=\"1\" loading=\"lazy\" decoding=\"async\" width=\"469\" height=\"385\" src=\"https:\/\/i0.wp.com\/gigargios-history.com\/wp-content\/uploads\/2022\/04\/Linatg-adapted-1-%E2%80%94-miniature.jpg?resize=469%2C385&#038;ssl=1\" alt=\"\" class=\"wp-image-1062\" srcset=\"https:\/\/i0.wp.com\/gigargios-history.com\/wp-content\/uploads\/2022\/04\/Linatg-adapted-1-%E2%80%94-miniature.jpg?w=469&amp;ssl=1 469w, https:\/\/i0.wp.com\/gigargios-history.com\/wp-content\/uploads\/2022\/04\/Linatg-adapted-1-%E2%80%94-miniature.jpg?resize=300%2C246&amp;ssl=1 300w, https:\/\/i0.wp.com\/gigargios-history.com\/wp-content\/uploads\/2022\/04\/Linatg-adapted-1-%E2%80%94-miniature.jpg?resize=15%2C12&amp;ssl=1 15w\" sizes=\"auto, (max-width: 469px) 100vw, 469px\" \/><\/a><\/figure><\/div>\n\n\n\n<h3 class=\"has-text-align-center wp-block-heading\">Grafische Illustrationen<\/h3>\n\n\n\n<p class=\"has-text-align-center\">Erkunden Sie hier die Sch\u00f6nheit der St\u00e4dte, Landschaften und Architekturen von Gigargios<\/p>\n\n\n\n<div id=\"wp-block-themeisle-blocks-button-group-cae19be5\" class=\"wp-block-themeisle-blocks-button-group wp-block-buttons align-center\">\n<div id=\"wp-block-themeisle-blocks-button-4fa9fe26\" class=\"wp-block-themeisle-blocks-button wp-block-button\"><a href=\"https:\/\/gigargios-history.com\/fr\/graphics\/\" target=\"_self\" rel=\"noopener noreferrer\" class=\"wp-block-button__link\"><span>Learn Mehr<\/span><i class=\"fas fa-fw fa-arrow-right margin-left\"><\/i><\/a><\/div>\n<\/div>\n<\/div>\n<\/div><\/section>\n<\/div>\n<\/div><\/section>\n\n\n\n<div class=\"wp-block-image\"><figure class=\"aligncenter size-large is-resized\"><a href=\"https:\/\/gigargios-history.com\/fr\/de-unterstutzen-sie-uns\/\"><img data-recalc-dims=\"1\" loading=\"lazy\" decoding=\"async\" src=\"https:\/\/i0.wp.com\/gigargios-history.com\/wp-content\/uploads\/2022\/02\/Website.-Support.png?resize=703%2C409&#038;ssl=1\" alt=\"\" class=\"wp-image-805\" width=\"703\" height=\"409\" srcset=\"https:\/\/i0.wp.com\/gigargios-history.com\/wp-content\/uploads\/2022\/02\/Website.-Support.png?resize=1024%2C597&amp;ssl=1 1024w, https:\/\/i0.wp.com\/gigargios-history.com\/wp-content\/uploads\/2022\/02\/Website.-Support.png?resize=300%2C175&amp;ssl=1 300w, https:\/\/i0.wp.com\/gigargios-history.com\/wp-content\/uploads\/2022\/02\/Website.-Support.png?resize=768%2C448&amp;ssl=1 768w, https:\/\/i0.wp.com\/gigargios-history.com\/wp-content\/uploads\/2022\/02\/Website.-Support.png?resize=18%2C10&amp;ssl=1 18w, https:\/\/i0.wp.com\/gigargios-history.com\/wp-content\/uploads\/2022\/02\/Website.-Support.png?resize=600%2C350&amp;ssl=1 600w, https:\/\/i0.wp.com\/gigargios-history.com\/wp-content\/uploads\/2022\/02\/Website.-Support.png?w=1432&amp;ssl=1 1432w\" sizes=\"auto, (max-width: 703px) 100vw, 703px\" \/><\/a><figcaption>Unterst\u00fctzen Sie uns und verschaffen Sie sich Vorteile<\/figcaption><\/figure><\/div>\n\n\n\n<div class=\"wp-block-image\"><figure class=\"aligncenter size-full is-resized\"><a href=\"https:\/\/gigargios-history.com\/fr\/de-die-marcin-biographie\/\"><img data-recalc-dims=\"1\" loading=\"lazy\" decoding=\"async\" src=\"https:\/\/i0.wp.com\/gigargios-history.com\/wp-content\/uploads\/2022\/04\/Marcin-at-studio-cinematic-%E2%80%94-miniature.jpg?resize=213%2C236&#038;ssl=1\" alt=\"\" class=\"wp-image-1067\" width=\"213\" height=\"236\" srcset=\"https:\/\/i0.wp.com\/gigargios-history.com\/wp-content\/uploads\/2022\/04\/Marcin-at-studio-cinematic-%E2%80%94-miniature.jpg?w=446&amp;ssl=1 446w, https:\/\/i0.wp.com\/gigargios-history.com\/wp-content\/uploads\/2022\/04\/Marcin-at-studio-cinematic-%E2%80%94-miniature.jpg?resize=271%2C300&amp;ssl=1 271w, https:\/\/i0.wp.com\/gigargios-history.com\/wp-content\/uploads\/2022\/04\/Marcin-at-studio-cinematic-%E2%80%94-miniature.jpg?resize=11%2C12&amp;ssl=1 11w\" sizes=\"auto, (max-width: 213px) 100vw, 213px\" \/><\/a><figcaption>Marcin Franczak<\/figcaption><\/figure><\/div>\n\n\n\n<p class=\"has-text-align-center has-medium-font-size\">K\u00fcnstler Schriftsteller<\/p>\n\n\n\n<p class=\"has-text-align-center\" style=\"font-size:15px\">Dieser Mann tr\u00e4umt immer davon, ein eigenes Land zu haben. Hat gro\u00dfe Vorstellungskraft. Dies f\u00fchrte ihn dazu, sich ein Fiktionsland vorzustellen. Er liebt Geschichte, Geographie und Politik. All dies zu wissen, erm\u00f6glicht es ihm, den gew\u00e4hlten Ort zu finden. In seinen Werken inspiriert von historischen Ereignissen, die einige bekannte L\u00e4nder einbeziehen.. <\/p>","protected":false},"excerpt":{"rendered":"<p>K\u00fcnstler Schriftsteller Dieser Mann tr\u00e4umt immer davon, ein eigenes Land zu haben. Hat gro\u00dfe Vorstellungskraft. Dies f\u00fchrte ihn dazu, sich ein Fiktionsland vorzustellen. Er liebt Geschichte, Geographie und Politik. All dies zu wissen, erm\u00f6glicht es ihm, den gew\u00e4hlten Ort zu finden. In seinen Werken inspiriert von historischen Ereignissen, die einige [&hellip;]<\/p>\n","protected":false},"author":1,"featured_media":868,"parent":0,"menu_order":0,"comment_status":"closed","ping_status":"closed","template":"","meta":{"om_disable_all_campaigns":false,"footnotes":""},"class_list":["post-860","page","type-page","status-publish","has-post-thumbnail","hentry"],"jetpack_sharing_enabled":true,"_links":{"self":[{"href":"https:\/\/gigargios-history.com\/fr\/wp-json\/wp\/v2\/pages\/860","targetHints":{"allow":["GET"]}}],"collection":[{"href":"https:\/\/gigargios-history.com\/fr\/wp-json\/wp\/v2\/pages"}],"about":[{"href":"https:\/\/gigargios-history.com\/fr\/wp-json\/wp\/v2\/types\/page"}],"author":[{"embeddable":true,"href":"https:\/\/gigargios-history.com\/fr\/wp-json\/wp\/v2\/users\/1"}],"replies":[{"embeddable":true,"href":"https:\/\/gigargios-history.com\/fr\/wp-json\/wp\/v2\/comments?post=860"}],"version-history":[{"count":31,"href":"https:\/\/gigargios-history.com\/fr\/wp-json\/wp\/v2\/pages\/860\/revisions"}],"predecessor-version":[{"id":1069,"href":"https:\/\/gigargios-history.com\/fr\/wp-json\/wp\/v2\/pages\/860\/revisions\/1069"}],"wp:featuredmedia":[{"embeddable":true,"href":"https:\/\/gigargios-history.com\/fr\/wp-json\/wp\/v2\/media\/868"}],"wp:attachment":[{"href":"https:\/\/gigargios-history.com\/fr\/wp-json\/wp\/v2\/media?parent=860"}],"curies":[{"name":"wp","href":"https:\/\/api.w.org\/{rel}","templated":true}]}}