{"id":775,"date":"2022-02-19T15:53:02","date_gmt":"2022-02-19T15:53:02","guid":{"rendered":"https:\/\/gigargios-history.com\/?page_id=775"},"modified":"2022-02-19T15:53:05","modified_gmt":"2022-02-19T15:53:05","slug":"national-matchmaker-for-single","status":"publish","type":"page","link":"https:\/\/gigargios-history.com\/fr\/national-matchmaker-for-single\/","title":{"rendered":"National matchmaker for single."},"content":{"rendered":"<p class=\"has-text-color has-medium-font-size\" style=\"color:#a81d39\"><img data-recalc-dims=\"1\" loading=\"lazy\" decoding=\"async\" width=\"450\" height=\"226\" class=\"wp-image-777\" style=\"width: 450px;\" src=\"https:\/\/i0.wp.com\/gigargios-history.com\/wp-content\/uploads\/2022\/02\/Broken-Heart-25.jpg?resize=450%2C226&#038;ssl=1\" alt=\"\" srcset=\"https:\/\/i0.wp.com\/gigargios-history.com\/wp-content\/uploads\/2022\/02\/Broken-Heart-25.jpg?w=1141&amp;ssl=1 1141w, https:\/\/i0.wp.com\/gigargios-history.com\/wp-content\/uploads\/2022\/02\/Broken-Heart-25.jpg?resize=300%2C151&amp;ssl=1 300w, https:\/\/i0.wp.com\/gigargios-history.com\/wp-content\/uploads\/2022\/02\/Broken-Heart-25.jpg?resize=1024%2C515&amp;ssl=1 1024w, https:\/\/i0.wp.com\/gigargios-history.com\/wp-content\/uploads\/2022\/02\/Broken-Heart-25.jpg?resize=768%2C386&amp;ssl=1 768w, https:\/\/i0.wp.com\/gigargios-history.com\/wp-content\/uploads\/2022\/02\/Broken-Heart-25.jpg?resize=18%2C9&amp;ssl=1 18w, https:\/\/i0.wp.com\/gigargios-history.com\/wp-content\/uploads\/2022\/02\/Broken-Heart-25.jpg?resize=600%2C302&amp;ssl=1 600w\" sizes=\"auto, (max-width: 450px) 100vw, 450px\" \/><strong>marieur national pour les c\u00e9libataires<\/strong> c'est ma proposition de cr\u00e9er un site de rencontre \u00e0 l'\u00e9chelle nationale financ\u00e9 par le gouvernement afin d'augmenter et de faciliter l'\u00e9tablissement de relations pour les c\u00e9libataires. Il s'agit d'une institution virtuel \u00e0 but non lucratif, \u00e0 l'oppos\u00e9 des applications de rencontres priv\u00e9es. Qui, en fait, se concentre sur le fait de gagner de plus en plus d'argent plut\u00f4t que de liaison les gens les uns aux autres. En fait, ces applications sont bas\u00e9es sur la na\u00efvet\u00e9 des personnes qui les paient. Et tout sugg\u00e8re qu'ils ne veulent pas que les gens rencontrent des \u00e2mes soeurs appropri\u00e9es car ils veulent garder l'utilisateur aussi longtemps que possible pour de l'argent. C'est pourquoi les abonnements pour plusieurs mois sont proportionnellement moins chers que pour un mois. Qui normalement a besoin de rester six mois sur les applications de rencontres. Playboy et en fait, c'est \u00e0 elles qu'est d\u00e9di\u00e9e cette offre. Ainsi, cela indique \u00e9galement que les applications de rencontres commerciales promeuvent de mauvais comportements et tendances. La culture du ''Hook up'' est devenue tr\u00e8s notable par les experts sociaux. Et beaucoup d'entre eux soulignent que les applications de rencontres populaires contribuent \u00e0 sa culture.<br>En tout cas, il ne fait aucun doute que les sites matrimoniaux priv\u00e9s apportent des dommages plut\u00f4t que des utilit\u00e9s. Et les applications de rencontres nationales \u00e0 but non lucratif sont la meilleure alternative et la plus \u00e9conomique pour ceux qui recherchent un partenaire et un amour s\u00e9rieux. Comme l'application nationale de rencontres se basera sur les d\u00e9tails personnels du personnage, afin d'augmenter les chances de r\u00e9ussite du match. De plus, l'application recueillera les opinions des utilisateurs qui sont all\u00e9s \u00e0 un rendez-vous avec une personne trouv\u00e9e via cette application. Et si cette personne s'est mal comport\u00e9e ou a trich\u00e9, la victime peut le notifier, ce qui entra\u00eenera une suspension temporaire ou une disqualification permanente. Les donn\u00e9es priv\u00e9es et sensibles seront collect\u00e9es par le gouvernement, et non par des entreprises priv\u00e9es. Et la plate-forme sera g\u00e9r\u00e9e par des employ\u00e9s du gouvernement, et non par des employ\u00e9s temporaires des entreprises. Tout cela garantira la s\u00e9curit\u00e9 d'utilisation et l'efficacit\u00e9.<\/p>","protected":false},"excerpt":{"rendered":"<p>National matchmaker for Singles is my proposal to create national-wide dating site funded by government in order to increase and ease establishing relationships for bachelors and ladies. It is\u00a0 a non profit digital institution, opposite to private dating apps. Which in fact focusing on earning more and more money rather [&hellip;]<\/p>\n","protected":false},"author":1,"featured_media":776,"parent":0,"menu_order":0,"comment_status":"open","ping_status":"closed","template":"","meta":{"om_disable_all_campaigns":false,"footnotes":""},"class_list":["post-775","page","type-page","status-publish","has-post-thumbnail","hentry"],"jetpack_sharing_enabled":true,"_links":{"self":[{"href":"https:\/\/gigargios-history.com\/fr\/wp-json\/wp\/v2\/pages\/775","targetHints":{"allow":["GET"]}}],"collection":[{"href":"https:\/\/gigargios-history.com\/fr\/wp-json\/wp\/v2\/pages"}],"about":[{"href":"https:\/\/gigargios-history.com\/fr\/wp-json\/wp\/v2\/types\/page"}],"author":[{"embeddable":true,"href":"https:\/\/gigargios-history.com\/fr\/wp-json\/wp\/v2\/users\/1"}],"replies":[{"embeddable":true,"href":"https:\/\/gigargios-history.com\/fr\/wp-json\/wp\/v2\/comments?post=775"}],"version-history":[{"count":1,"href":"https:\/\/gigargios-history.com\/fr\/wp-json\/wp\/v2\/pages\/775\/revisions"}],"predecessor-version":[{"id":778,"href":"https:\/\/gigargios-history.com\/fr\/wp-json\/wp\/v2\/pages\/775\/revisions\/778"}],"wp:featuredmedia":[{"embeddable":true,"href":"https:\/\/gigargios-history.com\/fr\/wp-json\/wp\/v2\/media\/776"}],"wp:attachment":[{"href":"https:\/\/gigargios-history.com\/fr\/wp-json\/wp\/v2\/media?parent=775"}],"curies":[{"name":"wp","href":"https:\/\/api.w.org\/{rel}","templated":true}]}}