{"id":744,"date":"2022-01-10T12:14:52","date_gmt":"2022-01-10T12:14:52","guid":{"rendered":"https:\/\/gigargios-history.com\/?page_id=744"},"modified":"2022-01-10T12:19:30","modified_gmt":"2022-01-10T12:19:30","slug":"having-seen-modern-tends-i-predict-that-catholic-church","status":"publish","type":"page","link":"https:\/\/gigargios-history.com\/fr\/having-seen-modern-tends-i-predict-that-catholic-church\/","title":{"rendered":"Having seen modern tends I predict that Catholic church.."},"content":{"rendered":"<blockquote class=\"wp-block-quote is-style-large is-layout-flow wp-block-quote-is-layout-flow\"><p>\u00ab\u00a0Apr\u00e8s avoir vu les tendances modernes, je pr\u00e9dis que l'\u00e9glise catholique pourrait dispara\u00eetre au 22 si\u00e8cle. ''<\/p><cite>Marcin Franczak<\/cite><\/blockquote>\n\n\n\n<p>La la\u00efcisation croissante dans certains pays, des riches aux pauvres, a fait que les gens grandissent avec un esprit et des convictions la\u00efques qui, \u00e0 long terme, les \u00e9loignent de l'\u00e9glise et de la d\u00e9couverte de Dieu. De plus, les scandales r\u00e9v\u00e9l\u00e9s d'abus sexuels sur des membres du clerg\u00e9 \u00e9taient parfaits pour les inciter \u00e0 les critiquer par les opposants. Et leur c\u00e9libat r\u00e9ussi d\u00e9courage la g\u00e9n\u00e9ration suivante de rejoindre leur \u00e9quipe. Ainsi, le monde perdra sa connexion spirituelle \u00e0 travers l'\u00e9glise. Mais ne t'inqui\u00e8te pas, c'est tout ce qui est \u00e9crit dans la Bible<\/p>","protected":false},"excerpt":{"rendered":"<p>Having seen modern tends I predict that Catholic church may disappear in 22 century. Marcin Franczak Growing laicisation in are countries from rich to poor, have made that the people growing with secualar mind and convictions which in long-run pushing them away from church and discovery of God. In addition [&hellip;]<\/p>\n","protected":false},"author":1,"featured_media":696,"parent":0,"menu_order":0,"comment_status":"closed","ping_status":"closed","template":"","meta":{"om_disable_all_campaigns":false,"footnotes":""},"class_list":["post-744","page","type-page","status-publish","has-post-thumbnail","hentry"],"jetpack_sharing_enabled":true,"_links":{"self":[{"href":"https:\/\/gigargios-history.com\/fr\/wp-json\/wp\/v2\/pages\/744","targetHints":{"allow":["GET"]}}],"collection":[{"href":"https:\/\/gigargios-history.com\/fr\/wp-json\/wp\/v2\/pages"}],"about":[{"href":"https:\/\/gigargios-history.com\/fr\/wp-json\/wp\/v2\/types\/page"}],"author":[{"embeddable":true,"href":"https:\/\/gigargios-history.com\/fr\/wp-json\/wp\/v2\/users\/1"}],"replies":[{"embeddable":true,"href":"https:\/\/gigargios-history.com\/fr\/wp-json\/wp\/v2\/comments?post=744"}],"version-history":[{"count":2,"href":"https:\/\/gigargios-history.com\/fr\/wp-json\/wp\/v2\/pages\/744\/revisions"}],"predecessor-version":[{"id":748,"href":"https:\/\/gigargios-history.com\/fr\/wp-json\/wp\/v2\/pages\/744\/revisions\/748"}],"wp:featuredmedia":[{"embeddable":true,"href":"https:\/\/gigargios-history.com\/fr\/wp-json\/wp\/v2\/media\/696"}],"wp:attachment":[{"href":"https:\/\/gigargios-history.com\/fr\/wp-json\/wp\/v2\/media?parent=744"}],"curies":[{"name":"wp","href":"https:\/\/api.w.org\/{rel}","templated":true}]}}