{"id":735,"date":"2022-01-10T12:14:21","date_gmt":"2022-01-10T12:14:21","guid":{"rendered":"https:\/\/gigargios-history.com\/?page_id=735"},"modified":"2022-02-19T16:52:03","modified_gmt":"2022-02-19T16:52:03","slug":"marcin-sensitive-quotes-about-women-role-in-mankind","status":"publish","type":"page","link":"https:\/\/gigargios-history.com\/fr\/marcin-sensitive-quotes-about-women-role-in-mankind\/","title":{"rendered":"Marcin sensitive quotes about women role in mankind"},"content":{"rendered":"<div class=\"wp-block-themeisle-blocks-advanced-columns has-undefined-columns has-desktop-undefined-layout has-tablet-equal-layout has-mobile-equal-layout has-default-gap has-vertical-unset\" id=\"wp-block-themeisle-blocks-advanced-columns-6b146483\"><div class=\"wp-block-themeisle-blocks-advanced-columns-overlay\"><\/div><div class=\"innerblocks-wrap\"><\/div><\/div>\n\n\n\n<blockquote class=\"wp-block-quote is-style-large is-layout-flow wp-block-quote-is-layout-flow\"><p> Si un homme \u00e9tait form\u00e9 d'argile, non par nature, comme Adam a \u00e9t\u00e9 fait par Dieu, les gens vivraient dans l'harmonie, l'amiti\u00e9 et la paix. Mais la femme est venue dans ce monde pour d\u00e9truire l'harmonie et la paix. Et l'antagonisme, l'\u00e9go\u00efsme les ont remplac\u00e9s. (La rivalit\u00e9 pour \u00eatre meilleur, pour avoir plus de femelles.. La premi\u00e8re guerre a \u00e9t\u00e9 men\u00e9e pour les femmes et le b\u00e9tail) <\/p><cite>Marcin Franczak<\/cite><\/blockquote>\n\n\n\n<blockquote class=\"wp-block-quote is-style-large is-layout-flow wp-block-quote-is-layout-flow\"><p><a href=\"https:\/\/www.learnreligions.com\/angel-expelling-adam-and-eve-from-the-garden-124030\" data-type=\"URL\" data-id=\"https:\/\/www.learnreligions.com\/angel-expelling-adam-and-eve-from-the-garden-124030\"><img data-recalc-dims=\"1\" loading=\"lazy\" decoding=\"async\" width=\"180\" height=\"136\" class=\"wp-image-750\" style=\"width: 180px;\" src=\"https:\/\/i0.wp.com\/gigargios-history.com\/wp-content\/uploads\/2022\/01\/Learnreligions-com-How-Did-Ange-Expel-Adam-and-Eva.jpg?resize=180%2C136&#038;ssl=1\" alt=\"\" srcset=\"https:\/\/i0.wp.com\/gigargios-history.com\/wp-content\/uploads\/2022\/01\/Learnreligions-com-How-Did-Ange-Expel-Adam-and-Eva.jpg?w=297&amp;ssl=1 297w, https:\/\/i0.wp.com\/gigargios-history.com\/wp-content\/uploads\/2022\/01\/Learnreligions-com-How-Did-Ange-Expel-Adam-and-Eva.jpg?resize=16%2C12&amp;ssl=1 16w\" sizes=\"auto, (max-width: 180px) 100vw, 180px\" \/><\/a>L'amour est justifie la luxure. Dieu a puni les hommes obs\u00e9d\u00e9s par le sexe, tandis que les femmes \u00e9taient douloureuses lors de l'accouchement. Et parce que la premi\u00e8re femme a pouss\u00e9 le premier homme au mal, Dieu a rendu les femmes soumises aux hommes. Et \u00e0 travers l'Histoire, les femmes de l'Homme \u00e9taient connues plut\u00f4t pour \u00eatre de bonnes m\u00e8res, de bonnes \u00e9pouses ou de mauvaises \u00e9pouses et ma\u00eetresses. Vous peut se poser la question c'est dans la culture chr\u00e9tienne au Moyen Age?. Vous vous trompez puisque ce mod\u00e8le existe dans toutes les cultures.<\/p><p>So what we might take lesson from First woman on Earth.. be good to God so he not punish you like that or in worse form<\/p><cite>Marcin Franczak<\/cite><\/blockquote>\n\n\n\n<p>ImportantTerms to Acknowlegde <\/p>\n\n\n\n<p class=\"has-text-color\" style=\"color:#500406;font-size:22px\"><a href=\"https:\/\/gigargios-history.com\/fr\/femistotalrianism\/\" data-type=\"URL\" data-id=\"https:\/\/gigargios-history.com\/femistotalrianism\/\"><strong>Femistotalrianism<\/strong> <\/a>is an feminists ideology who concentrate on gender competition and the retaliation for oppressive patriarchal heritage. Principaly they are attempt to equalise gender. In <strong>radical form<\/strong> they oriented on competition with males and in ultimate stage declassified them. They are against anything which emphasise Manish authority. Including religion, mainstream politics, and even social order. Frequent appears controversy around their marches. Especially as happens profanity of religious attributes. The most provocative demands are fully liberty abortion which arouse storm throughout many societies.<\/p>\n\n\n\n<p class=\"has-text-color\" style=\"color:#0d195b\">                                                                                                                       Marcin Franczak<\/p>\n\n\n\n<p class=\"has-text-color\" style=\"color:#dd0026;font-size:22px\"><strong><a href=\"https:\/\/gigargios-history.com\/fr\/femitarialism\/\" data-type=\"URL\" data-id=\"https:\/\/gigargios-history.com\/femitarialism\/\">Femitarialism<\/a><\/strong>, is non oppressive Tyrany of weaker gender who mainly focus on submissive male society on favour or disfavour of females by taking advantages of beauty they are a armed in, sexual tension the men are easy to control. And the civil rights granted in pseudo Liberal societies.<\/p>\n\n\n\n<p class=\"has-text-color\" style=\"color:#231280\">                                                                                                                      Marcin Franczak<\/p>","protected":false},"excerpt":{"rendered":"<p>If a men would be formed by clay, no by nature, like Adam was made by God, the people would be lives in harmony, friendship and peace. But woman came to this world to destroy harmony and peace. And antagonism, egoism replaced them. (The rivalry for to be better, to [&hellip;]<\/p>\n","protected":false},"author":1,"featured_media":696,"parent":0,"menu_order":0,"comment_status":"closed","ping_status":"closed","template":"","meta":{"om_disable_all_campaigns":false,"footnotes":""},"class_list":["post-735","page","type-page","status-publish","has-post-thumbnail","hentry"],"jetpack_sharing_enabled":true,"_links":{"self":[{"href":"https:\/\/gigargios-history.com\/fr\/wp-json\/wp\/v2\/pages\/735","targetHints":{"allow":["GET"]}}],"collection":[{"href":"https:\/\/gigargios-history.com\/fr\/wp-json\/wp\/v2\/pages"}],"about":[{"href":"https:\/\/gigargios-history.com\/fr\/wp-json\/wp\/v2\/types\/page"}],"author":[{"embeddable":true,"href":"https:\/\/gigargios-history.com\/fr\/wp-json\/wp\/v2\/users\/1"}],"replies":[{"embeddable":true,"href":"https:\/\/gigargios-history.com\/fr\/wp-json\/wp\/v2\/comments?post=735"}],"version-history":[{"count":4,"href":"https:\/\/gigargios-history.com\/fr\/wp-json\/wp\/v2\/pages\/735\/revisions"}],"predecessor-version":[{"id":792,"href":"https:\/\/gigargios-history.com\/fr\/wp-json\/wp\/v2\/pages\/735\/revisions\/792"}],"wp:featuredmedia":[{"embeddable":true,"href":"https:\/\/gigargios-history.com\/fr\/wp-json\/wp\/v2\/media\/696"}],"wp:attachment":[{"href":"https:\/\/gigargios-history.com\/fr\/wp-json\/wp\/v2\/media?parent=735"}],"curies":[{"name":"wp","href":"https:\/\/api.w.org\/{rel}","templated":true}]}}