{"id":708,"date":"2022-01-08T23:40:36","date_gmt":"2022-01-08T23:40:36","guid":{"rendered":"https:\/\/gigargios-history.com\/?page_id=708"},"modified":"2022-01-09T00:20:47","modified_gmt":"2022-01-09T00:20:47","slug":"beautiful-women-of-undeveloped-countries-are-sorrow-for-their-countrymen","status":"publish","type":"page","link":"https:\/\/gigargios-history.com\/fr\/beautiful-women-of-undeveloped-countries-are-sorrow-for-their-countrymen\/","title":{"rendered":"beautiful women of undeveloped countries are sorrow for their countrymen"},"content":{"rendered":"<blockquote class=\"wp-block-quote is-style-large is-layout-flow wp-block-quote-is-layout-flow\"><p> <\/p><p>\u00ab Les belles femmes des pays sous-d\u00e9velopp\u00e9s sont chagrin pour leurs compatriotes. Comme ils \u00e9pousaient des hommes des pays les plus riches, les laissant et les condamnaient \u00e0 la solitude.''<\/p><cite>Marcin Franczak<\/cite><\/blockquote>\n\n\n\n<p><\/p>","protected":false},"excerpt":{"rendered":"<p>\u201cThe beautiful women from undeveloped countries are sorrow for their countrymen. As they marrying men from the richer countries leaving and sentencing them on loneliness.&#8221; Marcin Franczak<\/p>","protected":false},"author":1,"featured_media":696,"parent":0,"menu_order":0,"comment_status":"closed","ping_status":"closed","template":"","meta":{"om_disable_all_campaigns":false,"footnotes":""},"class_list":["post-708","page","type-page","status-publish","has-post-thumbnail","hentry"],"jetpack_sharing_enabled":true,"_links":{"self":[{"href":"https:\/\/gigargios-history.com\/fr\/wp-json\/wp\/v2\/pages\/708","targetHints":{"allow":["GET"]}}],"collection":[{"href":"https:\/\/gigargios-history.com\/fr\/wp-json\/wp\/v2\/pages"}],"about":[{"href":"https:\/\/gigargios-history.com\/fr\/wp-json\/wp\/v2\/types\/page"}],"author":[{"embeddable":true,"href":"https:\/\/gigargios-history.com\/fr\/wp-json\/wp\/v2\/users\/1"}],"replies":[{"embeddable":true,"href":"https:\/\/gigargios-history.com\/fr\/wp-json\/wp\/v2\/comments?post=708"}],"version-history":[{"count":1,"href":"https:\/\/gigargios-history.com\/fr\/wp-json\/wp\/v2\/pages\/708\/revisions"}],"predecessor-version":[{"id":709,"href":"https:\/\/gigargios-history.com\/fr\/wp-json\/wp\/v2\/pages\/708\/revisions\/709"}],"wp:featuredmedia":[{"embeddable":true,"href":"https:\/\/gigargios-history.com\/fr\/wp-json\/wp\/v2\/media\/696"}],"wp:attachment":[{"href":"https:\/\/gigargios-history.com\/fr\/wp-json\/wp\/v2\/media?parent=708"}],"curies":[{"name":"wp","href":"https:\/\/api.w.org\/{rel}","templated":true}]}}