{"id":683,"date":"2022-01-08T23:10:28","date_gmt":"2022-01-08T23:10:28","guid":{"rendered":"https:\/\/gigargios-history.com\/?page_id=683"},"modified":"2022-01-10T13:45:39","modified_gmt":"2022-01-10T13:45:39","slug":"marcin-quotes-proverbs","status":"publish","type":"page","link":"https:\/\/gigargios-history.com\/fr\/marcin-quotes-proverbs\/","title":{"rendered":"Quotes &#038; Proverbs of Marcin"},"content":{"rendered":"<p class=\"has-text-color\" style=\"color:#15141e;font-size:18px\">Marcin a de nombreuses citations et proverbes, sur la base de sa perception et de sa r\u00e9alit\u00e9 bien pens\u00e9e. Certains d'entre eux sont converg\u00e9s par une vieille sagesse populaire connue. Certains autres sont ajust\u00e9s aux tendances modernes et se produisent. Il l'majorit\u00e9 des temps d\u00e9pense seuls, alors il a la capacit\u00e9 de regarder de mani\u00e8re objective la soci\u00e9t\u00e9, ainsi que de penser et d'examiner. Il prend un r\u00f4le de r\u00f4le de spectateur le monde qu'il habite.&nbsp;<\/p>\n\n\n\n<p class=\"has-text-color\" style=\"color:#252a2d;font-size:17px\">Il ne boit pas aussi de l'alcool et est libre de toute d\u00e9pendance. C'est pourquoi il a un cerveau si sobre capable de jugement de la sant\u00e9. Mais comme tous les hommes ont son faible point, qui il ne fait pas honte. Au lieu d'oser y faire face dans des citations.<\/p>\n\n\n\n<p><\/p>\n\n\n\n<blockquote class=\"wp-block-quote is-style-large is-layout-flow wp-block-quote-is-layout-flow\"><p><a href=\"https:\/\/gigargios-history.com\/fr\/treat-your-wife-as-golden-egg\/\" data-type=\"URL\" data-id=\"https:\/\/gigargios-history.com\/treat-your-wife-as-golden-egg\/\"><img data-recalc-dims=\"1\" loading=\"lazy\" decoding=\"async\" width=\"150\" height=\"145\" class=\"wp-image-686\" style=\"width: 150px;\" src=\"https:\/\/i0.wp.com\/gigargios-history.com\/wp-content\/uploads\/2022\/01\/Kiss-man-with-an-atractiv-girl-tixonov_valentin-phot.jpg?resize=150%2C145&#038;ssl=1\" alt=\"\" srcset=\"https:\/\/i0.wp.com\/gigargios-history.com\/wp-content\/uploads\/2022\/01\/Kiss-man-with-an-atractiv-girl-tixonov_valentin-phot.jpg?w=740&amp;ssl=1 740w, https:\/\/i0.wp.com\/gigargios-history.com\/wp-content\/uploads\/2022\/01\/Kiss-man-with-an-atractiv-girl-tixonov_valentin-phot.jpg?resize=300%2C289&amp;ssl=1 300w, https:\/\/i0.wp.com\/gigargios-history.com\/wp-content\/uploads\/2022\/01\/Kiss-man-with-an-atractiv-girl-tixonov_valentin-phot.jpg?resize=12%2C12&amp;ssl=1 12w, https:\/\/i0.wp.com\/gigargios-history.com\/wp-content\/uploads\/2022\/01\/Kiss-man-with-an-atractiv-girl-tixonov_valentin-phot.jpg?resize=600%2C578&amp;ssl=1 600w\" sizes=\"auto, (max-width: 150px) 100vw, 150px\" \/><\/a>\u00abTraitez votre femme comme un \u0153uf d'or. Et elle t'aimera et t'louange volont\u00e9. Et vous l\u00e8vera au ciel et vous elle la l\u00e8vera \u00bb.<\/p><\/blockquote>\n\n\n\n<p>Le partenaire que vous avez est la plus grande joie de votre vie. Traitez-la comme une princesse et c\u00e9l\u00e9brez chaque jour vous vie. Et elle vous aimera davantage chaque jour. Seulement si elle est bonne. Facile distinct bon du mauvais. Le bien ne vous demande pas d'argent. Le mal est impoli envers vous et ne montre pas de respect. Ils semblent \u00e9galement s\u00e9duisants si elle d'vous le souhaitez. Soyez conscient et vigilance.<\/p>\n\n\n\n<p><\/p>\n\n\n\n<blockquote class=\"wp-block-quote is-style-large is-layout-flow wp-block-quote-is-layout-flow\"><p><a href=\"https:\/\/gigargios-history.com\/fr\/some-nations-are-not-mature-and-capable-to-burden-some-outstanding-innovative-individuals\/\" data-type=\"URL\" data-id=\"https:\/\/gigargios-history.com\/some-nations-are-not-mature-and-capable-to-burden-some-outstanding-innovative-individuals\/\"><img data-recalc-dims=\"1\" loading=\"lazy\" decoding=\"async\" width=\"150\" height=\"96\" class=\"wp-image-684\" style=\"width: 150px;\" src=\"https:\/\/i0.wp.com\/gigargios-history.com\/wp-content\/uploads\/2022\/01\/wwwuniversitytimesin-Brain-drain.jpg?resize=150%2C96&#038;ssl=1\" alt=\"\" srcset=\"https:\/\/i0.wp.com\/gigargios-history.com\/wp-content\/uploads\/2022\/01\/wwwuniversitytimesin-Brain-drain.jpg?w=627&amp;ssl=1 627w, https:\/\/i0.wp.com\/gigargios-history.com\/wp-content\/uploads\/2022\/01\/wwwuniversitytimesin-Brain-drain.jpg?resize=300%2C191&amp;ssl=1 300w, https:\/\/i0.wp.com\/gigargios-history.com\/wp-content\/uploads\/2022\/01\/wwwuniversitytimesin-Brain-drain.jpg?resize=18%2C12&amp;ssl=1 18w, https:\/\/i0.wp.com\/gigargios-history.com\/wp-content\/uploads\/2022\/01\/wwwuniversitytimesin-Brain-drain.jpg?resize=600%2C383&amp;ssl=1 600w\" sizes=\"auto, (max-width: 150px) 100vw, 150px\" \/><\/a>\u00ab J'ai appris dans ma culture que certaines nations ne sont pas matures et capables de charge  des talents innovants exceptionnels. C'est pourquoi ils restent pauvres et que des g\u00e9nies chanceux ont trouv\u00e9 leur espace pour progresser dans des pays d\u00e9velopp\u00e9s et respectueux. L'autre pense qu'ils sont trop superficiels pour \"&nbsp;<\/p><\/blockquote>\n\n\n\n<p>Ce sujet concerne le syndrome de la fuite des cerveaux, o\u00f9 des personnes talentueuses et innovantes souhaitent que des startups ouvertes migrent vers les pays o\u00f9 leurs talents sont r\u00e9compens\u00e9s et valeur d'\u00eatre investis. En particulier les \u00c9tats-Unis, la Grande-Bretagne et Isra\u00ebl. Principalement d'Inde et d'Europe de l'Est o\u00f9 le d\u00e9veloppement de leur entreprise et de leurs id\u00e9es semble impossible, car ils s'abstiennent d'investir dans l'innovation. Marcin va plus loin dans sa th\u00e8se et affirme que non seulement les autorit\u00e9s ont tort, mais aussi les gens, dont beaucoup r\u00e9pondent en riant pour une nouvelle id\u00e9e.<\/p>\n\n\n\n<p><\/p>\n\n\n\n<blockquote class=\"wp-block-quote is-style-large is-layout-flow wp-block-quote-is-layout-flow\"><p>\u00ab\u00a0Peu importe le nombre de drapeaux que vous avez. La question est de savoir combien vous avez de personnes qui marchent avec.\u201c<\/p><\/blockquote>\n\n\n\n<p>Vous pouvez avoir beaucoup de talents et de capital. Mais la chose la plus importante qui \u00e9l\u00e8ve votre mouvement ou votre entreprise, ce sont les gens. Vous devez les convaincre, ce sont vos \u00e9lecteurs&amp;clients.<\/p>\n\n\n\n<p><\/p>\n\n\n\n<blockquote class=\"wp-block-quote is-style-large is-layout-flow wp-block-quote-is-layout-flow\"><p><a href=\"https:\/\/gigargios-history.com\/fr\/beautiful-women-of-undeveloped-countries-are-sorrow-for-their-countrymen\/\" data-type=\"URL\" data-id=\"https:\/\/gigargios-history.com\/beautiful-women-of-undeveloped-countries-are-sorrow-for-their-countrymen\/\"><img data-recalc-dims=\"1\" loading=\"lazy\" decoding=\"async\" width=\"350\" height=\"151\" class=\"wp-image-685\" style=\"width: 350px;\" src=\"https:\/\/i0.wp.com\/gigargios-history.com\/wp-content\/uploads\/2022\/01\/Amo-nastasia.png?resize=350%2C151&#038;ssl=1\" alt=\"\" srcset=\"https:\/\/i0.wp.com\/gigargios-history.com\/wp-content\/uploads\/2022\/01\/Amo-nastasia.png?w=984&amp;ssl=1 984w, https:\/\/i0.wp.com\/gigargios-history.com\/wp-content\/uploads\/2022\/01\/Amo-nastasia.png?resize=300%2C130&amp;ssl=1 300w, https:\/\/i0.wp.com\/gigargios-history.com\/wp-content\/uploads\/2022\/01\/Amo-nastasia.png?resize=768%2C332&amp;ssl=1 768w, https:\/\/i0.wp.com\/gigargios-history.com\/wp-content\/uploads\/2022\/01\/Amo-nastasia.png?resize=18%2C8&amp;ssl=1 18w, https:\/\/i0.wp.com\/gigargios-history.com\/wp-content\/uploads\/2022\/01\/Amo-nastasia.png?resize=600%2C259&amp;ssl=1 600w\" sizes=\"auto, (max-width: 350px) 100vw, 350px\" \/><\/a>\u00ab Les belles femmes des pays sous-d\u00e9velopp\u00e9s sont chagrin pour leurs compatriotes. Comme ils \u00e9pousaient des hommes des pays les plus riches, les laissant et les condamnaient \u00e0 la solitude.''<\/p><\/blockquote>\n\n\n\n<p>Les belles femmes des pays les plus pauvres ont tendance \u00e0 \u00e9pouser des hommes des pays les plus riches, en particulier pour am\u00e9liorer leur statut de vie. Certains cependant tirent fiert\u00e9 de s\u00e9duire un homme issu de la soci\u00e9t\u00e9 privil\u00e9gi\u00e9e. Alors que les hommes de l\u00e0-bas sont SOLITAIRE <strong>et bless\u00e9<\/strong> c\u00f4t\u00e9 donc les femmes raccourcissement. Ou encore l'exode des femmes comme on dit dans le syndrome russe. Cela se passe en Europe de l'Est et en Asie du Sud-Est<\/p>\n\n\n\n<p><\/p>\n\n\n\n<blockquote class=\"wp-block-quote is-style-large is-layout-flow wp-block-quote-is-layout-flow\"><p><a href=\"https:\/\/gigargios-history.com\/fr\/if-you-are-fine-looking-nerd-with-no-big-cash-the-women-will-ignore-you-if-you-achieve-something-those-women-will\/\" data-type=\"URL\" data-id=\"https:\/\/gigargios-history.com\/if-you-are-fine-looking-nerd-with-no-big-cash-the-women-will-ignore-you-if-you-achieve-something-those-women-will\/\"><img data-recalc-dims=\"1\" loading=\"lazy\" decoding=\"async\" width=\"259\" height=\"139\" class=\"wp-image-687\" style=\"width: 259px;\" src=\"https:\/\/i0.wp.com\/gigargios-history.com\/wp-content\/uploads\/2022\/01\/Penny-bckside-Bing-bang-theory.jpg?resize=259%2C139&#038;ssl=1\" alt=\"\" srcset=\"https:\/\/i0.wp.com\/gigargios-history.com\/wp-content\/uploads\/2022\/01\/Penny-bckside-Bing-bang-theory.jpg?w=699&amp;ssl=1 699w, https:\/\/i0.wp.com\/gigargios-history.com\/wp-content\/uploads\/2022\/01\/Penny-bckside-Bing-bang-theory.jpg?resize=300%2C161&amp;ssl=1 300w, https:\/\/i0.wp.com\/gigargios-history.com\/wp-content\/uploads\/2022\/01\/Penny-bckside-Bing-bang-theory.jpg?resize=18%2C10&amp;ssl=1 18w, https:\/\/i0.wp.com\/gigargios-history.com\/wp-content\/uploads\/2022\/01\/Penny-bckside-Bing-bang-theory.jpg?resize=600%2C323&amp;ssl=1 600w\" sizes=\"auto, (max-width: 259px) 100vw, 259px\" \/><\/a>\u00ab\u00a0Si vous \u00eates un beau mec de type nerd et que vous ne montrez pas que vous puez l'argent, les femmes attrayant vous ignoreront. Si vous r\u00e9alisez quelque chose, ces femmes seront interrog\u00e9es sur vous. Alors comment les consid\u00e9rer\u2026 pour un produit\/client ? ''<\/p><\/blockquote>\n\n\n\n<p><\/p>\n\n\n\n<blockquote class=\"wp-block-quote is-style-large is-layout-flow wp-block-quote-is-layout-flow\"><p><a href=\"https:\/\/gigargios-history.com\/fr\/not-all-pretty-girls-are-by-nature-its-enough-you-are-average-and-masterize-beauty-perfection\/\" data-type=\"URL\" data-id=\"https:\/\/gigargios-history.com\/not-all-pretty-girls-are-by-nature-its-enough-you-are-average-and-masterize-beauty-perfection\/\"><img data-recalc-dims=\"1\" loading=\"lazy\" decoding=\"async\" width=\"179\" height=\"126\" class=\"wp-image-688\" style=\"width: 179px;\" src=\"https:\/\/i0.wp.com\/gigargios-history.com\/wp-content\/uploads\/2022\/01\/Young-Woman-with-Lipstick-kaboompics.jpg?resize=179%2C126&#038;ssl=1\" alt=\"\" srcset=\"https:\/\/i0.wp.com\/gigargios-history.com\/wp-content\/uploads\/2022\/01\/Young-Woman-with-Lipstick-kaboompics.jpg?w=1131&amp;ssl=1 1131w, https:\/\/i0.wp.com\/gigargios-history.com\/wp-content\/uploads\/2022\/01\/Young-Woman-with-Lipstick-kaboompics.jpg?resize=300%2C210&amp;ssl=1 300w, https:\/\/i0.wp.com\/gigargios-history.com\/wp-content\/uploads\/2022\/01\/Young-Woman-with-Lipstick-kaboompics.jpg?resize=1024%2C718&amp;ssl=1 1024w, https:\/\/i0.wp.com\/gigargios-history.com\/wp-content\/uploads\/2022\/01\/Young-Woman-with-Lipstick-kaboompics.jpg?resize=768%2C538&amp;ssl=1 768w, https:\/\/i0.wp.com\/gigargios-history.com\/wp-content\/uploads\/2022\/01\/Young-Woman-with-Lipstick-kaboompics.jpg?resize=18%2C12&amp;ssl=1 18w, https:\/\/i0.wp.com\/gigargios-history.com\/wp-content\/uploads\/2022\/01\/Young-Woman-with-Lipstick-kaboompics.jpg?resize=600%2C421&amp;ssl=1 600w\" sizes=\"auto, (max-width: 179px) 100vw, 179px\" \/><\/a>\u00ab Toutes les jolies filles ne sont pas par nature. Il suffit d'\u00eatre moyen et de ma\u00eetriser la perfection beaut\u00e9. D'autant plus que la cosm\u00e9tique moderne fait des merveilles. Malheureusement, les femmes ne les utilisent pas pour attirer leur futur mari. Plut\u00f4t pour sponsor ils le font\"<\/p><\/blockquote>\n\n\n\n<p><\/p>\n\n\n\n<blockquote class=\"wp-block-quote is-style-large is-layout-flow wp-block-quote-is-layout-flow\"><p><a href=\"https:\/\/gigargios-history.com\/fr\/in-life-i-learnt-that-pretty-girl-always-get-what-she-want\/\" data-type=\"URL\" data-id=\"https:\/\/gigargios-history.com\/in-life-i-learnt-that-pretty-girl-always-get-what-she-want\/\"><img data-recalc-dims=\"1\" loading=\"lazy\" decoding=\"async\" width=\"150\" height=\"128\" class=\"wp-image-689\" style=\"width: 150px;\" src=\"https:\/\/i0.wp.com\/gigargios-history.com\/wp-content\/uploads\/2022\/01\/Beauty-blond-woman-seduct-sight-nastya_gepp.jpg?resize=150%2C128&#038;ssl=1\" alt=\"\" srcset=\"https:\/\/i0.wp.com\/gigargios-history.com\/wp-content\/uploads\/2022\/01\/Beauty-blond-woman-seduct-sight-nastya_gepp.jpg?w=905&amp;ssl=1 905w, https:\/\/i0.wp.com\/gigargios-history.com\/wp-content\/uploads\/2022\/01\/Beauty-blond-woman-seduct-sight-nastya_gepp.jpg?resize=300%2C256&amp;ssl=1 300w, https:\/\/i0.wp.com\/gigargios-history.com\/wp-content\/uploads\/2022\/01\/Beauty-blond-woman-seduct-sight-nastya_gepp.jpg?resize=768%2C655&amp;ssl=1 768w, https:\/\/i0.wp.com\/gigargios-history.com\/wp-content\/uploads\/2022\/01\/Beauty-blond-woman-seduct-sight-nastya_gepp.jpg?resize=14%2C12&amp;ssl=1 14w, https:\/\/i0.wp.com\/gigargios-history.com\/wp-content\/uploads\/2022\/01\/Beauty-blond-woman-seduct-sight-nastya_gepp.jpg?resize=600%2C512&amp;ssl=1 600w\" sizes=\"auto, (max-width: 150px) 100vw, 150px\" \/><\/a>\"Dans la vie, j'ai appris que la jolie fille obtient toujours ce qu'elle veut et que l'homme doit faire des efforts pour parvenir \u00e0 quelque chose qui l'attire.\"<\/p><\/blockquote>\n\n\n\n<blockquote class=\"wp-block-quote is-style-large is-layout-flow wp-block-quote-is-layout-flow\"><p><a href=\"https:\/\/gigargios-history.com\/fr\/having-seen-modern-tends-i-predict-that-catholic-church\/\" data-type=\"URL\" data-id=\"https:\/\/gigargios-history.com\/having-seen-modern-tends-i-predict-that-catholic-church\/\"><img data-recalc-dims=\"1\" loading=\"lazy\" decoding=\"async\" width=\"200\" height=\"130\" class=\"wp-image-743\" style=\"width: 200px;\" src=\"https:\/\/i0.wp.com\/gigargios-history.com\/wp-content\/uploads\/2022\/01\/Cathedral-of-Cologne.jpg?resize=200%2C130&#038;ssl=1\" alt=\"\" srcset=\"https:\/\/i0.wp.com\/gigargios-history.com\/wp-content\/uploads\/2022\/01\/Cathedral-of-Cologne.jpg?w=343&amp;ssl=1 343w, https:\/\/i0.wp.com\/gigargios-history.com\/wp-content\/uploads\/2022\/01\/Cathedral-of-Cologne.jpg?resize=300%2C195&amp;ssl=1 300w, https:\/\/i0.wp.com\/gigargios-history.com\/wp-content\/uploads\/2022\/01\/Cathedral-of-Cologne.jpg?resize=18%2C12&amp;ssl=1 18w\" sizes=\"auto, (max-width: 200px) 100vw, 200px\" \/><\/a>\u00ab\u00a0Apr\u00e8s avoir vu les tendances modernes, je pr\u00e9dis que l'\u00e9glise catholique pourrait dispara\u00eetre au 22 si\u00e8cle. ''<\/p><\/blockquote>\n\n\n\n<p><\/p>\n\n\n\n<section class=\"wp-block-themeisle-blocks-advanced-columns alignfull has-1-columns has-desktop-equal-layout has-tablet-equal-layout has-mobile-equal-layout has-nogap-gap has-vertical-center\" id=\"wp-block-themeisle-blocks-advanced-columns-faf6acdf\"><div class=\"wp-block-themeisle-blocks-advanced-columns-overlay\"><\/div><div class=\"innerblocks-wrap\">\n<div class=\"wp-block-themeisle-blocks-advanced-column\" id=\"wp-block-themeisle-blocks-advanced-column-7ec5acd4\">\n<div id=\"wp-block-themeisle-blocks-advanced-heading-5787083b\" class=\"wp-block-themeisle-blocks-advanced-heading wp-block-themeisle-blocks-advanced-heading-5787083b\"><\/div>\n\n\n\n<h1 id=\"wp-block-themeisle-blocks-advanced-heading-13ce2b13\" class=\"wp-block-themeisle-blocks-advanced-heading wp-block-themeisle-blocks-advanced-heading-13ce2b13\"> Encore plus citations patriarcales et non conventionnelles trouver ici  <\/h1>\n\n\n\n<hr class=\"wp-block-separator has-text-color has-background has-white-background-color has-white-color\"\/>\n\n\n\n<div class=\"wp-block-buttons is-content-justification-center is-layout-flex wp-block-buttons-is-layout-flex\">\n<div class=\"wp-block-button is-style-primary\"><a class=\"wp-block-button__link\" href=\"https:\/\/gigargios-history.com\/fr\/marcin-sensitive-quotes-about-women-role-in-mankind\/\">Apprendre encore plus<\/a><\/div>\n<\/div>\n<\/div>\n<\/div><\/section>","protected":false},"excerpt":{"rendered":"<p>Marcin has many quotes and proverbs, based on his perception and well thought reality. Some of them are converged with an old known folk wisdom. Some others are adjusted to modern trends and happens. Majority time spends alone, so he has ability to objectively look on society, as well to [&hellip;]<\/p>\n","protected":false},"author":1,"featured_media":693,"parent":0,"menu_order":0,"comment_status":"closed","ping_status":"closed","template":"","meta":{"om_disable_all_campaigns":false,"footnotes":""},"class_list":["post-683","page","type-page","status-publish","has-post-thumbnail","hentry"],"jetpack_sharing_enabled":true,"_links":{"self":[{"href":"https:\/\/gigargios-history.com\/fr\/wp-json\/wp\/v2\/pages\/683","targetHints":{"allow":["GET"]}}],"collection":[{"href":"https:\/\/gigargios-history.com\/fr\/wp-json\/wp\/v2\/pages"}],"about":[{"href":"https:\/\/gigargios-history.com\/fr\/wp-json\/wp\/v2\/types\/page"}],"author":[{"embeddable":true,"href":"https:\/\/gigargios-history.com\/fr\/wp-json\/wp\/v2\/users\/1"}],"replies":[{"embeddable":true,"href":"https:\/\/gigargios-history.com\/fr\/wp-json\/wp\/v2\/comments?post=683"}],"version-history":[{"count":10,"href":"https:\/\/gigargios-history.com\/fr\/wp-json\/wp\/v2\/pages\/683\/revisions"}],"predecessor-version":[{"id":763,"href":"https:\/\/gigargios-history.com\/fr\/wp-json\/wp\/v2\/pages\/683\/revisions\/763"}],"wp:featuredmedia":[{"embeddable":true,"href":"https:\/\/gigargios-history.com\/fr\/wp-json\/wp\/v2\/media\/693"}],"wp:attachment":[{"href":"https:\/\/gigargios-history.com\/fr\/wp-json\/wp\/v2\/media?parent=683"}],"curies":[{"name":"wp","href":"https:\/\/api.w.org\/{rel}","templated":true}]}}