{"id":673,"date":"2022-01-08T01:14:32","date_gmt":"2022-01-08T01:14:32","guid":{"rendered":"https:\/\/gigargios-history.com\/?page_id=673"},"modified":"2024-08-25T12:41:24","modified_gmt":"2024-08-25T12:41:24","slug":"marcin-franczak","status":"publish","type":"page","link":"https:\/\/gigargios-history.com\/fr\/marcin-franczak\/","title":{"rendered":"Marcin Franczak"},"content":{"rendered":"<figure class=\"wp-block-image size-large is-resized\"><img loading=\"lazy\" decoding=\"async\" width=\"1931\" height=\"2560\" src=\"https:\/\/i0.wp.com\/gigargios-history.com\/wp-content\/uploads\/2024\/08\/IMG_20230829_191958952_HDR-1-scaled.jpg?fit=750%2C995&amp;ssl=1\" alt=\"\" class=\"wp-image-1468\" style=\"width:355px;height:auto\" srcset=\"https:\/\/i0.wp.com\/gigargios-history.com\/wp-content\/uploads\/2024\/08\/IMG_20230829_191958952_HDR-1-scaled.jpg?w=1931&amp;ssl=1 1931w, https:\/\/i0.wp.com\/gigargios-history.com\/wp-content\/uploads\/2024\/08\/IMG_20230829_191958952_HDR-1-scaled.jpg?resize=226%2C300&amp;ssl=1 226w, https:\/\/i0.wp.com\/gigargios-history.com\/wp-content\/uploads\/2024\/08\/IMG_20230829_191958952_HDR-1-scaled.jpg?resize=772%2C1024&amp;ssl=1 772w, https:\/\/i0.wp.com\/gigargios-history.com\/wp-content\/uploads\/2024\/08\/IMG_20230829_191958952_HDR-1-scaled.jpg?resize=768%2C1018&amp;ssl=1 768w, https:\/\/i0.wp.com\/gigargios-history.com\/wp-content\/uploads\/2024\/08\/IMG_20230829_191958952_HDR-1-scaled.jpg?resize=1158%2C1536&amp;ssl=1 1158w, https:\/\/i0.wp.com\/gigargios-history.com\/wp-content\/uploads\/2024\/08\/IMG_20230829_191958952_HDR-1-scaled.jpg?resize=1545%2C2048&amp;ssl=1 1545w, https:\/\/i0.wp.com\/gigargios-history.com\/wp-content\/uploads\/2024\/08\/IMG_20230829_191958952_HDR-1-scaled.jpg?resize=9%2C12&amp;ssl=1 9w, https:\/\/i0.wp.com\/gigargios-history.com\/wp-content\/uploads\/2024\/08\/IMG_20230829_191958952_HDR-1-scaled.jpg?resize=600%2C796&amp;ssl=1 600w\" sizes=\"auto, (max-width: 750px) 100vw, 750px\" \/><\/figure>\n\n\n\n<p class=\"\">Marcin had complex Childhood. This shaken his young life and cause his difficulties in social acclimatisation. Nevertheless he acquired extra abilities..<\/p>\n\n\n\n<p class=\"\"><strong><a href=\"https:\/\/gigargios-history.com\/fr\/home\/marcin-biography\/\" data-type=\"link\" data-id=\"https:\/\/gigargios-history.com\/home\/marcin-biography\/\">Marcin biographie <\/a><\/strong><\/p>\n\n\n\n<p class=\"\">Dans la section ci-dessous, il est disponible, ses r\u00e9flexions personnelles sur divers sujets du monde que vivent dans la vie. Les Sollutions sur les crises actuelles ainsi que des id\u00e9es innovantes dans<\/p>\n\n\n\n<p class=\"\"><a href=\"https:\/\/gigargios-history.com\/fr\/upcoming-news\/marcin-thoughts\/\" data-type=\"link\" data-id=\"https:\/\/gigargios-history.com\/upcoming-news\/marcin-thoughts\/\"><strong>Pens\u00e9es d'marcin <\/strong><\/a><\/p>\n\n\n\n<p class=\"\">Marcin a de nombreuses citations et proverbes, bas\u00e9s sur sa perception et sa r\u00e9alit\u00e9 bien pens\u00e9e. Certains d'entre eux convergent avec une vieille sagesse populaire connue. Certains.. D\u00e9couvert<\/p>\n\n\n\n<p class=\"\">Marcin quotes and proverbs<\/p>","protected":false},"excerpt":{"rendered":"<p>Marcin had complex Childhood. This shaken his young life and cause his difficulties in social acclimatisation. Nevertheless he acquired extra abilities.. Marcin Biography In below section there are available, his personal thoughts about various topics of World as well life he obses dealing with. The sollutions on present crises as [&hellip;]<\/p>\n","protected":false},"author":1,"featured_media":1465,"parent":0,"menu_order":0,"comment_status":"closed","ping_status":"closed","template":"","meta":{"om_disable_all_campaigns":false,"footnotes":""},"class_list":["post-673","page","type-page","status-publish","has-post-thumbnail","hentry"],"jetpack_sharing_enabled":true,"_links":{"self":[{"href":"https:\/\/gigargios-history.com\/fr\/wp-json\/wp\/v2\/pages\/673","targetHints":{"allow":["GET"]}}],"collection":[{"href":"https:\/\/gigargios-history.com\/fr\/wp-json\/wp\/v2\/pages"}],"about":[{"href":"https:\/\/gigargios-history.com\/fr\/wp-json\/wp\/v2\/types\/page"}],"author":[{"embeddable":true,"href":"https:\/\/gigargios-history.com\/fr\/wp-json\/wp\/v2\/users\/1"}],"replies":[{"embeddable":true,"href":"https:\/\/gigargios-history.com\/fr\/wp-json\/wp\/v2\/comments?post=673"}],"version-history":[{"count":4,"href":"https:\/\/gigargios-history.com\/fr\/wp-json\/wp\/v2\/pages\/673\/revisions"}],"predecessor-version":[{"id":1472,"href":"https:\/\/gigargios-history.com\/fr\/wp-json\/wp\/v2\/pages\/673\/revisions\/1472"}],"wp:featuredmedia":[{"embeddable":true,"href":"https:\/\/gigargios-history.com\/fr\/wp-json\/wp\/v2\/media\/1465"}],"wp:attachment":[{"href":"https:\/\/gigargios-history.com\/fr\/wp-json\/wp\/v2\/media?parent=673"}],"curies":[{"name":"wp","href":"https:\/\/api.w.org\/{rel}","templated":true}]}}