{"id":544,"date":"2021-11-05T08:05:03","date_gmt":"2021-11-05T08:05:03","guid":{"rendered":"https:\/\/gigargios-history.com\/?page_id=544"},"modified":"2024-08-04T21:12:54","modified_gmt":"2024-08-04T21:12:54","slug":"advertisement-campaign","status":"publish","type":"page","link":"https:\/\/gigargios-history.com\/fr\/upcoming-news\/advertisement-campaign\/","title":{"rendered":"Advertisement campaign"},"content":{"rendered":"<div class=\"wp-block-themeisle-blocks-advanced-columns has-undefined-columns has-desktop-undefined-layout has-tablet-equal-layout has-mobile-equal-layout has-default-gap has-vertical-unset\" id=\"wp-block-themeisle-blocks-advanced-columns-c447e4f8\"><div class=\"wp-block-themeisle-blocks-advanced-columns-overlay\"><\/div><div class=\"innerblocks-wrap\"><\/div><\/div>\n\n\n\n<p class=\"has-text-color has-background\" style=\"background-color:#e6ff8b;color:#473126;font-size:18px\">Actuellement, nous pr\u00e9parons une grande campagne publicitaire, afin d'attirer l'attention sur une grande publicit\u00e9. Nous le d\u00e9dions aux ventilateurs de l'histoire, en particulier des temps anciens. En mettant l'accent sur le de Rom pouvoir. Et bien s\u00fbr pour toutes les soci\u00e9t\u00e9s maghr\u00e9bines. Lorsque nous r\u00e9unirons un grand groupe, nous lancerons une campagne de vente. Nous aimerions donc vous demander de partager le site Web avec vos amis ayant des int\u00e9r\u00eats similaires. Et pour nous suivre sur Facebook, pour la notification.&nbsp;<\/p>","protected":false},"excerpt":{"rendered":"<p>Currently we are preparing big advertisement campaign, in order to bring attention big publicity. We are dedicated it to history geeks, especially of ancient times. In empharize the Roma&#8217;s fans. And of course for all Maghrebian societies.&nbsp;When we gather fairy large group, we&#8217;ll launch selling campaign.&nbsp;So we&#8217;like to ask you [&hellip;]<\/p>\n","protected":false},"author":1,"featured_media":0,"parent":109,"menu_order":0,"comment_status":"closed","ping_status":"closed","template":"","meta":{"om_disable_all_campaigns":false,"footnotes":""},"class_list":["post-544","page","type-page","status-publish","hentry"],"jetpack_sharing_enabled":true,"_links":{"self":[{"href":"https:\/\/gigargios-history.com\/fr\/wp-json\/wp\/v2\/pages\/544","targetHints":{"allow":["GET"]}}],"collection":[{"href":"https:\/\/gigargios-history.com\/fr\/wp-json\/wp\/v2\/pages"}],"about":[{"href":"https:\/\/gigargios-history.com\/fr\/wp-json\/wp\/v2\/types\/page"}],"author":[{"embeddable":true,"href":"https:\/\/gigargios-history.com\/fr\/wp-json\/wp\/v2\/users\/1"}],"replies":[{"embeddable":true,"href":"https:\/\/gigargios-history.com\/fr\/wp-json\/wp\/v2\/comments?post=544"}],"version-history":[{"count":2,"href":"https:\/\/gigargios-history.com\/fr\/wp-json\/wp\/v2\/pages\/544\/revisions"}],"predecessor-version":[{"id":547,"href":"https:\/\/gigargios-history.com\/fr\/wp-json\/wp\/v2\/pages\/544\/revisions\/547"}],"up":[{"embeddable":true,"href":"https:\/\/gigargios-history.com\/fr\/wp-json\/wp\/v2\/pages\/109"}],"wp:attachment":[{"href":"https:\/\/gigargios-history.com\/fr\/wp-json\/wp\/v2\/media?parent=544"}],"curies":[{"name":"wp","href":"https:\/\/api.w.org\/{rel}","templated":true}]}}