{"id":510,"date":"2021-11-05T05:59:58","date_gmt":"2021-11-05T05:59:58","guid":{"rendered":"https:\/\/gigargios-history.com\/?page_id=510"},"modified":"2024-11-02T01:50:44","modified_gmt":"2024-11-02T01:50:44","slug":"marcin-thoughts","status":"publish","type":"page","link":"https:\/\/gigargios-history.com\/fr\/upcoming-news\/marcin-thoughts\/","title":{"rendered":"la pens\u00e9e de Marcin"},"content":{"rendered":"<div class=\"wp-block-themeisle-blocks-advanced-columns has-undefined-columns has-desktop-undefined-layout has-tablet-equal-layout has-mobile-equal-layout has-default-gap has-vertical-unset\" id=\"wp-block-themeisle-blocks-advanced-columns-1e98ad79\"><div class=\"wp-block-themeisle-blocks-advanced-columns-overlay\"><\/div><div class=\"innerblocks-wrap\"><\/div><\/div>\n\n\n\n<p class=\"has-text-color\" style=\"color:#209634;font-size:19px\">Marcin avoir a beaucoup d'int\u00e9r\u00eat  \u00e0 divers sujets. En dehors du roman de Gigargios, il prend au s\u00e9rieux les d\u00e9fis du monde moderne. La diminution des ressources, le changement climatique, la croissance d\u00e9mographique, l'augmentation de la pauvret\u00e9. C'est en plus le troubler. Il est un peu id\u00e9aliste. Un homme qui aimerait changer quelque chose dans son environnement. Tout comme la plupart des jeunes ont une impulsion pour. En perdra-t-il dans face \u00e0 la r\u00e9alit\u00e9 brutale, les cultivera-t-il pour l'avenir. C'est le temps qui sera montr\u00e9.<\/p>\n\n\n\n<p class=\"has-text-color has-medium-font-size\" style=\"color:#519bbb\">En tout le cas, vous pourriez voir ici ses travaux, ses analyses, sur les probl\u00e8mes actuels, dont Marcin pense conna\u00eetre les solutions<\/p>\n\n\n\n<p class=\"has-text-color has-medium-font-size\" style=\"color:#a96c3d\">Et voici certains d'entre eux <\/p>\n\n\n\n<p class=\"\"><\/p>\n\n\n\n<div class=\"wp-block-buttons is-layout-flex wp-block-buttons-is-layout-flex\">\n<div class=\"is-style-fill wp-block-button\"><a class=\"wp-block-button__link has-background wp-element-button\" href=\"https:\/\/gigargios-history.com\/fr\/national-matchmaker-for-single\/\" style=\"background:linear-gradient(150deg,rgb(122,220,180) 0%,rgb(0,208,130) 66%)\">marieur national pour les c\u00e9libataires<\/a><\/div>\n<\/div>\n\n\n\n<p class=\"\"><\/p>\n\n\n\n<div class=\"wp-block-buttons is-layout-flex wp-block-buttons-is-layout-flex\">\n<div class=\"is-style-outline wp-block-button is-style-outline--1\"><a class=\"wp-block-button__link has-white-color has-text-color has-background wp-element-button\" href=\"https:\/\/gigargios-history.com\/fr\/marcin-thoughts\/the-power-of-the-future\/\" style=\"background:linear-gradient(132deg,rgb(2,3,129) 40%,rgb(40,116,252) 66%)\">L'\u00e9nergie de future Cliquez<\/a><\/div>\n<\/div>\n\n\n\n<p class=\"\"><\/p>\n\n\n\n<div class=\"wp-block-buttons is-layout-flex wp-block-buttons-is-layout-flex\">\n<div class=\"is-style-fill wp-block-button\"><a class=\"wp-block-button__link has-text-color has-background wp-element-button\" href=\"https:\/\/gigargios-history.com\/fr\/upcoming-news\/marcin-thoughts\/uncontrolled-growing-population\/\" style=\"color:#5e6659;background:linear-gradient(150deg,rgb(202,248,128) 9%,rgb(113,206,126) 79%)\">Population croissante Cliquez<\/a><\/div>\n<\/div>\n\n\n\n<p class=\"\"><\/p>\n\n\n\n<div class=\"wp-block-buttons is-layout-flex wp-block-buttons-is-layout-flex\">\n<div class=\"is-style-outline wp-block-button is-style-outline--2\"><a class=\"wp-block-button__link has-text-color has-background wp-element-button\" style=\"color:#f4f1f1;background:linear-gradient(175deg,rgb(252,185,0) 0%,rgb(255,105,0) 80%)\">Citations politiques<\/a><\/div>\n<\/div>\n\n\n\n<p class=\"\"><\/p>\n\n\n\n<p class=\"\"><\/p>\n\n\n\n<div class=\"wp-block-buttons is-layout-flex wp-block-buttons-is-layout-flex\">\n<div class=\"wp-block-button\"><a class=\"wp-block-button__link has-background wp-element-button\" href=\"https:\/\/gigargios-history.com\/fr\/equality-treatment\/\" style=\"background:linear-gradient(135deg,rgb(122,220,180) 10%,rgb(195,206,194) 22%,rgb(0,208,130) 73%)\">Traitement \u00e9gal <\/a><\/div>\n<\/div>\n\n\n\n<p class=\"\"><\/p>\n\n\n\n<div class=\"wp-block-buttons is-layout-flex wp-block-buttons-is-layout-flex\">\n<div class=\"wp-block-button\"><a class=\"wp-block-button__link has-background wp-element-button\" style=\"background:linear-gradient(135deg,rgb(2,3,129) 0%,rgb(120,156,219) 23%,rgb(222,223,227) 70%,rgb(40,116,252) 98%)\">cloner l'\u00e2me s\u0153ur<\/a><\/div>\n<\/div>\n\n\n\n<p class=\"\"><\/p>\n\n\n\n<div class=\"wp-block-buttons is-layout-flex wp-block-buttons-is-layout-flex\">\n<div class=\"wp-block-button\"><a class=\"wp-block-button__link has-background wp-element-button\" style=\"background:linear-gradient(135deg,rgb(74,234,220) 0%,rgb(151,120,209) 10%,rgb(207,42,186) 25%,rgb(238,44,130) 43%,rgb(251,105,98) 60%,rgb(254,248,76) 100%)\">FEMITARIALISM in Full Sight<\/a><\/div>\n<\/div>\n\n\n\n<p class=\"\"><\/p>\n\n\n\n<div class=\"wp-block-buttons is-layout-flex wp-block-buttons-is-layout-flex\">\n<div class=\"is-style-fill wp-block-button\"><a class=\"wp-block-button__link has-text-color has-background wp-element-button\" style=\"color:#f1eded;background:linear-gradient(135deg,rgb(74,234,220) 2%,rgb(151,120,209) 16%,rgb(207,42,186) 28%,rgb(238,44,130) 60%,rgb(251,105,98) 80%,rgb(254,248,76) 97%)\">Le f\u00e9minisme en d\u00e9clin feuilleton click<\/a><\/div>\n<\/div>\n\n\n\n<p class=\"\"><\/p>\n\n\n\n<div class=\"wp-block-buttons is-layout-flex wp-block-buttons-is-layout-flex\">\n<div class=\"wp-block-button\"><a class=\"wp-block-button__link has-background wp-element-button\" href=\"https:\/\/gigargios-history.com\/fr\/the-cosmo-thesis-and-conclusions\/\" style=\"background:linear-gradient(212deg,rgb(2,3,129) 44%,rgb(40,116,252) 81%)\" target=\"_blank\" rel=\"noreferrer noopener\">the cosmo thesis and conclusions<\/a><\/div>\n<\/div>\n\n\n\n<p class=\"\"><\/p>\n\n\n\n<div class=\"wp-block-buttons is-layout-flex wp-block-buttons-is-layout-flex\">\n<div class=\"is-style-fill wp-block-button\"><a class=\"wp-block-button__link has-text-color has-background wp-element-button\" style=\"color:#f7f5f5;background:linear-gradient(135deg,rgb(254,205,165) 0%,rgb(254,45,45) 33%,rgb(107,0,62) 100%)\">TH\u00c8SE M\u00c8ME PLUS DIRECTE TROUV\u00c9E ICI<\/a><\/div>\n<\/div>\n\n\n\n<p class=\"\"><\/p>","protected":false},"excerpt":{"rendered":"<p>Marcin has many interest in various topics. Apart of Gigargios novel he taking seriously the challenges of modern world. The shrinking resources, climate change, growing population, increasing poverty. That\u2019s and more trouble him. He\u2019s kind of idealist. A man who would like change something in his environment. Just like most [&hellip;]<\/p>\n","protected":false},"author":1,"featured_media":556,"parent":109,"menu_order":0,"comment_status":"closed","ping_status":"closed","template":"","meta":{"om_disable_all_campaigns":false,"footnotes":""},"class_list":["post-510","page","type-page","status-publish","has-post-thumbnail","hentry"],"jetpack_sharing_enabled":true,"_links":{"self":[{"href":"https:\/\/gigargios-history.com\/fr\/wp-json\/wp\/v2\/pages\/510","targetHints":{"allow":["GET"]}}],"collection":[{"href":"https:\/\/gigargios-history.com\/fr\/wp-json\/wp\/v2\/pages"}],"about":[{"href":"https:\/\/gigargios-history.com\/fr\/wp-json\/wp\/v2\/types\/page"}],"author":[{"embeddable":true,"href":"https:\/\/gigargios-history.com\/fr\/wp-json\/wp\/v2\/users\/1"}],"replies":[{"embeddable":true,"href":"https:\/\/gigargios-history.com\/fr\/wp-json\/wp\/v2\/comments?post=510"}],"version-history":[{"count":5,"href":"https:\/\/gigargios-history.com\/fr\/wp-json\/wp\/v2\/pages\/510\/revisions"}],"predecessor-version":[{"id":1461,"href":"https:\/\/gigargios-history.com\/fr\/wp-json\/wp\/v2\/pages\/510\/revisions\/1461"}],"up":[{"embeddable":true,"href":"https:\/\/gigargios-history.com\/fr\/wp-json\/wp\/v2\/pages\/109"}],"wp:featuredmedia":[{"embeddable":true,"href":"https:\/\/gigargios-history.com\/fr\/wp-json\/wp\/v2\/media\/556"}],"wp:attachment":[{"href":"https:\/\/gigargios-history.com\/fr\/wp-json\/wp\/v2\/media?parent=510"}],"curies":[{"name":"wp","href":"https:\/\/api.w.org\/{rel}","templated":true}]}}