{"id":462,"date":"2021-10-16T20:53:08","date_gmt":"2021-10-16T20:53:08","guid":{"rendered":"https:\/\/gigargios-history.com\/?page_id=462"},"modified":"2024-11-19T19:47:08","modified_gmt":"2024-11-19T19:47:08","slug":"marcin-biography","status":"publish","type":"page","link":"https:\/\/gigargios-history.com\/fr\/home\/marcin-biography\/","title":{"rendered":"Marcin biographie"},"content":{"rendered":"<p class=\"has-text-color has-normal-font-size\" style=\"color:#2c314e\">Marcin, son the European parents, had difficult childhood. His family broke up at his early age, caused by bad father. Was grew up by Mum, which insert in him basial principles of life. Although mostly grew up by himself being in many times alone. As all the kids, he watched cartoons. Then by the influence of his uncle he replaced them by history channels. The first thing which inspired him to it was the strategy game&nbsp; he received from uncle Paul. \u2018\u2019The Age of Empire&#8217;s II\u2019\u2019. He was extremely enjoyed that game. Gave him, entertainment and satisfaction from building the buildings, creation and moves the soldiers. That\u2019s it encourages him to explore the history. And despite of the fact he learnt about it only by the case of wars, he got to know little about. And later he absorbs any historical topics including statehood of certain countries. Because to initiate the war, there\u2019s need the participants for it. And the more powerful empires are, the bigger carries wars. At first, he focused on middle ages due to &#8221;Age of empires&#8221;, but in time he widespread his curiosity on others \u00e9poques. His beloved channel was Viasat History. Be honest he doesn\u2019t love all the programs which were on it. However, by the influenced of its channel he accepts it and even started like. Apart of it he enjoyed watching National Geographic and even Discovery science, which accomplished the goal to encourage him to science and innovative approach to solve modern problems.<\/p>\n\n\n\n<p class=\"has-text-color\" style=\"color:#6194a9;font-size:22px\">\u00c9cole primaire<\/p>\n\n\n\n<p class=\"has-text-color has-normal-font-size\" style=\"color:#20243b\">Marcin a entretenu des relations de coll\u00e8gues avec Kamil qui partagent avec lui la braise de la connaissance de National Geographic, ainsi que des films \"Le Seigneur des Anneaux\". C'\u00e9tait l'un des meilleurs films qui l'ont autant impacter. Il A ADOR\u00c9 cette s\u00e9rie. Sa famille a m\u00eame enregistr\u00e9 tous les films en disque CD pour lui. Il l'a regard\u00e9 au jour le jour, pendant plusieurs semaines, tout le temps. Alors que sa m\u00e8re est tomb\u00e9e malade \u00e0 cause de ces sons sp\u00e9cifiques. Il jouait fr\u00e9quemment des simulations de batailles \u00e0 partir de ces sc\u00e8nes, en utilisant des images faites \u00e0 la main sur de petits morceaux de papier. Mais utilis\u00e9 pour jouer avec le temps. Juste eux QUELQUE soir, il a regard\u00e9 sur la carte et s'est inspir\u00e9. Connaissant les bases de la g\u00e9ographie, il a trac\u00e9 sur la carte les lignes qui \u00e0 l'avenir deviendront la fronti\u00e8re de son pays imaginaire. L'endroit n'\u00e9tait pas accidentel, car il savait que la terre reposait sur un dessert vide. Sur lequel aucun pays significatif n'a \u00e9t\u00e9 cr\u00e9\u00e9. Ce qui l'a aid\u00e9 et a permis de cr\u00e9er cet imaginaire et d'\u00e9viter les disputes. Avec ce, dans le temps similaire ou m\u00eame en m\u00eame temps, inspir\u00e9 par le conte de la maman sur les chevaliers teutoniques et la bataille de Grunwald, il a dessin\u00e9 le X avec la ligne verticale au milieu, qui devient son symbole. Les trois \u00e9p\u00e9es crois\u00e9es. Au d\u00e9part, c'\u00e9tait un jeu. Il jouait \u00e0 la simulation de batailles. Avant 2006, il aimait tellement l'urbanisme promu par National Geographic et Google Earth qu'il a dessin\u00e9 la toute premi\u00e8re ville de la p\u00e9riode moderniste. La taille des b\u00e2timents \u00e9tait grande pas proportion \u00e0 les unes par rapport aux autres, et la ville avait quelques d\u00e9fauts. Cependant, c'\u00e9tait le premier de sa vie.<\/p>\n\n\n\n<p class=\"has-text-color\" style=\"color:#866c43;font-size:28px\">L'adolescence et le d\u00e9but de l'\u00e2ge adulte<\/p>\n\n\n\n<p class=\"has-text-color\" style=\"color:#313342;font-size:18px\">In 2008 Marcin start watching politic breaking news. The prominent one was popular info program \u2018\u2019The facts\u2019\u2019 on TVN. Relatively quickly he discovered the political scene of his local side. Knowing the all matters and the case which taking place on parliament to daily people life, he discover what drives popularity of given parties and all of them dependent on the moode&#8217;s of it;s voters. In later stage he discovered that a some political movements may change approach of people, when they convice them to do so. In mean time he continued to play staging battles. Inspired for the gave him number of war movies, especially WW I -II, as well elder historical topics. Including \u2018\u2019Alexander the Great\u2019\u2019. After he made done all the topics, he got little brake from it. Also, in similar time he played computer game Rome total war, which had given him lots of joy. And inspired him to this period. The administration, and policy which carry was necessary to good score in game, enrich his thought. From it he understood some basis the management of the country. Including taking on account people moods, finance distribution and even level of the wealth. This all along with historical knowledge taken from the Tv channels has given to him the basis and fundaments to his future work. Soon later on <span style=\"text-decoration: underline;\">Mai 2013<\/span> plein d'imagination sur l'histoire fictive, il a commenc\u00e9 \u00e0 \u00e9crire<strong>'' L'histoire d'Gigargios ''<\/strong>L'\u00e9criture a dur\u00e9 deux ans et a occup\u00e9 une partie importante de son temps. Dedans, il a utilis\u00e9 toutes les connaissances historiques qui l'ont inspir\u00e9. Il a \u00e9crit ses \u0153uvres avec joie, bien qu'un long fait processe l'ait transform\u00e9 en responsabilit\u00e9 grise. Cependant, ne vous ennuyez jamais des choses qu'il a \u00e9crites. Plusieurs fois, il imagine quelque chose de nouveau qui l'a plu ainsi qu'\u00e0 son lecteur. Comme soi-disant la plupart des \u00e9crivains, il se sentit soulag\u00e9 et ravi qu'il vienne de terminer son travail. Mais il ne publia pas ni ne pr\u00e9senta son travail \u00e0 l'\u00e9diteur. Il avait d\u00e9j\u00e0 un temps plus occup\u00e9 avec le choix de la prochaine \u00e9tape de sa vie de jeune adulte. Comme beaucoup de Polonais de l'\u00e9poque, il d\u00e9cide de partir travailler \u00e0 l'\u00e9tranger. Et c'est ce qu'il a fait, apr\u00e8s avoir termin\u00e9 l'\u00e9cole. D\u00e9m\u00e9nag\u00e9 aux Pays-Bas par l'interm\u00e9diaire de \u00ab\u00a0l'agence Otto Workforce\u00a0\u00bb, ce qui s'est av\u00e9r\u00e9 une erreur et l'un des premiers grands \u00e9checs. L'entreprise ne lui a pas fourni de travail comme il le pensait. En fait, ils recrutaient un trop grand nombre de nouveaux immigrants pour obtenir des subventions des gouvernements locaux pour l'enregistrement. Peu de temps apr\u00e8s, il conna\u00eet un nouvel \u00e9chec de la part de son cousin, qui le trahit, ce qui l'oblige \u00e0 revenir en Pologne. Les ann\u00e9es suivantes, il effectue des travaux dans les services de S\u00e9curit\u00e9 ou d'assistance boutique. Malheureusement, il suspend les travaux sur Gigargios. Une ann\u00e9e 2016-2017 a \u00e9t\u00e9 gaspill\u00e9e pour Gigargios. Cependant, il a continu\u00e9 \u00e0 explorer les connaissances en termes de science et de politique actuelle. Il \u00e9tait profond\u00e9ment adversaire du parti \u00ab\u00a0Loi de la justice\u00a0\u00bb, qui, comme beaucoup d'autres personnes, se reconnaissait comme parti populiste et autoritaire. En d\u00e9cembre 2016, le parlement a m\u00eame tent\u00e9 de lancer une sorte de r\u00e9volution contre le parti au pouvoir. Mais contrairement \u00e0 son attente, les Polonais s'abstiennent de poursuivre la protestation, par laquelle il s'est distanci\u00e9 des activit\u00e9s de d\u00e9mocratisation et de l\u00e9galit\u00e9 du pays.<\/p>\n\n\n\n<p class=\"has-text-color has-large-font-size\" style=\"color:#0d6844\">2018<\/p>\n\n\n\n<p class=\"has-text-color\" style=\"color:#232a5e;font-size:18px\">En 2018 a \u00e9t\u00e9 un \u00e9v\u00e9nement d\u00e9cisif pour le travail de Gigargios. Lorsque Marcin sous l'influence du pr\u00eatre qui l'a guid\u00e9 vers le sacrement de confirmation a d\u00e9cid\u00e9 de d\u00e9truire son manuscrit et son dossier original sur ordinateur. Cependant peu de temps apr\u00e8s, il a compris que sa vie est destin\u00e9e \u00e0 son travail et a essay\u00e9 de restaurer il a tent\u00e9 de se perdre. HEUREUSEMENT son beau-fr\u00e8re l'a aid\u00e9 \u00e0 restaurer le dossier de Gigargios ! Par l'option de sauvegarde des donn\u00e9es, restaurez le syst\u00e8me \u00e0 la date. UN RLE \u00c9NORME AVAIT \u00c9GALEMENT SON P\u00c8RE QUI A OBTENU DE LUI LE NOTEBOOK O IL STOCKAIT DES FICHIERS AVEC GIGARGIOS. IL A PRIS CET APPAREIL POUR R\u00c9PARER MAIS IL NE L'A PAS R\u00c9CUP\u00c9R\u00c9. ALORS, IL INSISTE POUR LE PRENDRE. HEUREUSEMENT IL A RE\u00c7U CE CARNET ET J'AI RE\u00c7U DE LUI. IL L'A PRIS AU SERVICE PC. LE NOTEBOOK NE VAUT PAS LA R\u00c9PARATION, MAIS HEUREUSEMENT LE RANGEMENT \u00c9TAIT DISPONIBLE. MERCI POUR QU'IL OBTENU LES FICHIERS DE GIGARGIOS. C'\u00e9tait un jour heureux et il a recommenc\u00e9 \u00e0 participer \u00e0 Gigargios. Et se promettre de ne jamais quitter Gigargios sous peine de perdre des donn\u00e9es. D\u00e8s lors, il stocke ses \u0153uvres sur au moins deux appareils ou cl\u00e9s USB. Et bien s\u00fbr, imprim\u00e9 tout le manuscrit. Marcin a travaill\u00e9 intens\u00e9ment sur le sujet Gigargios. Ax\u00e9 sur le graphique, en particulier construire la carte num\u00e9rique. Malheureusement, les dessins de la carte num\u00e9rique ont mal tourn\u00e9 avec le programme graphique de base \u00ab\u00a0Microsoft Paint\u00a0\u00bb. Aussi, \u00e0 cette \u00e9poque, il a commenc\u00e9 \u00e0 traduire le livre en anglais. Cependant, il a compris qu'il devait se concentrer sur la correction du texte dans la langue d'origine. En dehors de cela, le travail lui a donn\u00e9 du plaisir et a grandi en lui la foi en cette. Et donc l'ann\u00e9e suivante de 2019 est pass\u00e9e ainsi. En dehors de l'anglais, il traduit son fragment d'introduction sur le nombre de langues. Y compris l'italien, le grec, l'allemand et m\u00eame le japonais. Dans chacun, il explore et apprend la forme grammaticale l'un de l'autre. L'italien semble \u00eatre le plus simple, et ainsi de suite la duret\u00e9 choisie progressivement ci-dessus. Et enfin, il s'est concentr\u00e9 sur le plus important les Fran\u00e7ais. Le fran\u00e7ais semble avoir la grammaire la plus simple. Mais peut-\u00eatre que c'est la simplicit\u00e9 qui rend les choses si difficiles. \u00c0 savoir le manque de conjonction dans les phrases ou leur placement dans des positions atypiques. Aussi, la prononciation fait des difficult\u00e9s ineffables. La traduction en fran\u00e7ais a commenc\u00e9 de mani\u00e8re uniforme un an plus tard \u00e0 partir de la traduction en anglais. Tous trait\u00e9s dans Google Friend. C'est ''Google Translate'' qui lui a accord\u00e9 une \u00e9tape importante dans la progression de son travail. Mais et Google n'est pas fiable, par lequel il a d\u00fb lire n'importe quelle phrase et fait une traduction retourn\u00e9e pour s'assurer que chacune est correcte et logiquement assembl\u00e9e. Peu de temps apr\u00e8s, il a d\u00fb cesser de travailler dessus pour des choses plus n\u00e9cessaires. En mars 2020, il a d\u00e9m\u00e9nag\u00e9 en Allemagne pour travailler \u00e0 une \u00e9poque de coronavirus \u00e9mergent, qui a chang\u00e9 sa vie. Les d\u00e9buts n'ont pas \u00e9t\u00e9 simples pour lui dans l'usine alimentaire o\u00f9 il travaillait. Mais apr\u00e8s un certain temps, il a obtenu un travail plus facile l\u00e0-bas. Et les activit\u00e9s sur Gigargios limit\u00e9es aux graphiques des villes. Fin 2020, il revient en Pologne, \u00e9conomisant beaucoup d'argent. M\u00eame avant ce voyage, il avait eu une bonne opinion de l'Allemagne, en tant que nation efficace et utilitaire. Depuis longtemps, il a voulu s'y rendre par proximit\u00e9 g\u00e9ographique et b\u00e9n\u00e9fique en mati\u00e8re financi\u00e8re. Et \u00e0 la fin du voyage, il a ressenti de la gratitude et du respect pour toutes les bonnes choses qu'il a v\u00e9cues l\u00e0-bas.<\/p>\n\n\n\n<p class=\"has-text-color has-large-font-size\" style=\"color:#625f1d\">Aller \u00e0 le site<\/p>\n\n\n\n<p class=\"has-text-color\" style=\"color:#28775c;font-size:19px\">Il a d\u00e9m\u00e9nag\u00e9 en Pologne pour \u00e9conomiser de l'argent et se concentrer sur son objectif de vie. Et la premi\u00e8re chose \u00e9tait de planifier la cr\u00e9ation d'un site Web. Longtemps, il r\u00eavait de son site Internet d\u00e9di\u00e9 \u00e0 son livre. Alors il pourrait r\u00e9aliser le r\u00eave. D'ailleurs il le voulait \u00e0 la fois : s\u00e9curit\u00e9 et but commercial. Et pour le permettre, il a utilis\u00e9 l'argent allemand :). Juste apr\u00e8s cela, il \u00e9tudia \u00e0 nouveau le livre, afin de v\u00e9rifier le texte en termes de d\u00e9tection et de supprimer toute erreur. En outre, il a commenc\u00e9 \u00e0 dessiner le graphique sur le site Web. Il s'est longtemps appuy\u00e9 sur une simple \u00ab\u00a0peinture Microsoft\u00a0\u00bb qui l'a laiss\u00e9 loin derri\u00e8re avec une qualit\u00e9 graphique. Il cherche depuis longtemps un bon \u00e9diteur de graphiques. Et enfin, il a trouv\u00e9 en mars 2021. Depuis ce temps, il consacre intens\u00e9ment son temps \u00e0 mettre \u00e0 niveau son site Web et sa campagne publicitaire.<\/p>\n\n\n\n<p><\/p>\n\n\n\n<p class=\"has-text-color has-large-font-size\" style=\"color:#c2384f\">L'amour de Marcin<\/p>\n\n\n\n<p class=\"has-text-color\" style=\"color:#466b38;font-size:19px\">Marcin\u2019ve meet some girls. With almost each of them he planned in advance long-term future. He was romantic type. Shy, and even sensitive just like an artist are. Unfortunately, any of ex \u2013 girlfriends broke up with him, sooner or later. And nearly any of them initially shown big enjoyment of meeting him. Fatiha, Houda, SARAH, it\u2019s only few of them. And each of them has declines relationship by religious matter. Because they were a muslim ones. And although they knew He is a Christian, they create a relation with him but they fell under religious and parental pressure. No accidently most of ex-girlfriends, including those three above came from Tunisia. Recognized as Women liberated country, -Only in Theory. In fact, the Girls he meet had imposed expectations from their parents in terms of customs and religion. One of them even told him that the girls under 30 are not allowed to travel abroad without parent permissions. He did not gave up easily in search of the girl from there.<\/p>\n\n\n\n<p class=\"has-text-color\" style=\"color:#159249;font-size:19px\">His last Tunisian love called Mayssa. Marcin meet her when was in depression, almost sacked down. She by her present brought in him new spirit. He was deeply impressed her look. She was small Brunette with a Long hair, of pretty slightly mediterranean carnation. With a Magnificent eyes. The more she was highly eloquent, and initially shown him big respect and complements. Marcin thought his life changed and now going preparation. But soon after this, the beautiful tale have been changed as she started worry of his religion. Then she started persuading, persist insist about convert on Islam. Marcin definitely said No!. They carried intense battles about it. In one time even he fell of her requests only by her reason. Believe or not but when he listen to fragment&#8217;s from holy book Quran, he felt peace and relax. But as soon he starts learning islamic customs as quickly he was perplex to it.\u00a0Particulary fasting during day as well limitations in intimacy sphere of life. Ban of pork, cigarettes and alcohol is the least of concerns. Although we know most of the world is addicted to all of these things combined. The fact he ceased continuation of study caused crisis in relationship, and into her family. But she somehow accepted him, For a while. And her parents withdrew the pressure for regards to her. But the religion dispute and her expansionism in that matter made division between them. By which they broke up many times. The old feelings and some coincidents caused the comeback each other for a while. But eventually it\u2019s failed. And she reject him by his Faith. As Marcin told; that did not crushed him much. The relationship decayed slowly and her request\u2019s predicting it\u2019s end. He was demolished so much of former relationships that this did not affect on him so much, as might could suppose. Maybe he lost his original personality?. Maybe he ceased of being\u00a0 romantic?. Or maybe he understood some, that it is not worth?. Nevertheless as he said, he will not cease in search this the One girl.  <\/p>\n\n\n\n<p>Marcin also dated women from his enviorement in Danzig. But regarding their character he kept experience with them confidential on this website. Those women differ from Muslim ones. Lack in them virtue, respect to men, and existencial principals. <\/p>\n\n\n\n<p><\/p>","protected":false},"excerpt":{"rendered":"<p>Marcin, son the European parents, had difficult childhood. His family broke up at his early age, caused by bad father. Was grew up by Mum, which insert in him basial principles of life. Although mostly grew up by himself being in many times alone. As all the kids, he watched [&hellip;]<\/p>\n","protected":false},"author":1,"featured_media":1426,"parent":23,"menu_order":0,"comment_status":"closed","ping_status":"closed","template":"","meta":{"om_disable_all_campaigns":false,"footnotes":""},"class_list":["post-462","page","type-page","status-publish","has-post-thumbnail","hentry"],"jetpack_sharing_enabled":true,"_links":{"self":[{"href":"https:\/\/gigargios-history.com\/fr\/wp-json\/wp\/v2\/pages\/462","targetHints":{"allow":["GET"]}}],"collection":[{"href":"https:\/\/gigargios-history.com\/fr\/wp-json\/wp\/v2\/pages"}],"about":[{"href":"https:\/\/gigargios-history.com\/fr\/wp-json\/wp\/v2\/types\/page"}],"author":[{"embeddable":true,"href":"https:\/\/gigargios-history.com\/fr\/wp-json\/wp\/v2\/users\/1"}],"replies":[{"embeddable":true,"href":"https:\/\/gigargios-history.com\/fr\/wp-json\/wp\/v2\/comments?post=462"}],"version-history":[{"count":7,"href":"https:\/\/gigargios-history.com\/fr\/wp-json\/wp\/v2\/pages\/462\/revisions"}],"predecessor-version":[{"id":1508,"href":"https:\/\/gigargios-history.com\/fr\/wp-json\/wp\/v2\/pages\/462\/revisions\/1508"}],"up":[{"embeddable":true,"href":"https:\/\/gigargios-history.com\/fr\/wp-json\/wp\/v2\/pages\/23"}],"wp:featuredmedia":[{"embeddable":true,"href":"https:\/\/gigargios-history.com\/fr\/wp-json\/wp\/v2\/media\/1426"}],"wp:attachment":[{"href":"https:\/\/gigargios-history.com\/fr\/wp-json\/wp\/v2\/media?parent=462"}],"curies":[{"name":"wp","href":"https:\/\/api.w.org\/{rel}","templated":true}]}}