{"id":23,"date":"2020-11-18T21:58:09","date_gmt":"2020-11-18T21:58:09","guid":{"rendered":"https:\/\/gigargios-history.com\/?page_id=23"},"modified":"2024-08-04T15:27:30","modified_gmt":"2024-08-04T15:27:30","slug":"home","status":"publish","type":"page","link":"https:\/\/gigargios-history.com\/fr\/","title":{"rendered":"Home"},"content":{"rendered":"<div class=\"wp-block-group\"><div class=\"wp-block-group__inner-container is-layout-flow wp-block-group-is-layout-flow\">\n<div class=\"wp-block-group\"><div class=\"wp-block-group__inner-container is-layout-flow wp-block-group-is-layout-flow\">\n<h1 class=\"wp-block-heading\"><span class=\"has-inline-color has-background-color-color\">Environ<\/span><\/h1>\n<\/div><\/div>\n\n\n\n<p>L'Histoire du Gigargios est un livre sur le royaume imaginaire situ\u00e9 en Afrique du Nord. Fond\u00e9 par le premier roi Gigargios qui unifie les \u00c9tats mineurs, utilisant des outils politiques et militaires tout au long de sa vie. C'est le seul royaume d'Afrique du Nord qui a surv\u00e9cu aux agressions militaires pendant l'Antiquit\u00e9. \u00c0 partir de la Perse. Leurs conditions climatiques difficiles et leur grand espace les ont aid\u00e9s \u00e0 maintenir leur ind\u00e9pendance. Bien que la vie quotidienne dans le d\u00e9sert soit difficile pour les habitants, (malgr\u00e9 qu'ils y soient adapt\u00e9s). N\u00e9anmoins, c'\u00e9tait la principale raison de l'unification. Un tel emplacement g\u00e9ographique et une telle condition ont cr\u00e9\u00e9 en eux une culture et une mentalit\u00e9 uniques. (L'hospitalit\u00e9 est leur domaine). L'architecture est \u00e9galement diversifi\u00e9e par rapport aux autres dans le monde. Bien qu'ils s'inspiraient du grec. susmentionn\u00e9 a eu une grande influence sur ce pays. L'\u00e9tat \u00e9tait de disposition pacifique. Bien que les \u00e9v\u00e9nements historiques les ont jet\u00e9s dans la temp\u00eate de la guerre. L'ambition des empires \u00e9trangers a conduit \u00e0 se heurter \u00e0 eux. Surtout la Rome. Principalement les gens de Gigargios se sont battus pour le maintien de leur souverainet\u00e9, plut\u00f4t que pour l'expansion. Et c'est pourquoi a surv\u00e9cu si longtemps.<\/p>\n\n\n\n<!--more-->\n<\/div><\/div>","protected":false},"excerpt":{"rendered":"<p>About History of Gigargios is a novel about imaginary Kingdom placed in North Africa. Founded by first king Gigargios who unite minor states, using political and military tools through out his life. It&#8217;s only kingdom in North Africa which survived military aggressions for ancient times. Starting from Persia. Their rough [&hellip;]<\/p>\n","protected":false},"author":1,"featured_media":59,"parent":0,"menu_order":0,"comment_status":"closed","ping_status":"closed","template":"","meta":{"om_disable_all_campaigns":false,"footnotes":""},"class_list":["post-23","page","type-page","status-publish","has-post-thumbnail","hentry"],"jetpack_sharing_enabled":true,"_links":{"self":[{"href":"https:\/\/gigargios-history.com\/fr\/wp-json\/wp\/v2\/pages\/23","targetHints":{"allow":["GET"]}}],"collection":[{"href":"https:\/\/gigargios-history.com\/fr\/wp-json\/wp\/v2\/pages"}],"about":[{"href":"https:\/\/gigargios-history.com\/fr\/wp-json\/wp\/v2\/types\/page"}],"author":[{"embeddable":true,"href":"https:\/\/gigargios-history.com\/fr\/wp-json\/wp\/v2\/users\/1"}],"replies":[{"embeddable":true,"href":"https:\/\/gigargios-history.com\/fr\/wp-json\/wp\/v2\/comments?post=23"}],"version-history":[{"count":14,"href":"https:\/\/gigargios-history.com\/fr\/wp-json\/wp\/v2\/pages\/23\/revisions"}],"predecessor-version":[{"id":77,"href":"https:\/\/gigargios-history.com\/fr\/wp-json\/wp\/v2\/pages\/23\/revisions\/77"}],"wp:featuredmedia":[{"embeddable":true,"href":"https:\/\/gigargios-history.com\/fr\/wp-json\/wp\/v2\/media\/59"}],"wp:attachment":[{"href":"https:\/\/gigargios-history.com\/fr\/wp-json\/wp\/v2\/media?parent=23"}],"curies":[{"name":"wp","href":"https:\/\/api.w.org\/{rel}","templated":true}]}}