{"id":215,"date":"2020-11-28T16:36:38","date_gmt":"2020-11-28T16:36:38","guid":{"rendered":"https:\/\/gigargios-history.com\/?page_id=215"},"modified":"2024-08-04T20:53:37","modified_gmt":"2024-08-04T20:53:37","slug":"monarch","status":"publish","type":"page","link":"https:\/\/gigargios-history.com\/fr\/compendium-info\/monarch\/","title":{"rendered":"Monarque"},"content":{"rendered":"<div class=\"wp-block-themeisle-blocks-advanced-columns has-3-columns has-desktop-oneOneTwo-layout has-tablet-equal-layout has-mobile-collapsedRows-layout has-default-gap has-vertical-unset\" id=\"wp-block-themeisle-blocks-advanced-columns-b4c3c76a\"><div class=\"wp-block-themeisle-blocks-advanced-columns-overlay\"><\/div><div class=\"innerblocks-wrap\">\n<div class=\"wp-block-themeisle-blocks-advanced-column\" id=\"wp-block-themeisle-blocks-advanced-column-68d05e81\"><\/div>\n\n\n\n<div class=\"wp-block-themeisle-blocks-advanced-column\" id=\"wp-block-themeisle-blocks-advanced-column-a36858d3\"><\/div>\n\n\n\n<div class=\"wp-block-themeisle-blocks-advanced-column\" id=\"wp-block-themeisle-blocks-advanced-column-75b06717\"><\/div>\n<\/div><\/div>\n\n\n\n<p class=\"has-text-color has-background\" style=\"background-color:#1c1697;color:#a19406\">MONARQUE EST LE CHEF DE L'ETAT. Il exerce le pouvoir sur le pays. Entre autres d\u00e9finit la loi ou le niveau des imp\u00f4ts. Il est l'initiateur de diverses r\u00e9glementations. Il a le droit de contacter et de n\u00e9gocier avec les dirigeants des autres nations. Sa signature initie la construction de villes nouvelles. Et m\u00eame une extension d\u00e9j\u00e0 construite. Il dispose du tr\u00e9sor public (obtenu principalement sur le revenu, les imp\u00f4ts). Par le biais d'indirecteurs ou personnellement, il peut l'utiliser. Il d\u00e9termine \u00e9galement le budget de l'\u00c9tat, avec l'aide de conseillers, et d\u00e9cide de l'affectation des fonds aux diff\u00e9rentes provinces et initiatives. Bien que le monarque soit officiellement le chef de l'\u00c9tat, il partage le pouvoir avec les gouverneurs, c'est-\u00e0-dire les repr\u00e9sentants de leurs propres provinces, choisis par son \u00e9lite. Soit dit en passant, nomm\u00e9 par le roi. Les gouverneurs de toutes les provinces se r\u00e9unissent r\u00e9guli\u00e8rement avec le roi. Il \u00e9coute tous les repr\u00e9sentants. Les deux; l'\u00e9tat de leurs provinces et des propositions de changement ou de r\u00e9forme. Le roi pourrait ou non y r\u00e9pondre. Les gouverneurs en retour peuvent faire pression sur le roi, essayant d'obtenir quelque chose de lui. Ils peuvent \u00e9galement cr\u00e9er un bloc avec des revendications ou des postulats sp\u00e9cifiques. Ils peuvent menacer de protester passivement contre le monarque.<\/p>\n\n\n\n<p class=\"has-text-color has-background\" style=\"background-color:#201131;color:#cc7b25\">Surtout, le monarque a un vote d\u00e9cisif et un pouvoir sans entrave. Sa parole est la derni\u00e8re.<\/p>\n\n\n\n<p class=\"has-text-color has-background\" style=\"background-color:#6360f0;color:#393305\">Il est de coutume que le fils premier-n\u00e9 du roi devienne roi de son p\u00e8re. Et ainsi de suite sur une ligne continue, en commen\u00e7ant par Gigargios.<\/p>","protected":false},"excerpt":{"rendered":"<p>MONARCH IS THE HEAD OF STATE. He exercises power over country. Among others defines the law or the level of taxes. He is the initiator of various regulations. He has the right to contact and negotiates with the rulers of other nations. His signature initiates the construction of new cities. [&hellip;]<\/p>\n","protected":false},"author":1,"featured_media":218,"parent":181,"menu_order":0,"comment_status":"closed","ping_status":"closed","template":"","meta":{"om_disable_all_campaigns":false,"footnotes":""},"class_list":["post-215","page","type-page","status-publish","has-post-thumbnail","hentry"],"jetpack_sharing_enabled":true,"_links":{"self":[{"href":"https:\/\/gigargios-history.com\/fr\/wp-json\/wp\/v2\/pages\/215","targetHints":{"allow":["GET"]}}],"collection":[{"href":"https:\/\/gigargios-history.com\/fr\/wp-json\/wp\/v2\/pages"}],"about":[{"href":"https:\/\/gigargios-history.com\/fr\/wp-json\/wp\/v2\/types\/page"}],"author":[{"embeddable":true,"href":"https:\/\/gigargios-history.com\/fr\/wp-json\/wp\/v2\/users\/1"}],"replies":[{"embeddable":true,"href":"https:\/\/gigargios-history.com\/fr\/wp-json\/wp\/v2\/comments?post=215"}],"version-history":[{"count":4,"href":"https:\/\/gigargios-history.com\/fr\/wp-json\/wp\/v2\/pages\/215\/revisions"}],"predecessor-version":[{"id":221,"href":"https:\/\/gigargios-history.com\/fr\/wp-json\/wp\/v2\/pages\/215\/revisions\/221"}],"up":[{"embeddable":true,"href":"https:\/\/gigargios-history.com\/fr\/wp-json\/wp\/v2\/pages\/181"}],"wp:featuredmedia":[{"embeddable":true,"href":"https:\/\/gigargios-history.com\/fr\/wp-json\/wp\/v2\/media\/218"}],"wp:attachment":[{"href":"https:\/\/gigargios-history.com\/fr\/wp-json\/wp\/v2\/media?parent=215"}],"curies":[{"name":"wp","href":"https:\/\/api.w.org\/{rel}","templated":true}]}}