{"id":190,"date":"2020-11-26T22:20:37","date_gmt":"2020-11-26T22:20:37","guid":{"rendered":"https:\/\/gigargios-history.com\/?page_id=190"},"modified":"2024-08-04T20:40:22","modified_gmt":"2024-08-04T20:40:22","slug":"aristocracy","status":"publish","type":"page","link":"https:\/\/gigargios-history.com\/fr\/compendium-info\/aristocracy\/","title":{"rendered":"Aristocratie"},"content":{"rendered":"<div class=\"wp-block-themeisle-blocks-advanced-columns has-undefined-columns has-desktop-undefined-layout has-tablet-equal-layout has-mobile-equal-layout has-default-gap has-vertical-unset\" id=\"wp-block-themeisle-blocks-advanced-columns-2fd15297\"><div class=\"wp-block-themeisle-blocks-advanced-columns-overlay\"><\/div><div class=\"innerblocks-wrap\"><\/div><\/div>\n\n\n\n<p class=\"has-text-color has-background\" style=\"background-color:#d9d19c;color:#75682f\">Les aristocraties provinciales sont divis\u00e9es en clans, dont chacun d\u00e9tient le contr\u00f4le dans leurs propres lieux d'origine. La famille r\u00e9gnante r\u00e9side dans la capitale provinciale, exerce en fait le pouvoir symbolique sur toute la province, et la famille elle-m\u00eame est issue du lignage de la monarchie, depuis l'\u00e9poque de la souverainet\u00e9 provinciale. Le choix d'un successeur apr\u00e8s les pr\u00e9d\u00e9cesseurs est d'avance d\u00e9di\u00e9 au fils a\u00een\u00e9. Selon leur sexe, les filles a\u00een\u00e9es ne sont mari\u00e9es qu'\u00e0 des maris premiers-n\u00e9s d'autres familles nobles. Les filles a\u00een\u00e9es du clan principal sont destin\u00e9es principalement aux membres de la famille royale, qui inversement se d\u00e9roulent avec les filles royales \u00e0 maris provinciaux. <strong>royal family<\/strong>, which\u00a0 vice versa taking place with\u00a0 royal daughters to the provincial husbands.<\/p>\n\n\n\n<p class=\"has-text-color has-background\" style=\"background-color:#ccc48a;color:#727052\">Dans les familles secondaires sont autoris\u00e9s \u00e0 organiser librement des mariages de descendants avec d'autres familles aristocratiques (y compris interprovinciales); -principalement lorsque les provinces sont limitrophes, ce qui permet une coop\u00e9ration et un soutien politique entre elles. Mais sont g\u00e9n\u00e9ralement organis\u00e9s entre les villes. La p\u00e9riode de cette coop\u00e9ration dure jusqu'\u00e0 la fin du mariage, qui est rompu principalement par la mort de causes naturelles. Les clans peuvent donner des descendants aux provinces voisines, seulement s'ils ne sont pas <strong>premier-n\u00e9<\/strong>. Les membres du clan principal pouvaient arranger leurs enfants \u00e0 les familles restantes de la province afin de maintenir les liens. Mais les premiers-n\u00e9s sont destin\u00e9s \u00e0 la famille royale. Lorsqu'une fille du clan principal est le premier-n\u00e9, elle est destin\u00e9e \u00e0 la famille royale, et le transfert de pouvoir est accord\u00e9 au premier-n\u00e9 gar\u00e7on de la famille, qui a l'honneur d'\u00e9pouser une fille de la famille royale.<\/p>\n\n\n\n<p class=\"has-text-color has-background\" style=\"background-color:#c5c089;color:#6f6851\">Ces r\u00e8gles ont \u00e9t\u00e9 inscrites dans les coutumes d\u00e9j\u00e0 un demi-mill\u00e9naire apr\u00e8s la cr\u00e9ation de l'\u00e9tat de Gigargios.<\/p>\n\n\n\n<p class=\"has-text-color has-background\" style=\"background-color:#c6bd85;color:#827a47\">en raison de la population croissante parmi les aristocrates, ceux-ci ont \u00e9t\u00e9 approuv\u00e9s par eux-m\u00eames. Chacun des repr\u00e9sentants provinciaux.<\/p>\n\n\n\n<p class=\"has-background\" style=\"background-color:#4b9423\"><strong>EXERCICE DE GESTION<\/strong><\/p>\n\n\n\n<p class=\"has-text-color has-background\" style=\"background-color:#b1ae74;color:#7e753c\">Aristocrates<span style=\"color:#9d6f0c\" class=\"has-inline-color\">*<\/span> exerce le pouvoir, mais ce est seulmont symboliquement, en vrai soumis au royal. Selon les r\u00e8glements de chaque clan, le premier-n\u00e9 prend autorit\u00e9 apr\u00e8s son p\u00e8re, tandis que les autres fils sont \u00e0 sa disposition pour le soutenir. Les premiers successeurs re\u00e7oivent principalement de leurs p\u00e8res la possibilit\u00e9 d'exercer le gouvernement dans les villes, charg\u00e9 du maintien de l'ordre public et de son bon d\u00e9veloppement. Par cons\u00e9quent, il a le droit de nommer ses proches pour remplir diverses sections. Par exemple, les capitaines de la garde municipale ou les architectes \u2013 (form\u00e9s de mani\u00e8re appropri\u00e9e).<\/p>\n\n\n\n<p class=\"has-text-color has-background\" style=\"background-color:#a37727;color:#2e2b17\">Le gouverneur pourrait provenir de la famille r\u00e9gnante de la province. Serait-ce le fils a\u00een\u00e9, mais par ce qu'il a perdu les droits d'h\u00e9ritage de son p\u00e8re en tant que successeur et continuateur de son clan. C'est pourquoi les gouverneurs deviennent des parents proches comme des fr\u00e8res plus jeunes, des oncles ou des nobles tr\u00e8s talentueux.<\/p>","protected":false},"excerpt":{"rendered":"<p>Provincial aristocracies are divided into clans, each of which holds control in their own home places. The ruling family resides on the provincial capital, in fact exercises power over the entire province, and the family itself comes from lineage of the monarchy, from the time of provincial sovereignty. The choice [&hellip;]<\/p>\n","protected":false},"author":1,"featured_media":209,"parent":181,"menu_order":0,"comment_status":"closed","ping_status":"closed","template":"","meta":{"om_disable_all_campaigns":false,"footnotes":""},"class_list":["post-190","page","type-page","status-publish","has-post-thumbnail","hentry"],"jetpack_sharing_enabled":true,"_links":{"self":[{"href":"https:\/\/gigargios-history.com\/fr\/wp-json\/wp\/v2\/pages\/190","targetHints":{"allow":["GET"]}}],"collection":[{"href":"https:\/\/gigargios-history.com\/fr\/wp-json\/wp\/v2\/pages"}],"about":[{"href":"https:\/\/gigargios-history.com\/fr\/wp-json\/wp\/v2\/types\/page"}],"author":[{"embeddable":true,"href":"https:\/\/gigargios-history.com\/fr\/wp-json\/wp\/v2\/users\/1"}],"replies":[{"embeddable":true,"href":"https:\/\/gigargios-history.com\/fr\/wp-json\/wp\/v2\/comments?post=190"}],"version-history":[{"count":6,"href":"https:\/\/gigargios-history.com\/fr\/wp-json\/wp\/v2\/pages\/190\/revisions"}],"predecessor-version":[{"id":213,"href":"https:\/\/gigargios-history.com\/fr\/wp-json\/wp\/v2\/pages\/190\/revisions\/213"}],"up":[{"embeddable":true,"href":"https:\/\/gigargios-history.com\/fr\/wp-json\/wp\/v2\/pages\/181"}],"wp:featuredmedia":[{"embeddable":true,"href":"https:\/\/gigargios-history.com\/fr\/wp-json\/wp\/v2\/media\/209"}],"wp:attachment":[{"href":"https:\/\/gigargios-history.com\/fr\/wp-json\/wp\/v2\/media?parent=190"}],"curies":[{"name":"wp","href":"https:\/\/api.w.org\/{rel}","templated":true}]}}