{"id":187,"date":"2020-11-26T17:08:50","date_gmt":"2020-11-26T17:08:50","guid":{"rendered":"https:\/\/gigargios-history.com\/?page_id=187"},"modified":"2024-08-04T19:37:53","modified_gmt":"2024-08-04T19:37:53","slug":"gigargios-administration-system-summary","status":"publish","type":"page","link":"https:\/\/gigargios-history.com\/fr\/compendium-info\/gigargios-administration-system-summary\/","title":{"rendered":"Syst\u00e8me d'administration Gigargios -r\u00e9sum\u00e9"},"content":{"rendered":"<div class=\"wp-block-themeisle-blocks-advanced-columns has-undefined-columns has-desktop-undefined-layout has-tablet-equal-layout has-mobile-equal-layout has-default-gap has-vertical-unset\" id=\"wp-block-themeisle-blocks-advanced-columns-53570559\"><div class=\"wp-block-themeisle-blocks-advanced-columns-overlay\"><\/div><div class=\"innerblocks-wrap\"><\/div><\/div>\n\n\n\n<figure class=\"wp-block-image size-large\"><a href=\"https:\/\/i0.wp.com\/gigargios-history.com\/wp-content\/uploads\/2024\/08\/Gigargios-fifty-percent-and-eighty-percent-view-provinces-capital-cities-to-WEB-2-scaled.jpg?ssl=1\"><img loading=\"lazy\" decoding=\"async\" width=\"2560\" height=\"2291\" src=\"https:\/\/i0.wp.com\/gigargios-history.com\/wp-content\/uploads\/2024\/08\/Gigargios-fifty-percent-and-eighty-percent-view-provinces-capital-cities-to-WEB-2-scaled.jpg?fit=750%2C671&amp;ssl=1\" alt=\"\" class=\"wp-image-1449\" srcset=\"https:\/\/i0.wp.com\/gigargios-history.com\/wp-content\/uploads\/2024\/08\/Gigargios-fifty-percent-and-eighty-percent-view-provinces-capital-cities-to-WEB-2-scaled.jpg?w=2560&amp;ssl=1 2560w, https:\/\/i0.wp.com\/gigargios-history.com\/wp-content\/uploads\/2024\/08\/Gigargios-fifty-percent-and-eighty-percent-view-provinces-capital-cities-to-WEB-2-scaled.jpg?resize=300%2C268&amp;ssl=1 300w, https:\/\/i0.wp.com\/gigargios-history.com\/wp-content\/uploads\/2024\/08\/Gigargios-fifty-percent-and-eighty-percent-view-provinces-capital-cities-to-WEB-2-scaled.jpg?resize=1024%2C916&amp;ssl=1 1024w, https:\/\/i0.wp.com\/gigargios-history.com\/wp-content\/uploads\/2024\/08\/Gigargios-fifty-percent-and-eighty-percent-view-provinces-capital-cities-to-WEB-2-scaled.jpg?resize=768%2C687&amp;ssl=1 768w, https:\/\/i0.wp.com\/gigargios-history.com\/wp-content\/uploads\/2024\/08\/Gigargios-fifty-percent-and-eighty-percent-view-provinces-capital-cities-to-WEB-2-scaled.jpg?resize=1536%2C1375&amp;ssl=1 1536w, https:\/\/i0.wp.com\/gigargios-history.com\/wp-content\/uploads\/2024\/08\/Gigargios-fifty-percent-and-eighty-percent-view-provinces-capital-cities-to-WEB-2-scaled.jpg?resize=2048%2C1833&amp;ssl=1 2048w, https:\/\/i0.wp.com\/gigargios-history.com\/wp-content\/uploads\/2024\/08\/Gigargios-fifty-percent-and-eighty-percent-view-provinces-capital-cities-to-WEB-2-scaled.jpg?resize=13%2C12&amp;ssl=1 13w, https:\/\/i0.wp.com\/gigargios-history.com\/wp-content\/uploads\/2024\/08\/Gigargios-fifty-percent-and-eighty-percent-view-provinces-capital-cities-to-WEB-2-scaled.jpg?resize=600%2C537&amp;ssl=1 600w, https:\/\/i0.wp.com\/gigargios-history.com\/wp-content\/uploads\/2024\/08\/Gigargios-fifty-percent-and-eighty-percent-view-provinces-capital-cities-to-WEB-2-scaled.jpg?w=2250&amp;ssl=1 2250w\" sizes=\"auto, (max-width: 750px) 100vw, 750px\" \/><\/a><\/figure>\n\n\n\n<p class=\"\">Gigargios est un pays compos\u00e9 de plusieurs sous-royaumes qui forment ensemble un seul corps. Chacun d'eux a un statut d'autonomie et une aristocratie locale avec les propri\u00e9taires de ces territoires. Ce syst\u00e8me a fonctionn\u00e9 depuis le d\u00e9but du pays existant. A partir de Gigargios le fondateur qui voulait gagner des alliances dans les tribus conquises et renforcer sa position de stabilit\u00e9. Les rois vaincus restaient leur statut et restaient des autorit\u00e9s locales<\/p>\n\n\n\n<p class=\"\">Seulement apr\u00e8s, jure fid\u00e9lit\u00e9 \u00e0 Gigargios et accepte sa sup\u00e9riorit\u00e9. Cet ensemble s'est poursuivi ce qui a permis de d\u00e9velopper le pays. Les provinces \u00e9taient g\u00e9r\u00e9es par des gouverneurs choisis par les propri\u00e9taires. Ils en seraient les successeurs non plus. Chacun d'eux a \u00e9t\u00e9 approuv\u00e9 et d\u00e9sign\u00e9 par un roi, avant la d\u00e9claration officielle annonc\u00e9e et le serment de fid\u00e9lit\u00e9 au roi. Les provinces \u00e9taient gouvern\u00e9es par elles-m\u00eames. Les coutumes et les r\u00e8gles locales ont \u00e9t\u00e9 pr\u00e9serv\u00e9es.<\/p>\n\n\n\n<p class=\"\">Les gens jouissaient d'une latitude relative. Ce n'est qu'en mati\u00e8re fiscale que les collectivit\u00e9s locales devaient \u00eatre subordonn\u00e9es au tr\u00e9sor de l'\u00c9tat. Les fonctionnaires du roi pouvaient visiter et v\u00e9rifier les dossiers \u00e0 tout moment sans avertissement.<\/p>\n\n\n\n<p class=\"\">V\u00e9rifiez \u00e0 quoi ressemble <a href=\"https:\/\/gigargios-history.com\/fr\/compendium-info\/gigargios-administration-system-summary\/__governors-function\/\">la fonction de gouverneur<\/a><\/p>","protected":false},"excerpt":{"rendered":"<p>Gigargios is a country composed from many sub-kingdoms which together constitute one body. Each of this has autonomy status and local aristocracy at the head with landlords of this territories. This system functioned since began existing country. Starting from Gigargios the founder who wanted gain alliances in conquered tribes and [&hellip;]<\/p>\n","protected":false},"author":1,"featured_media":202,"parent":181,"menu_order":0,"comment_status":"closed","ping_status":"closed","template":"","meta":{"om_disable_all_campaigns":false,"footnotes":""},"class_list":["post-187","page","type-page","status-publish","has-post-thumbnail","hentry"],"jetpack_sharing_enabled":true,"_links":{"self":[{"href":"https:\/\/gigargios-history.com\/fr\/wp-json\/wp\/v2\/pages\/187","targetHints":{"allow":["GET"]}}],"collection":[{"href":"https:\/\/gigargios-history.com\/fr\/wp-json\/wp\/v2\/pages"}],"about":[{"href":"https:\/\/gigargios-history.com\/fr\/wp-json\/wp\/v2\/types\/page"}],"author":[{"embeddable":true,"href":"https:\/\/gigargios-history.com\/fr\/wp-json\/wp\/v2\/users\/1"}],"replies":[{"embeddable":true,"href":"https:\/\/gigargios-history.com\/fr\/wp-json\/wp\/v2\/comments?post=187"}],"version-history":[{"count":4,"href":"https:\/\/gigargios-history.com\/fr\/wp-json\/wp\/v2\/pages\/187\/revisions"}],"predecessor-version":[{"id":1450,"href":"https:\/\/gigargios-history.com\/fr\/wp-json\/wp\/v2\/pages\/187\/revisions\/1450"}],"up":[{"embeddable":true,"href":"https:\/\/gigargios-history.com\/fr\/wp-json\/wp\/v2\/pages\/181"}],"wp:featuredmedia":[{"embeddable":true,"href":"https:\/\/gigargios-history.com\/fr\/wp-json\/wp\/v2\/media\/202"}],"wp:attachment":[{"href":"https:\/\/gigargios-history.com\/fr\/wp-json\/wp\/v2\/media?parent=187"}],"curies":[{"name":"wp","href":"https:\/\/api.w.org\/{rel}","templated":true}]}}