{"id":181,"date":"2020-11-26T16:26:02","date_gmt":"2020-11-26T16:26:02","guid":{"rendered":"https:\/\/gigargios-history.com\/?page_id=181"},"modified":"2022-06-25T19:40:18","modified_gmt":"2022-06-25T19:40:18","slug":"compendium-info","status":"publish","type":"page","link":"https:\/\/gigargios-history.com\/fr\/compendium-info\/","title":{"rendered":"Recueil sur"},"content":{"rendered":"<section class=\"wp-block-themeisle-blocks-advanced-columns alignfull has-1-columns has-desktop-equal-layout has-tablet-equal-layout has-mobile-equal-layout has-nogap-gap has-vertical-center\" id=\"wp-block-themeisle-blocks-advanced-columns-2486197b\"><div class=\"wp-block-themeisle-blocks-advanced-columns-overlay\"><\/div><div class=\"innerblocks-wrap\">\n<div class=\"wp-block-themeisle-blocks-advanced-column\" id=\"wp-block-themeisle-blocks-advanced-column-fe550b0c\">\n<div style=\"height:1px\" aria-hidden=\"true\" class=\"wp-block-spacer\"><\/div>\n\n\n\n<section class=\"wp-block-themeisle-blocks-advanced-columns has-2-columns has-desktop-equal-layout has-tablet-collapsedRows-layout has-mobile-collapsedRows-layout has-nogap-gap has-vertical-center\" id=\"wp-block-themeisle-blocks-advanced-columns-3184f42c\"><div class=\"wp-block-themeisle-blocks-advanced-columns-overlay\"><\/div><div class=\"innerblocks-wrap\">\n<div class=\"wp-block-themeisle-blocks-advanced-column\" id=\"wp-block-themeisle-blocks-advanced-column-25f7ba07\">\n<div id=\"wp-block-themeisle-blocks-advanced-heading-89dd93bc\" class=\"wp-block-themeisle-blocks-advanced-heading wp-block-themeisle-blocks-advanced-heading-89dd93bc\"><\/div>\n\n\n\n<h1 id=\"wp-block-themeisle-blocks-advanced-heading-df0c1140\" class=\"wp-block-themeisle-blocks-advanced-heading wp-block-themeisle-blocks-advanced-heading-df0c1140\"><\/h1>\n<\/div>\n\n\n\n<div class=\"wp-block-themeisle-blocks-advanced-column\" id=\"wp-block-themeisle-blocks-advanced-column-5d7d25f9\"><\/div>\n<\/div><\/section>\n\n\n\n<section class=\"wp-block-themeisle-blocks-advanced-columns has-4-columns has-desktop-equal-layout has-tablet-equal-layout has-mobile-collapsedRows-layout has-nogap-gap has-vertical-center\" id=\"wp-block-themeisle-blocks-advanced-columns-65a32a72\"><div class=\"wp-block-themeisle-blocks-advanced-columns-overlay\"><\/div><div class=\"innerblocks-wrap\">\n<div class=\"wp-block-themeisle-blocks-advanced-column\" id=\"wp-block-themeisle-blocks-advanced-column-be46ba15\">\n<p class=\"wp-block-themeisle-blocks-font-awesome-icons\" id=\"wp-block-themeisle-blocks-font-awesome-icons-2674993e\"><span class=\"wp-block-themeisle-blocks-font-awesome-icons-container\"><a href=\"https:\/\/gigargios-history.com\/fr\/compendium-info\/gigargios-administration-system-summary\/\" target=\"_self\" rel=\"noopener noreferrer\"><i class=\"fas fa-adjust\"><\/i><\/a><\/span><\/p>\n\n\n\n<h3 class=\"has-text-align-left has-white-color has-text-color wp-block-heading\"> <a href=\"https:\/\/gigargios-history.com\/fr\/compendium-info\/gigargios-administration-system-summary\/\" data-type=\"URL\" data-id=\"https:\/\/gigargios-history.com\/compendium-info\/gigargios-administration-system-summary\/\"><img data-recalc-dims=\"1\" loading=\"lazy\" decoding=\"async\" width=\"300\" height=\"96\" class=\"wp-image-1134\" style=\"width: 300px;\" src=\"https:\/\/i0.wp.com\/gigargios-history.com\/wp-content\/uploads\/2022\/04\/botton-Gigargios-administration-system-summary-shorten.jpg?resize=300%2C96&#038;ssl=1\" alt=\"\" srcset=\"https:\/\/i0.wp.com\/gigargios-history.com\/wp-content\/uploads\/2022\/04\/botton-Gigargios-administration-system-summary-shorten.jpg?w=781&amp;ssl=1 781w, https:\/\/i0.wp.com\/gigargios-history.com\/wp-content\/uploads\/2022\/04\/botton-Gigargios-administration-system-summary-shorten.jpg?resize=300%2C96&amp;ssl=1 300w, https:\/\/i0.wp.com\/gigargios-history.com\/wp-content\/uploads\/2022\/04\/botton-Gigargios-administration-system-summary-shorten.jpg?resize=768%2C246&amp;ssl=1 768w, https:\/\/i0.wp.com\/gigargios-history.com\/wp-content\/uploads\/2022\/04\/botton-Gigargios-administration-system-summary-shorten.jpg?resize=18%2C6&amp;ssl=1 18w, https:\/\/i0.wp.com\/gigargios-history.com\/wp-content\/uploads\/2022\/04\/botton-Gigargios-administration-system-summary-shorten.jpg?resize=600%2C192&amp;ssl=1 600w\" sizes=\"auto, (max-width: 300px) 100vw, 300px\" \/><\/a><\/h3>\n\n\n\n<p class=\"has-text-align-left has-white-color has-text-color\"><a href=\"https:\/\/gigargios-history.com\/fr\/compendium-info\/gigargios-administration-system-summary\/\" data-type=\"URL\" data-id=\"https:\/\/gigargios-history.com\/compendium-info\/gigargios-administration-system-summary\/\">Gigargios est un pays compos\u00e9 de plusieurs sous-royaumes qui forment ensemble un corps<\/a><\/p>\n<\/div>\n\n\n\n<div class=\"wp-block-themeisle-blocks-advanced-column\" id=\"wp-block-themeisle-blocks-advanced-column-18309828\">\n<p class=\"wp-block-themeisle-blocks-font-awesome-icons\" id=\"wp-block-themeisle-blocks-font-awesome-icons-869f6743\"><span class=\"wp-block-themeisle-blocks-font-awesome-icons-container\"><a href=\"https:\/\/gigargios-history.com\/fr\/compendium-info\/aristocracy\/\" target=\"_self\" rel=\"noopener noreferrer\"><i class=\"fas fa-chess-pawn\"><\/i><\/a><\/span><\/p>\n\n\n\n<h3 class=\"has-text-align-left has-white-color has-text-color wp-block-heading\"> <a href=\"https:\/\/gigargios-history.com\/fr\/compendium-info\/aristocracy\/\" data-type=\"URL\" data-id=\"https:\/\/gigargios-history.com\/compendium-info\/aristocracy\/\"><img data-recalc-dims=\"1\" loading=\"lazy\" decoding=\"async\" width=\"250\" height=\"86\" class=\"wp-image-1136\" style=\"width: 250px;\" src=\"https:\/\/i0.wp.com\/gigargios-history.com\/wp-content\/uploads\/2022\/04\/Botton-Aristocracy-click-shorten.jpg?resize=250%2C86&#038;ssl=1\" alt=\"\" srcset=\"https:\/\/i0.wp.com\/gigargios-history.com\/wp-content\/uploads\/2022\/04\/Botton-Aristocracy-click-shorten.jpg?w=709&amp;ssl=1 709w, https:\/\/i0.wp.com\/gigargios-history.com\/wp-content\/uploads\/2022\/04\/Botton-Aristocracy-click-shorten.jpg?resize=300%2C103&amp;ssl=1 300w, https:\/\/i0.wp.com\/gigargios-history.com\/wp-content\/uploads\/2022\/04\/Botton-Aristocracy-click-shorten.jpg?resize=18%2C6&amp;ssl=1 18w, https:\/\/i0.wp.com\/gigargios-history.com\/wp-content\/uploads\/2022\/04\/Botton-Aristocracy-click-shorten.jpg?resize=600%2C206&amp;ssl=1 600w\" sizes=\"auto, (max-width: 250px) 100vw, 250px\" \/><\/a><\/h3>\n\n\n\n<p class=\"has-text-align-left has-white-color has-text-color\"><a href=\"https:\/\/gigargios-history.com\/fr\/compendium-info\/aristocracy\/\" data-type=\"URL\" data-id=\"https:\/\/gigargios-history.com\/compendium-info\/aristocracy\/\">Les aristocraties provinciales sont divis\u00e9es en clans, dont chacun d\u00e9tient le contr\u00f4le dans leurs propres lieux d'origine. \u2026<\/a><\/p>\n<\/div>\n\n\n\n<div class=\"wp-block-themeisle-blocks-advanced-column\" id=\"wp-block-themeisle-blocks-advanced-column-7e97e24f\">\n<h3 class=\"has-text-align-left has-white-color has-text-color wp-block-heading\">  <\/h3>\n\n\n\n<p class=\"wp-block-themeisle-blocks-font-awesome-icons\" id=\"wp-block-themeisle-blocks-font-awesome-icons-3b8dd1a1\"><span class=\"wp-block-themeisle-blocks-font-awesome-icons-container\"><a href=\"https:\/\/gigargios-history.com\/fr\/compendium-info\/monarch\/\" target=\"_self\" rel=\"noopener noreferrer\"><i class=\"fas fa-chess-king\"><\/i><\/a><\/span><\/p>\n\n\n\n<p><\/p>\n\n\n\n<p><a href=\"https:\/\/gigargios-history.com\/fr\/compendium-info\/monarch\/\" data-type=\"URL\" data-id=\"https:\/\/gigargios-history.com\/compendium-info\/monarch\/\"><img data-recalc-dims=\"1\" loading=\"lazy\" decoding=\"async\" width=\"285\" height=\"98\" class=\"wp-image-1138\" style=\"width: 285px;\" src=\"https:\/\/i0.wp.com\/gigargios-history.com\/wp-content\/uploads\/2022\/04\/botton-Monarch-click-shorten.jpg?resize=285%2C98&#038;ssl=1\" alt=\"\" srcset=\"https:\/\/i0.wp.com\/gigargios-history.com\/wp-content\/uploads\/2022\/04\/botton-Monarch-click-shorten.jpg?w=676&amp;ssl=1 676w, https:\/\/i0.wp.com\/gigargios-history.com\/wp-content\/uploads\/2022\/04\/botton-Monarch-click-shorten.jpg?resize=300%2C103&amp;ssl=1 300w, https:\/\/i0.wp.com\/gigargios-history.com\/wp-content\/uploads\/2022\/04\/botton-Monarch-click-shorten.jpg?resize=18%2C6&amp;ssl=1 18w, https:\/\/i0.wp.com\/gigargios-history.com\/wp-content\/uploads\/2022\/04\/botton-Monarch-click-shorten.jpg?resize=600%2C207&amp;ssl=1 600w\" sizes=\"auto, (max-width: 285px) 100vw, 285px\" \/><\/a><\/p>\n\n\n\n<p class=\"has-text-align-left has-white-color has-text-color\"><a href=\"https:\/\/gigargios-history.com\/fr\/compendium-info\/monarch\/\" data-type=\"URL\" data-id=\"https:\/\/gigargios-history.com\/compendium-info\/monarch\/\">MONARQUE EST LE CHEF DE L'ETAT. Il exerce le pouvoir sur le pays. Entre autres d\u00e9finit la loi ou le niveau ..<\/a><\/p>\n<\/div>\n\n\n\n<div class=\"wp-block-themeisle-blocks-advanced-column\" id=\"wp-block-themeisle-blocks-advanced-column-371034a5\">\n<p class=\"wp-block-themeisle-blocks-font-awesome-icons\" id=\"wp-block-themeisle-blocks-font-awesome-icons-00519227\"><span class=\"wp-block-themeisle-blocks-font-awesome-icons-container\"><a href=\"https:\/\/gigargios-history.com\/fr\/compendium-info\/agriculture\/\" target=\"_self\" rel=\"noopener noreferrer\"><i class=\"fas fa-atlas\"><\/i><\/a><\/span><\/p>\n\n\n\n<h3 class=\"has-text-align-left has-white-color has-text-color wp-block-heading\"> <a href=\"https:\/\/gigargios-history.com\/fr\/compendium-info\/agriculture\/\" data-type=\"URL\" data-id=\"https:\/\/gigargios-history.com\/compendium-info\/agriculture\/\"><img data-recalc-dims=\"1\" loading=\"lazy\" decoding=\"async\" width=\"200\" height=\"72\" class=\"wp-image-1139\" style=\"width: 200px;\" src=\"https:\/\/i0.wp.com\/gigargios-history.com\/wp-content\/uploads\/2022\/04\/Botton-Agriculture-shorten.jpg?resize=200%2C72&#038;ssl=1\" alt=\"\" srcset=\"https:\/\/i0.wp.com\/gigargios-history.com\/wp-content\/uploads\/2022\/04\/Botton-Agriculture-shorten.jpg?w=656&amp;ssl=1 656w, https:\/\/i0.wp.com\/gigargios-history.com\/wp-content\/uploads\/2022\/04\/Botton-Agriculture-shorten.jpg?resize=300%2C108&amp;ssl=1 300w, https:\/\/i0.wp.com\/gigargios-history.com\/wp-content\/uploads\/2022\/04\/Botton-Agriculture-shorten.jpg?resize=18%2C7&amp;ssl=1 18w, https:\/\/i0.wp.com\/gigargios-history.com\/wp-content\/uploads\/2022\/04\/Botton-Agriculture-shorten.jpg?resize=600%2C217&amp;ssl=1 600w\" sizes=\"auto, (max-width: 200px) 100vw, 200px\" \/><\/a><\/h3>\n\n\n\n<p class=\"has-text-align-left has-white-color has-text-color\"><a href=\"https:\/\/gigargios-history.com\/fr\/compendium-info\/agriculture\/\" data-type=\"URL\" data-id=\"https:\/\/gigargios-history.com\/compendium-info\/agriculture\/\"><strong>L'agriculture est un secteur cl\u00e9 de l'\u00e9conomie<\/strong>, dont la productivit\u00e9 d\u00e9pend de l'alimentation du pays..<\/a><\/p>\n<\/div>\n<\/div><\/section>\n<\/div>\n<\/div><\/section>\n\n\n\n<section class=\"wp-block-themeisle-blocks-advanced-columns alignfull has-1-columns has-desktop-equal-layout has-tablet-equal-layout has-mobile-equal-layout has-nogap-gap has-vertical-center\" id=\"wp-block-themeisle-blocks-advanced-columns-6c366768\"><div class=\"wp-block-themeisle-blocks-advanced-columns-overlay\"><\/div><div class=\"innerblocks-wrap\">\n<div class=\"wp-block-themeisle-blocks-advanced-column\" id=\"wp-block-themeisle-blocks-advanced-column-33b96c18\">\n<div style=\"height:20px\" aria-hidden=\"true\" class=\"wp-block-spacer\"><\/div>\n\n\n\n<section class=\"wp-block-themeisle-blocks-advanced-columns has-2-columns has-desktop-equal-layout has-tablet-collapsedRows-layout has-mobile-collapsedRows-layout has-nogap-gap has-vertical-center\" id=\"wp-block-themeisle-blocks-advanced-columns-778d4d65\"><div class=\"wp-block-themeisle-blocks-advanced-columns-overlay\"><\/div><div class=\"innerblocks-wrap\">\n<div class=\"wp-block-themeisle-blocks-advanced-column\" id=\"wp-block-themeisle-blocks-advanced-column-7a5280cb\">\n<div id=\"wp-block-themeisle-blocks-advanced-heading-09b917e7\" class=\"wp-block-themeisle-blocks-advanced-heading wp-block-themeisle-blocks-advanced-heading-09b917e7\"><\/div>\n\n\n\n<h1 id=\"wp-block-themeisle-blocks-advanced-heading-965f197d\" class=\"wp-block-themeisle-blocks-advanced-heading wp-block-themeisle-blocks-advanced-heading-965f197d\"><\/h1>\n<\/div>\n\n\n\n<div class=\"wp-block-themeisle-blocks-advanced-column\" id=\"wp-block-themeisle-blocks-advanced-column-5a755491\"><\/div>\n<\/div><\/section>\n\n\n\n<section class=\"wp-block-themeisle-blocks-advanced-columns has-4-columns has-desktop-equal-layout has-tablet-equal-layout has-mobile-collapsedRows-layout has-nogap-gap has-vertical-center\" id=\"wp-block-themeisle-blocks-advanced-columns-12cbb334\"><div class=\"wp-block-themeisle-blocks-advanced-columns-overlay\"><\/div><div class=\"innerblocks-wrap\">\n<div class=\"wp-block-themeisle-blocks-advanced-column\" id=\"wp-block-themeisle-blocks-advanced-column-76a11267\">\n<p class=\"wp-block-themeisle-blocks-font-awesome-icons\" id=\"wp-block-themeisle-blocks-font-awesome-icons-157aca69\"><span class=\"wp-block-themeisle-blocks-font-awesome-icons-container\"><a href=\"https:\/\/gigargios-history.com\/fr\/compendium-info\/flag\/\" target=\"_self\" rel=\"noopener noreferrer\"><i class=\"far fa-flag\"><\/i><\/a><\/span><\/p>\n\n\n\n<h3 class=\"has-text-align-left has-white-color has-text-color wp-block-heading\"> <a href=\"https:\/\/gigargios-history.com\/fr\/compendium-info\/flag\/\" data-type=\"URL\" data-id=\"https:\/\/gigargios-history.com\/compendium-info\/flag\/\"><img data-recalc-dims=\"1\" loading=\"lazy\" decoding=\"async\" width=\"250\" height=\"92\" class=\"wp-image-1140\" style=\"width: 250px;\" src=\"https:\/\/i0.wp.com\/gigargios-history.com\/wp-content\/uploads\/2022\/04\/Botton-Flag-click-shorten.jpg?resize=250%2C92&#038;ssl=1\" alt=\"\" srcset=\"https:\/\/i0.wp.com\/gigargios-history.com\/wp-content\/uploads\/2022\/04\/Botton-Flag-click-shorten.jpg?w=597&amp;ssl=1 597w, https:\/\/i0.wp.com\/gigargios-history.com\/wp-content\/uploads\/2022\/04\/Botton-Flag-click-shorten.jpg?resize=300%2C111&amp;ssl=1 300w, https:\/\/i0.wp.com\/gigargios-history.com\/wp-content\/uploads\/2022\/04\/Botton-Flag-click-shorten.jpg?resize=18%2C7&amp;ssl=1 18w\" sizes=\"auto, (max-width: 250px) 100vw, 250px\" \/><\/a> <\/h3>\n\n\n\n<p class=\"has-text-align-left has-white-color has-text-color\"><a href=\"https:\/\/gigargios-history.com\/fr\/compendium-info\/flag\/\" data-type=\"URL\" data-id=\"https:\/\/gigargios-history.com\/compendium-info\/flag\/\">the most recognizable symbol of the state. They were used from beginning&nbsp; existence of statehood. As a symbol of the institution that rules over its subordinate ..<\/a><\/p>\n<\/div>\n\n\n\n<div class=\"wp-block-themeisle-blocks-advanced-column\" id=\"wp-block-themeisle-blocks-advanced-column-0a80c099\">\n<p class=\"wp-block-themeisle-blocks-font-awesome-icons\" id=\"wp-block-themeisle-blocks-font-awesome-icons-d6e1f6a5\"><span class=\"wp-block-themeisle-blocks-font-awesome-icons-container\"><a href=\"https:\/\/gigargios-history.com\/fr\/marcin-franczak\/\" target=\"_self\" rel=\"noopener noreferrer\"><i class=\"fas fa-brain\"><\/i><\/a><\/span><\/p>\n\n\n\n<h3 class=\"has-text-align-left has-white-color has-text-color wp-block-heading\"><a href=\"https:\/\/gigargios-history.com\/fr\/marcin-franczak\/\" data-type=\"URL\" data-id=\"https:\/\/gigargios-history.com\/marcin-franczak\/\"><img data-recalc-dims=\"1\" loading=\"lazy\" decoding=\"async\" width=\"250\" height=\"92\" class=\"wp-image-1141\" style=\"width: 250px;\" src=\"https:\/\/i0.wp.com\/gigargios-history.com\/wp-content\/uploads\/2022\/04\/botton-Marcin-an-Author-shorten.jpg?resize=250%2C92&#038;ssl=1\" alt=\"\" srcset=\"https:\/\/i0.wp.com\/gigargios-history.com\/wp-content\/uploads\/2022\/04\/botton-Marcin-an-Author-shorten.jpg?w=593&amp;ssl=1 593w, https:\/\/i0.wp.com\/gigargios-history.com\/wp-content\/uploads\/2022\/04\/botton-Marcin-an-Author-shorten.jpg?resize=300%2C111&amp;ssl=1 300w, https:\/\/i0.wp.com\/gigargios-history.com\/wp-content\/uploads\/2022\/04\/botton-Marcin-an-Author-shorten.jpg?resize=18%2C7&amp;ssl=1 18w\" sizes=\"auto, (max-width: 250px) 100vw, 250px\" \/><\/a><\/h3>\n\n\n\n<p class=\"has-text-align-left has-white-color has-text-color\"><a href=\"https:\/\/gigargios-history.com\/fr\/marcin-franczak\/\" data-type=\"URL\" data-id=\"https:\/\/gigargios-history.com\/marcin-franczak\/\">Marcin Franczak, l'auteur une s\u00e9rie  du livre \"Gigargios-history\", n'est pas seulement un auteur fantastique, mais aussi un penseur, un analytique.<\/a><\/p>\n<\/div>\n\n\n\n<div class=\"wp-block-themeisle-blocks-advanced-column\" id=\"wp-block-themeisle-blocks-advanced-column-9bbf320f\">\n<p class=\"wp-block-themeisle-blocks-font-awesome-icons\" id=\"wp-block-themeisle-blocks-font-awesome-icons-dab34635\"><span class=\"wp-block-themeisle-blocks-font-awesome-icons-container\"><a href=\"https:\/\/gigargios-history.com\/fr\/capital\/\" target=\"_self\" rel=\"noopener noreferrer\"><i class=\"fas fa-asterisk\"><\/i><\/a><\/span><\/p>\n\n\n\n<h3 class=\"has-text-align-left has-white-color has-text-color wp-block-heading\"><a href=\"https:\/\/gigargios-history.com\/fr\/capital\/\" data-type=\"URL\" data-id=\"https:\/\/gigargios-history.com\/capital\/\"><img data-recalc-dims=\"1\" loading=\"lazy\" decoding=\"async\" width=\"220\" height=\"84\" class=\"wp-image-1244\" style=\"width: 220px;\" src=\"https:\/\/i0.wp.com\/gigargios-history.com\/wp-content\/uploads\/2022\/06\/Capital-2-e1656180750955.jpg?resize=220%2C84&#038;ssl=1\" alt=\"\" srcset=\"https:\/\/i0.wp.com\/gigargios-history.com\/wp-content\/uploads\/2022\/06\/Capital-2-e1656180750955.jpg?w=589&amp;ssl=1 589w, https:\/\/i0.wp.com\/gigargios-history.com\/wp-content\/uploads\/2022\/06\/Capital-2-e1656180750955.jpg?resize=300%2C115&amp;ssl=1 300w, https:\/\/i0.wp.com\/gigargios-history.com\/wp-content\/uploads\/2022\/06\/Capital-2-e1656180750955.jpg?resize=18%2C7&amp;ssl=1 18w\" sizes=\"auto, (max-width: 220px) 100vw, 220px\" \/><\/a><\/h3>\n\n\n\n<p class=\"has-text-align-left has-white-color has-text-color\"><a href=\"https:\/\/gigargios-history.com\/fr\/capital\/\" data-type=\"URL\" data-id=\"https:\/\/gigargios-history.com\/capital\/\">L'objet le plus important du pays, la fiert\u00e9 nationale. \u00c0 propos de son emplacement et du plan de construction, Gigargios a d\u00e9cid\u00e9. Tout comme l'unification<\/a><\/p>\n<\/div>\n\n\n\n<div class=\"wp-block-themeisle-blocks-advanced-column\" id=\"wp-block-themeisle-blocks-advanced-column-7e86eacc\">\n<p class=\"wp-block-themeisle-blocks-font-awesome-icons\" id=\"wp-block-themeisle-blocks-font-awesome-icons-01462973\"><span class=\"wp-block-themeisle-blocks-font-awesome-icons-container\"><i class=\"fas fa-asterisk\"><\/i><\/span><\/p>\n\n\n\n<h3 class=\"has-text-align-left has-white-color has-text-color wp-block-heading\"><\/h3>\n\n\n\n<p class=\"has-text-align-left has-white-color has-text-color\"><\/p>\n<\/div>\n<\/div><\/section>\n<\/div>\n<\/div><\/section>\n\n\n\n<div class=\"wp-block-buttons is-layout-flex wp-block-buttons-is-layout-flex\">\n\n\n\n<\/div>","protected":false},"excerpt":{"rendered":"","protected":false},"author":1,"featured_media":724,"parent":0,"menu_order":0,"comment_status":"closed","ping_status":"closed","template":"","meta":{"om_disable_all_campaigns":false,"footnotes":""},"class_list":["post-181","page","type-page","status-publish","has-post-thumbnail","hentry"],"jetpack_sharing_enabled":true,"_links":{"self":[{"href":"https:\/\/gigargios-history.com\/fr\/wp-json\/wp\/v2\/pages\/181","targetHints":{"allow":["GET"]}}],"collection":[{"href":"https:\/\/gigargios-history.com\/fr\/wp-json\/wp\/v2\/pages"}],"about":[{"href":"https:\/\/gigargios-history.com\/fr\/wp-json\/wp\/v2\/types\/page"}],"author":[{"embeddable":true,"href":"https:\/\/gigargios-history.com\/fr\/wp-json\/wp\/v2\/users\/1"}],"replies":[{"embeddable":true,"href":"https:\/\/gigargios-history.com\/fr\/wp-json\/wp\/v2\/comments?post=181"}],"version-history":[{"count":26,"href":"https:\/\/gigargios-history.com\/fr\/wp-json\/wp\/v2\/pages\/181\/revisions"}],"predecessor-version":[{"id":1275,"href":"https:\/\/gigargios-history.com\/fr\/wp-json\/wp\/v2\/pages\/181\/revisions\/1275"}],"wp:featuredmedia":[{"embeddable":true,"href":"https:\/\/gigargios-history.com\/fr\/wp-json\/wp\/v2\/media\/724"}],"wp:attachment":[{"href":"https:\/\/gigargios-history.com\/fr\/wp-json\/wp\/v2\/media?parent=181"}],"curies":[{"name":"wp","href":"https:\/\/api.w.org\/{rel}","templated":true}]}}