{"id":1330,"date":"2022-07-28T00:47:58","date_gmt":"2022-07-28T00:47:58","guid":{"rendered":"https:\/\/gigargios-history.com\/?page_id=1330"},"modified":"2022-07-28T00:48:01","modified_gmt":"2022-07-28T00:48:01","slug":"femitarismus-in-voller-sicht","status":"publish","type":"page","link":"https:\/\/gigargios-history.com\/fr\/femitarismus-in-voller-sicht\/","title":{"rendered":"Femitarismus in voller Sicht"},"content":{"rendered":"<p class=\"has-text-color has-medium-font-size\" style=\"color:#8a3e77\">In Bezug auf den vorherigen Posten des Femitarialismus<\/p>\n\n\n\n<p class=\"has-text-color\" style=\"color:#612c10;font-size:19px\">Ich erweitere dieses Thema und setze und Beispiele, die meine These best\u00e4tigen. 1. Wie bereits erw\u00e4hnt, ist Femitarialismus eine Form der liberalen Ordnung, die Frauen gegen\u00fcber M\u00e4nnern privilegiert. Urspr\u00fcnglich diente es dazu, sie zu sch\u00fctzen, da Frauen in den 50er Jahren tats\u00e4chlich weniger Rechte hatten und Gegenstand h\u00e4uslicher Gewalt waren. Auch die universelle Vorstellung, dass alle Menschen gleich sind, hat die Politik insbesondere der USA ver\u00e4ndert, um Frauen die gleichen Rechte zu gew\u00e4hren. Was nicht einfach war, da die Gesellschaft weltweit patriarchalisch war. So hat die US-Regierung zusammen mit mehreren anderen L\u00e4ndern in der Folge und nach und nach eine starke Abstufung der Frauen vorgenommen und viele Kampagnen ins Leben gerufen, die die Unabh\u00e4ngigkeit und Macht der Frauen f\u00f6rdern.<\/p>\n\n\n\n<p>Parallel zu diesen Ereignissen haben sich in den 70er und 80er Jahren feministische Bewegungen gebildet. Es steht au\u00dfer Frage, dass die \u201eFrauenrechte\u201c von Jahrzehnt zu Jahrzehnt zugenommen haben. Bis reich ist es in den 80ern in vollem Umfang. Leider endete die Gleichstellung der Frauen auf dem Arbeitsmarkt damit nicht. Dennoch wurden sie gesetzlich als \u201eschw\u00e4cheres Geschlecht\u201c anerkannt. Dadurch gewannen Frauen in wichtigen F\u00e4llen jeden Prozess vor Gericht gegen M\u00e4nner. Dies betrifft insbesondere Scheidungsl\u00f6sungen, bei denen Frauen sichtlich eher auf der Seite stehen. Die f\u00fcr <strong><a rel=\"noreferrer noopener\" href=\"https:\/\/www.youtube.com\/watch?app=desktop&amp;v=-as3JaiYPV8\" data-type=\"URL\" data-id=\"https:\/\/www.youtube.com\/watch?app=desktop&amp;v=-as3JaiYPV8\" target=\"_blank\">Scheidungsm\u00e4nner <\/a><\/strong>viel gekostet haben. Und in der Folgezeit Angst vor M\u00e4nnern, sich <strong><a rel=\"noreferrer noopener\" href=\"https:\/\/www.youtube.com\/watch?app=desktop&amp;v=EWLJxDS_bRA\" data-type=\"URL\" data-id=\"https:\/\/www.youtube.com\/watch?app=desktop&amp;v=EWLJxDS_bRA\" target=\"_blank\">zu<\/a><\/strong> <strong><a rel=\"noreferrer noopener\" href=\"https:\/\/www.youtube.com\/watch?app=desktop&amp;v=EWLJxDS_bRA\" data-type=\"URL\" data-id=\"https:\/\/www.youtube.com\/watch?app=desktop&amp;v=EWLJxDS_bRA\" target=\"_blank\">engagieren<\/a><\/strong>. Leider sind die <strong><a rel=\"noreferrer noopener\" href=\"https:\/\/www.youtube.com\/watch?app=desktop&amp;v=2SBQlaS9odQ\" data-type=\"URL\" data-id=\"https:\/\/www.youtube.com\/watch?app=desktop&amp;v=2SBQlaS9odQ\" target=\"_blank\">Privilegien<\/a><\/strong> der <strong><a rel=\"noreferrer noopener\" href=\"https:\/\/www.youtube.com\/watch?app=desktop&amp;v=2SBQlaS9odQ\" data-type=\"URL\" data-id=\"https:\/\/www.youtube.com\/watch?app=desktop&amp;v=2SBQlaS9odQ\" target=\"_blank\">Frauen<\/a><\/strong> nicht nur der Fall. Auch die Qualit\u00e4t des <strong><a rel=\"noreferrer noopener\" href=\"https:\/\/www.youtube.com\/watch?app=desktop&amp;v=qrjm6xb90-I\" data-type=\"URL\" data-id=\"https:\/\/www.youtube.com\/watch?app=desktop&amp;v=qrjm6xb90-I\" target=\"_blank\">westlichen<\/a><\/strong> <strong><a rel=\"noreferrer noopener\" href=\"https:\/\/www.youtube.com\/watch?app=desktop&amp;v=qrjm6xb90-I\" data-type=\"URL\" data-id=\"https:\/\/www.youtube.com\/watch?app=desktop&amp;v=qrjm6xb90-I\" target=\"_blank\">Frauencharakters<\/a><\/strong> nimmt in der Folge ab. Frauen wurden von klein auf sowohl zu Hause als auch in der Schule mit <strong><a href=\"https:\/\/www.youtube.com\/watch?app=desktop&amp;v=6B5ky4xwtrw\" data-type=\"URL\" data-id=\"https:\/\/www.youtube.com\/watch?app=desktop&amp;v=6B5ky4xwtrw\" target=\"_blank\" rel=\"noreferrer noopener\">gro\u00dfer Nachsicht<\/a><\/strong> behandelt, w\u00e4hrend M\u00e4nner zunehmend als Geschlecht missachtet wurden. Seitdem orientiert sich die Welt weniger an schwerer Arbeit, die nur von ihnen verrichtet wird. Dazu kommt der neue Feind, der Frauen einer Gehirnw\u00e4sche unterzogen hat. Die <strong><a href=\"https:\/\/www.youtube.com\/watch?v=iLt-ymXNf-w\" data-type=\"URL\" data-id=\"https:\/\/www.youtube.com\/watch?v=iLt-ymXNf-w\" target=\"_blank\" rel=\"noreferrer noopener\">sozialen Medien<\/a><\/strong>.<\/p>\n\n\n\n<p>Anfangs denken die meisten Menschen \u00fcber <strong><span style=\"text-decoration: underline;\"><a rel=\"noreferrer noopener\" href=\"https:\/\/www.youtube.com\/watch?v=PmEDAzqswh8\" data-type=\"URL\" data-id=\"https:\/\/www.youtube.com\/watch?v=PmEDAzqswh8\" target=\"_blank\">soziale Medien<\/a><\/span><\/strong> im Internet nach etwas rein Gutem. Das hilft, die Menschen zu verbinden. In der Tat ist es n\u00fctzlich. Im Laufe der Zeit haben sich jedoch sch\u00e4dliche Nebenwirkungen erwiesen. Facebook und sp\u00e4ter Instagram fangen spontan an, Frauen \u00fcber das Aussehen zu <strong><a rel=\"noreferrer noopener\" href=\"https:\/\/www.youtube.com\/watch?v=wHWc31B24Rw\" data-type=\"URL\" data-id=\"https:\/\/www.youtube.com\/watch?v=wHWc31B24Rw\" target=\"_blank\">graduieren<\/a><\/strong>. Mit der Zeit wurde es sichtbarer und sch\u00e4dlicher. Frauen, besonders j\u00fcngere, erwerben die anspruchsberechtigte Disposition. Vereinfachen Sie ihr Ego durch diese Apps, die ihr Verhalten ge\u00e4ndert haben. Sie sind berechtigt geworden, es anzufordern. Sowohl die Umwelt als auch diese sozialen <strong><a rel=\"noreferrer noopener\" href=\"https:\/\/www.youtube.com\/watch?v=rSexNUQbxBg\" data-type=\"URL\" data-id=\"https:\/\/www.youtube.com\/watch?v=rSexNUQbxBg\" target=\"_blank\">Apps<\/a><\/strong> haben <strong><a rel=\"noreferrer noopener\" href=\"https:\/\/www.youtube.com\/watch?v=vcCXhGWYBQw\" data-type=\"URL\" data-id=\"https:\/\/www.youtube.com\/watch?v=vcCXhGWYBQw\" target=\"_blank\">ihnen <\/a><\/strong>eine privilegierte Denkweise <a rel=\"noreferrer noopener\" href=\"https:\/\/www.youtube.com\/watch?v=9HnwGh-phfA\" data-type=\"URL\" data-id=\"https:\/\/www.youtube.com\/watch?v=9HnwGh-phfA\" target=\"_blank\">eingefl\u00f6\u00dft<\/a>. Junge Damen mit liebevoller Familie, die in <strong><a rel=\"noreferrer noopener\" href=\"https:\/\/www.youtube.com\/watch?v=ChoOExRLT4Q\" data-type=\"URL\" data-id=\"https:\/\/www.youtube.com\/watch?v=ChoOExRLT4Q\" target=\"_blank\">ihre<\/a><\/strong> <a rel=\"noreferrer noopener\" href=\"https:\/\/www.youtube.com\/watch?v=ChoOExRLT4Q\" data-type=\"URL\" data-id=\"https:\/\/www.youtube.com\/watch?v=ChoOExRLT4Q\" target=\"_blank\">Nachkommen<\/a> grundlegende Werte einf\u00fcgen, k\u00f6nnen als Ausnahme von diesem Schema anerkannt werden. Aber heute sind die Eltern im Leben ihrer Kinder nicht anwesend. Zur\u00fcck zum Thema. Die Apps wie Instagram Tiki Tok vergiften Frauen in ihrer Egozentrik, w\u00e4hrend M\u00e4nner sie in blendender Bewunderung versp\u00fcren. Die Apps wie <strong><a rel=\"noreferrer noopener\" href=\"https:\/\/www.youtube.com\/watch?v=rkZPu1b29ew\" data-type=\"URL\" data-id=\"https:\/\/www.youtube.com\/watch?v=rkZPu1b29ew\" target=\"_blank\">Tinder<\/a><\/strong> entstehen als Aufstieg sogenannter \u201esexueller Raubtiere\u201c, die die d\u00fcnne Anzahl der <span style=\"text-decoration: underline;\">am erfolgreichsten<\/span> M\u00e4nner sind, die die Aufmerksamkeit der meisten weiblichen Benutzer auf sich ziehen. Denn wie Sie sehen, fangen die Frauen an, M\u00e4nner zu M\u00e4nner <a rel=\"noreferrer noopener\" href=\"https:\/\/www.youtube.com\/watch?v=SZavkRHgQKY&amp;t=188s\" data-type=\"URL\" data-id=\"https:\/\/www.youtube.com\/watch?v=SZavkRHgQKY&amp;t=188s\" target=\"_blank\"><strong>einstufen<\/strong><\/a>, w\u00e4hrend sie noch strenger aussehen als M\u00e4nner. Welches ist der <strong><a href=\"https:\/\/www.youtube.com\/watch?v=35fiNZTVVtU\" data-type=\"URL\" data-id=\"https:\/\/www.youtube.com\/watch?v=35fiNZTVVtU\" target=\"_blank\" rel=\"noreferrer noopener\">erw\u00e4hnte Nebeneffekt<\/a><\/strong> von Social Apps. All dies trug zur Beschleunigung polygamer Verhaltensweisen bei jungen erwachsenen Frauen bei. Sowohl \u00fcber soziale Apps als auch auf realem Boden. Diese Beispiele sind vereinfacht und beschreiben die amerikanische Gesellschaft am besten. Damit einher geht der Aufstieg <strong><a href=\"https:\/\/www.youtube.com\/watch?app=desktop&amp;v=XLyCOFYBONY\" data-type=\"URL\" data-id=\"https:\/\/www.youtube.com\/watch?app=desktop&amp;v=XLyCOFYBONY\" target=\"_blank\" rel=\"noreferrer noopener\">alleinerziehender<\/a><\/strong> M\u00fctter, wie man ihn aus der Zeit der Weltkriege nicht mehr kennt. Einige von ihnen kennen keinen richtigen Vater ihrer Nachkommen. Wieder kamen ihnen protektionistische Regierungen zu Hilfe, indem sie soziale Dotationen anboten und den Heldenmut junger berufst\u00e4tiger alleinerziehender M\u00fctter zum Ausdruck brachten, anstatt eine Dosis Kritik zu \u00fcben. Tats\u00e4chlich sind moderne Regierungen nicht bereit, Frauen f\u00fcr ihre Entscheidungen zu kritisieren, egal wie verantwortungslos sie sind. Die freie Liebe ist gesellschaftlich akzeptiert und zuf\u00e4llige Folgen wie eine Schwangerschaft sind nur Nebeneffekte davon.<\/p>\n\n\n\n<p>Frauen sind in vielen Lebensbereichen privilegiert. Eingliederung in den <strong><a href=\"https:\/\/www.youtube.com\/watch?v=4_e2DIhi_yw&amp;t=1s\" data-type=\"URL\" data-id=\"https:\/\/www.youtube.com\/watch?v=4_e2DIhi_yw&amp;t=1s\" target=\"_blank\" rel=\"noreferrer noopener\">Arbeitsmarkt<\/a><\/strong>. Einige neuere Studien ver\u00f6ffentlichten, dass Frauen heutzutage bei B\u00fcroarbeiten willkommener sind als M\u00e4nner. Vor allem von m\u00e4nnlichen F\u00fchrungskr\u00e4ften. Die Gr\u00fcnde daf\u00fcr sind, dass sie sich weniger beschweren und einfach billiger sind. Inoffiziell, weil das informelle Beziehungen zu Kollegen erm\u00f6glicht.<\/p>\n\n\n\n<p>Einige m\u00f6gen jedoch vermuten, dass dies das Ergebnis einer zunehmend steigenden Anzahl von Frauen mit Hochschulabschluss ist und in einigen L\u00e4ndern ihre Anzahl die der M\u00e4nner \u00fcbersteigt. Allerdings liegt es an der gestiegenen Arbeitslosigkeit von Menschen nach dem Hochschulabschluss, dass viele M\u00e4nner die Hochschulbildung abbrechen, der Grund daf\u00fcr. Vor allem in den USA. Wo das College Zehntausende gekostet hat.<\/p>\n\n\n\n<p>In all dem scheinen M\u00e4nner unsichtbar zu sein. Sogar unbeachtet. All dies geschieht, weil sich die Regierungen westlicher L\u00e4nder an der Weltbeobachtung aus Frauenperspektive orientieren. Dies ist weitgehend hoch in den USA, Gro\u00dfbritannien und <strong><a href=\"https:\/\/www.youtube.com\/watch?v=9HwfVPmFNlg\" data-type=\"URL\" data-id=\"https:\/\/www.youtube.com\/watch?v=9HwfVPmFNlg\" target=\"_blank\" rel=\"noreferrer noopener\">Schweden<\/a><\/strong>.<\/p>\n\n\n\n<p>W\u00e4hrend M\u00e4nner in modernen <strong><a href=\"https:\/\/www.youtube.com\/watch?v=PVrjozFHCr4\" data-type=\"URL\" data-id=\"https:\/\/www.youtube.com\/watch?v=PVrjozFHCr4\" target=\"_blank\" rel=\"noreferrer noopener\">Gesellschaften<\/a><\/strong>, in denen Jobs von Maschinen erledigt werden, missachtet oder sogar <strong><a href=\"https:\/\/www.youtube.com\/watch?v=dwW1fs9wpSM\" data-type=\"URL\" data-id=\"https:\/\/www.youtube.com\/watch?v=dwW1fs9wpSM\" target=\"_blank\" rel=\"noreferrer noopener\">nutzlos<\/a><\/strong> sind. Das ist eine <a href=\"https:\/\/www.youtube.com\/watch?v=FNWSX7EWjYI\" data-type=\"URL\" data-id=\"https:\/\/www.youtube.com\/watch?v=FNWSX7EWjYI\" target=\"_blank\" rel=\"noreferrer noopener\"><strong>sch\u00e4dliche<\/strong> <\/a>Aussage, aber in vielen F\u00e4llen ausreichend. Was falsch ist, denn missachtete und gebrauchte M\u00e4nner sind die Kraft, die respektiert werden sollte. Die Geschichte kennt keine Revolutionen und Staatsstreiche, die von Frauen begangen wurden. Es sei denn, jemand weist auf soziale Ver\u00e4nderungen in den 60er und 70er Jahren hin. Aber das ist ein Mann, der Kraft hat und sich mit anderen M\u00e4nnern zusammenschlie\u00dft, die seiner Veranlagung \u00e4hnlich sind, kann die Reihenfolge \u00e4ndern, wenn es n\u00f6tig ist.<\/p>\n\n\n\n<p><\/p>\n\n\n\n<p>Eine Dosis davon konnten wir am 6. <a href=\"https:\/\/www.youtube.com\/watch?v=270F8s5TEKY\" data-type=\"URL\" data-id=\"https:\/\/www.youtube.com\/watch?v=270F8s5TEKY\" target=\"_blank\" rel=\"noreferrer noopener\"><strong>Januar<\/strong><\/a> sehen, als Trump-Anh\u00e4nger die Hauptstadt st\u00fcrmten. Stellen Sie sicher, dass dies nur ein kleines Ereignis war, das nur die Anh\u00e4ufung von Wut unter M\u00e4nnern zeigt. Leider in die falsche Richtung gewiesen. Denn Trump ist nicht der Mann, der ihren Zustand verbessern kann. Stellen Sie sicher, dass er kein patriarchalischer Lider ist. Er sch\u00e4tzt Geld \u00fcber alles und h\u00fcbsche Frauen ziehen das Geld an. In seiner lebenslangen Karriere hat er sich als <strong><a href=\"https:\/\/www.youtube.com\/watch?v=KvVp5dsuAGA\" data-type=\"URL\" data-id=\"https:\/\/www.youtube.com\/watch?v=KvVp5dsuAGA\" target=\"_blank\" rel=\"noreferrer noopener\">sexist<\/a><\/strong>, aber nicht patriarchalischer Mann erwiesen.<\/p>\n\n\n\n<p>Vor allem geht es nicht um patriarchalische Haltung. Stattdessen geht es um Gleichheit und Harmonie zwischen den Geschlechtern, die heute schwer zu messen sind<\/p>\n\n\n\n<p>Einige liberale Kritiker setzen auf das patriarchalische Modell der Familie mit Arbeitern und Hausfrau. Dieses Modell ist veraltet und privilegiert Frauen in einem weiteren Beispiel. In der Tat hatte dieses Modell in der Vergangenheit einen Sinn. Aber dann trugen die Frauen Hausarbeiten mit Arbeitskraft. Was die regul\u00e4re Arbeit ersetzte. In Zeiten, in denen keine Maschinen helfen sollten.<\/p>\n\n\n\n<p>Heute ist das anders. Und Inflation und steigende Lebenshaltungskosten verlangen, dass Frauen die Arbeit mit M\u00e4nnern in Ehen teilen.<\/p>\n\n\n\n<p>Au\u00dferdem sind Frauen ehrgeizig und wollen in einer bestimmten Branche arbeiten und Karriere machen.<\/p>\n\n\n\n<p>Und einige von ihnen verdienen mehr als ihre Partner. Das er\u00f6ffnet sogar den Anblick, seine Rolle zu \u00fcberdenken<\/p>\n\n\n\n<p>All diese Fragen zur Gleichbehandlung beider Geschlechter. Ohne Harmonie und gegenseitige Zusammenarbeit zwischen M\u00e4nnern und Frauen wird die Gesellschaft nicht gesund sein.<\/p>","protected":false},"excerpt":{"rendered":"<p>In Bezug auf den vorherigen Posten des Femitarialismus Ich erweitere dieses Thema und setze und Beispiele, die meine These best\u00e4tigen. 1. Wie bereits erw\u00e4hnt, ist Femitarialismus eine Form der liberalen Ordnung, die Frauen gegen\u00fcber M\u00e4nnern privilegiert. Urspr\u00fcnglich diente es dazu, sie zu sch\u00fctzen, da Frauen in den 50er Jahren tats\u00e4chlich [&hellip;]<\/p>\n","protected":false},"author":1,"featured_media":1328,"parent":0,"menu_order":0,"comment_status":"closed","ping_status":"closed","template":"","meta":{"om_disable_all_campaigns":false,"footnotes":""},"class_list":["post-1330","page","type-page","status-publish","has-post-thumbnail","hentry"],"jetpack_sharing_enabled":true,"_links":{"self":[{"href":"https:\/\/gigargios-history.com\/fr\/wp-json\/wp\/v2\/pages\/1330","targetHints":{"allow":["GET"]}}],"collection":[{"href":"https:\/\/gigargios-history.com\/fr\/wp-json\/wp\/v2\/pages"}],"about":[{"href":"https:\/\/gigargios-history.com\/fr\/wp-json\/wp\/v2\/types\/page"}],"author":[{"embeddable":true,"href":"https:\/\/gigargios-history.com\/fr\/wp-json\/wp\/v2\/users\/1"}],"replies":[{"embeddable":true,"href":"https:\/\/gigargios-history.com\/fr\/wp-json\/wp\/v2\/comments?post=1330"}],"version-history":[{"count":1,"href":"https:\/\/gigargios-history.com\/fr\/wp-json\/wp\/v2\/pages\/1330\/revisions"}],"predecessor-version":[{"id":1331,"href":"https:\/\/gigargios-history.com\/fr\/wp-json\/wp\/v2\/pages\/1330\/revisions\/1331"}],"wp:featuredmedia":[{"embeddable":true,"href":"https:\/\/gigargios-history.com\/fr\/wp-json\/wp\/v2\/media\/1328"}],"wp:attachment":[{"href":"https:\/\/gigargios-history.com\/fr\/wp-json\/wp\/v2\/media?parent=1330"}],"curies":[{"name":"wp","href":"https:\/\/api.w.org\/{rel}","templated":true}]}}