{"id":1304,"date":"2022-06-30T22:50:54","date_gmt":"2022-06-30T22:50:54","guid":{"rendered":"https:\/\/gigargios-history.com\/?page_id=1304"},"modified":"2022-06-30T22:50:56","modified_gmt":"2022-06-30T22:50:56","slug":"gleich-behandeln","status":"publish","type":"page","link":"https:\/\/gigargios-history.com\/fr\/gleich-behandeln\/","title":{"rendered":"Gleich behandeln"},"content":{"rendered":"<p>Obwohl sich die Rechte der Frauen in einigen muslimischen L\u00e4ndern verbessert haben, genie\u00dfen sie immer noch nicht die volle Freiheit, die gleichberechtigte B\u00fcrger verdienen. Es ist immer eine Meinungsverschiedenheit der Regierung, sie einen Ausl\u00e4nder einer anderen Religion heiraten zu lassen. V\u00f6llig unwahrscheinlich f\u00fcr muslimische M\u00e4nner, die keine Einschr\u00e4nkungen auf dem Weg der Ehepartnerwahl haben. Sie k\u00f6nnen europ\u00e4ische Frauen unterschiedlicher Religion ohne L\u00e4nder- oder Familieneinw\u00e4nde heiraten. Und nicht wenige von ihnen nutzen dieses Privileg. In den letzten zehn Jahren wurden in ganz Europa sch\u00e4tzungsweise 40.000 interreligi\u00f6se Ehen mit muslimischen M\u00e4nnern und europ\u00e4ischen Frauen geschlossen. Auch informelle Beziehungen sollten im Auge behalten werden. W\u00e4hrend Beziehungen in entgegengesetzter Konfiguration schlank sind. Es liegt nicht daran, dass sich europ\u00e4ische M\u00e4nner und muslimische Frauen nicht m\u00f6gen. Vor allem der Umweltdruck macht diese M\u00f6glichkeiten zunichte. Staatliche Restriktionen resultieren vor allem aus der De-facto-Kontrolle der Frauen. Tats\u00e4chlich handelt es sich um eine Haltung, die spezifisch f\u00fcr die Forschung in der Antike ist, in der Frauen keine Rechte hatten und eher Gegenstand des Interesses der M\u00e4nner waren. Und die Damenkollektion war beliebt, um m\u00f6glichst viel zu erreichen. Deshalb d\u00fcrfen muslimische M\u00e4nner eine Christin heiraten. Nicht anders!. Dieser Trend h\u00e4lt bis heute an, was zum Ausdruck bringt, wie patriarchalisch und altmodisch diese Gesellschaften sind. Tats\u00e4chlich ist es kein Zufall, dass die meisten muslimischen L\u00e4nder arm sind. Die Art und Weise, wie nicht-muslimische Behandlung die Bereitschaft des ausl\u00e4ndischen Kapitals bestimmt, sein Geld zu investieren, erw\u00e4hnt kein Misstrauen. Mit anderen Worten, damit diese Gesellschaften sowohl wirtschaftlich als auch sozial wachsen k\u00f6nnen, m\u00fcssen Reformen durchgef\u00fchrt werden. In beiden Sph\u00e4ren. Und Verfolgung in Bezug auf den Glauben oder die interreligi\u00f6se Verfolgung sollte ausgesetzt werden. In dieser Welt der Globalisierung ist es \u00fcblich, dass Menschen unterschiedlichen Glaubens und unterschiedlicher Herkunft zusammenkommen. Und die Tatsache, dass es gewisse Restriktionen gibt, bestimmt den Ruf dieser L\u00e4nder. Obwohl es christlichen M\u00e4nnern m\u00f6glich ist, muslimische Frauen zu heiraten, um zum Islam zu konvertieren, ist dies h\u00f6chst unethisch. Sogar einige M\u00e4nner werden im Namen der &#8220;Liebe&#8221; dazu gezwungen, ihre Tarnung ist unehrlich. Und einige von ihnen sind gegen ihren Willen und ihr Gewissen in Kontakt. Da kann ein frommer Christ sein. F\u00fcr Frauen anderer Glaubensrichtungen gilt diese Regelung absolut nicht, da sie ihren urspr\u00fcnglichen Status behalten. Es dr\u00fcckt einfach das Verh\u00e4ltnis von Muslimen zu Europ\u00e4ern aus, das zum ung\u00fcnstigen Charakter beider beitr\u00e4gt.<\/p>\n\n\n\n<p>Mich pers\u00f6nlich hat es betroffen. Ich traf ein h\u00fcbsches M\u00e4dchen, das liberal und sogar verwestlicht wirkte. Aber als die Beziehung voranschritt, begann sie, sich zu bekehren. Und obwohl die Regierung ihr theoretisch erlauben w\u00fcrde, interreligi\u00f6s zu heiraten, schien der elterliche Druck zu gro\u00df. Auch hier muss nachgebessert werden. Denn Frauen sollten sich frei f\u00fchlen, autonome Entscheidungen zu treffen, wie es in voll entwickelten L\u00e4ndern der Fall ist.<\/p>\n\n\n\n<p>Pers\u00f6nlich raten Berater davon ab, diesen Beitrag zu ver\u00f6ffentlichen. Ich glaube aber, dass diese ehrliche Aussage Transparenz schafft und zum Nachdenken anregt.<\/p>","protected":false},"excerpt":{"rendered":"<p>Obwohl sich die Rechte der Frauen in einigen muslimischen L\u00e4ndern verbessert haben, genie\u00dfen sie immer noch nicht die volle Freiheit, die gleichberechtigte B\u00fcrger verdienen. Es ist immer eine Meinungsverschiedenheit der Regierung, sie einen Ausl\u00e4nder einer anderen Religion heiraten zu lassen. V\u00f6llig unwahrscheinlich f\u00fcr muslimische M\u00e4nner, die keine Einschr\u00e4nkungen auf dem [&hellip;]<\/p>\n","protected":false},"author":1,"featured_media":1301,"parent":0,"menu_order":0,"comment_status":"closed","ping_status":"closed","template":"","meta":{"om_disable_all_campaigns":false,"footnotes":""},"class_list":["post-1304","page","type-page","status-publish","has-post-thumbnail","hentry"],"jetpack_sharing_enabled":true,"_links":{"self":[{"href":"https:\/\/gigargios-history.com\/fr\/wp-json\/wp\/v2\/pages\/1304","targetHints":{"allow":["GET"]}}],"collection":[{"href":"https:\/\/gigargios-history.com\/fr\/wp-json\/wp\/v2\/pages"}],"about":[{"href":"https:\/\/gigargios-history.com\/fr\/wp-json\/wp\/v2\/types\/page"}],"author":[{"embeddable":true,"href":"https:\/\/gigargios-history.com\/fr\/wp-json\/wp\/v2\/users\/1"}],"replies":[{"embeddable":true,"href":"https:\/\/gigargios-history.com\/fr\/wp-json\/wp\/v2\/comments?post=1304"}],"version-history":[{"count":1,"href":"https:\/\/gigargios-history.com\/fr\/wp-json\/wp\/v2\/pages\/1304\/revisions"}],"predecessor-version":[{"id":1305,"href":"https:\/\/gigargios-history.com\/fr\/wp-json\/wp\/v2\/pages\/1304\/revisions\/1305"}],"wp:featuredmedia":[{"embeddable":true,"href":"https:\/\/gigargios-history.com\/fr\/wp-json\/wp\/v2\/media\/1301"}],"wp:attachment":[{"href":"https:\/\/gigargios-history.com\/fr\/wp-json\/wp\/v2\/media?parent=1304"}],"curies":[{"name":"wp","href":"https:\/\/api.w.org\/{rel}","templated":true}]}}