{"id":1300,"date":"2022-06-30T22:44:47","date_gmt":"2022-06-30T22:44:47","guid":{"rendered":"https:\/\/gigargios-history.com\/?page_id=1300"},"modified":"2022-06-30T22:47:25","modified_gmt":"2022-06-30T22:47:25","slug":"equality-treatment","status":"publish","type":"page","link":"https:\/\/gigargios-history.com\/fr\/equality-treatment\/","title":{"rendered":"TRAITEMENT \u00c9GAL"},"content":{"rendered":"<p>Bien que les droits des femmes se soient am\u00e9lior\u00e9s dans certains pays musulmans, elles ne jouissent toujours pas de la pleine libert\u00e9 que m\u00e9ritent des citoyens \u00e9gaux. C'est toujours un d\u00e9saccord gouvernemental pour eux de les laisser \u00e9pouser un \u00e9tranger d'une autre religion. Compl\u00e8tement improbable pour les hommes musulmans qui n'ont aucune limitation sur la voie du choix du conjoint. Ils peuvent \u00e9pouser des femmes europ\u00e9ennes de religion diff\u00e9rente sans aucune objection de pays ou de famille. Et pas mal d'entre eux utilisent ce privil\u00e8ge. On estime que 40 000 mariages interconfessionnels avec des hommes musulmans et des femmes europ\u00e9ennes ont \u00e9t\u00e9 conclus \u00e0 travers l'Europe au cours de la derni\u00e8re d\u00e9cennie. Il faut \u00e9galement garder \u00e0 l'esprit les relations informelles. Alors que les relations en configuration oppos\u00e9e sont \u00e9lanc\u00e9es. Ce n'est pas parce que les hommes europ\u00e9ens et les femmes musulmanes ne s'aiment pas. C'est surtout la pression environnementale qui supprime ces possibilit\u00e9s. Surtout, les restrictions des gouvernements viennent de ce que les femmes contr\u00f4lent de facto. En fait c'est une attitude propre \u00e0 la recherche dans l'antiquit\u00e9 o\u00f9 les femmes n'avaient aucun droit et \u00e9taient plut\u00f4t l'objet de l'int\u00e9r\u00eat des hommes. Pas autrement. Et la collection de femmes \u00e9tait populaire pour gain de plus autant que possible. C'est pourquoi les hommes musulmans sont autoris\u00e9s \u00e0 \u00e9pouser une femme chr\u00e9tienne. Pas autrement!. Cette tendance a surv\u00e9cu jusqu'\u00e0 nos jours, ce qui exprime \u00e0 quel point ces soci\u00e9t\u00e9s sont patriarcales et d\u00e9mod\u00e9es. En fait, ce n'est pas une co\u00efncidence si la plupart des pays musulmans sont pauvres. La fa\u00e7on dont le traitement non musulman d\u00e9termine la volont\u00e9 des capitaux \u00e9trangers d'allouer leur argent ne mentionne pas la m\u00e9fiance. En d'autres termes pour permettre \u00e0 ces soci\u00e9t\u00e9s de cro\u00eetre tant sur le plan \u00e9conomique que social, les r\u00e9formes doivent \u00eatre men\u00e9es. Dans les deux sph\u00e8res. Et la pers\u00e9cution en termes de foi ou interconfessionnelle devrait \u00eatre suspendue. Dans ce monde de mondialisation, il est habituel que des personnes de confessions et d'origines diff\u00e9rentes se rencontrent. Et le fait que certaines restrictions existent d\u00e9terminent la r\u00e9putation de ces pays. Il est bien que possible pour les hommes chr\u00e9tiens d'\u00e9pouser des femmes musulmanes en termes de conversion \u00e0 l'islam, c'est tr\u00e8s contraire \u00e0 l'\u00e9thique. M\u00eame certains hommes sont forc\u00e9s de le faire au nom de \u00abl'amour\u00bb, leur couverture est malhonn\u00eate. Et certains d'entre eux sont en contact contre leur volont\u00e9 et leur conscience. Comme peut \u00eatre d\u00e9vot chr\u00e9tien. Cette r\u00e9glementation ne s'applique absolument pas aux femmes d'autres confessions car elles conservent leur statut d'origine. Cela exprime simplement la relation des musulmans aux Europ\u00e9ens qui contribuent au caract\u00e8re d\u00e9favorable \u00e0 tous les deux.<\/p>\n\n\n\n<p>Personnellement, cela m'a affect\u00e9. J'ai rencontr\u00e9 une jolie fille, qui semblait lib\u00e9rale voire occidentalis\u00e9e. Mais tant que la relation avan\u00e7ait, elle a commenc\u00e9 \u00e0 faire pression pour se convertir. Et bien que le gouvernement lui permette en th\u00e9orie de se marier interreligieuse, la pression parentale semblait \u00eatre trop forte. Cela doit \u00e9galement \u00eatre apport\u00e9 des am\u00e9liorations. Comme les femmes devraient se sentir libres de prendre des d\u00e9cisions autonomes comme cela se produit dans les pays pleinement d\u00e9velopp\u00e9s.<\/p>\n\n\n\n<p>Personnellement, les conseillers d\u00e9couragent de publier cette publication. Mais je crois que cette d\u00e9claration honn\u00eate donne de la transparence et permet des r\u00e9flexions.<\/p>","protected":false},"excerpt":{"rendered":"<p>Although women rights improved in some Muslim countries, they still doesn\u2019t enjoy the full freedom as for equal citizens deserve. It is still governmental disagreement for them to let them marry foreigner of other faith. Completely unlikely to Muslim men who have no limitation on the way of choice spouse. [&hellip;]<\/p>\n","protected":false},"author":1,"featured_media":1301,"parent":0,"menu_order":0,"comment_status":"closed","ping_status":"closed","template":"","meta":{"om_disable_all_campaigns":false,"footnotes":""},"class_list":["post-1300","page","type-page","status-publish","has-post-thumbnail","hentry"],"jetpack_sharing_enabled":true,"_links":{"self":[{"href":"https:\/\/gigargios-history.com\/fr\/wp-json\/wp\/v2\/pages\/1300","targetHints":{"allow":["GET"]}}],"collection":[{"href":"https:\/\/gigargios-history.com\/fr\/wp-json\/wp\/v2\/pages"}],"about":[{"href":"https:\/\/gigargios-history.com\/fr\/wp-json\/wp\/v2\/types\/page"}],"author":[{"embeddable":true,"href":"https:\/\/gigargios-history.com\/fr\/wp-json\/wp\/v2\/users\/1"}],"replies":[{"embeddable":true,"href":"https:\/\/gigargios-history.com\/fr\/wp-json\/wp\/v2\/comments?post=1300"}],"version-history":[{"count":2,"href":"https:\/\/gigargios-history.com\/fr\/wp-json\/wp\/v2\/pages\/1300\/revisions"}],"predecessor-version":[{"id":1303,"href":"https:\/\/gigargios-history.com\/fr\/wp-json\/wp\/v2\/pages\/1300\/revisions\/1303"}],"wp:featuredmedia":[{"embeddable":true,"href":"https:\/\/gigargios-history.com\/fr\/wp-json\/wp\/v2\/media\/1301"}],"wp:attachment":[{"href":"https:\/\/gigargios-history.com\/fr\/wp-json\/wp\/v2\/media?parent=1300"}],"curies":[{"name":"wp","href":"https:\/\/api.w.org\/{rel}","templated":true}]}}