{"id":1298,"date":"2022-06-30T22:32:49","date_gmt":"2022-06-30T22:32:49","guid":{"rendered":"https:\/\/gigargios-history.com\/?page_id=1298"},"modified":"2022-06-30T22:32:50","modified_gmt":"2022-06-30T22:32:50","slug":"klon-seelenverwandte","status":"publish","type":"page","link":"https:\/\/gigargios-history.com\/fr\/klon-seelenverwandte\/","title":{"rendered":"Klon Seelenverwandte"},"content":{"rendered":"\n<p>Marcin impression k\u00fcrzlich auf sich selbst. In weiblicher Version. Es stellt sich heraus, dass seine weibliche Version in Form viel besser ist als er. Anscheinend hat Marcin eine starke weibliche Seite. Was, wie er behauptet, die Schwierigkeiten bei der Suche nach Frauen erkl\u00e4rt. Die Idee des Klons der weiblichen Version kam ihm nach tiefem Nachdenken. Tats\u00e4chlich k\u00f6nnte es das Problem nicht nur f\u00fcr sich selbst l\u00f6sen, sondern f\u00fcr viele M\u00e4nner, die im Ehebereich k\u00e4mpfen.<\/p>\n\n\n\n<p>\u00dcberblick Grund<\/p>\n\n\n\n<p>Es ist keine Entdeckung, dass die wei\u00dfen M\u00e4nner von heute in ihren Gesellschaften verh\u00e4ltnism\u00e4\u00dfig am wenigsten respektiert werden. Der Aufstieg des Liberalismus in den sechziger Jahren \u00f6ffnete sch\u00e4dlichen Tendenzen f\u00fcr die Gesellschaft T\u00fcr und Tor. Eine davon war die Schaffung der feministischen Bewegung und die Verbreitung der feministischen Denkweise in einem <strong><a href=\"https:\/\/gigargios-history.com\/femistotalrianism\/\" data-type=\"URL\" data-id=\"https:\/\/gigargios-history.com\/femistotalrianism\/\" target=\"_blank\" rel=\"noreferrer noopener\">breiteren Spektrum<\/a><\/strong>. Erkl\u00e4rung in einem anderen Abschnitt. Der heutige Feminismus wurde durch \u201e<strong><a href=\"https:\/\/gigargios-history.com\/femitarialism\/\" data-type=\"URL\" data-id=\"https:\/\/gigargios-history.com\/femitarialism\/\" target=\"_blank\" rel=\"noreferrer noopener\">Frauenstolz<\/a><\/strong>\u201c ersetzt. Das sind die Frauen mit aufgeblasenem Ego, die mehr wollen, als sie <strong><a href=\"https:\/\/www.youtube.com\/watch?v=c0byfAvo7zc\" data-type=\"URL\" data-id=\"https:\/\/www.youtube.com\/watch?v=c0byfAvo7zc\" target=\"_blank\" rel=\"noreferrer noopener\">bew\u00e4ltigen k\u00f6nnen<\/a><\/strong>. Insta und <strong><a href=\"https:\/\/www.youtube.com\/watch?v=iLt-ymXNf-w\" data-type=\"URL\" data-id=\"https:\/\/www.youtube.com\/watch?v=iLt-ymXNf-w\" target=\"_blank\" rel=\"noreferrer noopener\">Tiki Tok<\/a><\/strong> sind Anwendungen, die ihren Stolz n\u00e4hren und einen gro\u00dfen Teil der M\u00e4nner in ihre Gravitationssph\u00e4re verwandeln. Tats\u00e4chlich leben diese Anwendungen f\u00fcr sie. Seiner Meinung nach haben alle Frauen, die diese App nutzen, ein unreifes Gewissen und die Chancen, eine ernsthafte Beziehung zu ihnen aufzubauen, sind gering.<\/p>\n\n\n\n<p>Zun\u00e4chst glaubte Marcin, dass einige Reformen durchgef\u00fchrt werden m\u00fcssten. Wie die Moderne die Nachteile von Liberalis zeigt. Eine Rekordzahl von Scheidungsr\u00e4ngen, die es in der Geschichte noch nie gegeben hat, sowie rekordtiefe Ehen beweisen, dass stolze Frauen wie Katzen ihren eigenen Weg gehen. All dies betrifft eine Vielzahl von M\u00e4nnern, die mit ihrer Einsamkeit und ihren Bed\u00fcrfnissen zu k\u00e4mpfen haben. Genauso wie die Erw\u00e4hnung des Aufstiegs alleinstehender M\u00e4nner f\u00fcr die <strong><a rel=\"noreferrer noopener\" href=\"https:\/\/www.youtube.com\/watch?v=DiTGyZ_it7g\" data-type=\"URL\" data-id=\"https:\/\/www.youtube.com\/watch?v=DiTGyZ_it7g\" target=\"_blank\">Gesellschaft gef\u00e4hrlich ist<\/a><\/strong>. Sie sind w\u00fctend, sie sind <strong><a rel=\"noreferrer noopener\" href=\"https:\/\/www.youtube.com\/watch?v=RTeKIwWAP3I\" data-type=\"URL\" data-id=\"https:\/\/www.youtube.com\/watch?v=RTeKIwWAP3I\" target=\"_blank\">riskanter<\/a><\/strong>. Zu verlieren haben sie rein gar nichts. Was in naher Zukunft zu Unruhen beitragen und perfekter Treibstoff f\u00fcr angebliche Angriffe wie das Mikrofon <a rel=\"noreferrer noopener\" href=\"https:\/\/www.youtube.com\/watch?v=WUB814y5ns0\" data-type=\"URL\" data-id=\"https:\/\/www.youtube.com\/watch?v=WUB814y5ns0\" target=\"_blank\"><strong>vom 6. Januar sein kann<\/strong><\/a>.<\/p>\n\n\n\n<p class=\"has-medium-font-size\">Alternative L\u00f6sung<\/p>\n\n\n\n<p>Um dieses Problem zu l\u00f6sen, glaubte Marcin, dass Reformen durch die Umkehrung des Gesetzes gel\u00f6st werden k\u00f6nnten. Die <strong><a href=\"https:\/\/www.youtube.com\/watch?v=jPuQ1Wjd2Rk\" data-type=\"URL\" data-id=\"https:\/\/www.youtube.com\/watch?v=jPuQ1Wjd2Rk\" target=\"_blank\" rel=\"noreferrer noopener\">Erlaubnis von Sex vor der Ehe<\/a><\/strong> tr\u00e4gt paradoxerweise zum Niedergang monogamer Beziehungen bei. Tats\u00e4chlich war Marcin urspr\u00fcnglich Kurator. Aber er ist vor allem der Utility Man. Was, wenn man sich nur auf n\u00fctzliche Ideen konzentriert, keine Rolle spielt, woher der politische Hintergrund kommt. Die K\u00e4mpfe um die Moral in den westlichen Gesellschaften erscheinen ihm als enorme Anstrengungen und erfordern von den Betroffenen viel Engagement. Er will eines Tages in diesen Reformdingen jetzt versuchen, sein Problem und das vieler anderer M\u00e4nner auf andere Weise zu l\u00f6sen.<\/p>\n\n\n\n<p class=\"has-medium-font-size\">erster Gedanke<\/p>\n\n\n\n<p>Die Konzeption des Klons selbst im weiblichen Geschlecht ist nicht neu. Als er entdeckte, dass <strong><a href=\"https:\/\/www.quora.com\/Is-it-possible-to-clone-an-opposite-gender-clone-of-yourself-and-if-it-works-where-can-I-look-for-more-info\" data-type=\"URL\" data-id=\"https:\/\/www.quora.com\/Is-it-possible-to-clone-an-opposite-gender-clone-of-yourself-and-if-it-works-where-can-I-look-for-more-info\" target=\"_blank\" rel=\"noreferrer noopener\">die Leute vor ihm schon vor Jahren<\/a><\/strong> dar\u00fcber gesprochen hatten. Offenbar ist Marcin nicht nur in sich selbst verliebt. Aber heute ist diese Idee notwendiger denn je. Wie bereits erw\u00e4hnt, ist die Zunahme alleinstehender M\u00e4nner signifikant und besorgniserregend. Zweifellos wird die Lebensqualit\u00e4t f\u00fcr sie davon bestimmt, <strong><a href=\"https:\/\/www.youtube.com\/watch?v=llEf3TRcPn4\" data-type=\"URL\" data-id=\"https:\/\/www.youtube.com\/watch?v=llEf3TRcPn4\" target=\"_blank\" rel=\"noreferrer noopener\">einen Ehepartner<\/a><\/strong> zu haben. Und da sie und Marcin in ihrer <strong><a href=\"https:\/\/www.youtube.com\/watch?v=dlTFqcJklFs\" data-type=\"URL\" data-id=\"https:\/\/www.youtube.com\/watch?v=dlTFqcJklFs\" target=\"_blank\" rel=\"noreferrer noopener\">Sph\u00e4re nichts<\/a><\/strong> finden k\u00f6nnen, k\u00f6nnten sie sie selbst erschaffen. Der menschliche Klon ist ein umstrittenes Thema und bringt einige Bedenken mit sich. Nie menschlicher Klon bis jetzt. Aber einige Organismen waren Klone. Wie das Schaf Dolly im Jahr 1996. Fortschritte in der modernen Biowissenschaft geben die Chance, dass dies gelingt. Nat\u00fcrlich ist der Mensch ein sehr komplexer Organismus, daher muss die menschliche Sch\u00f6pfung mit gr\u00f6\u00dfter Sorgfalt, Wachsamkeit und Vorhersage durchgef\u00fchrt werden. Das Gesundheitsexemplar sowie das attraktive Erscheinungsbild des Gesichts des K\u00f6rpers sind von gr\u00f6\u00dfter Bedeutung. Nat\u00fcrlich ist eine vorherige Erstellung notwendig, um chr Y zu trennen, was Marcin als Chr beschreibt. der Schwachen. Als Volk sind M\u00e4nner in ihren Gesellschaften weniger privilegiert. Dann besteht die M\u00f6glichkeit, dass der Klon rein weiblich ist. Es besteht sogar die Chance, dass sich das angebliche Weibchen fortpflanzen kann. Obwohl Marcin nicht daran gedacht hat, Kinder mit ihr zu haben, sieht es vielversprechend aus.<\/p>\n\n\n\n<p class=\"has-medium-font-size\">Angeblich gegen\u00fcber<\/p>\n\n\n\n<p>Nat\u00fcrlich findet diese Idee viele Gegner. Von rechts nach links. Doch in diesem Kampf um ethische oder nicht k\u00fcmmert sich niemand um <strong><a href=\"https:\/\/www.youtube.com\/watch?v=ybDdsxvJqxg\" data-type=\"URL\" data-id=\"https:\/\/www.youtube.com\/watch?v=ybDdsxvJqxg\" target=\"_blank\" rel=\"noreferrer noopener\">einsame<\/a><\/strong> M\u00e4nner, die <strong><a href=\"https:\/\/www.youtube.com\/watch?v=kOXyFcGhrf0\" data-type=\"URL\" data-id=\"https:\/\/www.youtube.com\/watch?v=kOXyFcGhrf0\" target=\"_blank\" rel=\"noreferrer noopener\">wahrscheinlich <\/a><\/strong>kein M\u00e4dchen f\u00fcr sie finden werden. Einige m\u00f6gen beschuldigt werden, \u201eGott zu spielen\u201c, aber Menschen haben vor langer Zeit \u201eGott gespielt\u201c. Wie bei Abtreibungen, von denen viele von verantwortungslosen Frauen begangen werden, die sich an einen Fremden geklammert haben. Wie das Spielen des Klimawandels durch die anormale Nutzung fossiler Brennstoffe f\u00fcr den industriellen und h\u00e4uslichen Gebrauch. Durch gef\u00e4hrlichen k\u00f6rperlichen Test unter Genf. Durch Transgender-Operation. Durch Versuche, den Mars zu kolonisieren. Und vieles mehr. Die Menschen \u201espielen seit langem Gott\u201c und niemand ist gegen diese Ereignisse. Nat\u00fcrlich k\u00f6nnten sich einige religi\u00f6se Gruppen dieser Idee widersetzen. Aber der Status der Kirche nimmt weiter ab. Wie <strong><a href=\"https:\/\/gigargios-history.com\/having-seen-modern-tends-i-predict-that-catholic-church\/\" data-type=\"URL\" data-id=\"https:\/\/gigargios-history.com\/having-seen-modern-tends-i-predict-that-catholic-church\/\" target=\"_blank\" rel=\"noreferrer noopener\">gesagt<\/a><\/strong>. Aber tats\u00e4chlich wird es angeblich in guter Absicht durchgef\u00fchrt. Will macht M\u00e4nner gl\u00fccklich und ihre Klone werden ihre Partner sein und das ist wichtig. Ehrlich das fur Marcin gesagt klingt es wie in , dem Buch Genesis in der <a href=\"https:\/\/www.vatican.va\/archive\/bible\/genesis\/documents\/bible_genesis_en.html\" data-type=\"URL\" data-id=\"https:\/\/www.vatican.va\/archive\/bible\/genesis\/documents\/bible_genesis_en.html\" target=\"_blank\" rel=\"noreferrer noopener\"><strong>Bibel<\/strong><\/a>: [2:18] Da sagte der ewige Gott: \u201eEs ist nicht gut f\u00fcr den Menschen, allein zu sein; ich will ihm einen Gehilfen als seinen Gef\u00e4hrten machen.<\/p>\n\n\n\n<p>[2:21] Da lie\u00df Gott der HERR einen tiefen Schlaf auf den Menschen fallen, und er schlief ein; dann nahm er eine seiner Rippen und schloss ihre Stelle mit Fleisch.<\/p>\n\n\n\n<p>[2:22] Und die Rippe, die Gott der HERR dem Mann genommen hatte, machte er daraus eine Frau und brachte sie zu dem Mann.<\/p>\n\n\n\n<p class=\"has-medium-font-size\">Vision<\/p>\n\n\n\n<p>Es mag finster erscheinen, Verse aus der Heiligen Schrift zu verwenden. Aber die Bedeutung ist offensichtlich. \u201eEs ist nicht gut f\u00fcr den Mann, allein zu sein\u201c. Heute r\u00e4t die Kirche angesichts des Liberalismus den M\u00e4nnern, sich an das Leben in der Einsamkeit anzupassen. Aber das ist f\u00fcr sie nicht der Sinn des Lebens. Verdiene das Gl\u00fcck, das ihnen genommen wurde. Liberalismus im Westen und Polygamie im Osten tragen zum m\u00e4nnlichen Z\u00f6libat bei. Tats\u00e4chlich sind es Frauen, die dazu neigen, gottlos zu sein. Wie sie monogame Beziehungen mit <strong><a rel=\"noreferrer noopener\" href=\"https:\/\/www.youtube.com\/watch?v=dlTFqcJklFs\" data-type=\"URL\" data-id=\"https:\/\/www.youtube.com\/watch?v=dlTFqcJklFs\" target=\"_blank\">durchschnittlichen <\/a><\/strong>M\u00e4nnern ablehnen. In diesem Fall gibt es zwei L\u00f6sungen. Und der weibliche Klon ist tendenziell besser und ultimativer. Jedoch sind Nachteile dieses Plans. Der Klon w\u00fcrde wie ein normales Kind in einem gemieteten Mutterleib heranwachsen. Und das Wachstum dieses Kindes w\u00fcrde genauso sein wie das Wachstum anderer Kinder. Dies bedeutet, dass das Erreichen der Pubert\u00e4t und des gesetzlichen Ehef\u00e4higkeitsalters viele Jahre dauern kann. Au\u00dferdem w\u00fcrde sie als ein Wesen mit autonomem Bewusstsein wachsen. Dies bedeutet, dass Schutz vor den sch\u00e4dlichen Einfl\u00fcssen der modernen Gesellschaft f\u00fcr ihren Besch\u00fctzer getragen werden muss. Der Kampf um sie w\u00e4re paradox und w\u00fcrde Jahrzehnte fr\u00fcherer Ehen \u00fcberspannen. Vor allem Jungen vor ihr zu erschrecken, sollte ernst genommen werden. Die Zur\u00fcckhaltung gegen\u00fcber der Gesellschaft muss von einer starken Hand getragen werden. Von der Jugend bis ins Erwachsenenalter. Der sogenannte Vater soll ihr das Papa-Syndrom zuordnen. Er ist. Sie sollte ihren Vater lieben, wie manche M\u00e4dchen es tun. Allerdings w\u00e4re es eine gro\u00dfe Herausforderung, so lange im Z\u00f6libat zu leben. Stellen Sie sicher, dass jeder Kontakt vor dem Vollj\u00e4hrigkeitsalter illegal w\u00e4re. Zu diesem Zweck sollte eine saisonale Beziehung durchgef\u00fchrt werden. Dies ist jedoch aufgrund des zuvor erw\u00e4hnten Problems mit Frauen einfacher zu sagen. Vielleicht w\u00e4ren Frauen mit Kindern mehr verf\u00fcgbar. Aber das k\u00f6nnte fatale Folgen haben. Diese Frauen k\u00f6nnten eine schlechte Wirkung auf dieses M\u00e4dchen haben. Das Schlimmste w\u00e4re sein Sohn. Oder ihre Tochter, die sie demoralisieren w\u00fcrde. Es k\u00f6nnte also etwas Besonderes sein, diesen Fremdk\u00f6rpern zu erkl\u00e4ren, dass sie heranw\u00e4chst, um &#8220;in Reinheit&#8221; fern von sch\u00e4dlichen Tendenzen zu leben. Oder es ist der Verlobte eines arabischen Million\u00e4rs, der sie in die Ehe geschlossen hat, weil er f\u00fcr \u201ein vitro\u201c bezahlt hat.<\/p>\n\n\n\n<p>Der Kampf um seinen Verstand geh\u00f6rt jedenfalls zu den wichtigsten Dingen. Und wenn die beiden zusammenkommen. <strong>Miriam <\/strong>wird vollj\u00e4hrig Marcin und sie heiratet. Und sie wird Eva f\u00fcr ihn sein. Modern. Haut Haut, Blut Blut, zwei Menschen ein K\u00f6rper.<\/p>\n\n\n\n<figure class=\"wp-block-image size-medium is-resized\"><a href=\"https:\/\/i0.wp.com\/gigargios-history.com\/wp-content\/uploads\/2022\/06\/Miriam-30-06-22-3-1-edited.jpg?ssl=1\"><img loading=\"lazy\" decoding=\"async\" src=\"https:\/\/i0.wp.com\/gigargios-history.com\/wp-content\/uploads\/2022\/06\/Miriam-30-06-22-3-1-edited.jpg?fit=300%2C288&amp;ssl=1\" alt=\"\" class=\"wp-image-1288\" width=\"300\" height=\"288\" srcset=\"https:\/\/i0.wp.com\/gigargios-history.com\/wp-content\/uploads\/2022\/06\/Miriam-30-06-22-3-1-edited.jpg?w=2016&amp;ssl=1 2016w, https:\/\/i0.wp.com\/gigargios-history.com\/wp-content\/uploads\/2022\/06\/Miriam-30-06-22-3-1-edited.jpg?resize=300%2C288&amp;ssl=1 300w, https:\/\/i0.wp.com\/gigargios-history.com\/wp-content\/uploads\/2022\/06\/Miriam-30-06-22-3-1-edited.jpg?resize=1024%2C983&amp;ssl=1 1024w, https:\/\/i0.wp.com\/gigargios-history.com\/wp-content\/uploads\/2022\/06\/Miriam-30-06-22-3-1-edited.jpg?resize=768%2C737&amp;ssl=1 768w, https:\/\/i0.wp.com\/gigargios-history.com\/wp-content\/uploads\/2022\/06\/Miriam-30-06-22-3-1-edited.jpg?resize=1536%2C1474&amp;ssl=1 1536w, https:\/\/i0.wp.com\/gigargios-history.com\/wp-content\/uploads\/2022\/06\/Miriam-30-06-22-3-1-edited.jpg?resize=13%2C12&amp;ssl=1 13w, https:\/\/i0.wp.com\/gigargios-history.com\/wp-content\/uploads\/2022\/06\/Miriam-30-06-22-3-1-edited.jpg?resize=600%2C576&amp;ssl=1 600w\" sizes=\"auto, (max-width: 300px) 100vw, 300px\" \/><\/a><\/figure>\n","protected":false},"excerpt":{"rendered":"<p>Marcin impression k\u00fcrzlich auf sich selbst. In weiblicher Version. Es stellt sich heraus, dass seine weibliche Version in Form viel besser ist als er. Anscheinend hat Marcin eine starke weibliche Seite. Was, wie er behauptet, die Schwierigkeiten bei der Suche nach Frauen erkl\u00e4rt. Die Idee des Klons der weiblichen Version [&hellip;]<\/p>\n","protected":false},"author":1,"featured_media":1296,"parent":0,"menu_order":0,"comment_status":"closed","ping_status":"closed","template":"","meta":{"om_disable_all_campaigns":false,"footnotes":""},"class_list":["post-1298","page","type-page","status-publish","has-post-thumbnail","hentry"],"jetpack_sharing_enabled":true,"_links":{"self":[{"href":"https:\/\/gigargios-history.com\/fr\/wp-json\/wp\/v2\/pages\/1298","targetHints":{"allow":["GET"]}}],"collection":[{"href":"https:\/\/gigargios-history.com\/fr\/wp-json\/wp\/v2\/pages"}],"about":[{"href":"https:\/\/gigargios-history.com\/fr\/wp-json\/wp\/v2\/types\/page"}],"author":[{"embeddable":true,"href":"https:\/\/gigargios-history.com\/fr\/wp-json\/wp\/v2\/users\/1"}],"replies":[{"embeddable":true,"href":"https:\/\/gigargios-history.com\/fr\/wp-json\/wp\/v2\/comments?post=1298"}],"version-history":[{"count":1,"href":"https:\/\/gigargios-history.com\/fr\/wp-json\/wp\/v2\/pages\/1298\/revisions"}],"predecessor-version":[{"id":1299,"href":"https:\/\/gigargios-history.com\/fr\/wp-json\/wp\/v2\/pages\/1298\/revisions\/1299"}],"wp:featuredmedia":[{"embeddable":true,"href":"https:\/\/gigargios-history.com\/fr\/wp-json\/wp\/v2\/media\/1296"}],"wp:attachment":[{"href":"https:\/\/gigargios-history.com\/fr\/wp-json\/wp\/v2\/media?parent=1298"}],"curies":[{"name":"wp","href":"https:\/\/api.w.org\/{rel}","templated":true}]}}