{"id":1276,"date":"2022-06-25T19:51:06","date_gmt":"2022-06-25T19:51:06","guid":{"rendered":"https:\/\/gigargios-history.com\/?page_id=1276"},"modified":"2022-06-25T19:52:07","modified_gmt":"2022-06-25T19:52:07","slug":"hauptstadt","status":"publish","type":"page","link":"https:\/\/gigargios-history.com\/fr\/hauptstadt\/","title":{"rendered":"Hauptstadt"},"content":{"rendered":"<p style=\"font-size:18px\">Das wichtigste Objekt des Landes, Nationalstolz. \u00dcber seinen Standort und den Bauplan entschied sich Gigargios. Genau wie die Vereinigung aller K\u00f6nigreiche zu einem Staat wollte er eine neue gro\u00dfe und ph\u00e4nomenale Stadt bauen, die dann die Hauptstadt werden sollte. Aufgrund seiner eigenen mathematischen Kenntnisse, die er von seinem Gro\u00dfvater \u00fcbernommen hatte, unter Einbeziehung geografischer Kenntnisse, ma\u00df er unmittelbar nach der dauerhaften Bildung der Grenzen von Ost nach West die Breite und L\u00e4nge des Landes genau aus und ma\u00df dann seinen Mittelpunkt. Gigargios befahl, die Stadt von Grund auf neu zu bauen. Er besiegelte diese Entscheidung, indem er drei Schwerter auf die Kreuzkonfiguration legte, auf der wahrscheinlich der zentrale Platz errichtet werden sollte. Kaum nach Baubeginn des Palastes und der ersten Geb\u00e4ude starb Gigargios. Sein Sohn Bergen arbeitete nach ihm engagiert weiter. Er war es, der die Stadt mit den notwendigen Geb\u00e4uden und der ohnehin schon recht gro\u00dfen Bev\u00f6lkerung von mehreren Tausend hinterlie\u00df. Die Stadt entwickelte sich systematisch unter aufeinanderfolgenden K\u00f6nigen. Ein k\u00f6niglicher Palast war bereits gebaut worden, der im Laufe der Zeit allm\u00e4hlich erweitert wurde und viel Platz um ihn herum lie\u00df. Au\u00dferdem vermehrten sich Adelspal\u00e4ste. Beide Familien aus der Heimatprovinz und aus dem ganzen Land. Ihre Pracht bestimmte die Majest\u00e4t des Staates. Bei der Erweiterung des Landes wurde auch die Stra\u00dfenf\u00fchrung (auf elegante Weise) ber\u00fccksichtigt. Es wird angenommen, dass die Stadt Gigargios eine der ersten war, die Kreuzungen \u00e4hnlich dem Staatssymbol der Kreuzung von drei Schwertern einf\u00fchrte. So sollte es ein Vorbild f\u00fcr andere St\u00e4dte werden. Mit zunehmender Urbanisierung nahm nat\u00fcrlich auch die Bev\u00f6lkerung zu. Zun\u00e4chst richtete sich ein Angebot an die nomadische Gemeinschaft, f\u00fcr die die Stadt der einzige Weg sein sollte, ihre Lebensweise zu \u00e4ndern. Denn nach dem Willen der Herrscher war es verboten, weitere Kolonien in dieser Provinz zu errichten. Gigargios sollte die einzige Metropole dieser Provinz werden, f\u00fcr die fortan zu dienen. Leider ist das Wachstum der Stadt nicht mit der Nachfrage nach Wohnungen f\u00fcr die oben genannte Gruppe zusammengefallen. Dennoch zog es mit seiner Expansion Menschen aus dem ganzen Land in die Hauptstadt.<\/p>\n\n\n\n<p>(Schauen Sie sich die Stadt Gigargios unten an)<\/p>\n\n\n\n<p>Daneben siedelten sich auch einige Adelsfamilien an. Sp\u00e4ter kamen auch Einwanderer aus dem Ausland in die Stadt.<\/p>\n\n\n\n<p>Inzwischen, und sp\u00e4ter die Geschichte ihrer Entwicklung selbst, hat die Stadt auch Gefahrenphasen erlebt. Die erste war eine Revolte im Staat, nur 200 Jahre nach seiner Gr\u00fcndung.<\/p>\n\n\n\n<p>Erst die persische Invasion im 6. Jahrhundert v. AD k\u00f6nnte (den Staat irreversibel ersch\u00fcttern). Aber schaffte es, die Eindringlinge daran zu hindern, die Hauptstadt zu erreichen. Sogar Stra\u00dfenabschnitte in dem bedrohten Gebiet wurden zerst\u00f6rt, um den Weg in die Stadt zu verlieren. Schlie\u00dflich wurde die Stadt, die sich bis dahin der Invasion der Besatzer widersetzt hatte, in einem entscheidenden Krieg von den R\u00f6mern eingenommen.<\/p>\n\n\n\n<p>Egal wie gro\u00df die Bedrohung war, Gigargios hatte eine gute Verteidigung in Form einer m\u00e4chtigen Mauer, die mehrere Meter dick und gut befestigt war. Es wurde durch massive und raffiniert gestaltete T\u00fcrme verst\u00e4rkt, die die Hauptpunkte des Widerstands sein sollten, als w\u00e4ren sie kleine Festungen. Das Baumaterial f\u00fcr ein so bedeutendes Bauwerk war Gestein aus den Bergen im Norden der Provinz. Die Initiative zum Bau kam, nachdem die Perser das Territorium des Landes betreten hatten.<\/p>\n\n\n\n<p>Es sollte auch erw\u00e4hnt werden, dass die Stadt auch vereinzelte Parks mitten in der W\u00fcste hatte. Schlie\u00dflich gab es diplomatische Vertretungen in der Hauptstadt. Aus L\u00e4ndern wie \u00c4gypten und Griechenland. Auf diese Weise wollten sie die Zusammenarbeit zwischen diesen L\u00e4ndern vertiefen und ihnen von ihnen unabh\u00e4ngige Bereiche gew\u00e4hren, die durch diplomatische Aktivit\u00e4ten frei ausge\u00fcbt werden konnten.<\/p>\n\n\n\n<p>Insgesamt spielte Gigargios in diesem jungen Land von Anfang an eine entscheidende Rolle. Wachsen mit, wenn nicht sogar \u00fcbersteigen. Aufeinanderfolgende Herrscher haben alles getan, um sicherzustellen, dass die Stadt ihre Rolle verdient und das majest\u00e4tischste Beispiel ihrer Macht ist. Gigargios, anerkannt als die gr\u00f6\u00dfte Stadt des Bundesstaates, verdient seinen Hauptstadtstatus.<\/p>\n\n\n\n<p>Gigargios-Stadt<\/p>\n\n\n\n<figure class=\"wp-block-video\"><video height=\"1120\" style=\"aspect-ratio: 2120 \/ 1120;\" width=\"2120\" controls src=\"https:\/\/gigargios-history.com\/wp-content\/uploads\/2022\/06\/Gigargios-city-view-from-East-Gate.-whole-plus-music.mp4\"><\/video><\/figure>\n\n\n\n<p>Gigargios-Stadt. Blick vom \u00f6stlichen Teil in der N\u00e4he des Tores<\/p>\n\n\n\n<figure class=\"wp-block-image size-large\"><a href=\"https:\/\/i0.wp.com\/gigargios-history.com\/wp-content\/uploads\/2022\/06\/Gigargios-city-view-East-Gate.-full-width-34percent-mark-1.jpg?fit=2446%2C1630&amp;ssl=1\"><img data-recalc-dims=\"1\" loading=\"lazy\" decoding=\"async\" width=\"750\" height=\"500\" src=\"https:\/\/i0.wp.com\/gigargios-history.com\/wp-content\/uploads\/2022\/06\/Gigargios-city-view-East-Gate.-full-width-34percent-mark-1.jpg?resize=750%2C500&#038;ssl=1\" alt=\"\" class=\"wp-image-1269\" srcset=\"https:\/\/i0.wp.com\/gigargios-history.com\/wp-content\/uploads\/2022\/06\/Gigargios-city-view-East-Gate.-full-width-34percent-mark-1.jpg?resize=1024%2C682&amp;ssl=1 1024w, https:\/\/i0.wp.com\/gigargios-history.com\/wp-content\/uploads\/2022\/06\/Gigargios-city-view-East-Gate.-full-width-34percent-mark-1.jpg?resize=300%2C200&amp;ssl=1 300w, https:\/\/i0.wp.com\/gigargios-history.com\/wp-content\/uploads\/2022\/06\/Gigargios-city-view-East-Gate.-full-width-34percent-mark-1.jpg?resize=768%2C512&amp;ssl=1 768w, https:\/\/i0.wp.com\/gigargios-history.com\/wp-content\/uploads\/2022\/06\/Gigargios-city-view-East-Gate.-full-width-34percent-mark-1.jpg?resize=1536%2C1024&amp;ssl=1 1536w, https:\/\/i0.wp.com\/gigargios-history.com\/wp-content\/uploads\/2022\/06\/Gigargios-city-view-East-Gate.-full-width-34percent-mark-1.jpg?resize=2048%2C1365&amp;ssl=1 2048w, https:\/\/i0.wp.com\/gigargios-history.com\/wp-content\/uploads\/2022\/06\/Gigargios-city-view-East-Gate.-full-width-34percent-mark-1.jpg?resize=18%2C12&amp;ssl=1 18w, https:\/\/i0.wp.com\/gigargios-history.com\/wp-content\/uploads\/2022\/06\/Gigargios-city-view-East-Gate.-full-width-34percent-mark-1.jpg?resize=360%2C240&amp;ssl=1 360w, https:\/\/i0.wp.com\/gigargios-history.com\/wp-content\/uploads\/2022\/06\/Gigargios-city-view-East-Gate.-full-width-34percent-mark-1.jpg?resize=600%2C400&amp;ssl=1 600w, https:\/\/i0.wp.com\/gigargios-history.com\/wp-content\/uploads\/2022\/06\/Gigargios-city-view-East-Gate.-full-width-34percent-mark-1.jpg?w=2250&amp;ssl=1 2250w\" sizes=\"auto, (max-width: 750px) 100vw, 750px\" \/><\/a><\/figure>","protected":false},"excerpt":{"rendered":"<p>Das wichtigste Objekt des Landes, Nationalstolz. \u00dcber seinen Standort und den Bauplan entschied sich Gigargios. Genau wie die Vereinigung aller K\u00f6nigreiche zu einem Staat wollte er eine neue gro\u00dfe und ph\u00e4nomenale Stadt bauen, die dann die Hauptstadt werden sollte. Aufgrund seiner eigenen mathematischen Kenntnisse, die er von seinem Gro\u00dfvater \u00fcbernommen [&hellip;]<\/p>\n","protected":false},"author":1,"featured_media":1267,"parent":0,"menu_order":0,"comment_status":"closed","ping_status":"closed","template":"","meta":{"om_disable_all_campaigns":false,"footnotes":""},"class_list":["post-1276","page","type-page","status-publish","has-post-thumbnail","hentry"],"jetpack_sharing_enabled":true,"_links":{"self":[{"href":"https:\/\/gigargios-history.com\/fr\/wp-json\/wp\/v2\/pages\/1276","targetHints":{"allow":["GET"]}}],"collection":[{"href":"https:\/\/gigargios-history.com\/fr\/wp-json\/wp\/v2\/pages"}],"about":[{"href":"https:\/\/gigargios-history.com\/fr\/wp-json\/wp\/v2\/types\/page"}],"author":[{"embeddable":true,"href":"https:\/\/gigargios-history.com\/fr\/wp-json\/wp\/v2\/users\/1"}],"replies":[{"embeddable":true,"href":"https:\/\/gigargios-history.com\/fr\/wp-json\/wp\/v2\/comments?post=1276"}],"version-history":[{"count":2,"href":"https:\/\/gigargios-history.com\/fr\/wp-json\/wp\/v2\/pages\/1276\/revisions"}],"predecessor-version":[{"id":1278,"href":"https:\/\/gigargios-history.com\/fr\/wp-json\/wp\/v2\/pages\/1276\/revisions\/1278"}],"wp:featuredmedia":[{"embeddable":true,"href":"https:\/\/gigargios-history.com\/fr\/wp-json\/wp\/v2\/media\/1267"}],"wp:attachment":[{"href":"https:\/\/gigargios-history.com\/fr\/wp-json\/wp\/v2\/media?parent=1276"}],"curies":[{"name":"wp","href":"https:\/\/api.w.org\/{rel}","templated":true}]}}