{"id":1266,"date":"2022-06-25T19:29:48","date_gmt":"2022-06-25T19:29:48","guid":{"rendered":"https:\/\/gigargios-history.com\/?page_id=1266"},"modified":"2024-08-04T20:06:55","modified_gmt":"2024-08-04T20:06:55","slug":"capital","status":"publish","type":"page","link":"https:\/\/gigargios-history.com\/fr\/capital\/","title":{"rendered":"L'Capital"},"content":{"rendered":"<p style=\"font-size:18px\">&nbsp;L'objet le plus important du pays, la fiert\u00e9 nationale. \u00c0 propos de son emplacement et du plan de construction, Gigargios a d\u00e9cid\u00e9. Tout comme l'unification de tous les royaumes en un seul \u00c9tat, il voulait construire une nouvelle grande et ph\u00e9nom\u00e9nale ville, qui deviendrait alors la capitale. En raison de ses propres connaissances math\u00e9matiques, prises de son grand-p\u00e8re, avec la participation de connaissances g\u00e9ographiques, imm\u00e9diatement apr\u00e8s la formation permanente des fronti\u00e8res d'est en ouest, il a mesur\u00e9 exactement la latitude et la longitude du pays, puis a mesur\u00e9 son point central. Gigargios a ordonn\u00e9 de construire la ville \u00e0 partir de z\u00e9ro. Il scella cette d\u00e9cision en mettant trois \u00e9p\u00e9es sur la configuration en croix, sur laquelle la place centrale devait probablement \u00eatre \u00e9rig\u00e9e. \u00c0 peine apr\u00e8s le d\u00e9but de la construction du palais et des premiers b\u00e2timents, Gigargios mourut. Son fils Bergen a continu\u00e9 \u00e0 travailler apr\u00e8s lui avec engagement. C'est lui qui a laiss\u00e9 la ville avec les b\u00e2timents n\u00e9cessaires et la population d\u00e9j\u00e0 assez nombreuse de plusieurs milliers. La ville s'est d\u00e9velopp\u00e9e syst\u00e9matiquement sous les rois successifs. Un palais royal avait d\u00e9j\u00e0 \u00e9t\u00e9 construit, qui s'est progressivement agrandi au fil du temps, laissant beaucoup d'espace autour de lui. En dehors de cela, les palais aristocratiques se sont multipli\u00e9s. \u00c0 la fois des familles de la province natale et de tout le pays. Leur splendeur a d\u00e9termin\u00e9 la majest\u00e9 de l'\u00c9tat. Lors de l'expansion du pays, le trac\u00e9 des rues a \u00e9galement \u00e9t\u00e9 pris en compte (de mani\u00e8re \u00e9l\u00e9gante). On suppose que la ville de Gigargios a \u00e9t\u00e9 l'une des premi\u00e8res \u00e0 adopter des intersections similaires au symbole d'\u00c9tat de l'intersection de trois \u00e9p\u00e9es. Ainsi, il devait \u00eatre un mod\u00e8le pour d'autres villes. Bien s\u00fbr, \u00e0 mesure que l'urbanisation augmentait, la population augmentait \u00e9galement. Tout d'abord, une offre destin\u00e9e \u00e0 la communaut\u00e9 nomade \u00e9tait dirig\u00e9e vers pour laquelle la ville devait \u00eatre le seul moyen de changer de mode de vie. Parce que, par la volont\u00e9 des dirigeants, il \u00e9tait interdit de construire des autres colonies dans cette province. Gigargios devait \u00eatre la seule ville m\u00e9tropolitaine de cette province, pour laquelle d\u00e9sormais servir. Malheureusement, la croissance de la ville n'a pas co\u00efncid\u00e9 avec la demande d'appartements pour le groupe susmentionn\u00e9. N\u00e9anmoins, avec son agrandissement, il a attir\u00e9 des gens de tout le pays vers la capitale.<\/p>\n\n\n\n<p>(Voir sur Gigargios ville dessous)<\/p>\n\n\n\n<p>En dehors de cela, certaines familles aristocratiques se sont \u00e9galement install\u00e9es. Plus tard, des immigrants de l'\u00e9tranger ont \u00e9galement rejoint la ville.<\/p>\n\n\n\n<p>Entre-temps, et plus tard l'histoire de son d\u00e9veloppement lui-m\u00eame, la ville a \u00e9galement connu des p\u00e9riodes de danger. Le premier \u00e9tait une r\u00e9volte dans l'\u00c9tat, seulement 200 ans apr\u00e8s sa fondation.<\/p>\n\n\n\n<p>Only the Persian invasion in the 6th century BC could (irreversibly shake the state). But&nbsp; managed to prevent the invaders from reaching the capital. Even road sections in the endangered area were destroyed to lose their trail to city. In the end, the city, which had resisted the invasion so far by the occupant, was seized by the Romans during a decisive war.<\/p>\n\n\n\n<p>Quelle que soit l'ampleur de la menace, Gigargios disposait d'une bonne d\u00e9fense sous la forme d'un puissant mur de plusieurs m\u00e8tres d'\u00e9paisseur et bien fortifi\u00e9. Il \u00e9tait renforc\u00e9 par des tours massives et intelligemment con\u00e7ues, cens\u00e9es \u00eatre les principaux points de r\u00e9sistance, comme s'il s'agissait de petits forts. Le mat\u00e9riau de construction d'une structure aussi importante \u00e9tait une roche pr\u00e9lev\u00e9e dans les montagnes du nord de la province. L'initiative de le construire est venue apr\u00e8s l'entr\u00e9e des Perses sur le territoire du pays.<\/p>\n\n\n\n<p>Il convient \u00e9galement de mentionner que la ville poss\u00e9dait \u00e9galement des parcs occasionnels au milieu du d\u00e9sert. Enfin, il y avait des missions diplomatiques dans la capitale. De pays comme l'\u00c9gypte et la Gr\u00e8ce. De cette fa\u00e7on, ils ont voulu resserrer la coop\u00e9ration entre ces pays, en leur accordant des domaines ind\u00e9pendants d'eux-m\u00eames, qui pourraient \u00eatre librement r\u00e9alis\u00e9s par des activities diplomatiques.<\/p>\n\n\n\n<p>Dans l'ensemble, Gigargios a tenu d\u00e8s le d\u00e9part un r\u00f4le d\u00e9cisif dans ce jeune pays. Grandir avec, sinon d\u00e9passer. Les souverains successifs ont tout mis en \u0153uvre pour que la ville m\u00e9rite son r\u00f4le et soit l'exemple le plus majestueux de leur puissance. Gigargios, reconnue comme la plus grande ville de l'\u00c9tat, m\u00e9rite son statut de capitale.<\/p>\n\n\n\n<p>Gigargios ville <\/p>\n\n\n\n<figure class=\"wp-block-video\"><video height=\"1120\" style=\"aspect-ratio: 2120 \/ 1120;\" width=\"2120\" controls src=\"https:\/\/gigargios-history.com\/wp-content\/uploads\/2022\/06\/Gigargios-city-view-from-East-Gate.-whole-plus-music.mp4\"><\/video><\/figure>\n\n\n\n<p>Gigargios ville. Voir du est site. La proche portal<\/p>\n\n\n\n<figure class=\"wp-block-image size-full\"><a href=\"https:\/\/i0.wp.com\/gigargios-history.com\/wp-content\/uploads\/2022\/06\/Gigargios-city-view-East-Gate.-full-width-34percent-mark-1.jpg?fit=2446%2C1630&amp;ssl=1\"><img loading=\"lazy\" decoding=\"async\" width=\"2446\" height=\"1630\" src=\"https:\/\/i0.wp.com\/gigargios-history.com\/wp-content\/uploads\/2022\/06\/Gigargios-city-view-East-Gate.-full-width-34percent-mark-1.jpg?fit=2446%2C1630&amp;ssl=1\" alt=\"\" class=\"wp-image-1269\" srcset=\"https:\/\/i0.wp.com\/gigargios-history.com\/wp-content\/uploads\/2022\/06\/Gigargios-city-view-East-Gate.-full-width-34percent-mark-1.jpg?w=2446&amp;ssl=1 2446w, https:\/\/i0.wp.com\/gigargios-history.com\/wp-content\/uploads\/2022\/06\/Gigargios-city-view-East-Gate.-full-width-34percent-mark-1.jpg?resize=300%2C200&amp;ssl=1 300w, https:\/\/i0.wp.com\/gigargios-history.com\/wp-content\/uploads\/2022\/06\/Gigargios-city-view-East-Gate.-full-width-34percent-mark-1.jpg?resize=1024%2C682&amp;ssl=1 1024w, https:\/\/i0.wp.com\/gigargios-history.com\/wp-content\/uploads\/2022\/06\/Gigargios-city-view-East-Gate.-full-width-34percent-mark-1.jpg?resize=768%2C512&amp;ssl=1 768w, https:\/\/i0.wp.com\/gigargios-history.com\/wp-content\/uploads\/2022\/06\/Gigargios-city-view-East-Gate.-full-width-34percent-mark-1.jpg?resize=1536%2C1024&amp;ssl=1 1536w, https:\/\/i0.wp.com\/gigargios-history.com\/wp-content\/uploads\/2022\/06\/Gigargios-city-view-East-Gate.-full-width-34percent-mark-1.jpg?resize=2048%2C1365&amp;ssl=1 2048w, https:\/\/i0.wp.com\/gigargios-history.com\/wp-content\/uploads\/2022\/06\/Gigargios-city-view-East-Gate.-full-width-34percent-mark-1.jpg?resize=18%2C12&amp;ssl=1 18w, https:\/\/i0.wp.com\/gigargios-history.com\/wp-content\/uploads\/2022\/06\/Gigargios-city-view-East-Gate.-full-width-34percent-mark-1.jpg?resize=360%2C240&amp;ssl=1 360w, https:\/\/i0.wp.com\/gigargios-history.com\/wp-content\/uploads\/2022\/06\/Gigargios-city-view-East-Gate.-full-width-34percent-mark-1.jpg?resize=600%2C400&amp;ssl=1 600w, https:\/\/i0.wp.com\/gigargios-history.com\/wp-content\/uploads\/2022\/06\/Gigargios-city-view-East-Gate.-full-width-34percent-mark-1.jpg?w=2250&amp;ssl=1 2250w\" sizes=\"auto, (max-width: 750px) 100vw, 750px\" \/><\/a><\/figure>\n\n\n\n<p><\/p>","protected":false},"excerpt":{"rendered":"<p>&nbsp;The most important object in the country, the National proud. About it&#8217;s location and plan of construction decided Gigargios. Just like the unification of all kingdoms into one state, he wanted to build a new great and phenomenal city, which would then become the capital. Due to his own mathematical [&hellip;]<\/p>\n","protected":false},"author":1,"featured_media":1267,"parent":0,"menu_order":0,"comment_status":"closed","ping_status":"closed","template":"","meta":{"om_disable_all_campaigns":false,"footnotes":""},"class_list":["post-1266","page","type-page","status-publish","has-post-thumbnail","hentry"],"jetpack_sharing_enabled":true,"_links":{"self":[{"href":"https:\/\/gigargios-history.com\/fr\/wp-json\/wp\/v2\/pages\/1266","targetHints":{"allow":["GET"]}}],"collection":[{"href":"https:\/\/gigargios-history.com\/fr\/wp-json\/wp\/v2\/pages"}],"about":[{"href":"https:\/\/gigargios-history.com\/fr\/wp-json\/wp\/v2\/types\/page"}],"author":[{"embeddable":true,"href":"https:\/\/gigargios-history.com\/fr\/wp-json\/wp\/v2\/users\/1"}],"replies":[{"embeddable":true,"href":"https:\/\/gigargios-history.com\/fr\/wp-json\/wp\/v2\/comments?post=1266"}],"version-history":[{"count":5,"href":"https:\/\/gigargios-history.com\/fr\/wp-json\/wp\/v2\/pages\/1266\/revisions"}],"predecessor-version":[{"id":1282,"href":"https:\/\/gigargios-history.com\/fr\/wp-json\/wp\/v2\/pages\/1266\/revisions\/1282"}],"wp:featuredmedia":[{"embeddable":true,"href":"https:\/\/gigargios-history.com\/fr\/wp-json\/wp\/v2\/media\/1267"}],"wp:attachment":[{"href":"https:\/\/gigargios-history.com\/fr\/wp-json\/wp\/v2\/media?parent=1266"}],"curies":[{"name":"wp","href":"https:\/\/api.w.org\/{rel}","templated":true}]}}