{"id":1255,"date":"2022-06-25T18:49:30","date_gmt":"2022-06-25T18:49:30","guid":{"rendered":"https:\/\/gigargios-history.com\/?page_id=1255"},"modified":"2022-06-25T18:49:32","modified_gmt":"2022-06-25T18:49:32","slug":"falsche-gewohnheiten-und-vorlieben","status":"publish","type":"page","link":"https:\/\/gigargios-history.com\/fr\/falsche-gewohnheiten-und-vorlieben\/","title":{"rendered":"falsche Gewohnheiten und Vorlieben"},"content":{"rendered":"<p class=\"has-medium-font-size\"><strong>&#8221;Warum der Westen schwache Menschen hervorbringt?&#8221;<\/strong><\/p>\n\n\n\n<p style=\"font-size:18px\">Ich glaube, ich habe eines der gr\u00f6\u00dften R\u00e4tsel gel\u00f6st, das mich seit einiger Zeit besch\u00e4ftigt. Warum w\u00e4hlten Frauen den B\u00f6sewicht &#8230; warum nicht den Guten. Tats\u00e4chlich betrifft es mein Leben pers\u00f6nlich. Meine Mutter w\u00e4hlte meinen Bio-Vater, der schlecht f\u00fcr sie war. T\u00e4usche sie und wende sogar Gewalt gegen sie an. Es geschah in meiner fr\u00fchen Kindheit. Jetzt analysiere ich gr\u00fcndlich die Genese der Vorliebe von Frauen f\u00fcr unh\u00f6fliche M\u00e4nner. Es stellt sich heraus, dass Frauen auf ungeeignete Typen hereingefallen sind, weil ihr Leben so bequem ist. Sorglos, sicher, mit einer guten f\u00fcrsorglichen Familie. Und die &#8220;b\u00f6sen Jungs&#8221; scheinen Sensationen und Attraktionen in ihr Leben zu bringen.<img data-recalc-dims=\"1\" loading=\"lazy\" decoding=\"async\" width=\"150\" height=\"155\" class=\"wp-image-1252\" style=\"width: 150px;\" src=\"https:\/\/i0.wp.com\/gigargios-history.com\/wp-content\/uploads\/2022\/06\/Screenshot_20220624-083940_Brave.jpg?resize=150%2C155&#038;ssl=1\" alt=\"\" srcset=\"https:\/\/i0.wp.com\/gigargios-history.com\/wp-content\/uploads\/2022\/06\/Screenshot_20220624-083940_Brave.jpg?w=865&amp;ssl=1 865w, https:\/\/i0.wp.com\/gigargios-history.com\/wp-content\/uploads\/2022\/06\/Screenshot_20220624-083940_Brave.jpg?resize=290%2C300&amp;ssl=1 290w, https:\/\/i0.wp.com\/gigargios-history.com\/wp-content\/uploads\/2022\/06\/Screenshot_20220624-083940_Brave.jpg?resize=768%2C796&amp;ssl=1 768w, https:\/\/i0.wp.com\/gigargios-history.com\/wp-content\/uploads\/2022\/06\/Screenshot_20220624-083940_Brave.jpg?resize=12%2C12&amp;ssl=1 12w, https:\/\/i0.wp.com\/gigargios-history.com\/wp-content\/uploads\/2022\/06\/Screenshot_20220624-083940_Brave.jpg?resize=600%2C622&amp;ssl=1 600w\" sizes=\"auto, (max-width: 150px) 100vw, 150px\" \/> Im Gegensatz zu den Guten, die vielleicht nicht so beeindruckend sind. In den meisten F\u00e4llen enden Begegnungen mit B\u00f6sewichten f\u00fcr diese unreifen Frauen schlecht. Einige von ihnen verlassen diese Frau nach ein paar N\u00e4chten. Andere behandeln sie respektlos. In vielen F\u00e4llen sind die Ergebnisse dieser Beziehung Kinder aus unehelichen Beziehungen, unabh\u00e4ngig davon, ob der Vater sich darum k\u00fcmmert oder nicht<img data-recalc-dims=\"1\" loading=\"lazy\" decoding=\"async\" width=\"300\" height=\"161\" class=\"wp-image-1250\" style=\"width: 300px;\" src=\"https:\/\/i0.wp.com\/gigargios-history.com\/wp-content\/uploads\/2022\/06\/Screenshot_20220624-083654_Brave.jpg?resize=300%2C161&#038;ssl=1\" alt=\"\" srcset=\"https:\/\/i0.wp.com\/gigargios-history.com\/wp-content\/uploads\/2022\/06\/Screenshot_20220624-083654_Brave.jpg?w=871&amp;ssl=1 871w, https:\/\/i0.wp.com\/gigargios-history.com\/wp-content\/uploads\/2022\/06\/Screenshot_20220624-083654_Brave.jpg?resize=300%2C161&amp;ssl=1 300w, https:\/\/i0.wp.com\/gigargios-history.com\/wp-content\/uploads\/2022\/06\/Screenshot_20220624-083654_Brave.jpg?resize=768%2C413&amp;ssl=1 768w, https:\/\/i0.wp.com\/gigargios-history.com\/wp-content\/uploads\/2022\/06\/Screenshot_20220624-083654_Brave.jpg?resize=18%2C10&amp;ssl=1 18w, https:\/\/i0.wp.com\/gigargios-history.com\/wp-content\/uploads\/2022\/06\/Screenshot_20220624-083654_Brave.jpg?resize=600%2C322&amp;ssl=1 600w\" sizes=\"auto, (max-width: 300px) 100vw, 300px\" \/>. Wir k\u00f6nnen die \u201eB\u00f6sen\u201c Schuld f\u00fcr dieses unangemessene Verhalten verantwortlich machen. Aber es sind meistens Frauen, die scheitern, die sich einfach die falschen Leute ausgesucht haben. Mitgef\u00fchl f\u00fcr sie ist ungerechtfertigt. Zumal sich einige von ihnen weniger oder mehr bewusst sind, dass sie es mit unh\u00f6flichen M\u00e4nnern zu tun haben. Rechtschaffenes Mitgef\u00fchl geh\u00f6rt den verbleibenden guten M\u00e4nnern, die sie nicht beeindrucken, weil sie <strong>ruhig <\/strong>und h\u00f6flich sind. In dieser demoralisierten Kultur sind die Belohnungen schlechtes Benehmen und schlechte Herangehensweisen. Unwahrscheinlich in L\u00e4ndern weniger beg\u00fcnstigter Nationen, wo das Verantwortungsbewusstsein bei Frauen viel h\u00f6her ist. Es ist unwahrscheinlich, dass sie sich mit jemandem einlassen, der nicht dazu neigt, ein guter Ehemann zu sein. Leider neigen westliche Frauen mit einer nachl\u00e4ssigen Denkweise dazu, die falsche Entscheidung zu treffen.<\/p>\n\n\n\n<p><\/p>\n\n\n\n<p>Allerdings haben sich in letzter Zeit die Vorlieben j\u00fcngerer Frauen deutlich ver\u00e4ndert. Aller traurige Materialismus w\u00e4chst in ihnen. Angetrieben von den sozialen Medien, die ihr Ego st\u00e4rkten, machten sie es sich zur Aufgabe, von ihrem Ehebruch zu profitieren. Und obwohl es keine regul\u00e4re Prostitution ist, haben sie informelle Beziehungen zu denen, die ihre materiellen W\u00fcnsche befriedigen k\u00f6nnen. H\u00f6chstwahrscheinlich \u00e4ltere Typen, die sich Sugar Dad nennen. Dieser Trend ist besonders in Zeiten von Covid zu beobachten. Eine weitere M\u00f6glichkeit, gute, solide Typen zu meiden, die eine gesunde Beziehung aufbauen k\u00f6nnen. Es ist daher nicht verwunderlich, dass all diese verdrehten Beziehungen der Gesellschaft, der Moral und dem guten Modell der Familie schaden. Der unbeliebte Begriff, der Menschen in guter k\u00f6rperlicher und geistiger Verfassung beschreibt, die ihre Kinder mit Liebe richtig erziehen, um ihnen ein stabiles und einfacheres Leben zu erm\u00f6glichen. Das ist vor allem die traurige Realit\u00e4t des \u201ewestlichen Liberalismus\u201c. Ich bin der Gegner Russlands, aber ich akzeptiere den Begriff &#8220;fauler Westen&#8221; &#8230; vielleicht ist das das einzige, was ich ihnen zustimme. Die Gesellschaft mit einer solchen St\u00f6rung dauert m\u00f6glicherweise nicht lange. Am st\u00e4rksten betroffen sind Kinder, die in unvollst\u00e4ndigen Familien leben, die sie nicht richtig auf das Erwachsenenleben vorbereiten. Entweder leben sie bei Schwiegereltern, denen sie eigentlich gleichg\u00fcltig sind, weil sie sie wegen ihrer M\u00fctter tolerieren. <img data-recalc-dims=\"1\" loading=\"lazy\" decoding=\"async\" width=\"200\" height=\"133\" class=\"wp-image-1249\" style=\"width: 200px;\" src=\"https:\/\/i0.wp.com\/gigargios-history.com\/wp-content\/uploads\/2022\/06\/Screenshot_20220624-083609_Brave.jpg?resize=200%2C133&#038;ssl=1\" alt=\"\" srcset=\"https:\/\/i0.wp.com\/gigargios-history.com\/wp-content\/uploads\/2022\/06\/Screenshot_20220624-083609_Brave.jpg?w=873&amp;ssl=1 873w, https:\/\/i0.wp.com\/gigargios-history.com\/wp-content\/uploads\/2022\/06\/Screenshot_20220624-083609_Brave.jpg?resize=300%2C199&amp;ssl=1 300w, https:\/\/i0.wp.com\/gigargios-history.com\/wp-content\/uploads\/2022\/06\/Screenshot_20220624-083609_Brave.jpg?resize=768%2C509&amp;ssl=1 768w, https:\/\/i0.wp.com\/gigargios-history.com\/wp-content\/uploads\/2022\/06\/Screenshot_20220624-083609_Brave.jpg?resize=18%2C12&amp;ssl=1 18w, https:\/\/i0.wp.com\/gigargios-history.com\/wp-content\/uploads\/2022\/06\/Screenshot_20220624-083609_Brave.jpg?resize=360%2C240&amp;ssl=1 360w, https:\/\/i0.wp.com\/gigargios-history.com\/wp-content\/uploads\/2022\/06\/Screenshot_20220624-083609_Brave.jpg?resize=600%2C398&amp;ssl=1 600w\" sizes=\"auto, (max-width: 200px) 100vw, 200px\" \/><\/p>","protected":false},"excerpt":{"rendered":"<p>&#8221;Warum der Westen schwache Menschen hervorbringt?&#8221; Ich glaube, ich habe eines der gr\u00f6\u00dften R\u00e4tsel gel\u00f6st, das mich seit einiger Zeit besch\u00e4ftigt. Warum w\u00e4hlten Frauen den B\u00f6sewicht &#8230; warum nicht den Guten. Tats\u00e4chlich betrifft es mein Leben pers\u00f6nlich. Meine Mutter w\u00e4hlte meinen Bio-Vater, der schlecht f\u00fcr sie war. T\u00e4usche sie und [&hellip;]<\/p>\n","protected":false},"author":1,"featured_media":1251,"parent":0,"menu_order":0,"comment_status":"closed","ping_status":"closed","template":"","meta":{"om_disable_all_campaigns":false,"footnotes":""},"class_list":["post-1255","page","type-page","status-publish","has-post-thumbnail","hentry"],"jetpack_sharing_enabled":true,"_links":{"self":[{"href":"https:\/\/gigargios-history.com\/fr\/wp-json\/wp\/v2\/pages\/1255","targetHints":{"allow":["GET"]}}],"collection":[{"href":"https:\/\/gigargios-history.com\/fr\/wp-json\/wp\/v2\/pages"}],"about":[{"href":"https:\/\/gigargios-history.com\/fr\/wp-json\/wp\/v2\/types\/page"}],"author":[{"embeddable":true,"href":"https:\/\/gigargios-history.com\/fr\/wp-json\/wp\/v2\/users\/1"}],"replies":[{"embeddable":true,"href":"https:\/\/gigargios-history.com\/fr\/wp-json\/wp\/v2\/comments?post=1255"}],"version-history":[{"count":1,"href":"https:\/\/gigargios-history.com\/fr\/wp-json\/wp\/v2\/pages\/1255\/revisions"}],"predecessor-version":[{"id":1256,"href":"https:\/\/gigargios-history.com\/fr\/wp-json\/wp\/v2\/pages\/1255\/revisions\/1256"}],"wp:featuredmedia":[{"embeddable":true,"href":"https:\/\/gigargios-history.com\/fr\/wp-json\/wp\/v2\/media\/1251"}],"wp:attachment":[{"href":"https:\/\/gigargios-history.com\/fr\/wp-json\/wp\/v2\/media?parent=1255"}],"curies":[{"name":"wp","href":"https:\/\/api.w.org\/{rel}","templated":true}]}}