{"id":118,"date":"2020-11-20T20:03:11","date_gmt":"2020-11-20T20:03:11","guid":{"rendered":"https:\/\/gigargios-history.com\/?page_id=118"},"modified":"2024-08-04T21:06:05","modified_gmt":"2024-08-04T21:06:05","slug":"support-us-2","status":"publish","type":"page","link":"https:\/\/gigargios-history.com\/fr\/support-us-2\/","title":{"rendered":"Supporter nous"},"content":{"rendered":"<blockquote class=\"wp-block-quote is-style-default is-layout-flow wp-block-quote-is-layout-flow\"><p>Your bonds gives us Force and will make us Lords<\/p><\/blockquote>\n\n\n\n<p class=\"has-text-color has-medium-font-size\" style=\"color:#4e7526\">Nous sommes actuellement ouverts aux investissements d'hommes d'affaires. Si vous voulez contribuer au d\u00e9veloppement de ce pays magnifique et gimmick, allez soutenir. Nous envisageons une augmentation du personnel et une grande campagne publicitaire. De plus, nous souhaitons faire un film d'animation professionnel comme bande-annonce pour encourager les clients. Vous voulez de l'aide\u00a0? .. Je veux que vous ayez votre nom dans notre casting. En contact avec nous. <\/p>\n\n\n\n<p class=\"has-text-color\" style=\"color:#74b957;font-size:19px\">Vous serez au courant de nos secrets et de nos projets. <\/p>\n\n\n\n<p class=\"has-text-color has-medium-font-size\" style=\"color:#ad601b\"> Devenez Investisseur ou Devenez Actionnaire. Continuez, avec Toi le royaume s'\u00e9l\u00e8vera. <\/p>\n\n\n\n<p style=\"font-size:14px\">Avant tout soutien financier, nous souhaitons contacter et consulter toutes les aspirations. L'accord est au pouvoir lorsque les deux parties se rassemblent, se consultent et se tournent vers la conclusion lorsque les deux parties \u00e9tablissent un accord. Notice l\u00e9gale.<\/p>\n\n\n\n<p class=\"has-text-color\" style=\"color:#30a32a;font-size:14px\">Contact pr\u00e9f\u00e9r\u00e9 via un num\u00e9ro de t\u00e9l\u00e9phone partag\u00e9 ou via Messenger. Notre page disponible sur Facebook.<\/p>","protected":false},"excerpt":{"rendered":"<p>Your bonds gives us Force and will make us Lords We are currently open for invest from businessman. If you want contribute to development this magnificent and gimmick country go to support. We&#8217;re consider increase staff and big advertisement campaign. Furthermore we wish to make a proffesional animation movie as [&hellip;]<\/p>\n","protected":false},"author":1,"featured_media":805,"parent":0,"menu_order":0,"comment_status":"closed","ping_status":"closed","template":"","meta":{"om_disable_all_campaigns":false,"footnotes":""},"class_list":["post-118","page","type-page","status-publish","has-post-thumbnail","hentry"],"jetpack_sharing_enabled":true,"_links":{"self":[{"href":"https:\/\/gigargios-history.com\/fr\/wp-json\/wp\/v2\/pages\/118","targetHints":{"allow":["GET"]}}],"collection":[{"href":"https:\/\/gigargios-history.com\/fr\/wp-json\/wp\/v2\/pages"}],"about":[{"href":"https:\/\/gigargios-history.com\/fr\/wp-json\/wp\/v2\/types\/page"}],"author":[{"embeddable":true,"href":"https:\/\/gigargios-history.com\/fr\/wp-json\/wp\/v2\/users\/1"}],"replies":[{"embeddable":true,"href":"https:\/\/gigargios-history.com\/fr\/wp-json\/wp\/v2\/comments?post=118"}],"version-history":[{"count":6,"href":"https:\/\/gigargios-history.com\/fr\/wp-json\/wp\/v2\/pages\/118\/revisions"}],"predecessor-version":[{"id":809,"href":"https:\/\/gigargios-history.com\/fr\/wp-json\/wp\/v2\/pages\/118\/revisions\/809"}],"wp:featuredmedia":[{"embeddable":true,"href":"https:\/\/gigargios-history.com\/fr\/wp-json\/wp\/v2\/media\/805"}],"wp:attachment":[{"href":"https:\/\/gigargios-history.com\/fr\/wp-json\/wp\/v2\/media?parent=118"}],"curies":[{"name":"wp","href":"https:\/\/api.w.org\/{rel}","templated":true}]}}