{"id":115,"date":"2020-11-20T20:03:11","date_gmt":"2020-11-20T20:03:11","guid":{"rendered":"https:\/\/gigargios-history.com\/?page_id=115"},"modified":"2020-11-21T09:58:06","modified_gmt":"2020-11-21T09:58:06","slug":"region-of-north-africa-2","status":"publish","type":"page","link":"https:\/\/gigargios-history.com\/fr\/region-of-north-africa-2\/","title":{"rendered":"R\u00e9gion Afrique du nord"},"content":{"rendered":"<p class=\"has-text-color has-background\" style=\"background-color:#29411b;color:#c69f89\">La r\u00e9gion de l'Afrique du Nord, ainsi que l'Afrique enti\u00e8re, avaient \u00e9t\u00e9 conquises par des puissances ext\u00e9rieures et jouaient le r\u00f4le de lieu de bataille entre les unes et les autres. Depuis des temps tr\u00e8s anciens, la seule puissance bien connue sur le continent, l'\u00c9gypte, avait \u00e9t\u00e9 vaincue par la Perse de l'est, qui \u00e9tait d\u00e9crite dans l'Ancien Testament. M\u00eame Carthagine, qui \u00e9tait reconnue comme une empire en Afrique du Nord, qui r\u00e9ussit presque \u00e0 vaincre Rome elle-m\u00eame, avait son origine dans les colons ph\u00e9niciens du Liban, -(en Asie). Dans ce livre, je veux montrer une histoire alternative de cette r\u00e9gion. Ce que si sur la r\u00e9gion de l'Afrique du Nord naissait un royaume, occupait une grande partie de ce continent qui serait capable de se d\u00e9fendre depuis des temps tr\u00e8s anciens et d'exister. En plus, cr\u00e9er une culture unique et des arts caract\u00e9ristiques de cette r\u00e9gion. A quoi ressemblerait ce pays ?. La Chine, l'Inde ?. Certes serait original en la mati\u00e8re et constituerait La puissance qui serait la plus proche de l'Europe, depuis tout d\u00e9but. Un pays qui a \u00e9t\u00e9 influenc\u00e9 par les ing\u00e9rences europ\u00e9ennes, mais aussi un parti qui a contribu\u00e9 \u00e0 son histoire. Ind\u00e9pendant, (pas humble), courageux, (guerrier). Tous ces adjectifs d\u00e9crivent des Gigargiosgens qui doivent se battre pour leur libert\u00e9 contre des agresseurs \u00e9trangers qui voulaient avidement prendre leurs terres. Mais ce n'est pas seulement un roman de guerre. Montrez la culture et l'architecture magnifiques et fascin\u00e9es des villes plac\u00e9es dans la d\u00e9solation du Sahara. Car ce climat de duret\u00e9 dans lequel ils ont v\u00e9cu, a fait en eux des talents et des id\u00e9es pour cr\u00e9er des inventions extraordinaires. Cr\u00e9e en eux la sagesse et l'intelligence qui ont aid\u00e9 \u00e0 survivre et \u00e0 vivre au milieu du d\u00e9sert. -La patrie des gens formidables. Des patriotes qui ont sign\u00e9 dans les charrettes de l'histoire, ainsi que des citoyens ordinaires qui par leur bourreau de travail ont contribu\u00e9 \u00e0 construire ce Grand pays.<\/p>","protected":false},"excerpt":{"rendered":"<p>Region of North Africa, along with whole Africa had been conquering by outside powers, and played the role of a battle place betwen one and another.\u00a0Since very ancient times, the only well know power in the continent Egypt had been overcome by Persia from the east, which was described in [&hellip;]<\/p>\n","protected":false},"author":1,"featured_media":146,"parent":0,"menu_order":0,"comment_status":"closed","ping_status":"closed","template":"","meta":{"om_disable_all_campaigns":false,"footnotes":""},"class_list":["post-115","page","type-page","status-publish","has-post-thumbnail","hentry"],"jetpack_sharing_enabled":true,"_links":{"self":[{"href":"https:\/\/gigargios-history.com\/fr\/wp-json\/wp\/v2\/pages\/115","targetHints":{"allow":["GET"]}}],"collection":[{"href":"https:\/\/gigargios-history.com\/fr\/wp-json\/wp\/v2\/pages"}],"about":[{"href":"https:\/\/gigargios-history.com\/fr\/wp-json\/wp\/v2\/types\/page"}],"author":[{"embeddable":true,"href":"https:\/\/gigargios-history.com\/fr\/wp-json\/wp\/v2\/users\/1"}],"replies":[{"embeddable":true,"href":"https:\/\/gigargios-history.com\/fr\/wp-json\/wp\/v2\/comments?post=115"}],"version-history":[{"count":2,"href":"https:\/\/gigargios-history.com\/fr\/wp-json\/wp\/v2\/pages\/115\/revisions"}],"predecessor-version":[{"id":147,"href":"https:\/\/gigargios-history.com\/fr\/wp-json\/wp\/v2\/pages\/115\/revisions\/147"}],"wp:featuredmedia":[{"embeddable":true,"href":"https:\/\/gigargios-history.com\/fr\/wp-json\/wp\/v2\/media\/146"}],"wp:attachment":[{"href":"https:\/\/gigargios-history.com\/fr\/wp-json\/wp\/v2\/media?parent=115"}],"curies":[{"name":"wp","href":"https:\/\/api.w.org\/{rel}","templated":true}]}}