{"id":1109,"date":"2022-04-18T17:54:08","date_gmt":"2022-04-18T17:54:08","guid":{"rendered":"https:\/\/gigargios-history.com\/?page_id=1109"},"modified":"2022-04-18T17:54:10","modified_gmt":"2022-04-18T17:54:10","slug":"de-publizieren-film","status":"publish","type":"page","link":"https:\/\/gigargios-history.com\/fr\/de-publizieren-film\/","title":{"rendered":"publizieren film"},"content":{"rendered":"<p class=\"has-medium-font-size\">Mit Freude m\u00f6chte ich mitteilen, dass der Film, den wir in letzter Zeit erwartet haben, zusammengestellt und auf Youtube ver\u00f6ffentlicht wurde. Es dauerte genau ein ganzes Jahr, um alle daf\u00fcr erforderlichen Arbeiten zu erledigen. Genau im April 2021 begannen die Arbeiten an der Animation. Erste Griffe wurden gezogen. Tats\u00e4chlich hat Marcin alle Grafikarbeiten dar\u00fcber durchgef\u00fchrt. Er machte seine Werke mit Pr\u00e4zision, deshalb dauerte es so lange. Es k\u00f6nnten Mitarbeiter von Grafikdesignern ben\u00f6tigt werden, die eingestellt werden m\u00fcssten. Vor allem professionelle Animateure wie Marcin behauptet. Es war f\u00fcr ihn ebenso wie f\u00fcr uns der Kampf, Zeitaufwand, langer Prozess. Aber die Arbeit, das Projekt ist gelungen. Und jetzt k\u00f6nnen wir und Sie dieses Anschauen genie\u00dfen. Dieser Film ist nur der Beginn unserer Expansion.<\/p>\n\n\n\n<p class=\"has-medium-font-size\">Sie k\u00f6nnen unser Video ansehen, indem Sie auf den Link klicken  <a href=\"https:\/\/www.youtube.com\/watch?v=IyM8pcnQ2Zs\">Gigargios, the kingdom that challenged the rome &#8211; YouTube<\/a><\/p>","protected":false},"excerpt":{"rendered":"<p>Mit Freude m\u00f6chte ich mitteilen, dass der Film, den wir in letzter Zeit erwartet haben, zusammengestellt und auf Youtube ver\u00f6ffentlicht wurde. Es dauerte genau ein ganzes Jahr, um alle daf\u00fcr erforderlichen Arbeiten zu erledigen. Genau im April 2021 begannen die Arbeiten an der Animation. Erste Griffe wurden gezogen. Tats\u00e4chlich hat [&hellip;]<\/p>\n","protected":false},"author":1,"featured_media":1102,"parent":0,"menu_order":0,"comment_status":"closed","ping_status":"closed","template":"","meta":{"om_disable_all_campaigns":false,"footnotes":""},"class_list":["post-1109","page","type-page","status-publish","has-post-thumbnail","hentry"],"jetpack_sharing_enabled":true,"_links":{"self":[{"href":"https:\/\/gigargios-history.com\/fr\/wp-json\/wp\/v2\/pages\/1109","targetHints":{"allow":["GET"]}}],"collection":[{"href":"https:\/\/gigargios-history.com\/fr\/wp-json\/wp\/v2\/pages"}],"about":[{"href":"https:\/\/gigargios-history.com\/fr\/wp-json\/wp\/v2\/types\/page"}],"author":[{"embeddable":true,"href":"https:\/\/gigargios-history.com\/fr\/wp-json\/wp\/v2\/users\/1"}],"replies":[{"embeddable":true,"href":"https:\/\/gigargios-history.com\/fr\/wp-json\/wp\/v2\/comments?post=1109"}],"version-history":[{"count":1,"href":"https:\/\/gigargios-history.com\/fr\/wp-json\/wp\/v2\/pages\/1109\/revisions"}],"predecessor-version":[{"id":1110,"href":"https:\/\/gigargios-history.com\/fr\/wp-json\/wp\/v2\/pages\/1109\/revisions\/1110"}],"wp:featuredmedia":[{"embeddable":true,"href":"https:\/\/gigargios-history.com\/fr\/wp-json\/wp\/v2\/media\/1102"}],"wp:attachment":[{"href":"https:\/\/gigargios-history.com\/fr\/wp-json\/wp\/v2\/media?parent=1109"}],"curies":[{"name":"wp","href":"https:\/\/api.w.org\/{rel}","templated":true}]}}