{"id":1106,"date":"2022-04-18T17:46:52","date_gmt":"2022-04-18T17:46:52","guid":{"rendered":"https:\/\/gigargios-history.com\/?page_id=1106"},"modified":"2022-04-18T17:46:54","modified_gmt":"2022-04-18T17:46:54","slug":"de-facebook-fanpage-fur-nutzer-dient-der-unterstutzung","status":"publish","type":"page","link":"https:\/\/gigargios-history.com\/fr\/de-facebook-fanpage-fur-nutzer-dient-der-unterstutzung\/","title":{"rendered":"Facebook-Fanpage f\u00fcr Nutzer dient der Unterst\u00fctzung"},"content":{"rendered":"<p class=\"has-text-color has-medium-font-size\" style=\"color:#454f28\">Wir teilen auch mit, dass unsere Fanpage auch auf Facebook verf\u00fcgbar ist. Wir empfehlen, dort die Gigargios-Geschichte zu besuchen. Umso mehr werden wir unsere Aktivit\u00e4ten bald darauf ausrichten. Wenn Sie also p\u00fcnktlich mit unseren neuesten Ereignissen sein m\u00f6chten, folgen Sie uns. Wir sind der <strong>Premiere des Buchverkaufs voraus<\/strong><\/p>\n\n\n\n<div class=\"wp-block-image\"><figure class=\"aligncenter size-large is-resized\"><img data-recalc-dims=\"1\" loading=\"lazy\" decoding=\"async\" src=\"https:\/\/i0.wp.com\/gigargios-history.com\/wp-content\/uploads\/2022\/04\/2022-04-17-Gigargios-fanpage-facebook.jpg?resize=635%2C322&#038;ssl=1\" alt=\"\" class=\"wp-image-1096\" width=\"635\" height=\"322\" srcset=\"https:\/\/i0.wp.com\/gigargios-history.com\/wp-content\/uploads\/2022\/04\/2022-04-17-Gigargios-fanpage-facebook.jpg?resize=1024%2C521&amp;ssl=1 1024w, https:\/\/i0.wp.com\/gigargios-history.com\/wp-content\/uploads\/2022\/04\/2022-04-17-Gigargios-fanpage-facebook.jpg?resize=300%2C153&amp;ssl=1 300w, https:\/\/i0.wp.com\/gigargios-history.com\/wp-content\/uploads\/2022\/04\/2022-04-17-Gigargios-fanpage-facebook.jpg?resize=768%2C391&amp;ssl=1 768w, https:\/\/i0.wp.com\/gigargios-history.com\/wp-content\/uploads\/2022\/04\/2022-04-17-Gigargios-fanpage-facebook.jpg?resize=18%2C9&amp;ssl=1 18w, https:\/\/i0.wp.com\/gigargios-history.com\/wp-content\/uploads\/2022\/04\/2022-04-17-Gigargios-fanpage-facebook.jpg?resize=600%2C305&amp;ssl=1 600w, https:\/\/i0.wp.com\/gigargios-history.com\/wp-content\/uploads\/2022\/04\/2022-04-17-Gigargios-fanpage-facebook.jpg?w=1172&amp;ssl=1 1172w\" sizes=\"auto, (max-width: 635px) 100vw, 635px\" \/><figcaption>https:\/\/www.facebook.com\/Gigargiosadmin<\/figcaption><\/figure><\/div>\n\n\n\n<p><\/p>","protected":false},"excerpt":{"rendered":"<p>Wir teilen auch mit, dass unsere Fanpage auch auf Facebook verf\u00fcgbar ist. Wir empfehlen, dort die Gigargios-Geschichte zu besuchen. Umso mehr werden wir unsere Aktivit\u00e4ten bald darauf ausrichten. Wenn Sie also p\u00fcnktlich mit unseren neuesten Ereignissen sein m\u00f6chten, folgen Sie uns. Wir sind der Premiere des Buchverkaufs voraus<\/p>","protected":false},"author":1,"featured_media":1096,"parent":0,"menu_order":0,"comment_status":"closed","ping_status":"closed","template":"","meta":{"om_disable_all_campaigns":false,"footnotes":""},"class_list":["post-1106","page","type-page","status-publish","has-post-thumbnail","hentry"],"jetpack_sharing_enabled":true,"_links":{"self":[{"href":"https:\/\/gigargios-history.com\/fr\/wp-json\/wp\/v2\/pages\/1106","targetHints":{"allow":["GET"]}}],"collection":[{"href":"https:\/\/gigargios-history.com\/fr\/wp-json\/wp\/v2\/pages"}],"about":[{"href":"https:\/\/gigargios-history.com\/fr\/wp-json\/wp\/v2\/types\/page"}],"author":[{"embeddable":true,"href":"https:\/\/gigargios-history.com\/fr\/wp-json\/wp\/v2\/users\/1"}],"replies":[{"embeddable":true,"href":"https:\/\/gigargios-history.com\/fr\/wp-json\/wp\/v2\/comments?post=1106"}],"version-history":[{"count":1,"href":"https:\/\/gigargios-history.com\/fr\/wp-json\/wp\/v2\/pages\/1106\/revisions"}],"predecessor-version":[{"id":1107,"href":"https:\/\/gigargios-history.com\/fr\/wp-json\/wp\/v2\/pages\/1106\/revisions\/1107"}],"wp:featuredmedia":[{"embeddable":true,"href":"https:\/\/gigargios-history.com\/fr\/wp-json\/wp\/v2\/media\/1096"}],"wp:attachment":[{"href":"https:\/\/gigargios-history.com\/fr\/wp-json\/wp\/v2\/media?parent=1106"}],"curies":[{"name":"wp","href":"https:\/\/api.w.org\/{rel}","templated":true}]}}