{"id":1104,"date":"2022-04-18T17:42:02","date_gmt":"2022-04-18T17:42:02","guid":{"rendered":"https:\/\/gigargios-history.com\/?page_id=1104"},"modified":"2022-04-18T17:42:06","modified_gmt":"2022-04-18T17:42:06","slug":"de-deutsch-version-unserer-website-ab-sofort-verfugbar","status":"publish","type":"page","link":"https:\/\/gigargios-history.com\/fr\/de-deutsch-version-unserer-website-ab-sofort-verfugbar\/","title":{"rendered":"Deutsch Version unserer Website ab sofort verf\u00fcgbar"},"content":{"rendered":"<p>Guten Tag, ich m\u00f6chte etwas super erz\u00e4hlen, Wir m\u00f6chten mitteilen, dass die deutsche Version unserer Website ver\u00f6ffentlicht wurde. So finden die deutschsprachigen Fans Platz f\u00fcr sich und Besucher schauen sich unsere Seiten an. Nur wenn Sie auf das Hauptfenster \u201eDeutsch-Zone\u201c klicken. Die Assemblersprache Deutsch ist ein weiterer Schritt in unserer Entwicklung. Wir verzichten jedoch darauf, neue Sprachen hinzuzuf\u00fcgen. Im Augenblick. Die arabische Sprache ist zuk\u00fcnftig mit Unterst\u00fctzung von Muttersprachlern geplant. Marcin hat gro\u00dfen Respekt vor Deutschland, und die Zusammenstellung eines deutschsprachigen Panels auf seiner Website war sein Hauptanliegen.<\/p>\n\n\n\n<figure class=\"wp-block-image size-large is-resized\"><img data-recalc-dims=\"1\" loading=\"lazy\" decoding=\"async\" src=\"https:\/\/i0.wp.com\/gigargios-history.com\/wp-content\/uploads\/2022\/04\/view-pannel-%E2%80%94-german.jpg?resize=602%2C332&#038;ssl=1\" alt=\"\" class=\"wp-image-1088\" width=\"602\" height=\"332\" srcset=\"https:\/\/i0.wp.com\/gigargios-history.com\/wp-content\/uploads\/2022\/04\/view-pannel-%E2%80%94-german.jpg?resize=1024%2C565&amp;ssl=1 1024w, https:\/\/i0.wp.com\/gigargios-history.com\/wp-content\/uploads\/2022\/04\/view-pannel-%E2%80%94-german.jpg?resize=300%2C165&amp;ssl=1 300w, https:\/\/i0.wp.com\/gigargios-history.com\/wp-content\/uploads\/2022\/04\/view-pannel-%E2%80%94-german.jpg?resize=768%2C423&amp;ssl=1 768w, https:\/\/i0.wp.com\/gigargios-history.com\/wp-content\/uploads\/2022\/04\/view-pannel-%E2%80%94-german.jpg?resize=18%2C10&amp;ssl=1 18w, https:\/\/i0.wp.com\/gigargios-history.com\/wp-content\/uploads\/2022\/04\/view-pannel-%E2%80%94-german.jpg?resize=600%2C331&amp;ssl=1 600w, https:\/\/i0.wp.com\/gigargios-history.com\/wp-content\/uploads\/2022\/04\/view-pannel-%E2%80%94-german.jpg?w=1072&amp;ssl=1 1072w\" sizes=\"auto, (max-width: 602px) 100vw, 602px\" \/><\/figure>","protected":false},"excerpt":{"rendered":"<p>Guten Tag, ich m\u00f6chte etwas super erz\u00e4hlen, Wir m\u00f6chten mitteilen, dass die deutsche Version unserer Website ver\u00f6ffentlicht wurde. So finden die deutschsprachigen Fans Platz f\u00fcr sich und Besucher schauen sich unsere Seiten an. Nur wenn Sie auf das Hauptfenster \u201eDeutsch-Zone\u201c klicken. Die Assemblersprache Deutsch ist ein weiterer Schritt in unserer [&hellip;]<\/p>\n","protected":false},"author":1,"featured_media":1090,"parent":0,"menu_order":0,"comment_status":"closed","ping_status":"closed","template":"","meta":{"om_disable_all_campaigns":false,"footnotes":""},"class_list":["post-1104","page","type-page","status-publish","has-post-thumbnail","hentry"],"jetpack_sharing_enabled":true,"_links":{"self":[{"href":"https:\/\/gigargios-history.com\/fr\/wp-json\/wp\/v2\/pages\/1104","targetHints":{"allow":["GET"]}}],"collection":[{"href":"https:\/\/gigargios-history.com\/fr\/wp-json\/wp\/v2\/pages"}],"about":[{"href":"https:\/\/gigargios-history.com\/fr\/wp-json\/wp\/v2\/types\/page"}],"author":[{"embeddable":true,"href":"https:\/\/gigargios-history.com\/fr\/wp-json\/wp\/v2\/users\/1"}],"replies":[{"embeddable":true,"href":"https:\/\/gigargios-history.com\/fr\/wp-json\/wp\/v2\/comments?post=1104"}],"version-history":[{"count":1,"href":"https:\/\/gigargios-history.com\/fr\/wp-json\/wp\/v2\/pages\/1104\/revisions"}],"predecessor-version":[{"id":1105,"href":"https:\/\/gigargios-history.com\/fr\/wp-json\/wp\/v2\/pages\/1104\/revisions\/1105"}],"wp:featuredmedia":[{"embeddable":true,"href":"https:\/\/gigargios-history.com\/fr\/wp-json\/wp\/v2\/media\/1090"}],"wp:attachment":[{"href":"https:\/\/gigargios-history.com\/fr\/wp-json\/wp\/v2\/media?parent=1104"}],"curies":[{"name":"wp","href":"https:\/\/api.w.org\/{rel}","templated":true}]}}