{"id":109,"date":"2020-11-20T19:48:37","date_gmt":"2020-11-20T19:48:37","guid":{"rendered":"https:\/\/gigargios-history.com\/?page_id=109"},"modified":"2024-08-04T21:06:45","modified_gmt":"2024-08-04T21:06:45","slug":"upcoming-news","status":"publish","type":"page","link":"https:\/\/gigargios-history.com\/fr\/upcoming-news\/","title":{"rendered":"\u00e0 para\u00eetre Nouvelles"},"content":{"rendered":"<p class=\"has-text-color\" style=\"color:#84c2b9;font-size:19px\"><mark style=\"background-color:rgba(0, 0, 0, 0);color:#bd75e1\" class=\"has-inline-color\">Bient\u00f4t, nous d\u00e9voilerons notre <\/mark>plans successifs. Jusqu'\u00e0 pr\u00e9sent, nous quittons la liste avec les activit\u00e9s et les nouvelles en cours.<\/p>\n\n\n\n<p class=\"has-text-color\" style=\"color:#7686a6\">For newest content we invite to our fanpage on facebook<\/p>\n\n\n\n<p class=\"has-text-color\" style=\"color:#a38d00;font-size:21px\"><a href=\"https:\/\/gigargios-history.com\/fr\/upcoming-news\/animation-movie\/\" data-type=\"URL\" data-id=\"https:\/\/gigargios-history.com\/upcoming-news\/animation-movie\/\"><span style=\"text-decoration: underline;\">L'animation Film<\/span><\/a><\/p>\n\n\n\n<p class=\"has-text-color has-medium-font-size\" style=\"color:#ac6920\"><a href=\"https:\/\/gigargios-history.com\/fr\/upcoming-news\/advertisement-campaign\/\" data-type=\"URL\" data-id=\"https:\/\/gigargios-history.com\/upcoming-news\/advertisement-campaign\/\"><span style=\"text-decoration: underline;\">Campagne publicitaire<\/span><\/a><\/p>\n\n\n\n<p class=\"has-text-color has-medium-font-size\" style=\"color:#026e9c\"><span style=\"text-decoration: underline;\"><a href=\"https:\/\/gigargios-history.com\/fr\/upcoming-news\/gigargios-world-portal-for-fans\/\">Le monde de Gigargios<\/a>o<a href=\"https:\/\/gigargios-history.com\/fr\/upcoming-news\/gigargios-world-portal-for-fans\/\">s-world<\/a><\/span><\/p>\n\n\n\n<p><\/p>\n\n\n\n<p class=\"has-text-color\" style=\"color:#2f39a3;font-size:18px\"><a href=\"https:\/\/gigargios-history.com\/fr\/upcoming-news\/marcin-thoughts\/\" data-type=\"URL\"><span style=\"text-decoration: underline;\">la pens\u00e9e de Marcin<\/span><\/a><\/p>","protected":false},"excerpt":{"rendered":"<p>Soon we will unveil our sequent plans. So far we&#8217;re leaving the list with current activities and news. For newest content we invite to our fanpage on facebook Animation movie advertisment campaign gigargios-world Marcin Thought&#8217;s<\/p>","protected":false},"author":1,"featured_media":497,"parent":0,"menu_order":0,"comment_status":"closed","ping_status":"closed","template":"","meta":{"om_disable_all_campaigns":false,"footnotes":""},"class_list":["post-109","page","type-page","status-publish","has-post-thumbnail","hentry"],"jetpack_sharing_enabled":true,"_links":{"self":[{"href":"https:\/\/gigargios-history.com\/fr\/wp-json\/wp\/v2\/pages\/109","targetHints":{"allow":["GET"]}}],"collection":[{"href":"https:\/\/gigargios-history.com\/fr\/wp-json\/wp\/v2\/pages"}],"about":[{"href":"https:\/\/gigargios-history.com\/fr\/wp-json\/wp\/v2\/types\/page"}],"author":[{"embeddable":true,"href":"https:\/\/gigargios-history.com\/fr\/wp-json\/wp\/v2\/users\/1"}],"replies":[{"embeddable":true,"href":"https:\/\/gigargios-history.com\/fr\/wp-json\/wp\/v2\/comments?post=109"}],"version-history":[{"count":13,"href":"https:\/\/gigargios-history.com\/fr\/wp-json\/wp\/v2\/pages\/109\/revisions"}],"predecessor-version":[{"id":1314,"href":"https:\/\/gigargios-history.com\/fr\/wp-json\/wp\/v2\/pages\/109\/revisions\/1314"}],"wp:featuredmedia":[{"embeddable":true,"href":"https:\/\/gigargios-history.com\/fr\/wp-json\/wp\/v2\/media\/497"}],"wp:attachment":[{"href":"https:\/\/gigargios-history.com\/fr\/wp-json\/wp\/v2\/media?parent=109"}],"curies":[{"name":"wp","href":"https:\/\/api.w.org\/{rel}","templated":true}]}}