{"id":1081,"date":"2022-04-18T15:45:54","date_gmt":"2022-04-18T15:45:54","guid":{"rendered":"https:\/\/gigargios-history.com\/?page_id=1081"},"modified":"2022-04-18T15:45:56","modified_gmt":"2022-04-18T15:45:56","slug":"de-iii-punischer-krieg-und-erste-romische-invasion","status":"publish","type":"page","link":"https:\/\/gigargios-history.com\/fr\/de-iii-punischer-krieg-und-erste-romische-invasion\/","title":{"rendered":"III. Punischer Krieg und erste r\u00f6mische Invasion"},"content":{"rendered":"<p>Der dritte punische Krieg war definitiv nicht nach Gigargios Geschmack, der hoffte, dass das schwache Karthago alle Streitigkeiten l\u00f6sen w\u00fcrde. Aber Rom hat nicht nur die Republik \u00fcbernommen, sondern auch die ganze Stadt zerst\u00f6rt und 0,25 Millionen Einwohner ausgerottet. Dieser abnorme Akt der Bestialit\u00e4t wurde auf Gigargios Boden noch nie zuvor gesehen. Das deutet auf ihre omin\u00f6se Absicht auf ihrem Land hin. Bevor die Ger\u00fcchte dar\u00fcber zum K\u00f6nig kamen, begannen die R\u00f6mer mit der Belagerung der Stadt Norgod, die offiziell die Metropole von Gigargios war. Attakes es sowohl zu Land als auch zu Wasser. Ihr Schicksal war wenig gn\u00e4diger, als die R\u00f6mer Tausende von B\u00fcrgern in die Sklaverei nahmen und viele Geb\u00e4ude zerst\u00f6rten. Die R\u00f6mer marschierten sofort nach S\u00fcden, ohne Rast oder Z\u00f6gern. Genau wie Hannibal und sie Gigargios \u00fcberraschend gefangen nehmen wollten. Aber ihre Gr\u00f6\u00dfe \u00fcbersteigt ihre Vorstellungskraft. In der Tat lernten sie von Kaufleuten, die auch als Spione fungierten, etwas \u00fcber die St\u00e4dte und die Geographie von Gigargios. Genau wie jeder andere Staat. Aber die Erfahrung in der Realit\u00e4t erwies sich als Herausforderung, der sie sich eher nicht stellen konnten. Das Schlimmste war die Tatsache, dass sie im Fr\u00fchjahr mit der Kampagne begannen und weiterhin auf Temperaturrekorde im Sommer marschieren, die f\u00fcr Tausende von ihnen t\u00f6dlich endeten. Die R\u00f6mer, die f\u00fcr ihren Widerstand gegen Klima- und Kampfschwierigkeiten bekannt sind, konnten Temperaturen, die manchmal 50 Grad Celsius erreichten, nicht bew\u00e4ltigen. Sie k\u00e4mpften einfach ums \u00dcberleben. Das t\u00f6dliche Klima bremste sie aus und war gezwungen, in den eroberten St\u00e4dten Veinrongog und Venstegg zu warten. Danach wurde der Marsch im September auf die Stadt Gigargios fortgesetzt. Sie wussten, dass die Belagerung hart werden w\u00fcrde, waren aber entschlossen, da sie dort gefunden hatten. Es schien, dass niemand Giargios rettet. Aber wie wir wissen, marschierte der ber\u00fchmte General mit seiner Armee, um Gigargios zu retten.<\/p>","protected":false},"excerpt":{"rendered":"<p>Der dritte punische Krieg war definitiv nicht nach Gigargios Geschmack, der hoffte, dass das schwache Karthago alle Streitigkeiten l\u00f6sen w\u00fcrde. Aber Rom hat nicht nur die Republik \u00fcbernommen, sondern auch die ganze Stadt zerst\u00f6rt und 0,25 Millionen Einwohner ausgerottet. Dieser abnorme Akt der Bestialit\u00e4t wurde auf Gigargios Boden noch nie [&hellip;]<\/p>\n","protected":false},"author":1,"featured_media":857,"parent":0,"menu_order":0,"comment_status":"closed","ping_status":"closed","template":"","meta":{"om_disable_all_campaigns":false,"footnotes":""},"class_list":["post-1081","page","type-page","status-publish","has-post-thumbnail","hentry"],"jetpack_sharing_enabled":true,"_links":{"self":[{"href":"https:\/\/gigargios-history.com\/fr\/wp-json\/wp\/v2\/pages\/1081","targetHints":{"allow":["GET"]}}],"collection":[{"href":"https:\/\/gigargios-history.com\/fr\/wp-json\/wp\/v2\/pages"}],"about":[{"href":"https:\/\/gigargios-history.com\/fr\/wp-json\/wp\/v2\/types\/page"}],"author":[{"embeddable":true,"href":"https:\/\/gigargios-history.com\/fr\/wp-json\/wp\/v2\/users\/1"}],"replies":[{"embeddable":true,"href":"https:\/\/gigargios-history.com\/fr\/wp-json\/wp\/v2\/comments?post=1081"}],"version-history":[{"count":1,"href":"https:\/\/gigargios-history.com\/fr\/wp-json\/wp\/v2\/pages\/1081\/revisions"}],"predecessor-version":[{"id":1082,"href":"https:\/\/gigargios-history.com\/fr\/wp-json\/wp\/v2\/pages\/1081\/revisions\/1082"}],"wp:featuredmedia":[{"embeddable":true,"href":"https:\/\/gigargios-history.com\/fr\/wp-json\/wp\/v2\/media\/857"}],"wp:attachment":[{"href":"https:\/\/gigargios-history.com\/fr\/wp-json\/wp\/v2\/media?parent=1081"}],"curies":[{"name":"wp","href":"https:\/\/api.w.org\/{rel}","templated":true}]}}