{"id":1079,"date":"2022-04-18T15:42:21","date_gmt":"2022-04-18T15:42:21","guid":{"rendered":"https:\/\/gigargios-history.com\/?page_id=1079"},"modified":"2022-04-18T15:42:23","modified_gmt":"2022-04-18T15:42:23","slug":"de-gesegneter-scipio-der-seine-nation-und-uns-vor-der-hegemonie-unserer-revoltenkinder-gerettet-hat","status":"publish","type":"page","link":"https:\/\/gigargios-history.com\/fr\/de-gesegneter-scipio-der-seine-nation-und-uns-vor-der-hegemonie-unserer-revoltenkinder-gerettet-hat\/","title":{"rendered":"\u201eGesegneter Scipio, der seine Nation und uns vor der Hegemonie unserer Revoltenkinder gerettet hat\u201c"},"content":{"rendered":"<p>\u201eGesegneter Scipio, der seine Nation und uns vor der Hegemonie unserer Revoltenkinder gerettet hat\u201c<\/p>\n\n\n\n<p>Zitat von Gigargios-K\u00f6nig w\u00e4hrend des Zweiten Punischen Krieges.<\/p>\n\n\n\n<p>Gigargios hatte wider Erwarten guten Kontakt mit der R\u00f6mischen Republik und arbeitete sogar mit ihnen w\u00e4hrend des Zweiten Punischen Krieges zusammen. Die Hannibal-Invasion auf Italien wurde von Gigargios Elite zun\u00e4chst ignoriert, wenn nicht gar \u00fcbersehen. So einfach, wie es nicht ihr Krieg war. Aber sie f\u00fcrchteten den Erfolg der karthagischen Einheit und ihre wachsende Macht, die sich in der Expansion Spaniens zeigte. Ihre gef\u00fcrchtete karthagische Vorherrschaft im Mittelmeer, weil sie vor allem ihre n\u00e4chsten Nachbarn waren. Neben der umstrittenen Vergangenheit und den anhaltenden politischen Forderungen, ganz Orgon zu vereinen, machte Gigargios \u00f6ffentlich, dass sie beide in feindseliger und verd\u00e4chtiger Beziehung zueinander leben. Gigargios K\u00f6nig ignorierte zun\u00e4chst Hannibals Versuche, in Italien einzudringen. Aber als er mehr \u00fcber ihren verbl\u00fcfften milit\u00e4rischen Erfolg erfuhr, fing er an, das ernst zu nehmen. Die meisten machten ihm Angst, dass sie in Cannae gewonnen hatten. Seine Agenten in Karthago und Italien benachrichtigten ihn systematisch. Er bef\u00fcrchtet, dass Karthago, wenn er den Krieg mit Rom gewinnt, einen Blick auf sein Land werfen k\u00f6nnte. Der unverwundbare punische Lider sei seiner Meinung nach zu einer echten Bedrohung geworden. Seine Sorgen nahmen mit jedem folgenden Monat zu. Dann kam der ber\u00fchmte r\u00f6mische Feldherr Scipio the Africanus nach Nordafrika, um gegen Rom zu k\u00e4mpfen. Gigargios erkl\u00e4rte sich bereit, ihn in seinem Kampf gegen Karthago zu unterst\u00fctzen.<\/p>\n\n\n\n<p>Das war, als Rom die Schlacht von Zama mit Gigargios nubischer Kavallerie von Marogog eroberte, die zur vernichtenden Niederlage von Hannibal beitrug. Gigargios behandeln das hegemoniale Karthago selbst als Bedrohung und die von Rom unterzeichneten Friedensbedingungen w\u00e4ren f\u00fcr sie inakzeptabel. Anscheinend halfen sie zuk\u00fcnftigen Eindringlingen, die Barriere zwischen ihnen zu zerst\u00f6ren. Einige vermuten sogar, dass es Protoplast von \u201eRiebentrop-Molotov\u201c war.<\/p>","protected":false},"excerpt":{"rendered":"<p>\u201eGesegneter Scipio, der seine Nation und uns vor der Hegemonie unserer Revoltenkinder gerettet hat\u201c Zitat von Gigargios-K\u00f6nig w\u00e4hrend des Zweiten Punischen Krieges. Gigargios hatte wider Erwarten guten Kontakt mit der R\u00f6mischen Republik und arbeitete sogar mit ihnen w\u00e4hrend des Zweiten Punischen Krieges zusammen. Die Hannibal-Invasion auf Italien wurde von Gigargios [&hellip;]<\/p>\n","protected":false},"author":1,"featured_media":853,"parent":0,"menu_order":0,"comment_status":"closed","ping_status":"closed","template":"","meta":{"om_disable_all_campaigns":false,"footnotes":""},"class_list":["post-1079","page","type-page","status-publish","has-post-thumbnail","hentry"],"jetpack_sharing_enabled":true,"_links":{"self":[{"href":"https:\/\/gigargios-history.com\/fr\/wp-json\/wp\/v2\/pages\/1079","targetHints":{"allow":["GET"]}}],"collection":[{"href":"https:\/\/gigargios-history.com\/fr\/wp-json\/wp\/v2\/pages"}],"about":[{"href":"https:\/\/gigargios-history.com\/fr\/wp-json\/wp\/v2\/types\/page"}],"author":[{"embeddable":true,"href":"https:\/\/gigargios-history.com\/fr\/wp-json\/wp\/v2\/users\/1"}],"replies":[{"embeddable":true,"href":"https:\/\/gigargios-history.com\/fr\/wp-json\/wp\/v2\/comments?post=1079"}],"version-history":[{"count":1,"href":"https:\/\/gigargios-history.com\/fr\/wp-json\/wp\/v2\/pages\/1079\/revisions"}],"predecessor-version":[{"id":1080,"href":"https:\/\/gigargios-history.com\/fr\/wp-json\/wp\/v2\/pages\/1079\/revisions\/1080"}],"wp:featuredmedia":[{"embeddable":true,"href":"https:\/\/gigargios-history.com\/fr\/wp-json\/wp\/v2\/media\/853"}],"wp:attachment":[{"href":"https:\/\/gigargios-history.com\/fr\/wp-json\/wp\/v2\/media?parent=1079"}],"curies":[{"name":"wp","href":"https:\/\/api.w.org\/{rel}","templated":true}]}}