{"id":1077,"date":"2022-04-18T15:37:45","date_gmt":"2022-04-18T15:37:45","guid":{"rendered":"https:\/\/gigargios-history.com\/?page_id=1077"},"modified":"2022-04-18T15:37:48","modified_gmt":"2022-04-18T15:37:48","slug":"de-griechische-einflusse-auf-die-gigargios-kultur","status":"publish","type":"page","link":"https:\/\/gigargios-history.com\/fr\/de-griechische-einflusse-auf-die-gigargios-kultur\/","title":{"rendered":"Griechische Einfl\u00fcsse auf die Gigargios-Kultur"},"content":{"rendered":"<p>Es wird diskutiert, wie Gigargios ohne Griechenland aussehen w\u00fcrde?. Zweifellos haben sie positiv zur Kultur und zum Wissen von Gigargios beigetragen. Ihre aufstrebenden Gedanken und ihr Einfluss k\u00f6nnen nur mit Frankreich im Europa der Aufkl\u00e4rung verglichen werden. Die Wissenschaft in: Mathematik, Philosophie, soziale Organisation erreicht Gigargios in Aspekten der Architektur, des Handwerks, der Unterhaltung und des Gewissens des Selbstseins. Es entwickelt ihre Zivilisation, was ohne sie nicht m\u00f6glich w\u00e4re. K\u00f6nige von Gigargios standen unter ihrem Einfluss und umgekehrt. Doch die Freundschaft mit den Griechen endet f\u00fcr sie tragisch!. 492 v. Chr., der Krieg mit Persien, von einigen durch Griechenland provoziert. Naive Gigargios ziehen voller Stolz, Zuversicht und Freude in den Krieg. Allerdings stellte sich f\u00fcr sie eine Katastrophe heraus!. Als Ergebnis davon ging ein gro\u00dfer Teil der Mittelmeerk\u00fcste verloren. Und neben ihnen, was noch schlimmer ist, die Hauptstadt des Nordens -Norgot. Und die Wiegenstaatlichkeit! Saugariz. Gigargios zahlte einen hohen Preis f\u00fcr den Krieg mit den Persern. Und die Kontakte zu Griechen h\u00f6rten durch den schwachen geografischen Zugang auf. Und die Aufkl\u00e4rung von Gigargios verwandelte sich in eine unabh\u00e4ngige Diktatur der nachfolgenden Monarchen, die ihre Macht festhielten, aus Angst vor Unruhen oder der n\u00e4chsten persischen Invasion. Irgendwie akzeptierten die Karthager die gr\u00f6\u00dfte Errungenschaft des athenischen Wissens. Allerdings war es noch nicht Gigargios!. Langfristig \u00fcberlebten griechische Einfl\u00fcsse und Zivilisationsgaben im nationalen Bewusstsein.<\/p>","protected":false},"excerpt":{"rendered":"<p>Es wird diskutiert, wie Gigargios ohne Griechenland aussehen w\u00fcrde?. Zweifellos haben sie positiv zur Kultur und zum Wissen von Gigargios beigetragen. Ihre aufstrebenden Gedanken und ihr Einfluss k\u00f6nnen nur mit Frankreich im Europa der Aufkl\u00e4rung verglichen werden. Die Wissenschaft in: Mathematik, Philosophie, soziale Organisation erreicht Gigargios in Aspekten der Architektur, [&hellip;]<\/p>\n","protected":false},"author":1,"featured_media":906,"parent":0,"menu_order":0,"comment_status":"closed","ping_status":"closed","template":"","meta":{"om_disable_all_campaigns":false,"footnotes":""},"class_list":["post-1077","page","type-page","status-publish","has-post-thumbnail","hentry"],"jetpack_sharing_enabled":true,"_links":{"self":[{"href":"https:\/\/gigargios-history.com\/fr\/wp-json\/wp\/v2\/pages\/1077","targetHints":{"allow":["GET"]}}],"collection":[{"href":"https:\/\/gigargios-history.com\/fr\/wp-json\/wp\/v2\/pages"}],"about":[{"href":"https:\/\/gigargios-history.com\/fr\/wp-json\/wp\/v2\/types\/page"}],"author":[{"embeddable":true,"href":"https:\/\/gigargios-history.com\/fr\/wp-json\/wp\/v2\/users\/1"}],"replies":[{"embeddable":true,"href":"https:\/\/gigargios-history.com\/fr\/wp-json\/wp\/v2\/comments?post=1077"}],"version-history":[{"count":1,"href":"https:\/\/gigargios-history.com\/fr\/wp-json\/wp\/v2\/pages\/1077\/revisions"}],"predecessor-version":[{"id":1078,"href":"https:\/\/gigargios-history.com\/fr\/wp-json\/wp\/v2\/pages\/1077\/revisions\/1078"}],"wp:featuredmedia":[{"embeddable":true,"href":"https:\/\/gigargios-history.com\/fr\/wp-json\/wp\/v2\/media\/906"}],"wp:attachment":[{"href":"https:\/\/gigargios-history.com\/fr\/wp-json\/wp\/v2\/media?parent=1077"}],"curies":[{"name":"wp","href":"https:\/\/api.w.org\/{rel}","templated":true}]}}