{"id":1074,"date":"2022-04-18T15:34:18","date_gmt":"2022-04-18T15:34:18","guid":{"rendered":"https:\/\/gigargios-history.com\/?page_id=1074"},"modified":"2022-04-18T15:34:20","modified_gmt":"2022-04-18T15:34:20","slug":"de-gigargios-handelskontakte","status":"publish","type":"page","link":"https:\/\/gigargios-history.com\/fr\/de-gigargios-handelskontakte\/","title":{"rendered":"Gigargios Handelskontakte"},"content":{"rendered":"<p>Gigargios-Herzogtumen hatten schon vor der Vereinigung in einem K\u00f6rper Handelskontakte mit \u00e4u\u00dferen St\u00e4mmen und K\u00f6nigreichen. Eine der bemerkenswertesten ist die Provinz Cypriogn, die gut arrangierte Handelsabkommen mit griechischen Staaten oder \u00c4gypten hatte. Alle bedeutenden Deals blieben nach der Wiedervereinigung bestehen und wurden sogar auf h\u00f6heres Level. Neue Handelsrouten wurden in noch weiter entfernte L\u00e4nder gef\u00fchrt. Beispiel sind Er\u00f6ffnungsh\u00e4ndler mit Galliern, von denen Wesentlichen Holz und Gem\u00fcse entnommen werden. Als Gegenleistung f\u00fcr Werkzeuge und andere Dinge. Der oben erw\u00e4hnte Transport von Gem\u00fcse aus einem so fernen Land war kaum m\u00f6glich. Auf diese Weise entstand ein mit Erde gef\u00fclltes Spezialschiff, auf das Gem\u00fcse gelegt wurde, um seine Frische zu verl\u00e4ngern. Handel war nicht nur der Weg zur Bereicherung von Seeleuten und Kaufleuten. Dies war f\u00fcr die Gigargios-Leute notwendig, da sie vom Import abh\u00e4ngig waren. Am auff\u00e4lligsten bei Lebensmitteln, da h\u00e4ufig Umwelt- und politische Krisen auftraten. Auch Metalle und W\u00e4lder waren wichtig in ihrer Wirtschaft. Aber erstaunlicherweise forderten sie die meisten Pigmente, n\u00e4mlich das eine blaue Pigment. Da Blau der Grundton ihrer Flagge ist. Das Schlimmste war, dass die Ressourcen aus dem damals am meisten gehassten K\u00f6nigreich Persien stammten. Und das Angebot verschwindet manchmal. Aber der Herr dieses Imperiums verkauft das Pigment erneut, da er der Meinung ist, dass dies keinen nicht strategischen Zweck hat. Leider sind die Kosten f\u00fcr diese Ressource willk\u00fcrlich gestiegen. Vielleicht w\u00fcrde Persien wie Russland wegen unehrlicher Handelspolitik angeklagt werden. Aber es war Abstammung und es waren keine internationalen Gesetze in Kraft. Somit musste sich Gigargios auf sich selbst verlassen. Die durch h\u00e4ufige Hungersn\u00f6te, Inflation oder Wirtschaftskrisen verursachten Nahrungsmittelknappheit bringen andere Wertstoffe mit sich. Tats\u00e4chlich hatte Gigargios eine feenhafte Industrie entwickelt. Besonders platziert in Cypriogn. Und Exportg\u00fcter, die unter anderem aus importiertem Metall und Holz hergestellt werden. Die oben erw\u00e4hnte Region fand jedoch mehrfach unter ausl\u00e4ndischer Besatzung statt, was eine offensichtliche Katastrophe f\u00fcr die Wirtschaft von Gigargio darstellte. Au\u00dferdem war profitieren nicht gro\u00df, da ihr politischer Status und ihre Geolokalisierung sie untersch\u00e4tzen und den Blick als bed\u00fcrftiger Staat umkehren. Ironischerweise Athen und andere griechische Staaten welchie\u00a0 die besten Freunde von Gigargios, waren auch das Britische Imperium der Mittelmeerwelt, und sie diktierten den Preis. Und Gigargios musste ihre Z\u00f6lle anwenden.<\/p>","protected":false},"excerpt":{"rendered":"<p>Gigargios-Herzogtumen hatten schon vor der Vereinigung in einem K\u00f6rper Handelskontakte mit \u00e4u\u00dferen St\u00e4mmen und K\u00f6nigreichen. Eine der bemerkenswertesten ist die Provinz Cypriogn, die gut arrangierte Handelsabkommen mit griechischen Staaten oder \u00c4gypten hatte. Alle bedeutenden Deals blieben nach der Wiedervereinigung bestehen und wurden sogar auf h\u00f6heres Level. Neue Handelsrouten wurden in [&hellip;]<\/p>\n","protected":false},"author":1,"featured_media":771,"parent":0,"menu_order":0,"comment_status":"closed","ping_status":"closed","template":"","meta":{"om_disable_all_campaigns":false,"footnotes":""},"class_list":["post-1074","page","type-page","status-publish","has-post-thumbnail","hentry"],"jetpack_sharing_enabled":true,"_links":{"self":[{"href":"https:\/\/gigargios-history.com\/fr\/wp-json\/wp\/v2\/pages\/1074","targetHints":{"allow":["GET"]}}],"collection":[{"href":"https:\/\/gigargios-history.com\/fr\/wp-json\/wp\/v2\/pages"}],"about":[{"href":"https:\/\/gigargios-history.com\/fr\/wp-json\/wp\/v2\/types\/page"}],"author":[{"embeddable":true,"href":"https:\/\/gigargios-history.com\/fr\/wp-json\/wp\/v2\/users\/1"}],"replies":[{"embeddable":true,"href":"https:\/\/gigargios-history.com\/fr\/wp-json\/wp\/v2\/comments?post=1074"}],"version-history":[{"count":1,"href":"https:\/\/gigargios-history.com\/fr\/wp-json\/wp\/v2\/pages\/1074\/revisions"}],"predecessor-version":[{"id":1075,"href":"https:\/\/gigargios-history.com\/fr\/wp-json\/wp\/v2\/pages\/1074\/revisions\/1075"}],"wp:featuredmedia":[{"embeddable":true,"href":"https:\/\/gigargios-history.com\/fr\/wp-json\/wp\/v2\/media\/771"}],"wp:attachment":[{"href":"https:\/\/gigargios-history.com\/fr\/wp-json\/wp\/v2\/media?parent=1074"}],"curies":[{"name":"wp","href":"https:\/\/api.w.org\/{rel}","templated":true}]}}