{"id":1071,"date":"2022-04-18T15:25:20","date_gmt":"2022-04-18T15:25:20","guid":{"rendered":"https:\/\/gigargios-history.com\/?page_id=1071"},"modified":"2022-04-18T15:25:49","modified_gmt":"2022-04-18T15:25:49","slug":"de-situation-in-europa-24-februar","status":"publish","type":"page","link":"https:\/\/gigargios-history.com\/fr\/de-situation-in-europa-24-februar\/","title":{"rendered":"Situation in Europa 24. Februar"},"content":{"rendered":"<p>K\u00fcrzlich w\u00fcrden wir die Szenen sehen, die in Europa seit Jahrzehnten nicht mehr beobachtet wurden. Wahrer Krieg, oder vielmehr vollst\u00e4ndige Invasion Russlands gegen seinen Nachbarn, der ironisch \u201ebratski my narodo\u201c \u201ebr\u00fcderlich wir Nation\u201c genannt hat. Der erste Tag war ein Schock f\u00fcr die meisten Menschen, besonders f\u00fcr die Menschen in Europa. Und obwohl die Erpressungen durch den Kreml auff\u00e4llig waren, wagt niemand auch nur anzudeuten, dass Putin beschlossen hat, ein souver\u00e4nes Land zu erobern. Die Praktiken, die eigentlich aus dem 19. Jahrhundert und dem Mittelalter bekannt sind, werden jetzt von diesem Mann erneuert. Im Zeitalter der menschlichen Entwicklung rissen unheilvolle Kr\u00e4fte die globale Sicherheit aufs Spiel. Denn dies gilt nicht nur f\u00fcr die Ukraine. Es ist f\u00fcr die Sicherheit in Europa oder weltweit. Abgesehen von Russland gibt es viele andere Einheiten, die Zweifel an seinen Absichten wecken. W\u00e4hrend der zerst\u00f6rerische Krieg, der Dutzende von Tausenden unschuldiger Menschenleben forderte, in Echtzeit beweist, wie zerst\u00f6rerisch Krieg sein kann. Um die ganze Ukraine zu \u00fcberraschen, die von den Westm\u00e4chten unterst\u00fctzt wurde, \u00fcberlebte sie den russischen Angriff und enth\u00fcllte die Schw\u00e4chen der illusorischen \u201egro\u00dfrussischen Armee\u201c. Und obwohl der Krieg w\u00e4hrend dieser Aussage noch ausgetragen wurde, erwies sich die Ukraine als David, der Goliath besiegte. Zweifellos wird dieses Ereignis Jahrhunderte und l\u00e4nger bekannt sein. Aber es ist die Tatsache, dass Krieg in Europa die gr\u00f6\u00dfte Sorge genie\u00dft, w\u00e4hrend andere Konflikte vernachl\u00e4ssigt werden. Das gr\u00f6\u00dfte Beispiel war der Krieg in Syrien, der den Verlust von einer halben Million Menschenleben kostete <img data-recalc-dims=\"1\" loading=\"lazy\" decoding=\"async\" width=\"400\" height=\"205\" class=\"wp-image-842\" style=\"width: 400px;\" src=\"https:\/\/i0.wp.com\/gigargios-history.com\/wp-content\/uploads\/2022\/04\/Syria-War-1.jpg?resize=400%2C205&#038;ssl=1\" alt=\"\" srcset=\"https:\/\/i0.wp.com\/gigargios-history.com\/wp-content\/uploads\/2022\/04\/Syria-War-1.jpg?w=962&amp;ssl=1 962w, https:\/\/i0.wp.com\/gigargios-history.com\/wp-content\/uploads\/2022\/04\/Syria-War-1.jpg?resize=300%2C153&amp;ssl=1 300w, https:\/\/i0.wp.com\/gigargios-history.com\/wp-content\/uploads\/2022\/04\/Syria-War-1.jpg?resize=768%2C393&amp;ssl=1 768w, https:\/\/i0.wp.com\/gigargios-history.com\/wp-content\/uploads\/2022\/04\/Syria-War-1.jpg?resize=18%2C9&amp;ssl=1 18w, https:\/\/i0.wp.com\/gigargios-history.com\/wp-content\/uploads\/2022\/04\/Syria-War-1.jpg?resize=600%2C307&amp;ssl=1 600w\" sizes=\"auto, (max-width: 400px) 100vw, 400px\" \/>  <img data-recalc-dims=\"1\" loading=\"lazy\" decoding=\"async\" width=\"400\" height=\"198\" class=\"wp-image-843\" style=\"width: 400px;\" src=\"https:\/\/i0.wp.com\/gigargios-history.com\/wp-content\/uploads\/2022\/04\/Syrian-War-2.jpg?resize=400%2C198&#038;ssl=1\" alt=\"\" srcset=\"https:\/\/i0.wp.com\/gigargios-history.com\/wp-content\/uploads\/2022\/04\/Syrian-War-2.jpg?w=960&amp;ssl=1 960w, https:\/\/i0.wp.com\/gigargios-history.com\/wp-content\/uploads\/2022\/04\/Syrian-War-2.jpg?resize=300%2C148&amp;ssl=1 300w, https:\/\/i0.wp.com\/gigargios-history.com\/wp-content\/uploads\/2022\/04\/Syrian-War-2.jpg?resize=768%2C380&amp;ssl=1 768w, https:\/\/i0.wp.com\/gigargios-history.com\/wp-content\/uploads\/2022\/04\/Syrian-War-2.jpg?resize=18%2C9&amp;ssl=1 18w, https:\/\/i0.wp.com\/gigargios-history.com\/wp-content\/uploads\/2022\/04\/Syrian-War-2.jpg?resize=600%2C297&amp;ssl=1 600w\" sizes=\"auto, (max-width: 400px) 100vw, 400px\" \/>  B\u00fcrgerkrieg, der vom Damaskus-Diktator brutal beendet wurde, der tats\u00e4chlich enge Beziehungen zu Putin hat <img data-recalc-dims=\"1\" loading=\"lazy\" decoding=\"async\" width=\"350\" height=\"250\" class=\"wp-image-844\" style=\"width: 350px;\" src=\"https:\/\/i0.wp.com\/gigargios-history.com\/wp-content\/uploads\/2022\/04\/Bashar-Putin.jpg?resize=350%2C250&#038;ssl=1\" alt=\"\" srcset=\"https:\/\/i0.wp.com\/gigargios-history.com\/wp-content\/uploads\/2022\/04\/Bashar-Putin.jpg?w=576&amp;ssl=1 576w, https:\/\/i0.wp.com\/gigargios-history.com\/wp-content\/uploads\/2022\/04\/Bashar-Putin.jpg?resize=300%2C214&amp;ssl=1 300w, https:\/\/i0.wp.com\/gigargios-history.com\/wp-content\/uploads\/2022\/04\/Bashar-Putin.jpg?resize=18%2C12&amp;ssl=1 18w\" sizes=\"auto, (max-width: 350px) 100vw, 350px\" \/> An allem war der russische Journalist schuld, der 2013 John Carry, den ehemaligen Ersten Sekret\u00e4r, bat, von der US-Intervention zur\u00fcckzutreten, falls der syrische Diktator die Chemiewaffen aufgibt. John billigte nicht gewissenhaft das, was den Tod von 400.000 verursachte Leben und Aufstieg des \u201eIslamischen Staates\u201c ISIS im Jahr 2014 <img data-recalc-dims=\"1\" loading=\"lazy\" decoding=\"async\" width=\"200\" height=\"134\" class=\"wp-image-845\" style=\"width: 200px;\" src=\"https:\/\/i0.wp.com\/gigargios-history.com\/wp-content\/uploads\/2022\/04\/ISIS-SS2.jpg?resize=200%2C134&#038;ssl=1\" alt=\"\" srcset=\"https:\/\/i0.wp.com\/gigargios-history.com\/wp-content\/uploads\/2022\/04\/ISIS-SS2.jpg?w=778&amp;ssl=1 778w, https:\/\/i0.wp.com\/gigargios-history.com\/wp-content\/uploads\/2022\/04\/ISIS-SS2.jpg?resize=300%2C202&amp;ssl=1 300w, https:\/\/i0.wp.com\/gigargios-history.com\/wp-content\/uploads\/2022\/04\/ISIS-SS2.jpg?resize=768%2C516&amp;ssl=1 768w, https:\/\/i0.wp.com\/gigargios-history.com\/wp-content\/uploads\/2022\/04\/ISIS-SS2.jpg?resize=18%2C12&amp;ssl=1 18w, https:\/\/i0.wp.com\/gigargios-history.com\/wp-content\/uploads\/2022\/04\/ISIS-SS2.jpg?resize=360%2C240&amp;ssl=1 360w, https:\/\/i0.wp.com\/gigargios-history.com\/wp-content\/uploads\/2022\/04\/ISIS-SS2.jpg?resize=600%2C403&amp;ssl=1 600w\" sizes=\"auto, (max-width: 200px) 100vw, 200px\" \/><\/p>\n\n\n\n<p>Das und andere Dinge deuten nur darauf hin, wie lange und breit der Einfluss von Cremlin ist. Zweifellos sind alle Menschenleben gleich wichtig. Aber dem Westen fehlt es bereits an Geld, um sich auf Konflikte in \u00dcbersee einzulassen, was am besten die Intervention des Irak und Afghanistans beweist. Es geht um alle internen Probleme europ\u00e4ischer M\u00e4chte und verfehlte Finanzpolitik, Keynesianismus, der zu massiven Schulden f\u00fchrte. Aber wie wir sehen k\u00f6nnen, sind westliche M\u00e4chte immer auf der Hut vor der Harmonie auf ihrem Heimatkontinent. <img data-recalc-dims=\"1\" loading=\"lazy\" decoding=\"async\" width=\"300\" height=\"213\" class=\"wp-image-846\" style=\"width: 300px;\" src=\"https:\/\/i0.wp.com\/gigargios-history.com\/wp-content\/uploads\/2022\/04\/Coal-mine-Germany.jpg?resize=300%2C213&#038;ssl=1\" alt=\"\" srcset=\"https:\/\/i0.wp.com\/gigargios-history.com\/wp-content\/uploads\/2022\/04\/Coal-mine-Germany.jpg?w=437&amp;ssl=1 437w, https:\/\/i0.wp.com\/gigargios-history.com\/wp-content\/uploads\/2022\/04\/Coal-mine-Germany.jpg?resize=300%2C213&amp;ssl=1 300w, https:\/\/i0.wp.com\/gigargios-history.com\/wp-content\/uploads\/2022\/04\/Coal-mine-Germany.jpg?resize=18%2C12&amp;ssl=1 18w\" sizes=\"auto, (max-width: 300px) 100vw, 300px\" \/><\/p>\n\n\n\n<p>Ein weiterer WICHTIGER Aspekt dieses internationalen Krieges im 21. Jahrhundert in Europa war die Verknappung des russischen Gases, was den Preis dieser Ressource weltweit in die H\u00f6he trieb. Das gibt die Chance f\u00fcr eine echte erneuerbare Energieumwandlung, da Europa diesen Bereich bisher vernachl\u00e4ssigt hat. Die gr\u00fcne Transformation sollte entgegen der Erwartung westlicher K\u00f6pfe nicht durch Evolution, sondern durch Revolution vorangetrieben werden. Zeit f\u00fcr Evolution war vor \u00fcber f\u00fcnfzehn Jahren, als noch viele Politiker, insbesondere von rechten Fl\u00fcgeln in den USA und Mitteleuropa, den Klimawandel leugneten. Jetzt \u00e4ndert sich das Klima vor unseren Augen und uns gehen die Brennstoffe aus, nur weil ehemalige F\u00fchrer nicht dachten, dass sie eines Tages verschwinden k\u00f6nnen?<\/p>\n\n\n\n<p>Der Energiebedarf ist hoch, die Gier der Menschen h\u00f6her. Die konformistische Politik herrscht in Europa seit Jahrzehnten vor. Bisher wagt es niemand, Odds zu gehen. Jetzt m\u00fcssen sie nur noch, und der Krieg in der Ukraine ist nur ein Vorteil, um so schneller voranzukommen. <img data-recalc-dims=\"1\" loading=\"lazy\" decoding=\"async\" width=\"250\" height=\"173\" class=\"wp-image-1032\" style=\"width: 250px;\" src=\"https:\/\/i0.wp.com\/gigargios-history.com\/wp-content\/uploads\/2022\/04\/Hydro-energy.jpg?resize=250%2C173&#038;ssl=1\" alt=\"\" srcset=\"https:\/\/i0.wp.com\/gigargios-history.com\/wp-content\/uploads\/2022\/04\/Hydro-energy.jpg?w=1052&amp;ssl=1 1052w, https:\/\/i0.wp.com\/gigargios-history.com\/wp-content\/uploads\/2022\/04\/Hydro-energy.jpg?resize=300%2C208&amp;ssl=1 300w, https:\/\/i0.wp.com\/gigargios-history.com\/wp-content\/uploads\/2022\/04\/Hydro-energy.jpg?resize=1024%2C711&amp;ssl=1 1024w, https:\/\/i0.wp.com\/gigargios-history.com\/wp-content\/uploads\/2022\/04\/Hydro-energy.jpg?resize=768%2C533&amp;ssl=1 768w, https:\/\/i0.wp.com\/gigargios-history.com\/wp-content\/uploads\/2022\/04\/Hydro-energy.jpg?resize=18%2C12&amp;ssl=1 18w, https:\/\/i0.wp.com\/gigargios-history.com\/wp-content\/uploads\/2022\/04\/Hydro-energy.jpg?resize=600%2C416&amp;ssl=1 600w\" sizes=\"auto, (max-width: 250px) 100vw, 250px\" \/> <img data-recalc-dims=\"1\" loading=\"lazy\" decoding=\"async\" width=\"150\" height=\"135\" class=\"wp-image-1018\" style=\"width: 150px;\" src=\"https:\/\/i0.wp.com\/gigargios-history.com\/wp-content\/uploads\/2022\/04\/Powerwind-%E2%80%94-kopia.jpg?resize=150%2C135&#038;ssl=1\" alt=\"\" srcset=\"https:\/\/i0.wp.com\/gigargios-history.com\/wp-content\/uploads\/2022\/04\/Powerwind-%E2%80%94-kopia.jpg?w=429&amp;ssl=1 429w, https:\/\/i0.wp.com\/gigargios-history.com\/wp-content\/uploads\/2022\/04\/Powerwind-%E2%80%94-kopia.jpg?resize=300%2C269&amp;ssl=1 300w, https:\/\/i0.wp.com\/gigargios-history.com\/wp-content\/uploads\/2022\/04\/Powerwind-%E2%80%94-kopia.jpg?resize=13%2C12&amp;ssl=1 13w\" sizes=\"auto, (max-width: 150px) 100vw, 150px\" \/><\/p>\n\n\n\n<figure class=\"wp-block-embed is-type-wp-embed is-provider-gigargios wp-block-embed-gigargios\"><div class=\"wp-block-embed__wrapper\">\n<blockquote class=\"wp-embedded-content\" data-secret=\"mLiF8PbT3n\"><a href=\"https:\/\/gigargios-history.com\/fr\/2022\/04\/04\/situation-in-europe-feb-24\/\">Situation en Europe au 24 f\u00e9vrier<\/a><\/blockquote><iframe loading=\"lazy\" class=\"wp-embedded-content\" sandbox=\"allow-scripts\" security=\"restricted\" style=\"position: absolute; clip: rect(1px, 1px, 1px, 1px);\" title=\"&#8220;Situation in Europe Feb 24&#8221; &#8212; Gigargios\" src=\"https:\/\/gigargios-history.com\/2022\/04\/04\/situation-in-europe-feb-24\/embed\/#?secret=Png43tSTWV#?secret=mLiF8PbT3n\" data-secret=\"mLiF8PbT3n\" width=\"600\" height=\"338\" frameborder=\"0\" marginwidth=\"0\" marginheight=\"0\" scrolling=\"no\"><\/iframe>\n<\/div><\/figure>","protected":false},"excerpt":{"rendered":"<p>K\u00fcrzlich w\u00fcrden wir die Szenen sehen, die in Europa seit Jahrzehnten nicht mehr beobachtet wurden. Wahrer Krieg, oder vielmehr vollst\u00e4ndige Invasion Russlands gegen seinen Nachbarn, der ironisch \u201ebratski my narodo\u201c \u201ebr\u00fcderlich wir Nation\u201c genannt hat. Der erste Tag war ein Schock f\u00fcr die meisten Menschen, besonders f\u00fcr die Menschen in [&hellip;]<\/p>\n","protected":false},"author":1,"featured_media":850,"parent":0,"menu_order":0,"comment_status":"closed","ping_status":"closed","template":"","meta":{"om_disable_all_campaigns":false,"footnotes":""},"class_list":["post-1071","page","type-page","status-publish","has-post-thumbnail","hentry"],"jetpack_sharing_enabled":true,"_links":{"self":[{"href":"https:\/\/gigargios-history.com\/fr\/wp-json\/wp\/v2\/pages\/1071","targetHints":{"allow":["GET"]}}],"collection":[{"href":"https:\/\/gigargios-history.com\/fr\/wp-json\/wp\/v2\/pages"}],"about":[{"href":"https:\/\/gigargios-history.com\/fr\/wp-json\/wp\/v2\/types\/page"}],"author":[{"embeddable":true,"href":"https:\/\/gigargios-history.com\/fr\/wp-json\/wp\/v2\/users\/1"}],"replies":[{"embeddable":true,"href":"https:\/\/gigargios-history.com\/fr\/wp-json\/wp\/v2\/comments?post=1071"}],"version-history":[{"count":1,"href":"https:\/\/gigargios-history.com\/fr\/wp-json\/wp\/v2\/pages\/1071\/revisions"}],"predecessor-version":[{"id":1072,"href":"https:\/\/gigargios-history.com\/fr\/wp-json\/wp\/v2\/pages\/1071\/revisions\/1072"}],"wp:featuredmedia":[{"embeddable":true,"href":"https:\/\/gigargios-history.com\/fr\/wp-json\/wp\/v2\/media\/850"}],"wp:attachment":[{"href":"https:\/\/gigargios-history.com\/fr\/wp-json\/wp\/v2\/media?parent=1071"}],"curies":[{"name":"wp","href":"https:\/\/api.w.org\/{rel}","templated":true}]}}