{"id":1065,"date":"2022-04-18T14:51:23","date_gmt":"2022-04-18T14:51:23","guid":{"rendered":"https:\/\/gigargios-history.com\/?page_id=1065"},"modified":"2022-04-18T18:10:55","modified_gmt":"2022-04-18T18:10:55","slug":"de-unterstutzen-sie-uns","status":"publish","type":"page","link":"https:\/\/gigargios-history.com\/fr\/de-unterstutzen-sie-uns\/","title":{"rendered":"Unterst\u00fctzen Sie uns"},"content":{"rendered":"<blockquote class=\"wp-block-quote is-style-default is-layout-flow wp-block-quote-is-layout-flow\"><p>Deine Anleihe geben uns Kraft und werden uns zu Herren machen<\/p><\/blockquote>\n\n\n\n<p class=\"has-text-color\" style=\"color:#30692d;font-size:18px\">Wir sind derzeit offen f\u00fcr Investitionen von Gesch\u00e4ftsleuten. Wenn Sie zur Entwicklung dieses gro\u00dfartigen und effekthascherischen Landes beitragen m\u00f6chten, gehen Sie zu Support. Wir erw\u00e4gen eine Aufstockung des Personals und eine gro\u00dfe Werbekampagne. Au\u00dferdem m\u00f6chten wir einen professionellen Animationsfilm als Trailer machen, um Kunden zu ermutigen. Willst du helfen?.. Willst du deinen Namen bei unserer Besetzung haben? Kontakt mit uns.<\/p>\n\n\n\n<p class=\"has-text-color\" style=\"color:#187816\">Sie werden anerkannt mit unseren Geheimnissen und Pl\u00e4nen.<\/p>\n\n\n\n<p class=\"has-text-color\" style=\"color:#1ab22c\">Werden Sie Investor oder Aktion\u00e4r. Mach weiter, mit dir wird das Reich aufsteigen.<\/p>\n\n\n\n<p class=\"has-text-color\" style=\"color:#384965;font-size:15px\"><strong>*<\/strong>Vor jeder finanziellen Unterst\u00fctzung m\u00f6chten wir Kontakt aufnehmen und alle Bestrebungen konsultieren. Eine Einigung besteht, wenn sich beide Seiten versammeln, beraten und zum Abschluss kommen, wenn beide Seiten eine Einigung erzielen. Rechtlicher Hinweis.<\/p>\n\n\n\n<p class=\"has-text-color\" style=\"color:#438c2e\">Bevorzugter Kontakt \u00fcber gemeinsame Telefonnummer oder \u00fcber Messenger. Unsere Seite auf Facebook verf\u00fcgbar. Pers\u00f6nliches Profil der Autor Marcin_Franczak\/73<\/p>","protected":false},"excerpt":{"rendered":"<p>Deine Anleihe geben uns Kraft und werden uns zu Herren machen Wir sind derzeit offen f\u00fcr Investitionen von Gesch\u00e4ftsleuten. Wenn Sie zur Entwicklung dieses gro\u00dfartigen und effekthascherischen Landes beitragen m\u00f6chten, gehen Sie zu Support. Wir erw\u00e4gen eine Aufstockung des Personals und eine gro\u00dfe Werbekampagne. Au\u00dferdem m\u00f6chten wir einen professionellen Animationsfilm [&hellip;]<\/p>\n","protected":false},"author":1,"featured_media":805,"parent":0,"menu_order":0,"comment_status":"closed","ping_status":"closed","template":"","meta":{"om_disable_all_campaigns":false,"footnotes":""},"class_list":["post-1065","page","type-page","status-publish","has-post-thumbnail","hentry"],"jetpack_sharing_enabled":true,"_links":{"self":[{"href":"https:\/\/gigargios-history.com\/fr\/wp-json\/wp\/v2\/pages\/1065","targetHints":{"allow":["GET"]}}],"collection":[{"href":"https:\/\/gigargios-history.com\/fr\/wp-json\/wp\/v2\/pages"}],"about":[{"href":"https:\/\/gigargios-history.com\/fr\/wp-json\/wp\/v2\/types\/page"}],"author":[{"embeddable":true,"href":"https:\/\/gigargios-history.com\/fr\/wp-json\/wp\/v2\/users\/1"}],"replies":[{"embeddable":true,"href":"https:\/\/gigargios-history.com\/fr\/wp-json\/wp\/v2\/comments?post=1065"}],"version-history":[{"count":3,"href":"https:\/\/gigargios-history.com\/fr\/wp-json\/wp\/v2\/pages\/1065\/revisions"}],"predecessor-version":[{"id":1115,"href":"https:\/\/gigargios-history.com\/fr\/wp-json\/wp\/v2\/pages\/1065\/revisions\/1115"}],"wp:featuredmedia":[{"embeddable":true,"href":"https:\/\/gigargios-history.com\/fr\/wp-json\/wp\/v2\/media\/805"}],"wp:attachment":[{"href":"https:\/\/gigargios-history.com\/fr\/wp-json\/wp\/v2\/media?parent=1065"}],"curies":[{"name":"wp","href":"https:\/\/api.w.org\/{rel}","templated":true}]}}