{"id":1056,"date":"2022-04-18T13:51:19","date_gmt":"2022-04-18T13:51:19","guid":{"rendered":"https:\/\/gigargios-history.com\/?page_id=1056"},"modified":"2022-04-18T13:51:22","modified_gmt":"2022-04-18T13:51:22","slug":"de-marcin-sensible-zitate-uber-frauen-in-der-menschheit","status":"publish","type":"page","link":"https:\/\/gigargios-history.com\/fr\/de-marcin-sensible-zitate-uber-frauen-in-der-menschheit\/","title":{"rendered":"Marcin sensible Zitate \u00fcber Frauen in der Menschheit"},"content":{"rendered":"<blockquote class=\"wp-block-quote is-style-default is-layout-flow wp-block-quote-is-layout-flow\"><p>\u201eWenn ein Mensch aus Ton geformt w\u00e4re, nein von der Natur, wie Adam von Gott gemacht wurde, w\u00fcrden die Menschen in Harmonie, Freundschaft und Frieden leben. Aber die Frau kam auf diese Welt, um Harmonie und Frieden zu zerst\u00f6ren. Und Antagonismus, Egoismus ersetzten sie. (Die Rivalit\u00e4t, besser zu sein, mehr Frauen zu haben. Der erste Krieg wurde f\u00fcr Frauen und Vieh gef\u00fchrt.) &#8221;                          Marcin Franczak<\/p><\/blockquote>\n\n\n\n<blockquote class=\"wp-block-quote is-style-default is-layout-flow wp-block-quote-is-layout-flow\"><p><a href=\"https:\/\/www.learnreligions.com\/angel-expelling-adam-and-eve-from-the-garden-124030\" data-type=\"URL\" data-id=\"https:\/\/www.learnreligions.com\/angel-expelling-adam-and-eve-from-the-garden-124030\"><img data-recalc-dims=\"1\" loading=\"lazy\" decoding=\"async\" width=\"150\" height=\"114\" class=\"wp-image-750\" style=\"width: 150px;\" src=\"https:\/\/i0.wp.com\/gigargios-history.com\/wp-content\/uploads\/2022\/01\/Learnreligions-com-How-Did-Ange-Expel-Adam-and-Eva.jpg?resize=150%2C114&#038;ssl=1\" alt=\"\" srcset=\"https:\/\/i0.wp.com\/gigargios-history.com\/wp-content\/uploads\/2022\/01\/Learnreligions-com-How-Did-Ange-Expel-Adam-and-Eva.jpg?w=297&amp;ssl=1 297w, https:\/\/i0.wp.com\/gigargios-history.com\/wp-content\/uploads\/2022\/01\/Learnreligions-com-How-Did-Ange-Expel-Adam-and-Eva.jpg?resize=16%2C12&amp;ssl=1 16w\" sizes=\"auto, (max-width: 150px) 100vw, 150px\" \/><\/a>\u201e Liebe rechtfertigt die Lust. Gott bestrafte M\u00e4nner mit Besessenheit von Sex, w\u00e4hrend Frauen schmerzhafte Geburten erlitten. Und weil die Erste Frau den Ersten Mann zum B\u00f6sen veranlasste, machte Gott die Frauen den M\u00e4nnern unterw\u00fcrfig. Und durch die Geschichte hindurch waren die Frauen der Menschheit eher daf\u00fcr bekannt, gute M\u00fctter, gute Ehefrauen oder schlechte Ehefrauen und Geliebte zu sein. Es ist in der christlichen Kultur, die Sie im Mittelalter fragen k\u00f6nnen. Sie liegen falsch, da dieses Modell in allen Kulturen existiert. &#8221;                                 Marcin Franczak<\/p><\/blockquote>\n\n\n\n<blockquote class=\"wp-block-quote is-style-default is-layout-flow wp-block-quote-is-layout-flow\"><p>Also, was k\u00f6nnten wir von der Ersten Frau auf Erden lernen? Sei gut zu Gott, damit er dich nicht so oder in schlimmer Form bestraft &#8221;                      Marcin Franczak<\/p><\/blockquote>\n\n\n\n<p><\/p>\n\n\n\n<p>Wichtige Bedingungen zur Kenntnisnahme<\/p>\n\n\n\n<p class=\"has-text-color\" style=\"color:#7e1404\"><strong><a href=\"https:\/\/gigargios-history.com\/fr\/femistotalrianism\/\" data-type=\"URL\" data-id=\"https:\/\/gigargios-history.com\/femistotalrianism\/\">Femistotalrianismus<\/a><\/strong> ist eine feministische Ideologie, die sich auf den Wettbewerb zwischen den Geschlechtern und die Vergeltung f\u00fcr unterdr\u00fcckerisches patriarchalisches Erbe konzentriert. Sie sind vor allem der Versuch, die Geschlechter auszugleichen. In radikaler Form orientierten sie sich an der Konkurrenz mit M\u00e4nnchen und deklassierten sie im Endstadium. Sie sind gegen alles, was die Autorit\u00e4t der Manish betont. Einschlie\u00dflich Religion, Mainstream-Politik und sogar sozialer Ordnung. H\u00e4ufig erscheint Kontroverse um ihre M\u00e4rsche. Besonders wenn die Obsz\u00f6nit\u00e4t religi\u00f6ser Attribute vorkommt. Die provokativsten Forderungen sind Abtreibungen in v\u00f6lliger Freiheit, die in vielen Gesellschaften Sturm erregen.                                                                                                                      <\/p>\n\n\n\n<p class=\"has-text-align-right has-text-color\" style=\"color:#271a5f\">Marcin Franczak<\/p>\n\n\n\n<p class=\"has-text-color\" style=\"color:#7e0d0d\"><strong><a href=\"https:\/\/gigargios-history.com\/fr\/femitarialism\/\" data-type=\"URL\" data-id=\"https:\/\/gigargios-history.com\/femitarialism\/\">Femitarialismus<\/a><\/strong> ist nicht unterdr\u00fcckende Tyrannei des schw\u00e4cheren Geschlechts, die sich haupts\u00e4chlich auf die unterw\u00fcrfige m\u00e4nnliche Gesellschaft auf Gunst oder Missgunst konzentriert Die Weibchen, Indem sie Sch\u00f6nheit ausnutzen, sind sie bewaffnet, sexuelle Spannungen sind f\u00fcr M\u00e4nner leicht zu kontrollieren. Und die in pseudoliberalen Gesellschaften gew\u00e4hrten B\u00fcrgerrechte.<\/p>\n\n\n\n<p class=\"has-text-align-right has-text-color\" style=\"color:#2e2476\">Marcin Franczak<\/p>","protected":false},"excerpt":{"rendered":"<p>\u201eWenn ein Mensch aus Ton geformt w\u00e4re, nein von der Natur, wie Adam von Gott gemacht wurde, w\u00fcrden die Menschen in Harmonie, Freundschaft und Frieden leben. Aber die Frau kam auf diese Welt, um Harmonie und Frieden zu zerst\u00f6ren. Und Antagonismus, Egoismus ersetzten sie. (Die Rivalit\u00e4t, besser zu sein, mehr [&hellip;]<\/p>\n","protected":false},"author":1,"featured_media":695,"parent":0,"menu_order":0,"comment_status":"closed","ping_status":"closed","template":"","meta":{"om_disable_all_campaigns":false,"footnotes":""},"class_list":["post-1056","page","type-page","status-publish","has-post-thumbnail","hentry"],"jetpack_sharing_enabled":true,"_links":{"self":[{"href":"https:\/\/gigargios-history.com\/fr\/wp-json\/wp\/v2\/pages\/1056","targetHints":{"allow":["GET"]}}],"collection":[{"href":"https:\/\/gigargios-history.com\/fr\/wp-json\/wp\/v2\/pages"}],"about":[{"href":"https:\/\/gigargios-history.com\/fr\/wp-json\/wp\/v2\/types\/page"}],"author":[{"embeddable":true,"href":"https:\/\/gigargios-history.com\/fr\/wp-json\/wp\/v2\/users\/1"}],"replies":[{"embeddable":true,"href":"https:\/\/gigargios-history.com\/fr\/wp-json\/wp\/v2\/comments?post=1056"}],"version-history":[{"count":1,"href":"https:\/\/gigargios-history.com\/fr\/wp-json\/wp\/v2\/pages\/1056\/revisions"}],"predecessor-version":[{"id":1058,"href":"https:\/\/gigargios-history.com\/fr\/wp-json\/wp\/v2\/pages\/1056\/revisions\/1058"}],"wp:featuredmedia":[{"embeddable":true,"href":"https:\/\/gigargios-history.com\/fr\/wp-json\/wp\/v2\/media\/695"}],"wp:attachment":[{"href":"https:\/\/gigargios-history.com\/fr\/wp-json\/wp\/v2\/media?parent=1056"}],"curies":[{"name":"wp","href":"https:\/\/api.w.org\/{rel}","templated":true}]}}