{"id":1054,"date":"2022-04-18T13:31:43","date_gmt":"2022-04-18T13:31:43","guid":{"rendered":"https:\/\/gigargios-history.com\/?page_id=1054"},"modified":"2022-04-18T13:53:12","modified_gmt":"2022-04-18T13:53:12","slug":"de-marcin-zitate-und-sprichworter","status":"publish","type":"page","link":"https:\/\/gigargios-history.com\/fr\/de-marcin-zitate-und-sprichworter\/","title":{"rendered":"Marcin Zitate und Sprichw\u00f6rter"},"content":{"rendered":"<p class=\"has-text-color\" style=\"color:#41424a\">Marcin hat viele Zitate und Sprichw\u00f6rter, basierend auf seiner Wahrnehmung und gut durchdachten Realit\u00e4t. Einige von ihnen sind mit einer alten bekannten Volksweisheit konvergiert. Einige andere sind an moderne Trends und Geschehnisse angepasst. Die meiste Zeit verbringt er alleine, so dass er die F\u00e4higkeit hat, die Gesellschaft objektiv zu betrachten und dar\u00fcber nachzudenken und nachzudenken. Er nimmt eine Teilrolle des Zuschauers der Welt ein, in der er lebt.<\/p>\n\n\n\n<p class=\"has-text-color\" style=\"color:#31475c\">Er trinkt auch keinen Alkohol und ist frei von jeglicher Sucht. Deshalb hat er ein so n\u00fcchternes Gehirn, das zu Gesundheitsurteilen f\u00e4hig ist. Aber wie jeder Mensch seine Schwachstelle hat, sch\u00e4mt er sich nicht. Trauen Sie sich stattdessen, es in Anf\u00fchrungszeichen zu setzen.<\/p>\n\n\n\n<p><\/p>\n\n\n\n<blockquote class=\"wp-block-quote is-style-default is-layout-flow wp-block-quote-is-layout-flow\"><p><a href=\"https:\/\/gigargios-history.com\/fr\/treat-your-wife-as-golden-egg\/\" data-type=\"URL\" data-id=\"https:\/\/gigargios-history.com\/treat-your-wife-as-golden-egg\/\"><img data-recalc-dims=\"1\" loading=\"lazy\" decoding=\"async\" width=\"150\" height=\"145\" class=\"wp-image-686\" style=\"width: 150px;\" src=\"https:\/\/i0.wp.com\/gigargios-history.com\/wp-content\/uploads\/2022\/01\/Kiss-man-with-an-atractiv-girl-tixonov_valentin-phot.jpg?resize=150%2C145&#038;ssl=1\" alt=\"\" srcset=\"https:\/\/i0.wp.com\/gigargios-history.com\/wp-content\/uploads\/2022\/01\/Kiss-man-with-an-atractiv-girl-tixonov_valentin-phot.jpg?w=740&amp;ssl=1 740w, https:\/\/i0.wp.com\/gigargios-history.com\/wp-content\/uploads\/2022\/01\/Kiss-man-with-an-atractiv-girl-tixonov_valentin-phot.jpg?resize=300%2C289&amp;ssl=1 300w, https:\/\/i0.wp.com\/gigargios-history.com\/wp-content\/uploads\/2022\/01\/Kiss-man-with-an-atractiv-girl-tixonov_valentin-phot.jpg?resize=12%2C12&amp;ssl=1 12w, https:\/\/i0.wp.com\/gigargios-history.com\/wp-content\/uploads\/2022\/01\/Kiss-man-with-an-atractiv-girl-tixonov_valentin-phot.jpg?resize=600%2C578&amp;ssl=1 600w\" sizes=\"auto, (max-width: 150px) 100vw, 150px\" \/><\/a>\u201cBehandle deine Frau wie ein goldenes Ei. Und sie wird dich lieben, dich loben. Und wird dich in den Himmel erheben und du sie erheben\u201c.                                          Marcin Franczak     <\/p><cite><strong>Der Partner, Die Partner, den Sie haben, ist die gr\u00f6\u00dfte Freude Ihres Lebens. Behandle sie wie eine Prinzessin und feiere jeden Tag dein Leben. Und sie wird dich jeden Tag mehr lieben. Nur wenn es ihr gut geht. Einfach ist gut von schlecht zu unterscheiden. Das Gute bittet dich nicht um Geld. Das B\u00f6se ist dir gegen\u00fcber unh\u00f6flich und zeigt keinen Respekt. Sie wirken auch verf\u00fchrerisch, wenn sie von dir will. Seien Sie sich bewusst und carrefour.<\/strong><\/cite><\/blockquote>\n\n\n\n<blockquote class=\"wp-block-quote is-style-default is-layout-flow wp-block-quote-is-layout-flow\"><p><a href=\"https:\/\/gigargios-history.com\/fr\/some-nations-are-not-mature-and-capable-to-burden-some-outstanding-innovative-individuals\/\" data-type=\"URL\" data-id=\"https:\/\/gigargios-history.com\/some-nations-are-not-mature-and-capable-to-burden-some-outstanding-innovative-individuals\/\"><img data-recalc-dims=\"1\" loading=\"lazy\" decoding=\"async\" width=\"150\" height=\"96\" class=\"wp-image-684\" style=\"width: 150px;\" src=\"https:\/\/i0.wp.com\/gigargios-history.com\/wp-content\/uploads\/2022\/01\/wwwuniversitytimesin-Brain-drain.jpg?resize=150%2C96&#038;ssl=1\" alt=\"\" srcset=\"https:\/\/i0.wp.com\/gigargios-history.com\/wp-content\/uploads\/2022\/01\/wwwuniversitytimesin-Brain-drain.jpg?w=627&amp;ssl=1 627w, https:\/\/i0.wp.com\/gigargios-history.com\/wp-content\/uploads\/2022\/01\/wwwuniversitytimesin-Brain-drain.jpg?resize=300%2C191&amp;ssl=1 300w, https:\/\/i0.wp.com\/gigargios-history.com\/wp-content\/uploads\/2022\/01\/wwwuniversitytimesin-Brain-drain.jpg?resize=18%2C12&amp;ssl=1 18w, https:\/\/i0.wp.com\/gigargios-history.com\/wp-content\/uploads\/2022\/01\/wwwuniversitytimesin-Brain-drain.jpg?resize=600%2C383&amp;ssl=1 600w\" sizes=\"auto, (max-width: 150px) 100vw, 150px\" \/><\/a>\u201eIch habe in meiner Kultur gelernt, dass einige Nationen nicht reif und in der Lage sind, einige herausragende innovative Talente zu belasten. Deshalb bleiben sie arm und gl\u00fcckliche Genies haben ihren Raum gefunden, um in entwickelten und respektvollen L\u00e4ndern voranzukommen. Die anderen denken, dass sie zu oberfl\u00e4chlich sind.\u201c                                           Marcin Franczak<\/p><cite><strong>Dieses Thema bezieht sich auf das Brain-Drain-Syndrom, bei dem talentierte, innovative Menschen wollen, dass offene Startups in die L\u00e4nder migrieren, in denen ihre Talente belohnt werden und es sich lohnt, zu investieren. Insbesondere USA, Gro\u00dfbritannien und Israel. Meistens aus Indien und Osteuropa, wo die Entwicklung ihres Gesch\u00e4fts und ihrer Ideen unm\u00f6glich erscheint, da sie auf Investitionen in Innovationen verzichten. Marcin geht in seiner These noch einen Schritt weiter und behauptet, dass nicht nur Autorit\u00e4ten Unrecht haben, sondern auch Menschen, von denen viele auf neue Ideen mit Lachen antworten.<\/strong><\/cite><\/blockquote>\n\n\n\n<blockquote class=\"wp-block-quote is-style-default is-layout-flow wp-block-quote-is-layout-flow\"><p>\u201eEgal, wie viele Fahnen du hast. Es kommt darauf an, wie viele Leute du hast, mit denen du marschierst.\u201c                                                                                         Marcin Franczak<\/p><cite><strong>Sie k\u00f6nnen viele Talente und Kapital haben. Aber das Wichtigste, was Ihre Bewegung oder Ihr Gesch\u00e4ft vorantreibt, sind die Menschen. Sie m\u00fcssen sie \u00fcberzeugen, es sind Ihre W\u00e4hlerkunden.<\/strong><\/cite><\/blockquote>\n\n\n\n<blockquote class=\"wp-block-quote is-style-default is-layout-flow wp-block-quote-is-layout-flow\"><p><a href=\"https:\/\/gigargios-history.com\/fr\/beautiful-women-of-undeveloped-countries-are-sorrow-for-their-countrymen\/\"><img data-recalc-dims=\"1\" loading=\"lazy\" decoding=\"async\" width=\"270\" height=\"117\" class=\"wp-image-685\" style=\"width: 270px;\" src=\"https:\/\/i0.wp.com\/gigargios-history.com\/wp-content\/uploads\/2022\/01\/Amo-nastasia.png?resize=270%2C117&#038;ssl=1\" alt=\"\" srcset=\"https:\/\/i0.wp.com\/gigargios-history.com\/wp-content\/uploads\/2022\/01\/Amo-nastasia.png?w=984&amp;ssl=1 984w, https:\/\/i0.wp.com\/gigargios-history.com\/wp-content\/uploads\/2022\/01\/Amo-nastasia.png?resize=300%2C130&amp;ssl=1 300w, https:\/\/i0.wp.com\/gigargios-history.com\/wp-content\/uploads\/2022\/01\/Amo-nastasia.png?resize=768%2C332&amp;ssl=1 768w, https:\/\/i0.wp.com\/gigargios-history.com\/wp-content\/uploads\/2022\/01\/Amo-nastasia.png?resize=18%2C8&amp;ssl=1 18w, https:\/\/i0.wp.com\/gigargios-history.com\/wp-content\/uploads\/2022\/01\/Amo-nastasia.png?resize=600%2C259&amp;ssl=1 600w\" sizes=\"auto, (max-width: 270px) 100vw, 270px\" \/><\/a>\u201eDie sch\u00f6nen Frauen aus unterentwickelten L\u00e4ndern sind Leid f\u00fcr ihre Landsleute. Wie sie M\u00e4nner aus den reicheren L\u00e4ndern heiraten und daher sie wegen Einsamkeit verurteilen.\u201c                                                                                                     Marcin Franczak<\/p><cite><strong>Sch\u00f6ne Frauen aus \u00e4rmeren L\u00e4ndern neigen dazu, M\u00e4nner aus wohlhabenderen L\u00e4ndern zu heiraten, insbesondere um ihren Lebensstatus zu verbessern. Einige sch\u00f6pfen jedoch Stolz daraus, dass sie einen Mann aus der privilegierten Gesellschaft verf\u00fchren. W\u00e4hrend M\u00e4nner von dort GESCH\u00c4DIGTE Seite verlassen werden, also Frauen ablassen. Oder sogar Exodus von Frauen, wie es das russische Syndrom nennt. Dies geschieht in Osteuropa und S\u00fcdostasien<\/strong><\/cite><\/blockquote>\n\n\n\n<p><\/p>\n\n\n\n<blockquote class=\"wp-block-quote has-text-align-left is-style-default is-layout-flow wp-block-quote-is-layout-flow\"><p><a href=\"https:\/\/gigargios-history.com\/fr\/if-you-are-fine-looking-nerd-with-no-big-cash-the-women-will-ignore-you-if-you-achieve-something-those-women-will\/\"><img data-recalc-dims=\"1\" loading=\"lazy\" decoding=\"async\" width=\"270\" height=\"145\" class=\"wp-image-687\" style=\"width: 270px;\" src=\"https:\/\/i0.wp.com\/gigargios-history.com\/wp-content\/uploads\/2022\/01\/Penny-bckside-Bing-bang-theory.jpg?resize=270%2C145&#038;ssl=1\" alt=\"\" srcset=\"https:\/\/i0.wp.com\/gigargios-history.com\/wp-content\/uploads\/2022\/01\/Penny-bckside-Bing-bang-theory.jpg?w=699&amp;ssl=1 699w, https:\/\/i0.wp.com\/gigargios-history.com\/wp-content\/uploads\/2022\/01\/Penny-bckside-Bing-bang-theory.jpg?resize=300%2C161&amp;ssl=1 300w, https:\/\/i0.wp.com\/gigargios-history.com\/wp-content\/uploads\/2022\/01\/Penny-bckside-Bing-bang-theory.jpg?resize=18%2C10&amp;ssl=1 18w, https:\/\/i0.wp.com\/gigargios-history.com\/wp-content\/uploads\/2022\/01\/Penny-bckside-Bing-bang-theory.jpg?resize=600%2C323&amp;ssl=1 600w\" sizes=\"auto, (max-width: 270px) 100vw, 270px\" \/><\/a>\u201eWenn du ein gut aussehender Nerd-Typ bist und nicht zeigst, dass du Geld stinkst, werden die attraktiven Frauen dich ignorieren. Wenn du etwas erreichst, werden diese Frauen nach dir fragen. Wie kann man sie also f\u00fcr ein Produkt\/einen Kunden ber\u00fccksichtigen?\u201c        Marcin Franczak<\/p><\/blockquote>\n\n\n\n<blockquote class=\"wp-block-quote is-style-default is-layout-flow wp-block-quote-is-layout-flow\"><p><a href=\"https:\/\/gigargios-history.com\/fr\/not-all-pretty-girls-are-by-nature-its-enough-you-are-average-and-masterize-beauty-perfection\/\"><img data-recalc-dims=\"1\" loading=\"lazy\" decoding=\"async\" width=\"150\" height=\"105\" class=\"wp-image-688\" style=\"width: 150px;\" src=\"https:\/\/i0.wp.com\/gigargios-history.com\/wp-content\/uploads\/2022\/01\/Young-Woman-with-Lipstick-kaboompics.jpg?resize=150%2C105&#038;ssl=1\" alt=\"\" srcset=\"https:\/\/i0.wp.com\/gigargios-history.com\/wp-content\/uploads\/2022\/01\/Young-Woman-with-Lipstick-kaboompics.jpg?w=1131&amp;ssl=1 1131w, https:\/\/i0.wp.com\/gigargios-history.com\/wp-content\/uploads\/2022\/01\/Young-Woman-with-Lipstick-kaboompics.jpg?resize=300%2C210&amp;ssl=1 300w, https:\/\/i0.wp.com\/gigargios-history.com\/wp-content\/uploads\/2022\/01\/Young-Woman-with-Lipstick-kaboompics.jpg?resize=1024%2C718&amp;ssl=1 1024w, https:\/\/i0.wp.com\/gigargios-history.com\/wp-content\/uploads\/2022\/01\/Young-Woman-with-Lipstick-kaboompics.jpg?resize=768%2C538&amp;ssl=1 768w, https:\/\/i0.wp.com\/gigargios-history.com\/wp-content\/uploads\/2022\/01\/Young-Woman-with-Lipstick-kaboompics.jpg?resize=18%2C12&amp;ssl=1 18w, https:\/\/i0.wp.com\/gigargios-history.com\/wp-content\/uploads\/2022\/01\/Young-Woman-with-Lipstick-kaboompics.jpg?resize=600%2C421&amp;ssl=1 600w\" sizes=\"auto, (max-width: 150px) 100vw, 150px\" \/><\/a>\u201eNicht alle h\u00fcbschen M\u00e4dchen sind von Natur aus. Es reicht aus, dass Sie durchschnittlich sind und Sch\u00f6nheitsperfektion beherrschen. Umso mehr bewirkt moderne Kosmetik Wunder. Leider benutzen die Frauen sie nicht, um den zuk\u00fcnftigen Ehemann anzuziehen. Eher f\u00fcr Sponsoren tun sie es.\u201c                                                                            Marcin Franczak<\/p><\/blockquote>\n\n\n\n<blockquote class=\"wp-block-quote is-style-default is-layout-flow wp-block-quote-is-layout-flow\"><p><a href=\"https:\/\/gigargios-history.com\/fr\/in-life-i-learnt-that-pretty-girl-always-get-what-she-want\/\"><img data-recalc-dims=\"1\" loading=\"lazy\" decoding=\"async\" width=\"150\" height=\"128\" class=\"wp-image-689\" style=\"width: 150px;\" src=\"https:\/\/i0.wp.com\/gigargios-history.com\/wp-content\/uploads\/2022\/01\/Beauty-blond-woman-seduct-sight-nastya_gepp.jpg?resize=150%2C128&#038;ssl=1\" alt=\"\" srcset=\"https:\/\/i0.wp.com\/gigargios-history.com\/wp-content\/uploads\/2022\/01\/Beauty-blond-woman-seduct-sight-nastya_gepp.jpg?w=905&amp;ssl=1 905w, https:\/\/i0.wp.com\/gigargios-history.com\/wp-content\/uploads\/2022\/01\/Beauty-blond-woman-seduct-sight-nastya_gepp.jpg?resize=300%2C256&amp;ssl=1 300w, https:\/\/i0.wp.com\/gigargios-history.com\/wp-content\/uploads\/2022\/01\/Beauty-blond-woman-seduct-sight-nastya_gepp.jpg?resize=768%2C655&amp;ssl=1 768w, https:\/\/i0.wp.com\/gigargios-history.com\/wp-content\/uploads\/2022\/01\/Beauty-blond-woman-seduct-sight-nastya_gepp.jpg?resize=14%2C12&amp;ssl=1 14w, https:\/\/i0.wp.com\/gigargios-history.com\/wp-content\/uploads\/2022\/01\/Beauty-blond-woman-seduct-sight-nastya_gepp.jpg?resize=600%2C512&amp;ssl=1 600w\" sizes=\"auto, (max-width: 150px) 100vw, 150px\" \/><\/a>&#8221; Im Leben habe ich gelernt, dass h\u00fcbsche M\u00e4dchen immer bekommen, was sie wollen und der Mann sich anstrengen muss, um etwas zu erreichen, um sie anzuziehen.&#8221;            Marcin Franczak          <\/p><\/blockquote>\n\n\n\n<blockquote class=\"wp-block-quote is-style-default is-layout-flow wp-block-quote-is-layout-flow\"><p><a href=\"https:\/\/gigargios-history.com\/fr\/having-seen-modern-tends-i-predict-that-catholic-church\/\"><img data-recalc-dims=\"1\" loading=\"lazy\" decoding=\"async\" width=\"150\" height=\"98\" class=\"wp-image-743\" style=\"width: 150px;\" src=\"https:\/\/i0.wp.com\/gigargios-history.com\/wp-content\/uploads\/2022\/01\/Cathedral-of-Cologne.jpg?resize=150%2C98&#038;ssl=1\" alt=\"\" srcset=\"https:\/\/i0.wp.com\/gigargios-history.com\/wp-content\/uploads\/2022\/01\/Cathedral-of-Cologne.jpg?w=343&amp;ssl=1 343w, https:\/\/i0.wp.com\/gigargios-history.com\/wp-content\/uploads\/2022\/01\/Cathedral-of-Cologne.jpg?resize=300%2C195&amp;ssl=1 300w, https:\/\/i0.wp.com\/gigargios-history.com\/wp-content\/uploads\/2022\/01\/Cathedral-of-Cologne.jpg?resize=18%2C12&amp;ssl=1 18w\" sizes=\"auto, (max-width: 150px) 100vw, 150px\" \/><\/a>\u201eNachdem ich moderne Tendenzen gesehen habe, sage ich voraus, dass die katholische Kirche im 22. Jahrhundert verschwinden k\u00f6nnen wird.\u201c   Marcin Franczak<\/p><\/blockquote>\n\n\n\n<p><\/p>\n\n\n\n<section class=\"wp-block-themeisle-blocks-advanced-columns alignfull has-1-columns has-desktop-equal-layout has-tablet-equal-layout has-mobile-equal-layout has-nogap-gap has-vertical-flex-start\" id=\"wp-block-themeisle-blocks-advanced-columns-cf464273\"><div class=\"wp-block-themeisle-blocks-advanced-columns-overlay\"><\/div><div class=\"innerblocks-wrap\">\n<div class=\"wp-block-themeisle-blocks-advanced-column\" id=\"wp-block-themeisle-blocks-advanced-column-091be23e\">\n<section class=\"wp-block-themeisle-blocks-advanced-columns alignfull has-1-columns has-desktop-equal-layout has-tablet-equal-layout has-mobile-equal-layout has-nogap-gap has-vertical-center\" id=\"wp-block-themeisle-blocks-advanced-columns-7fed9644\"><div class=\"wp-block-themeisle-blocks-advanced-columns-overlay\"><\/div><div class=\"innerblocks-wrap\">\n<div class=\"wp-block-themeisle-blocks-advanced-column\" id=\"wp-block-themeisle-blocks-advanced-column-77b97cc2\">\n<h1 class=\"has-text-align-center has-white-color has-text-color wp-block-heading\">Noch mehr patriarchalische und unkonventionelle Zitate finden Sie hier<\/h1>\n\n\n\n<p class=\"has-text-align-center has-white-color has-text-color\"><\/p>\n\n\n\n<div class=\"wp-block-buttons is-content-justification-center is-layout-flex wp-container-core-buttons-is-layout-a89b3969 wp-block-buttons-is-layout-flex\">\n<div class=\"wp-block-button is-style-primary\"><a class=\"wp-block-button__link\" href=\"https:\/\/gigargios-history.com\/fr\/de-marcin-sensible-zitate-uber-frauen-in-der-menschheit\/\">Learn Mehr<\/a><\/div>\n<\/div>\n<\/div>\n<\/div><\/section>\n\n\n\n<section class=\"wp-block-themeisle-blocks-advanced-columns has-3-columns has-desktop-equal-layout has-tablet-equal-layout has-mobile-collapsedRows-layout has-wide-gap has-vertical-flex-start\" id=\"wp-block-themeisle-blocks-advanced-columns-683da29a\"><div class=\"wp-block-themeisle-blocks-advanced-columns-overlay\"><\/div><div class=\"innerblocks-wrap\">\n<div class=\"wp-block-themeisle-blocks-advanced-column\" id=\"wp-block-themeisle-blocks-advanced-column-a81de827\"><\/div>\n\n\n\n<div class=\"wp-block-themeisle-blocks-advanced-column\" id=\"wp-block-themeisle-blocks-advanced-column-787fa0e1\"><\/div>\n\n\n\n<div class=\"wp-block-themeisle-blocks-advanced-column\" id=\"wp-block-themeisle-blocks-advanced-column-54f4b40e\"><\/div>\n<\/div><\/section>\n<\/div>\n<\/div><\/section>","protected":false},"excerpt":{"rendered":"<p>Marcin hat viele Zitate und Sprichw\u00f6rter, basierend auf seiner Wahrnehmung und gut durchdachten Realit\u00e4t. Einige von ihnen sind mit einer alten bekannten Volksweisheit konvergiert. Einige andere sind an moderne Trends und Geschehnisse angepasst. Die meiste Zeit verbringt er alleine, so dass er die F\u00e4higkeit hat, die Gesellschaft objektiv zu betrachten [&hellip;]<\/p>\n","protected":false},"author":1,"featured_media":695,"parent":0,"menu_order":0,"comment_status":"closed","ping_status":"closed","template":"","meta":{"om_disable_all_campaigns":false,"footnotes":""},"class_list":["post-1054","page","type-page","status-publish","has-post-thumbnail","hentry"],"jetpack_sharing_enabled":true,"_links":{"self":[{"href":"https:\/\/gigargios-history.com\/fr\/wp-json\/wp\/v2\/pages\/1054","targetHints":{"allow":["GET"]}}],"collection":[{"href":"https:\/\/gigargios-history.com\/fr\/wp-json\/wp\/v2\/pages"}],"about":[{"href":"https:\/\/gigargios-history.com\/fr\/wp-json\/wp\/v2\/types\/page"}],"author":[{"embeddable":true,"href":"https:\/\/gigargios-history.com\/fr\/wp-json\/wp\/v2\/users\/1"}],"replies":[{"embeddable":true,"href":"https:\/\/gigargios-history.com\/fr\/wp-json\/wp\/v2\/comments?post=1054"}],"version-history":[{"count":2,"href":"https:\/\/gigargios-history.com\/fr\/wp-json\/wp\/v2\/pages\/1054\/revisions"}],"predecessor-version":[{"id":1059,"href":"https:\/\/gigargios-history.com\/fr\/wp-json\/wp\/v2\/pages\/1054\/revisions\/1059"}],"wp:featuredmedia":[{"embeddable":true,"href":"https:\/\/gigargios-history.com\/fr\/wp-json\/wp\/v2\/media\/695"}],"wp:attachment":[{"href":"https:\/\/gigargios-history.com\/fr\/wp-json\/wp\/v2\/media?parent=1054"}],"curies":[{"name":"wp","href":"https:\/\/api.w.org\/{rel}","templated":true}]}}