{"id":1049,"date":"2022-04-18T12:55:29","date_gmt":"2022-04-18T12:55:29","guid":{"rendered":"https:\/\/gigargios-history.com\/?page_id=1049"},"modified":"2022-04-18T12:55:32","modified_gmt":"2022-04-18T12:55:32","slug":"de-die-debatte-uber-die-herkunft-der-kaukasier-auf","status":"publish","type":"page","link":"https:\/\/gigargios-history.com\/fr\/de-die-debatte-uber-die-herkunft-der-kaukasier-auf\/","title":{"rendered":"die Debatte \u00fcber die Herkunft der Kaukasier auf"},"content":{"rendered":"<p>Gegenw\u00e4rtig nehmen Ethnographen die Debatte \u00fcber die Herkunft der Kaukasier auf. Tats\u00e4chlich beschreibt dieser Begriff Menschen mit reiner schneewei\u00dfer Haut, die von der Natur gegeben sind, ist an den geografischen Standort gebunden und erm\u00f6glicht so einen eindeutigen Ursprung, von dem aus sie expandierten. Aber kommen schneewei\u00dfe Menschen wirklich aus S\u00fcdrussland?. Europa als ganzer Kontinent befindet sich in einem kalten Klima, wo das Sonnenlicht hier weniger h\u00e4ufig und erwartungsgem\u00e4\u00df mild ist. Wichtig ist auch die Tatsache, dass Europa vor Tausenden von Jahren w\u00e4hrend der Eiszeit noch k\u00e4ltere Temperaturen erlebte. Dies hat dazu beigetragen, die Farbpigmente der dort lebenden Menschen zu verringern, da die Sonne die Haut nicht erw\u00e4rmt hat, was die Haut der Menschen in einem langen Prozess letztendlich wei\u00dfer gemacht hat.<\/p>\n\n\n\n<figure class=\"wp-block-image size-large is-resized\"><img data-recalc-dims=\"1\" loading=\"lazy\" decoding=\"async\" src=\"https:\/\/i0.wp.com\/gigargios-history.com\/wp-content\/uploads\/2022\/04\/Great-Migration-of-proto-humans-and-Skin-color-trasformation-the-more-north-go-2.jpg?resize=750%2C506&#038;ssl=1\" alt=\"\" class=\"wp-image-815\" width=\"750\" height=\"506\" srcset=\"https:\/\/i0.wp.com\/gigargios-history.com\/wp-content\/uploads\/2022\/04\/Great-Migration-of-proto-humans-and-Skin-color-trasformation-the-more-north-go-2.jpg?resize=1024%2C690&amp;ssl=1 1024w, https:\/\/i0.wp.com\/gigargios-history.com\/wp-content\/uploads\/2022\/04\/Great-Migration-of-proto-humans-and-Skin-color-trasformation-the-more-north-go-2.jpg?resize=300%2C202&amp;ssl=1 300w, https:\/\/i0.wp.com\/gigargios-history.com\/wp-content\/uploads\/2022\/04\/Great-Migration-of-proto-humans-and-Skin-color-trasformation-the-more-north-go-2.jpg?resize=768%2C518&amp;ssl=1 768w, https:\/\/i0.wp.com\/gigargios-history.com\/wp-content\/uploads\/2022\/04\/Great-Migration-of-proto-humans-and-Skin-color-trasformation-the-more-north-go-2.jpg?resize=18%2C12&amp;ssl=1 18w, https:\/\/i0.wp.com\/gigargios-history.com\/wp-content\/uploads\/2022\/04\/Great-Migration-of-proto-humans-and-Skin-color-trasformation-the-more-north-go-2.jpg?resize=600%2C404&amp;ssl=1 600w, https:\/\/i0.wp.com\/gigargios-history.com\/wp-content\/uploads\/2022\/04\/Great-Migration-of-proto-humans-and-Skin-color-trasformation-the-more-north-go-2.jpg?w=1313&amp;ssl=1 1313w\" sizes=\"auto, (max-width: 750px) 100vw, 750px\" \/><figcaption>Grande migration de proto-humains et transformation de la couleur de la peau plus au nord aller 2<\/figcaption><\/figure>\n\n\n\n<p>Nach den gegebenen Tatsachen bestimmter Wissenschaften stammen jedoch alle schneewei\u00dfen Menschen von einem Geopunkt, der im Kaukasus liegt. Dar\u00fcber wird h\u00f6chstwahrscheinlich spekuliert, dass einige der Vorfahren eine Art Mutant waren, der ged\u00e4mpfte Gene an die zuk\u00fcnftige Generation weitergab, die ihnen eine sichtbar wei\u00dfere Nelke verlieh. Die Evolutionstheorie best\u00e4tigte das bekannte Beispiel, wo ein Individuum in der Lage ist, den Evolutionsprozess seiner Spezies zu ver\u00e4ndern. Welche am genauesten erm\u00f6glichen, best\u00e4tigen die These \u00fcber die Herkunft der Kaukasier. Angesichts der Tatsache, dass Europa bereits von Menschen besiedelt war, die ihr Land besetzten, ist es jedoch unwahrscheinlich, dass sich dieses Gen auf dem gesamten Kontinent ausbreiten k\u00f6nnte. Eine weitere Hypothese \u00fcber mysteri\u00f6se Schneewittchen ist so dumm, wie es scheint. Die Menschen sind immer wei\u00dfer geworden, seit sie die K\u00fche z\u00fcchten und ihre Milch trinken. Diese kuriose Theorie hat keine tats\u00e4chliche Best\u00e4tigung, da Menschen in vielen Kulturen und Teilen der Welt Milch trinken und es ihre Haut nicht wei\u00dfer macht. Sogar Generation f\u00fcr Generation. Dies widerspricht jedoch noch nicht dieser Theorie aufgrund vollst\u00e4ndiger Kenntnis. Und selbst wenn diese Theorie etwas zutrifft, ist es sicher, dass Schneewittchen nicht von einem bestimmten Ort stammen. Tats\u00e4chlich begannen die Menschen in vielen Teilen der Welt zur gleichen Zeit, K\u00fche zu z\u00fcchten. Schlie\u00dflich ist mir absolut bekannt, dass die schneewei\u00dfen Menschen ein so erwartungsgem\u00e4\u00df kaltes Klima Mittel- und Nordeuropas sind, das langfristig dazu beigetragen hat, dass ihr nat\u00fcrlicher Farbstoff aufgrund des Mangels an Sonne abnimmt. Die Tatsache, dass Europ\u00e4er so wei\u00dfe Haut genie\u00dfen, ist also auf schreckliche Erfahrungen zur\u00fcckzuf\u00fchren, die ihre Vorfahren zu bew\u00e4ltigen hatten. In der Tat ist der Mensch in der Natur Spieces, die warmes, sogar tropisches Klima m\u00f6gen. Aber der Wettbewerb auf lokalem Boden hat einige Gruppen gezwungen, in feindlichere Klimazonen abzuwandern. Jetzt genie\u00dfen die Europ\u00e4er den gr\u00f6\u00dften Komfort und das \u00e4sthetische Aussehen, weil sie Erbe, das von ihren Vorfahren. <img data-recalc-dims=\"1\" loading=\"lazy\" decoding=\"async\" width=\"159\" height=\"169\" class=\"wp-image-819\" style=\"width: 159px;\" src=\"https:\/\/i0.wp.com\/gigargios-history.com\/wp-content\/uploads\/2022\/04\/Beautiful-redhead.jpg?resize=159%2C169&#038;ssl=1\" alt=\"\" srcset=\"https:\/\/i0.wp.com\/gigargios-history.com\/wp-content\/uploads\/2022\/04\/Beautiful-redhead.jpg?w=989&amp;ssl=1 989w, https:\/\/i0.wp.com\/gigargios-history.com\/wp-content\/uploads\/2022\/04\/Beautiful-redhead.jpg?resize=282%2C300&amp;ssl=1 282w, https:\/\/i0.wp.com\/gigargios-history.com\/wp-content\/uploads\/2022\/04\/Beautiful-redhead.jpg?resize=962%2C1024&amp;ssl=1 962w, https:\/\/i0.wp.com\/gigargios-history.com\/wp-content\/uploads\/2022\/04\/Beautiful-redhead.jpg?resize=768%2C818&amp;ssl=1 768w, https:\/\/i0.wp.com\/gigargios-history.com\/wp-content\/uploads\/2022\/04\/Beautiful-redhead.jpg?resize=11%2C12&amp;ssl=1 11w, https:\/\/i0.wp.com\/gigargios-history.com\/wp-content\/uploads\/2022\/04\/Beautiful-redhead.jpg?resize=600%2C639&amp;ssl=1 600w\" sizes=\"auto, (max-width: 159px) 100vw, 159px\" \/>  <img data-recalc-dims=\"1\" loading=\"lazy\" decoding=\"async\" width=\"135\" height=\"170\" class=\"wp-image-820\" style=\"width: 135px;\" src=\"https:\/\/i0.wp.com\/gigargios-history.com\/wp-content\/uploads\/2022\/04\/Orlando-Bloom.jpg?resize=135%2C170&#038;ssl=1\" alt=\"\" srcset=\"https:\/\/i0.wp.com\/gigargios-history.com\/wp-content\/uploads\/2022\/04\/Orlando-Bloom.jpg?w=487&amp;ssl=1 487w, https:\/\/i0.wp.com\/gigargios-history.com\/wp-content\/uploads\/2022\/04\/Orlando-Bloom.jpg?resize=239%2C300&amp;ssl=1 239w, https:\/\/i0.wp.com\/gigargios-history.com\/wp-content\/uploads\/2022\/04\/Orlando-Bloom.jpg?resize=10%2C12&amp;ssl=1 10w\" sizes=\"auto, (max-width: 135px) 100vw, 135px\" \/><\/p>\n\n\n\n<p>Mysteri\u00f6ser ist jedoch die Schaffung einer mongolischen Rassengruppe von Menschen aus Ostasien. Es sind Menschen mit charakteristischen gebogenen Augen, die von manchen als \u00e4sthetisch angesehen werden. Ihr Ursprung ist nicht gut bekannt und vielleicht am geheimnisvollsten. Am wahrscheinlichsten ist, dass die Menschen ihr Aussehen nach einzelnen Vorfahren geerbt haben, die mit diesen ungew\u00f6hnlichen ersten Kindern geboren wurden. Andere Gelehrte vermuten, dass Sonnenlicht, das auf dem Schnee reflektiert wird, sie ver\u00e4ndert hat. Wenn \u00fcberhaupt, warum haben sich die Europ\u00e4er nicht so ver\u00e4ndert. Am wahrscheinlichsten ist f\u00fcr mich die These \u00fcber einen einzelnen Vorfahren, der seinen gegeben hat Nachkommen, die ungew\u00f6hnliche, aber \u00e4sthetische Augen haben<\/p>\n\n\n\n<p> <img data-recalc-dims=\"1\" loading=\"lazy\" decoding=\"async\" width=\"135\" height=\"192\" class=\"wp-image-821\" style=\"width: 135px;\" src=\"https:\/\/i0.wp.com\/gigargios-history.com\/wp-content\/uploads\/2022\/04\/Crazy-rich-Asians-Zrzut-ekranu-2022-04-04-142806.jpg?resize=135%2C192&#038;ssl=1\" alt=\"\" srcset=\"https:\/\/i0.wp.com\/gigargios-history.com\/wp-content\/uploads\/2022\/04\/Crazy-rich-Asians-Zrzut-ekranu-2022-04-04-142806.jpg?w=257&amp;ssl=1 257w, https:\/\/i0.wp.com\/gigargios-history.com\/wp-content\/uploads\/2022\/04\/Crazy-rich-Asians-Zrzut-ekranu-2022-04-04-142806.jpg?resize=211%2C300&amp;ssl=1 211w, https:\/\/i0.wp.com\/gigargios-history.com\/wp-content\/uploads\/2022\/04\/Crazy-rich-Asians-Zrzut-ekranu-2022-04-04-142806.jpg?resize=8%2C12&amp;ssl=1 8w\" sizes=\"auto, (max-width: 135px) 100vw, 135px\" \/> <img data-recalc-dims=\"1\" loading=\"lazy\" decoding=\"async\" width=\"155\" height=\"185\" class=\"wp-image-822\" style=\"width: 155px;\" src=\"https:\/\/i0.wp.com\/gigargios-history.com\/wp-content\/uploads\/2022\/04\/Beautiful-Asian-lady-.jpg?resize=155%2C185&#038;ssl=1\" alt=\"\" srcset=\"https:\/\/i0.wp.com\/gigargios-history.com\/wp-content\/uploads\/2022\/04\/Beautiful-Asian-lady-.jpg?w=1045&amp;ssl=1 1045w, https:\/\/i0.wp.com\/gigargios-history.com\/wp-content\/uploads\/2022\/04\/Beautiful-Asian-lady-.jpg?resize=252%2C300&amp;ssl=1 252w, https:\/\/i0.wp.com\/gigargios-history.com\/wp-content\/uploads\/2022\/04\/Beautiful-Asian-lady-.jpg?resize=860%2C1024&amp;ssl=1 860w, https:\/\/i0.wp.com\/gigargios-history.com\/wp-content\/uploads\/2022\/04\/Beautiful-Asian-lady-.jpg?resize=768%2C915&amp;ssl=1 768w, https:\/\/i0.wp.com\/gigargios-history.com\/wp-content\/uploads\/2022\/04\/Beautiful-Asian-lady-.jpg?resize=10%2C12&amp;ssl=1 10w, https:\/\/i0.wp.com\/gigargios-history.com\/wp-content\/uploads\/2022\/04\/Beautiful-Asian-lady-.jpg?resize=600%2C715&amp;ssl=1 600w\" sizes=\"auto, (max-width: 155px) 100vw, 155px\" \/><\/p>\n\n\n\n<p><\/p>\n\n\n\n<p class=\"has-text-align-right\">Marcin Franczak<\/p>","protected":false},"excerpt":{"rendered":"<p>Gegenw\u00e4rtig nehmen Ethnographen die Debatte \u00fcber die Herkunft der Kaukasier auf. Tats\u00e4chlich beschreibt dieser Begriff Menschen mit reiner schneewei\u00dfer Haut, die von der Natur gegeben sind, ist an den geografischen Standort gebunden und erm\u00f6glicht so einen eindeutigen Ursprung, von dem aus sie expandierten. Aber kommen schneewei\u00dfe Menschen wirklich aus S\u00fcdrussland?. [&hellip;]<\/p>\n","protected":false},"author":1,"featured_media":816,"parent":0,"menu_order":0,"comment_status":"closed","ping_status":"closed","template":"","meta":{"om_disable_all_campaigns":false,"footnotes":""},"class_list":["post-1049","page","type-page","status-publish","has-post-thumbnail","hentry"],"jetpack_sharing_enabled":true,"_links":{"self":[{"href":"https:\/\/gigargios-history.com\/fr\/wp-json\/wp\/v2\/pages\/1049","targetHints":{"allow":["GET"]}}],"collection":[{"href":"https:\/\/gigargios-history.com\/fr\/wp-json\/wp\/v2\/pages"}],"about":[{"href":"https:\/\/gigargios-history.com\/fr\/wp-json\/wp\/v2\/types\/page"}],"author":[{"embeddable":true,"href":"https:\/\/gigargios-history.com\/fr\/wp-json\/wp\/v2\/users\/1"}],"replies":[{"embeddable":true,"href":"https:\/\/gigargios-history.com\/fr\/wp-json\/wp\/v2\/comments?post=1049"}],"version-history":[{"count":1,"href":"https:\/\/gigargios-history.com\/fr\/wp-json\/wp\/v2\/pages\/1049\/revisions"}],"predecessor-version":[{"id":1050,"href":"https:\/\/gigargios-history.com\/fr\/wp-json\/wp\/v2\/pages\/1049\/revisions\/1050"}],"wp:featuredmedia":[{"embeddable":true,"href":"https:\/\/gigargios-history.com\/fr\/wp-json\/wp\/v2\/media\/816"}],"wp:attachment":[{"href":"https:\/\/gigargios-history.com\/fr\/wp-json\/wp\/v2\/media?parent=1049"}],"curies":[{"name":"wp","href":"https:\/\/api.w.org\/{rel}","templated":true}]}}