{"id":1046,"date":"2022-04-18T12:39:14","date_gmt":"2022-04-18T12:39:14","guid":{"rendered":"https:\/\/gigargios-history.com\/?page_id=1046"},"modified":"2022-04-18T12:39:16","modified_gmt":"2022-04-18T12:39:16","slug":"de-die-privilegiertesten-menschen-auf-erden-sind-caucasische-frauen","status":"publish","type":"page","link":"https:\/\/gigargios-history.com\/fr\/de-die-privilegiertesten-menschen-auf-erden-sind-caucasische-frauen\/","title":{"rendered":"Die privilegiertesten Menschen auf Erden sind caucasische Frauen"},"content":{"rendered":"<p>\u201eDie privilegiertesten Menschen auf Erden sind caucasische Frauen\u201c \u2013 Marcin Franczak. Sowohl durch die Natur als auch durch das protektionistische Gesetz. Es ist ein Mythos, dass der Wei\u00dfe privilegiert und respektiert wird. Nicht mehr. Die Amerikaner genie\u00dfen nicht die Rechte, die sie verdienen. Der Reichtum macht sie nicht gl\u00fccklich, da sie auf dem ehelichen Gebiet gek\u00e4mpft haben. Und die Frauen sind so \u00fcbersch\u00e4tzt worden, dass sie arrogant geworden sind. Und verlor das gesundheitliche Urteilsverm\u00f6gen und den Sinn des Lebens und den Sinn, Mutter und Ehefrau zu sein. Und die Kosmetikindustrie trug dazu bei, sie in G\u00f6ttinnen zu verwandeln. Die Geschichte \u00fcber gl\u00fcckliche Amerikaner ist eine L\u00fcge. Und beide Geschlechter deprimieren sich gegenseitig immer mehr. Die Schuld des unbegrenzten Liberalismus daran, dass der Raum f\u00fcr moralische Entbehrungen offen ist, sieht man in der modernen Geschichte nicht. Frauen sind zu auserw\u00e4hlten M\u00e4nnern geworden, nicht durch ihre Pers\u00f6nlichkeit oder ihren Reichtum, sondern durch nat\u00fcrliche Auslese<\/p>\n\n\n\n<p>Sie w\u00e4hlten Zukunft V\u00e4ter aus, die am sch\u00f6nsten oder am st\u00e4rksten aussahen, und die ihnen gesunde Nachkommen schenkten. Diese weniger oder mehr bewusste Auswahl ist aus dem Darwinismus bekannt und ist im Tierreich und sogar in der Proto-Zivilisation gut zu sehen, wo eine Minderheit der st\u00e4rksten M\u00e4nner alle Frauen hielt und an polygamen Beziehungen teilnahm, die sich sowohl um Frauen als auch um Kinder k\u00fcmmerten, die nicht wissen, wem sie geh\u00f6ren . Das j\u00fcngste Beispiel einer solchen Gemeinschaft war Etrucia vor der r\u00f6mischen Inquisition. Auch heute gibt es in Afrika eine Art Polygamie, die in Tieren zu sehen ist. In vielen afrikanischen St\u00e4mmen \u00fcbernehmen die st\u00e4rksten M\u00e4nner die Kontrolle \u00fcber alle Frauen und tragen eine hohe patriarchalische Macht und verdr\u00e4ngen andere M\u00e4nner. Dies und andere Dinge beweisen, dass wir uns nicht sehr von Tieren unterscheiden. In der Tat werden wir ihnen immer \u00e4hnlicher, je mehr sich das Zivilrecht und der neomarxistische Liberalismus durchsetzen. Dass<\/p>\n\n\n\n<p>Aussage widerspricht nicht meiner Ansicht \u00fcber die Gleichberechtigung beider Geschlechter und aller Rassen. In der Tat m\u00fcssen sowohl M\u00e4nner als auch Frauen die gleichen und gleichen Rechte genie\u00dfen, frei von ihrem Willen und von religi\u00f6ser Unterdr\u00fcckung und Erwartungen befreit sein. Einige Standards sollten jedoch beibehalten werden. Es war ein gro\u00dfer Fehler des Westens, dass die Regierung Sex vor der Ehe erlaubte. Und obwohl niemand gegen sie ermittelt hat, werden sie sch\u00e4dlicher, seit die offizielle Legalisierung begonnen hat. Seine \u00dcberraschung, dass das erniedrigendste Land, das Amerika ist, ein Prostitutionsverbot hat. Prostitution existiert jedoch immer in den USA, genau wie Alkohol w\u00e4hrend der Prohibition. Ist damit gemeint, dass das Gesetz oder die Nation f\u00fcr Ungehorsam haftbar ist? In jedem Fall ist das Zielbewusstsein der gr\u00f6\u00dfte Motivator f\u00fcr jeden Einzelnen, und die Vermeidung schlechter Gewohnheiten kann das Gewissen reinigen. Vor allem ist diese Wahl jedem Individuum vorbehalten und wird von jedem modernen Land bewahrt.<\/p>\n\n\n\n<p>Das Modellland ist die T\u00fcrkei, wenn Sie fragen. Aber ich f\u00fcrchte, dass der zunehmende religi\u00f6se Radikalismus die historischen Errungenschaften Kemal Paschas und andere nach ihm zerst\u00f6ren kann. Der Kampf um die Freiheit ist best\u00e4ndig und nicht einmalig. Sollte dann von jedem Individuum und jeder nachfolgenden Generation kultiviert werden.<\/p>","protected":false},"excerpt":{"rendered":"<p>\u201eDie privilegiertesten Menschen auf Erden sind caucasische Frauen\u201c \u2013 Marcin Franczak. Sowohl durch die Natur als auch durch das protektionistische Gesetz. Es ist ein Mythos, dass der Wei\u00dfe privilegiert und respektiert wird. Nicht mehr. Die Amerikaner genie\u00dfen nicht die Rechte, die sie verdienen. Der Reichtum macht sie nicht gl\u00fccklich, da [&hellip;]<\/p>\n","protected":false},"author":1,"featured_media":831,"parent":0,"menu_order":0,"comment_status":"closed","ping_status":"closed","template":"","meta":{"om_disable_all_campaigns":false,"footnotes":""},"class_list":["post-1046","page","type-page","status-publish","has-post-thumbnail","hentry"],"jetpack_sharing_enabled":true,"_links":{"self":[{"href":"https:\/\/gigargios-history.com\/fr\/wp-json\/wp\/v2\/pages\/1046","targetHints":{"allow":["GET"]}}],"collection":[{"href":"https:\/\/gigargios-history.com\/fr\/wp-json\/wp\/v2\/pages"}],"about":[{"href":"https:\/\/gigargios-history.com\/fr\/wp-json\/wp\/v2\/types\/page"}],"author":[{"embeddable":true,"href":"https:\/\/gigargios-history.com\/fr\/wp-json\/wp\/v2\/users\/1"}],"replies":[{"embeddable":true,"href":"https:\/\/gigargios-history.com\/fr\/wp-json\/wp\/v2\/comments?post=1046"}],"version-history":[{"count":1,"href":"https:\/\/gigargios-history.com\/fr\/wp-json\/wp\/v2\/pages\/1046\/revisions"}],"predecessor-version":[{"id":1047,"href":"https:\/\/gigargios-history.com\/fr\/wp-json\/wp\/v2\/pages\/1046\/revisions\/1047"}],"wp:featuredmedia":[{"embeddable":true,"href":"https:\/\/gigargios-history.com\/fr\/wp-json\/wp\/v2\/media\/831"}],"wp:attachment":[{"href":"https:\/\/gigargios-history.com\/fr\/wp-json\/wp\/v2\/media?parent=1046"}],"curies":[{"name":"wp","href":"https:\/\/api.w.org\/{rel}","templated":true}]}}