{"id":1043,"date":"2022-04-18T12:34:41","date_gmt":"2022-04-18T12:34:41","guid":{"rendered":"https:\/\/gigargios-history.com\/?page_id=1043"},"modified":"2022-06-30T23:36:42","modified_gmt":"2022-06-30T23:36:42","slug":"de-mehr-direkte-these","status":"publish","type":"page","link":"https:\/\/gigargios-history.com\/fr\/de-mehr-direkte-these\/","title":{"rendered":"MEHR DIREKTE THESE"},"content":{"rendered":"<section class=\"wp-block-themeisle-blocks-advanced-columns alignfull has-1-columns has-desktop-equal-layout has-tablet-equal-layout has-mobile-equal-layout has-nogap-gap has-vertical-flex-start\" id=\"wp-block-themeisle-blocks-advanced-columns-bb2990a1\"><div class=\"wp-block-themeisle-blocks-advanced-columns-overlay\"><\/div><div class=\"innerblocks-wrap\">\n<div class=\"wp-block-themeisle-blocks-advanced-column\" id=\"wp-block-themeisle-blocks-advanced-column-4639fb3e\">\n<section class=\"wp-block-themeisle-blocks-advanced-columns has-2-columns has-desktop-equal-layout has-tablet-equal-layout has-mobile-collapsedRows-layout has-nogap-gap has-vertical-flex-start\" id=\"wp-block-themeisle-blocks-advanced-columns-f3157c32\"><div class=\"wp-block-themeisle-blocks-advanced-columns-overlay\"><\/div><div class=\"innerblocks-wrap\">\n<div class=\"wp-block-themeisle-blocks-advanced-column\" id=\"wp-block-themeisle-blocks-advanced-column-9276e58f\">\n<h2 class=\"has-text-align-left wp-block-heading\">MEHR DIREKTE THESE<\/h2>\n\n\n\n<p class=\"has-text-align-left\">Hier k\u00f6nnen Sie Marcins Gedanken und Analysen entdecken, die f\u00fcr manche kontrovers sein k\u00f6nnten. Vor allem Marcin wagt es, mit Wahrheit und Ungleichheit in Gesellschaften zu k\u00e4mpfen<\/p>\n<\/div>\n\n\n\n<div class=\"wp-block-themeisle-blocks-advanced-column\" id=\"wp-block-themeisle-blocks-advanced-column-abcc8966\"><\/div>\n<\/div><\/section>\n\n\n\n<section class=\"wp-block-themeisle-blocks-advanced-columns has-2-columns has-desktop-equal-layout has-tablet-equal-layout has-mobile-collapsedRows-layout has-nogap-gap has-vertical-flex-start\" id=\"wp-block-themeisle-blocks-advanced-columns-584b894f\"><div class=\"wp-block-themeisle-blocks-advanced-columns-overlay\"><\/div><div class=\"innerblocks-wrap\">\n<div class=\"wp-block-themeisle-blocks-advanced-column\" id=\"wp-block-themeisle-blocks-advanced-column-f9e03939\">\n<h3 class=\"has-text-align-left wp-block-heading\"><a href=\"https:\/\/gigargios-history.com\/fr\/de-die-debatte-uber-die-herkunft-der-kaukasier-auf\/\" data-type=\"URL\" data-id=\"https:\/\/gigargios-history.com\/de-die-debatte-uber-die-herkunft-der-kaukasier-auf\/\">Die debatte \u00fcber die herkunft der kaukasier-auf<\/a><\/h3>\n\n\n\n<p class=\"has-text-align-left\">Gegenw\u00e4rtig nehmen Ethnographen die Debatte \u00fcber die Herkunft der Kaukasier auf. Tats\u00e4chlich beschreibt dieser Begriff..<\/p>\n\n\n\n<div class=\"wp-block-buttons is-layout-flex wp-block-buttons-is-layout-flex\">\n<div class=\"wp-block-button is-style-primary\"><a class=\"wp-block-button__link\" href=\"https:\/\/gigargios-history.com\/fr\/de-die-debatte-uber-die-herkunft-der-kaukasier-auf\/\">Learn Mehr<\/a><\/div>\n<\/div>\n<\/div>\n\n\n\n<div class=\"wp-block-themeisle-blocks-advanced-column\" id=\"wp-block-themeisle-blocks-advanced-column-c17c5b46\">\n<p><a href=\"https:\/\/gigargios-history.com\/fr\/falsche-gewohnheiten-und-vorlieben\/\" data-type=\"URL\" data-id=\"https:\/\/gigargios-history.com\/falsche-gewohnheiten-und-vorlieben\/\"><strong>falsche Gewohnheiten und Vorlieben zerst\u00f6ren die Gesellschaft<\/strong><\/a><\/p>\n\n\n\n<div class=\"wp-block-buttons is-layout-flex wp-block-buttons-is-layout-flex\">\n<div class=\"wp-block-button\"><a class=\"wp-block-button__link\" href=\"https:\/\/gigargios-history.com\/fr\/falsche-gewohnheiten-und-vorlieben\/\">westernismus<\/a><\/div>\n<\/div>\n\n\n\n<p class=\"has-text-align-left\"> <\/p>\n<\/div>\n<\/div><\/section>\n<\/div>\n<\/div><\/section>\n\n\n\n<p><\/p>\n\n\n\n<p>! <a href=\"https:\/\/gigargios-history.com\/fr\/de-die-privilegiertesten-menschen-auf-erden-sind-caucasische-frauen\/\">die privilegiertesten menschen auf erden sind caucasische frauen\/<\/a> !   &#8211; Dieser Artikel ist nicht <strong>editiert<\/strong>. Bitte sehen Sie sich dieses<em> <strong>Thema<\/strong><\/em> in der <a href=\"https:\/\/gigargios-history.com\/fr\/the-most-privileged-human-on-earth-are-caucasian-women\/\">englischen<\/a> <a href=\"https:\/\/gigargios-history.com\/fr\/the-most-privileged-human-on-earth-are-caucasian-women\/\"><strong><em>Version<\/em><\/strong><\/a> an<\/p>\n\n\n\n<p><strong><a href=\"https:\/\/gigargios-history.com\/fr\/klon-seelenverwandte\/\" data-type=\"URL\" data-id=\"https:\/\/gigargios-history.com\/klon-seelenverwandte\/\">Klon Seelenverwandte<\/a><\/strong> Marcin impression k\u00fcrzlich auf sich selbst. In weiblicher Version. Es stellt sich heraus, dass seine weibliche Version in Form viel besser ist als er.<\/p>","protected":false},"excerpt":{"rendered":"<p>! die privilegiertesten menschen auf erden sind caucasische frauen\/ ! &#8211; Dieser Artikel ist nicht editiert. Bitte sehen Sie sich dieses Thema in der englischen Version an Klon Seelenverwandte Marcin impression k\u00fcrzlich auf sich selbst. In weiblicher Version. Es stellt sich heraus, dass seine weibliche Version in Form viel besser [&hellip;]<\/p>\n","protected":false},"author":1,"featured_media":695,"parent":0,"menu_order":0,"comment_status":"closed","ping_status":"closed","template":"","meta":{"om_disable_all_campaigns":false,"footnotes":""},"class_list":["post-1043","page","type-page","status-publish","has-post-thumbnail","hentry"],"jetpack_sharing_enabled":true,"_links":{"self":[{"href":"https:\/\/gigargios-history.com\/fr\/wp-json\/wp\/v2\/pages\/1043","targetHints":{"allow":["GET"]}}],"collection":[{"href":"https:\/\/gigargios-history.com\/fr\/wp-json\/wp\/v2\/pages"}],"about":[{"href":"https:\/\/gigargios-history.com\/fr\/wp-json\/wp\/v2\/types\/page"}],"author":[{"embeddable":true,"href":"https:\/\/gigargios-history.com\/fr\/wp-json\/wp\/v2\/users\/1"}],"replies":[{"embeddable":true,"href":"https:\/\/gigargios-history.com\/fr\/wp-json\/wp\/v2\/comments?post=1043"}],"version-history":[{"count":8,"href":"https:\/\/gigargios-history.com\/fr\/wp-json\/wp\/v2\/pages\/1043\/revisions"}],"predecessor-version":[{"id":1312,"href":"https:\/\/gigargios-history.com\/fr\/wp-json\/wp\/v2\/pages\/1043\/revisions\/1312"}],"wp:featuredmedia":[{"embeddable":true,"href":"https:\/\/gigargios-history.com\/fr\/wp-json\/wp\/v2\/media\/695"}],"wp:attachment":[{"href":"https:\/\/gigargios-history.com\/fr\/wp-json\/wp\/v2\/media?parent=1043"}],"curies":[{"name":"wp","href":"https:\/\/api.w.org\/{rel}","templated":true}]}}