{"id":1040,"date":"2022-04-18T12:23:53","date_gmt":"2022-04-18T12:23:53","guid":{"rendered":"https:\/\/gigargios-history.com\/?page_id=1040"},"modified":"2022-04-18T12:24:20","modified_gmt":"2022-04-18T12:24:20","slug":"de-erwachsene-film-und-feminismus","status":"publish","type":"page","link":"https:\/\/gigargios-history.com\/fr\/de-erwachsene-film-und-feminismus\/","title":{"rendered":"Erwachsene Film und Feminismus"},"content":{"rendered":"<p class=\"has-text-color has-background\" style=\"background-color:#c1b592;color:#5d2534\"><strong>Eine Sache, die der Porno gut gemacht hat<\/strong>, ist, dass er den Feminismus get\u00f6tet hat. Frauen haben gelernt, dass es besser ist, weibliche\u00a0 und nicht feministisch zu sein und mit ihrer Anziehungskraft den Jungen zu spielen. Frauen werden wieder Materialisten. Und obwohl sie weder Pornos spielen noch sich selbst prostituieren, sie haben sich an den M\u00e4nnern orientiert, die ihre materialistischen Bed\u00fcrfnisse \u201ebefriedigen\u201c k\u00f6nnten, oder mit denen, mit denen sie ein angenehmes Leben f\u00fchren k\u00f6nnen. Dies wird oft auf \u00e4ltere M\u00e4nner um 15 Jahre oder mehr verwiesen, wodurch die zuvor eingehaltene Altersgrenze \u00fcberschritten wird. Jordan Peterson, ein ber\u00fchmter Sozialkommentator, Professor an der Universit\u00e4t Toronto, sagt, dass Frauen M\u00e4nner mit Geld bevorzugen. Dies bewies ihre Natur als Beta-Partner und deklassierte die feministische Ideologie und der Rechtm\u00e4\u00dfigkeit der Frauenemanzipation. Tats\u00e4chlich zieht sich dieser Trend von den neuesten Frauengenerationen zur\u00fcck, was bemerkenswert ist Amerika. Das Tiki Tok, wo junge Frauen mit ihrer Sch\u00f6nheit paradieren, best\u00e4tigt ihre These. Au\u00dferdem lieben Frauen es, zu bewundern, was am besten in allen sozialen Medien gezeigt wird, besonders bei Facebook. Die neueste Kosmetik macht sie noch sch\u00f6ner. Dies alles stellt den sch\u00e4dlichen Trend auf den Kopf. Nat\u00fcrlich gibt es negative Aspekte davon. Frauen werden \u00fcber ihre Sch\u00f6nheiten ma\u00dflos eitel und sie suchen nach Partnern, die ihr stattdessen mehr aus Liebe geben k\u00f6nnen. Nat\u00fcrlich ist nicht jeder Mann reich und vor allem Polygamie ist ihnen verboten. Damit m\u00fcssen Frauen mit den weniger erfolgreichen M\u00e4nnern mithalten. Obwohl dieser Anspruch bei den meisten Frauen liegt.<\/p>\n\n\n\n<p><a href=\"https:\/\/www.science.org\/content\/article\/women-associate-money-love-men-link-it-freedom\">https:\/\/www.science.org\/content\/article\/women-associate-money-love-men-link-it-freedom<\/a><\/p>\n\n\n\n<p><a href=\"https:\/\/www.politico.com\/newsletters\/women-rule\/2020\/02\/07\/why-do-women-prefer-richer-men-488275\">https:\/\/www.politico.com\/newsletters\/women-rule\/2020\/02\/07\/why-do-women-prefer-richer-men-488275<\/a><\/p>\n\n\n\n<p class=\"has-text-color has-background\" style=\"background-color:#c4b88d;color:#5a2d2d\">Feministinnen haben f\u00fcr gleiche Geh\u00e4lter gek\u00e4mpft. Jetzt beschweren sie sich, dass sie die M\u00e4nner nicht finden k\u00f6nnen, die mehr f\u00fcr sie verdienen. Ironie? oder Irrationalismus. M\u00e4nner verdienen nur dann mehr, wenn Frauen nicht oder weniger arbeiten. In jedem Fall wirkt sich die Zur\u00fcckhaltung von Frauen bei der Partnersuche auf jeden aus. Zun\u00e4chst werden weniger Kinder geboren, was sich auf zuk\u00fcnftiges Wachstum und Altersrenten auswirken wird. Zweitens leben immer mehr M\u00e4nner in \u201eSexueller Frustration!\u201c, was sie zu Gunsten radikalistischer Bewegungen macht.<\/p>","protected":false},"excerpt":{"rendered":"<p>Eine Sache, die der Porno gut gemacht hat, ist, dass er den Feminismus get\u00f6tet hat. Frauen haben gelernt, dass es besser ist, weibliche\u00a0 und nicht feministisch zu sein und mit ihrer Anziehungskraft den Jungen zu spielen. Frauen werden wieder Materialisten. Und obwohl sie weder Pornos spielen noch sich selbst prostituieren, [&hellip;]<\/p>\n","protected":false},"author":1,"featured_media":800,"parent":0,"menu_order":0,"comment_status":"closed","ping_status":"closed","template":"","meta":{"om_disable_all_campaigns":false,"footnotes":""},"class_list":["post-1040","page","type-page","status-publish","has-post-thumbnail","hentry"],"jetpack_sharing_enabled":true,"_links":{"self":[{"href":"https:\/\/gigargios-history.com\/fr\/wp-json\/wp\/v2\/pages\/1040","targetHints":{"allow":["GET"]}}],"collection":[{"href":"https:\/\/gigargios-history.com\/fr\/wp-json\/wp\/v2\/pages"}],"about":[{"href":"https:\/\/gigargios-history.com\/fr\/wp-json\/wp\/v2\/types\/page"}],"author":[{"embeddable":true,"href":"https:\/\/gigargios-history.com\/fr\/wp-json\/wp\/v2\/users\/1"}],"replies":[{"embeddable":true,"href":"https:\/\/gigargios-history.com\/fr\/wp-json\/wp\/v2\/comments?post=1040"}],"version-history":[{"count":2,"href":"https:\/\/gigargios-history.com\/fr\/wp-json\/wp\/v2\/pages\/1040\/revisions"}],"predecessor-version":[{"id":1042,"href":"https:\/\/gigargios-history.com\/fr\/wp-json\/wp\/v2\/pages\/1040\/revisions\/1042"}],"wp:featuredmedia":[{"embeddable":true,"href":"https:\/\/gigargios-history.com\/fr\/wp-json\/wp\/v2\/media\/800"}],"wp:attachment":[{"href":"https:\/\/gigargios-history.com\/fr\/wp-json\/wp\/v2\/media?parent=1040"}],"curies":[{"name":"wp","href":"https:\/\/api.w.org\/{rel}","templated":true}]}}