{"id":1036,"date":"2022-04-18T12:13:15","date_gmt":"2022-04-18T12:13:15","guid":{"rendered":"https:\/\/gigargios-history.com\/?page_id=1036"},"modified":"2022-04-18T12:14:57","modified_gmt":"2022-04-18T12:14:57","slug":"de-wachsende-bevolkerung","status":"publish","type":"page","link":"https:\/\/gigargios-history.com\/fr\/de-wachsende-bevolkerung\/","title":{"rendered":"Wachsende Bev\u00f6lkerung"},"content":{"rendered":"<p class=\"has-text-color has-background\" style=\"background-color:#a7a9a9;color:#234034\">\u00dcberm\u00e4\u00dfige Ausbeutung von Ressourcen, Umweltverschmutzung, zunehmende Armut und vieles mehr. Sie sind Aspekte einer unkontrollierten Wachstumspopulation, die in 50 Jahren um 40 % zugenommen hat. Es sind erschreckende Daten. Vor allem wenn man bedenkt, dass dies dazu f\u00fchrt, dass unser Planet gesch\u00e4digt und das Leben auf ihm verschlechtert wird. Noch nie zuvor musste Mutter Erde eine so gro\u00dfe Bev\u00f6lkerung ern\u00e4hren. Die Landwirtschaft, die wir kennen, hat sich in eine Industrie verwandelt, wodurch die Gefahr besteht, dass der Boden eines Tages die Ernte durch schrumpfende Mineralien nicht mehr geben kann. Au\u00dferdem str\u00f6men Chemikalien darauf, die eine Art Steroide sind, die sie und uns indirekt reizen. Die schlimmste Verschmutzung findet im Wasser nach industriellen und menschlichen Abf\u00e4llen statt. Endlich eine Kontamination der Luft, die wir alle atmen. Der Aussto\u00df von CO2 ver\u00e4ndert die Klimabedingungen drastisch. Das alles wurde vor zweieinhalb Jahrhunderten getan. Die Ressourcen, die in Millionen von Jahren auf der Erde entstanden sind, verbrauchen wir in nur zweihundert Jahren. Diese und weitere stark vereinfachte Faktoren sind das Ergebnis einer dramatisch gestiegenen Bev\u00f6lkerung. Bitte stellen Sie sich vor, wir m\u00fcssten sieben Erden haben, um jeden Menschen mit der gleichen Menge an Nahrung zu versorgen, die Amerikaner haben. Und ich glaube an Gleichheit, also warum sollten sie nicht nach Belieben essen. Weil wir keine sieben Erden haben. Einige L\u00e4nder erlaubten es seit Jahrzehnten, die Bev\u00f6lkerung in ihren Gesellschaften zu \u00fcbertreiben. Indien, das einst ein gew\u00f6hnlicher Ort war, hat sich in einen der gr\u00f6\u00dften (Sektoren) der Armut verwandelt. Das traditionelle Modell der Gro\u00dffamilie hat sich gegen sie gewendet, so dass sie unter bescheidener Nahrungsversorgung leiden und mit (Arbeitslosigkeit) zu k\u00e4mpfen haben. \u00c4hnlich wie \u00c4gypten, das in der Antike der gr\u00f6\u00dfte Lebensmittellieferant im Mittelmeerraum war. Jetzt sind sie Lebensmittelimporteur. Und vielen anderen L\u00e4ndern, denen fruchtbare B\u00f6den falsche Illusionen von Ern\u00e4hrungssicherheit vermitteln. Aber nicht nur unzureichende Lebensmittel, die das Leben verschlechtern, da der Babyboom in unterentwickelten L\u00e4ndern stattfindet oder wie andere es vorziehen, Entwicklung zu definieren. Kleine Wirtschaft und zu gro\u00dfe Bev\u00f6lkerung verursachen hohe Arbeitslosigkeit, pers\u00f6nliche Entwicklung, Ausbeutung und Misshandlung der Arbeitskraft. Es findet in Afrika statt. Sollte aber so sein. K\u00f6nnen L\u00e4nder, Regierungen und Organisationen nicht darauf reagieren? Schauen Sie nach oben auf China. Einst die am schnellsten wachsende Nation, die jetzt mit Entv\u00f6lkerung konfrontiert ist. Es ist das Ergebnis eines unabh\u00e4ngigen Autorit\u00e4tsregimes, das wir heute sehen k\u00f6nnen. Die Ein-Kind-Politik trug dazu bei, ein unkontrolliertes Bev\u00f6lkerungswachstum und die Gefahr eines Regimes zu verhindern. Nat\u00fcrlich war es nicht perfekt und einige M\u00e4ngel sind darin sichtbar. Allerdings haben sie das Ziel erreicht, das andere L\u00e4nder einsetzen sollten. Aber ein Kind oder keins ist nicht nur eine Dom\u00e4ne Chinas. In den westlichen L\u00e4ndern verzichten Familien in vielerlei Hinsicht auf Kinder. Wie Komfort oder Tr\u00e4ger. Aber auch steigende Lebenshaltungskosten und ein hohes Bewusstsein in diesen Gesellschaften beeinflussten diese Entscheidung. Tats\u00e4chlich ist Europa eines der am dichtesten besiedelten L\u00e4nder der Welt. Das dr\u00e4ngt uns also zur \u00dcberlegung. Vielleicht bringt die Ein-Kind-Politik in Entwicklungsl\u00e4ndern keinen Trost, sondern macht das Leben lebenswerter.<\/p>\n\n\n\n<div class=\"wp-block-jetpack-slideshow aligncenter\" data-effect=\"slide\"><div class=\"wp-block-jetpack-slideshow_container swiper-container\"><ul class=\"wp-block-jetpack-slideshow_swiper-wrapper swiper-wrapper\"><li class=\"wp-block-jetpack-slideshow_slide swiper-slide\"><figure><img data-recalc-dims=\"1\" loading=\"lazy\" decoding=\"async\" width=\"614\" height=\"437\" alt=\"\" class=\"wp-block-jetpack-slideshow_image wp-image-519\" data-id=\"519\" src=\"https:\/\/i0.wp.com\/gigargios-history.com\/wp-content\/uploads\/2021\/11\/Poluted-water.jpg?resize=614%2C437&#038;ssl=1\" srcset=\"https:\/\/i0.wp.com\/gigargios-history.com\/wp-content\/uploads\/2021\/11\/Poluted-water.jpg?w=614&amp;ssl=1 614w, https:\/\/i0.wp.com\/gigargios-history.com\/wp-content\/uploads\/2021\/11\/Poluted-water.jpg?resize=300%2C214&amp;ssl=1 300w, https:\/\/i0.wp.com\/gigargios-history.com\/wp-content\/uploads\/2021\/11\/Poluted-water.jpg?resize=18%2C12&amp;ssl=1 18w, https:\/\/i0.wp.com\/gigargios-history.com\/wp-content\/uploads\/2021\/11\/Poluted-water.jpg?resize=600%2C427&amp;ssl=1 600w\" sizes=\"(max-width: 614px) 100vw, 614px\" \/><\/figure><\/li><li class=\"wp-block-jetpack-slideshow_slide swiper-slide\"><figure><img data-recalc-dims=\"1\" loading=\"lazy\" decoding=\"async\" width=\"750\" height=\"456\" alt=\"\" class=\"wp-block-jetpack-slideshow_image wp-image-520\" data-id=\"520\" src=\"https:\/\/i0.wp.com\/gigargios-history.com\/wp-content\/uploads\/2021\/11\/Trashed-water.jpg?resize=750%2C456&#038;ssl=1\" srcset=\"https:\/\/i0.wp.com\/gigargios-history.com\/wp-content\/uploads\/2021\/11\/Trashed-water.jpg?w=787&amp;ssl=1 787w, https:\/\/i0.wp.com\/gigargios-history.com\/wp-content\/uploads\/2021\/11\/Trashed-water.jpg?resize=300%2C183&amp;ssl=1 300w, https:\/\/i0.wp.com\/gigargios-history.com\/wp-content\/uploads\/2021\/11\/Trashed-water.jpg?resize=768%2C467&amp;ssl=1 768w, https:\/\/i0.wp.com\/gigargios-history.com\/wp-content\/uploads\/2021\/11\/Trashed-water.jpg?resize=18%2C12&amp;ssl=1 18w, https:\/\/i0.wp.com\/gigargios-history.com\/wp-content\/uploads\/2021\/11\/Trashed-water.jpg?resize=600%2C365&amp;ssl=1 600w\" sizes=\"(max-width: 750px) 100vw, 750px\" \/><\/figure><\/li><li class=\"wp-block-jetpack-slideshow_slide swiper-slide\"><figure><img data-recalc-dims=\"1\" loading=\"lazy\" decoding=\"async\" width=\"750\" height=\"355\" alt=\"\" class=\"wp-block-jetpack-slideshow_image wp-image-524\" data-id=\"524\" src=\"https:\/\/i0.wp.com\/gigargios-history.com\/wp-content\/uploads\/2021\/11\/Power-plant-co-emission-1.png?resize=750%2C355&#038;ssl=1\" srcset=\"https:\/\/i0.wp.com\/gigargios-history.com\/wp-content\/uploads\/2021\/11\/Power-plant-co-emission-1.png?w=760&amp;ssl=1 760w, https:\/\/i0.wp.com\/gigargios-history.com\/wp-content\/uploads\/2021\/11\/Power-plant-co-emission-1.png?resize=300%2C142&amp;ssl=1 300w, https:\/\/i0.wp.com\/gigargios-history.com\/wp-content\/uploads\/2021\/11\/Power-plant-co-emission-1.png?resize=18%2C9&amp;ssl=1 18w, https:\/\/i0.wp.com\/gigargios-history.com\/wp-content\/uploads\/2021\/11\/Power-plant-co-emission-1.png?resize=600%2C284&amp;ssl=1 600w\" sizes=\"(max-width: 750px) 100vw, 750px\" \/><\/figure><\/li><li class=\"wp-block-jetpack-slideshow_slide swiper-slide\"><figure><img data-recalc-dims=\"1\" loading=\"lazy\" decoding=\"async\" width=\"750\" height=\"358\" alt=\"\" class=\"wp-block-jetpack-slideshow_image wp-image-525\" data-id=\"525\" src=\"https:\/\/i0.wp.com\/gigargios-history.com\/wp-content\/uploads\/2021\/11\/Coal-mining.png?resize=750%2C358&#038;ssl=1\" srcset=\"https:\/\/i0.wp.com\/gigargios-history.com\/wp-content\/uploads\/2021\/11\/Coal-mining.png?w=801&amp;ssl=1 801w, https:\/\/i0.wp.com\/gigargios-history.com\/wp-content\/uploads\/2021\/11\/Coal-mining.png?resize=300%2C143&amp;ssl=1 300w, https:\/\/i0.wp.com\/gigargios-history.com\/wp-content\/uploads\/2021\/11\/Coal-mining.png?resize=768%2C366&amp;ssl=1 768w, https:\/\/i0.wp.com\/gigargios-history.com\/wp-content\/uploads\/2021\/11\/Coal-mining.png?resize=18%2C9&amp;ssl=1 18w, https:\/\/i0.wp.com\/gigargios-history.com\/wp-content\/uploads\/2021\/11\/Coal-mining.png?resize=600%2C286&amp;ssl=1 600w\" sizes=\"(max-width: 750px) 100vw, 750px\" \/><\/figure><\/li><\/ul><a class=\"wp-block-jetpack-slideshow_button-prev swiper-button-prev swiper-button-white\" role=\"button\"><\/a><a class=\"wp-block-jetpack-slideshow_button-next swiper-button-next swiper-button-white\" role=\"button\"><\/a><a aria-label=\"Pause Slideshow\" class=\"wp-block-jetpack-slideshow_button-pause\" role=\"button\"><\/a><div class=\"wp-block-jetpack-slideshow_pagination swiper-pagination swiper-pagination-white\"><\/div><\/div><\/div>\n\n\n\n<p class=\"has-text-color has-background\" style=\"background-color:#8e9390;color:#344a41\">Wie erreichen Sie es also? Moderne Chirurgie erm\u00f6glicht Segen. Die Vasektomie erm\u00f6glicht es, sich an diesen Dingen zu erfreuen, ohne sich um eine Schwangerschaft sorgen zu m\u00fcssen. Sollte f\u00fcr jeden Mann eingelegt werden, der bereits ein Kind hat. Und obligatorisch. Sonst wird die Not und der Hilferuf in den L\u00e4ndern immer gr\u00f6\u00dfer. Die Vasektomie sollte frei von Organisationsgrundlagen erfolgen, die die UNO bald gr\u00fcnden sollte.<\/p>","protected":false},"excerpt":{"rendered":"<p>\u00dcberm\u00e4\u00dfige Ausbeutung von Ressourcen, Umweltverschmutzung, zunehmende Armut und vieles mehr. Sie sind Aspekte einer unkontrollierten Wachstumspopulation, die in 50 Jahren um 40 % zugenommen hat. Es sind erschreckende Daten. Vor allem wenn man bedenkt, dass dies dazu f\u00fchrt, dass unser Planet gesch\u00e4digt und das Leben auf ihm verschlechtert wird. Noch [&hellip;]<\/p>\n","protected":false},"author":1,"featured_media":518,"parent":0,"menu_order":0,"comment_status":"closed","ping_status":"closed","template":"","meta":{"om_disable_all_campaigns":false,"footnotes":""},"class_list":["post-1036","page","type-page","status-publish","has-post-thumbnail","hentry"],"jetpack_sharing_enabled":true,"_links":{"self":[{"href":"https:\/\/gigargios-history.com\/fr\/wp-json\/wp\/v2\/pages\/1036","targetHints":{"allow":["GET"]}}],"collection":[{"href":"https:\/\/gigargios-history.com\/fr\/wp-json\/wp\/v2\/pages"}],"about":[{"href":"https:\/\/gigargios-history.com\/fr\/wp-json\/wp\/v2\/types\/page"}],"author":[{"embeddable":true,"href":"https:\/\/gigargios-history.com\/fr\/wp-json\/wp\/v2\/users\/1"}],"replies":[{"embeddable":true,"href":"https:\/\/gigargios-history.com\/fr\/wp-json\/wp\/v2\/comments?post=1036"}],"version-history":[{"count":3,"href":"https:\/\/gigargios-history.com\/fr\/wp-json\/wp\/v2\/pages\/1036\/revisions"}],"predecessor-version":[{"id":1039,"href":"https:\/\/gigargios-history.com\/fr\/wp-json\/wp\/v2\/pages\/1036\/revisions\/1039"}],"wp:featuredmedia":[{"embeddable":true,"href":"https:\/\/gigargios-history.com\/fr\/wp-json\/wp\/v2\/media\/518"}],"wp:attachment":[{"href":"https:\/\/gigargios-history.com\/fr\/wp-json\/wp\/v2\/media?parent=1036"}],"curies":[{"name":"wp","href":"https:\/\/api.w.org\/{rel}","templated":true}]}}