{"id":1031,"date":"2022-04-18T12:01:00","date_gmt":"2022-04-18T12:01:00","guid":{"rendered":"https:\/\/gigargios-history.com\/?page_id=1031"},"modified":"2022-04-18T12:01:02","modified_gmt":"2022-04-18T12:01:02","slug":"de-elektrizitat-des-zukunftigen","status":"publish","type":"page","link":"https:\/\/gigargios-history.com\/fr\/de-elektrizitat-des-zukunftigen\/","title":{"rendered":"Elektrizit\u00e4t des zuk\u00fcnftigen"},"content":{"rendered":"<p><img data-recalc-dims=\"1\" loading=\"lazy\" decoding=\"async\" width=\"300\" height=\"208\" class=\"wp-image-1032\" style=\"width: 300px;\" src=\"https:\/\/i0.wp.com\/gigargios-history.com\/wp-content\/uploads\/2022\/04\/Hydro-energy.jpg?resize=300%2C208&#038;ssl=1\" alt=\"\" srcset=\"https:\/\/i0.wp.com\/gigargios-history.com\/wp-content\/uploads\/2022\/04\/Hydro-energy.jpg?w=1052&amp;ssl=1 1052w, https:\/\/i0.wp.com\/gigargios-history.com\/wp-content\/uploads\/2022\/04\/Hydro-energy.jpg?resize=300%2C208&amp;ssl=1 300w, https:\/\/i0.wp.com\/gigargios-history.com\/wp-content\/uploads\/2022\/04\/Hydro-energy.jpg?resize=1024%2C711&amp;ssl=1 1024w, https:\/\/i0.wp.com\/gigargios-history.com\/wp-content\/uploads\/2022\/04\/Hydro-energy.jpg?resize=768%2C533&amp;ssl=1 768w, https:\/\/i0.wp.com\/gigargios-history.com\/wp-content\/uploads\/2022\/04\/Hydro-energy.jpg?resize=18%2C12&amp;ssl=1 18w, https:\/\/i0.wp.com\/gigargios-history.com\/wp-content\/uploads\/2022\/04\/Hydro-energy.jpg?resize=600%2C416&amp;ssl=1 600w\" sizes=\"auto, (max-width: 300px) 100vw, 300px\" \/>Abgesehen von Polens peinlichem Verm\u00e4chtnischaftsstreit im Europaparlament schaffen die lokalen Beh\u00f6rden und Unternehmer eine Infrastruktur und gewinnen mehr Investitionen oder machen andere Aktivit\u00e4ten, um Energie aus Wasserstoffkraft zu gewinnen. Es ist eine sehr starke Energiequelle, die die F\u00e4higkeiten anderer gr\u00fcner Energien wie Wasser, Wind, Sonne und Erdw\u00e4rme um ein Vielfaches \u00fcbertrifft. Leider ist zur Gewinnung von Wasserstoff bzw. zur Auswahl seines Molek\u00fcls eine gro\u00dfe Kraft erforderlich, die heute vermutlich die Effizienz \u00fcbersteigt. Vielleicht findet sich in naher Zukunft jemand, der eine einfachere und billigere Methode zur Gewinnung des Wasserstoffs investiert. Die Kraft von morgen. Bereits jetzt erl\u00f6schen bestimmte europ\u00e4ische L\u00e4nder in der Verwendung von Wasserstoffbrennstoff. Polen ist einer von ihnen. Seien Sie ehrlich, Polen liegt in einer ung\u00fcnstigen Lage, wo der Zugang zur Sonne entweder durch atmosph\u00e4rische oder kalendarische Faktoren begrenzt ist. Genau wie viele andere L\u00e4nder in der Umgebung. Und die Bev\u00f6lkerung Polens ist gro\u00df. Die Deutschland doppelt so viel. Damit droht der Verlust der F\u00e4higkeit zur unabh\u00e4ngigen Energieversorgung. Umso mehr f\u00fcr die Dekarbonisierungserkl\u00e4rung und den steigenden Preis der umst\u00e4ndlichen Macht. Deshalb ist Energie aus Wasserstoff f\u00fcr sie zuverl\u00e4ssig. Die Ressource ist allgemein zug\u00e4nglich. Die kleine Menge Wasser kann enorme Kraft liefern. Bereits jetzt stellen polnische Bushersteller Fahrzeuge her, die mit Wasserstoff betrieben werden. Bald k\u00f6nnten wir eine Revolution auf diesem Gebiet erwarten. Jedoch! Wie bereits erw\u00e4hnt, ist die Gewinnung von Wasserstoff teuer und schwierig. Deshalb wird der Mann, der auf einfachere und billigere Weise erhalten wird, zum Wissenschaftler des Jahrhunderts avanciert.<\/p>\n\n\n\n<div class=\"wp-block-image\"><figure class=\"aligncenter size-full\"><img data-recalc-dims=\"1\" loading=\"lazy\" decoding=\"async\" width=\"660\" height=\"402\" src=\"https:\/\/i0.wp.com\/gigargios-history.com\/wp-content\/uploads\/2022\/04\/solar-pla.jpg?resize=660%2C402&#038;ssl=1\" alt=\"\" class=\"wp-image-1033\" srcset=\"https:\/\/i0.wp.com\/gigargios-history.com\/wp-content\/uploads\/2022\/04\/solar-pla.jpg?w=660&amp;ssl=1 660w, https:\/\/i0.wp.com\/gigargios-history.com\/wp-content\/uploads\/2022\/04\/solar-pla.jpg?resize=300%2C183&amp;ssl=1 300w, https:\/\/i0.wp.com\/gigargios-history.com\/wp-content\/uploads\/2022\/04\/solar-pla.jpg?resize=18%2C12&amp;ssl=1 18w, https:\/\/i0.wp.com\/gigargios-history.com\/wp-content\/uploads\/2022\/04\/solar-pla.jpg?resize=600%2C365&amp;ssl=1 600w\" sizes=\"auto, (max-width: 660px) 100vw, 660px\" \/><\/figure><\/div>\n\n\n\n<p>Bisher k\u00f6nnen wir jedoch andere billige Energiequellen erhalten. Ich habe denken fur Energie aus atmosph\u00e4rischen Donnern zu erhalten. Die Kraft, die es ausstrahlt und begleitet, macht gro\u00dfen Eindruck. Vielleicht k\u00f6nnte es eine alternative Energiequelle sein. Blicken wir in die Vergangenheit. Die donnert erregen seit Menschengedenken gro\u00dfen Eindruck und Angst. Tats\u00e4chlich sind sie gef\u00e4hrlich. Sir Benjamin Franklin war der erste Mann, der die Elektrizit\u00e4t am Donner testete. Es muss fast ein Jahrhundert dauern, bevor mr. Eddison erfindet eine Gl\u00fchbirne, die die Dunkelheit erhellt. Jetzt lernen wir schneller und machen mehr Erfindungen. Und die Kraft von Donners\u00e4umen ist eine vern\u00fcnftige Idee. Was f\u00fcr mich als Humanist einfach zu sagen ist. Der eigentliche Job wird diejenigen haben, die Aktivit\u00e4ten unternehmen, um ihn zu erhalten. Und wenn ich Ihnen raten k\u00f6nnte, w\u00e4hlen Sie den Ort, an dem eine hohe Anzahl von Donnern auftritt. Es ist \u00c4quator und einige K\u00fcstengebiete auf Ozeanen. Das einzige Problem ist, dass diese Form von Energie in Form einer gro\u00dfen Batterie akkumuliert werden muss. Und sie bestehen aus seltenen Metallen und Mineralien. Dabei ist zu ber\u00fccksichtigen, ob die Sonnen- oder Donnerkraft Zukunft hat. Vielleicht wird man einen anderen Weg finden, die Energie in gew\u00f6hnlichen Metallen zu akkumulieren. Wie Kupfer oder Eisen oder silizium. Jedenfalls vielleicht und darauf findet der Mensch eine Antwort. Hoffnung haben, weil es ein Bed\u00fcrfnis f\u00fcr uns alle ist.<\/p>\n\n\n\n<figure class=\"wp-block-image size-large\"><img data-recalc-dims=\"1\" loading=\"lazy\" decoding=\"async\" width=\"750\" height=\"345\" src=\"https:\/\/i0.wp.com\/gigargios-history.com\/wp-content\/uploads\/2022\/04\/thunder-weak-resol.-..jpg?resize=750%2C345&#038;ssl=1\" alt=\"\" class=\"wp-image-1034\" srcset=\"https:\/\/i0.wp.com\/gigargios-history.com\/wp-content\/uploads\/2022\/04\/thunder-weak-resol.-..jpg?resize=1024%2C471&amp;ssl=1 1024w, https:\/\/i0.wp.com\/gigargios-history.com\/wp-content\/uploads\/2022\/04\/thunder-weak-resol.-..jpg?resize=300%2C138&amp;ssl=1 300w, https:\/\/i0.wp.com\/gigargios-history.com\/wp-content\/uploads\/2022\/04\/thunder-weak-resol.-..jpg?resize=768%2C353&amp;ssl=1 768w, https:\/\/i0.wp.com\/gigargios-history.com\/wp-content\/uploads\/2022\/04\/thunder-weak-resol.-..jpg?resize=18%2C8&amp;ssl=1 18w, https:\/\/i0.wp.com\/gigargios-history.com\/wp-content\/uploads\/2022\/04\/thunder-weak-resol.-..jpg?resize=600%2C276&amp;ssl=1 600w, https:\/\/i0.wp.com\/gigargios-history.com\/wp-content\/uploads\/2022\/04\/thunder-weak-resol.-..jpg?w=1422&amp;ssl=1 1422w\" sizes=\"auto, (max-width: 750px) 100vw, 750px\" \/><\/figure>","protected":false},"excerpt":{"rendered":"<p>Abgesehen von Polens peinlichem Verm\u00e4chtnischaftsstreit im Europaparlament schaffen die lokalen Beh\u00f6rden und Unternehmer eine Infrastruktur und gewinnen mehr Investitionen oder machen andere Aktivit\u00e4ten, um Energie aus Wasserstoffkraft zu gewinnen. Es ist eine sehr starke Energiequelle, die die F\u00e4higkeiten anderer gr\u00fcner Energien wie Wasser, Wind, Sonne und Erdw\u00e4rme um ein Vielfaches [&hellip;]<\/p>\n","protected":false},"author":1,"featured_media":505,"parent":0,"menu_order":0,"comment_status":"closed","ping_status":"closed","template":"","meta":{"om_disable_all_campaigns":false,"footnotes":""},"class_list":["post-1031","page","type-page","status-publish","has-post-thumbnail","hentry"],"jetpack_sharing_enabled":true,"_links":{"self":[{"href":"https:\/\/gigargios-history.com\/fr\/wp-json\/wp\/v2\/pages\/1031","targetHints":{"allow":["GET"]}}],"collection":[{"href":"https:\/\/gigargios-history.com\/fr\/wp-json\/wp\/v2\/pages"}],"about":[{"href":"https:\/\/gigargios-history.com\/fr\/wp-json\/wp\/v2\/types\/page"}],"author":[{"embeddable":true,"href":"https:\/\/gigargios-history.com\/fr\/wp-json\/wp\/v2\/users\/1"}],"replies":[{"embeddable":true,"href":"https:\/\/gigargios-history.com\/fr\/wp-json\/wp\/v2\/comments?post=1031"}],"version-history":[{"count":1,"href":"https:\/\/gigargios-history.com\/fr\/wp-json\/wp\/v2\/pages\/1031\/revisions"}],"predecessor-version":[{"id":1035,"href":"https:\/\/gigargios-history.com\/fr\/wp-json\/wp\/v2\/pages\/1031\/revisions\/1035"}],"wp:featuredmedia":[{"embeddable":true,"href":"https:\/\/gigargios-history.com\/fr\/wp-json\/wp\/v2\/media\/505"}],"wp:attachment":[{"href":"https:\/\/gigargios-history.com\/fr\/wp-json\/wp\/v2\/media?parent=1031"}],"curies":[{"name":"wp","href":"https:\/\/api.w.org\/{rel}","templated":true}]}}